{"id":269338,"date":"2025-01-20T11:06:23","date_gmt":"2025-01-20T11:06:23","guid":{"rendered":"https:\/\/focusdesign.store\/meine-favoriten\/"},"modified":"2025-11-19T16:12:15","modified_gmt":"2025-11-19T16:12:15","slug":"meine-favoriten","status":"publish","type":"page","link":"https:\/\/focusdesign.store\/de\/meine-favoriten\/","title":{"rendered":"Meine Favoriten"},"content":{"rendered":"<p>[et_pb_section fb_built=&#8220;1&#8243; custom_padding_last_edited=&#8220;on|phone&#8220; _builder_version=&#8220;4.26.1&#8243; background_color=&#8220;#21252E&#8220; background_enable_image=&#8220;off&#8220; background_position=&#8220;top_center&#8220; width_tablet=&#8220;&#8220; width_phone=&#8220;&#8220; width_last_edited=&#8220;on|desktop&#8220; custom_padding=&#8220;0px||53px||false|false&#8220; custom_padding_tablet=&#8220;0px||0px||false|false&#8220; custom_padding_phone=&#8220;0px||0px||false|false&#8220; da_disable_devices=&#8220;off|off|off&#8220; border_width_all=&#8220;20px&#8220; border_color_all=&#8220;#21252E&#8220; border_width_all_tablet=&#8220;20px&#8220; border_width_all_phone=&#8220;10px&#8220; border_width_all_last_edited=&#8220;on|desktop&#8220; global_colors_info=&#8220;{}&#8220; da_is_popup=&#8220;off&#8220; da_exit_intent=&#8220;off&#8220; da_has_close=&#8220;on&#8220; da_alt_close=&#8220;off&#8220; da_dark_close=&#8220;off&#8220; da_not_modal=&#8220;on&#8220; da_is_singular=&#8220;off&#8220; da_with_loader=&#8220;off&#8220; da_has_shadow=&#8220;on&#8220;][et_pb_row custom_padding_last_edited=&#8220;on|phone&#8220; _builder_version=&#8220;4.26.1&#8243; background_color=&#8220;#E7DDCE&#8220; background_size=&#8220;initial&#8220; background_position=&#8220;top_left&#8220; background_repeat=&#8220;repeat&#8220; width_tablet=&#8220;100%&#8220; width_phone=&#8220;100%&#8220; width_last_edited=&#8220;on|tablet&#8220; max_width=&#8220;80%&#8220; max_width_tablet=&#8220;100%&#8220; max_width_phone=&#8220;100%&#8220; max_width_last_edited=&#8220;on|phone&#8220; custom_margin=&#8220;||||false|false&#8220; custom_padding=&#8220;0px|0px|0px|0px|false|false&#8220; custom_padding_tablet=&#8220;20px|20px|0%|20px|false|false&#8220; custom_padding_phone=&#8220;0px|0px|0%|0px|false|false&#8220; border_radii=&#8220;off||||&#8220; border_color_top=&#8220;#F27F50&#8243; border_width_bottom=&#8220;20px&#8220; border_color_bottom=&#8220;#e8cdb0&#8243; global_colors_info=&#8220;{}&#8220;][et_pb_column type=&#8220;4_4&#8243; _builder_version=&#8220;4.26.1&#8243; custom_padding=&#8220;|||&#8220; global_colors_info=&#8220;{}&#8220; custom_padding__hover=&#8220;|||&#8220;][et_pb_post_title meta=&#8220;off&#8220; featured_image=&#8220;off&#8220; _builder_version=&#8220;4.26.1&#8243; title_font=&#8220;|600|||||||&#8220; title_font_size=&#8220;50px&#8220; background_color=&#8220;#F3ECE3&#8243; custom_margin=&#8220;||0px||false|false&#8220; custom_padding=&#8220;70px|70px|70px|70px|false|false&#8220; custom_padding_tablet=&#8220;50px|20px|50px|20px|false|false&#8220; custom_padding_phone=&#8220;20px|20px|0px|20px|false|false&#8220; custom_padding_last_edited=&#8220;on|tablet&#8220; title_font_size_tablet=&#8220;50px&#8220; title_font_size_phone=&#8220;40px&#8220; title_font_size_last_edited=&#8220;on|phone&#8220; locked=&#8220;off&#8220; global_colors_info=&#8220;{}&#8220;][\/et_pb_post_title][et_pb_text _builder_version=&#8220;4.26.1&#8243; _module_preset=&#8220;default&#8220; text_font=&#8220;||||||||&#8220; text_text_color=&#8220;#21252E&#8220; link_text_align=&#8220;center&#8220; link_text_color=&#8220;#F2522E&#8220; header_font=&#8220;||||||||&#8220; header_2_font=&#8220;|||on|||||&#8220; header_2_font_size=&#8220;50px&#8220; header_3_font=&#8220;||||||||&#8220; header_4_font=&#8220;||||||||&#8220; header_5_font=&#8220;||||||||&#8220; header_6_font=&#8220;||||||||&#8220; background_color=&#8220;#F3ECE3&#8243; custom_margin=&#8220;-100px|0px||0px|false|false&#8220; custom_margin_tablet=&#8220;-80px|0px||0px|false|false&#8220; custom_margin_phone=&#8220;-50px||||false|false&#8220; custom_margin_last_edited=&#8220;on|phone&#8220; custom_padding=&#8220;0px|20px|20px|20px|false|false&#8220; custom_padding_tablet=&#8220;0px|0px|0px|0px|false|false&#8220; custom_padding_phone=&#8220;0px|0px|0px|0px|false|false&#8220; custom_padding_last_edited=&#8220;on|phone&#8220; background_color_tablet=&#8220;#F3ECE3&#8243; background_color_phone=&#8220;#F3ECE3&#8243; background_last_edited=&#8220;on|tablet&#8220; background_enable_color_tablet=&#8220;on&#8220; background_enable_color_phone=&#8220;on&#8220; border_color_all=&#8220;#21252E&#8220; border_color_right=&#8220;#F3ECE3&#8243; border_width_bottom=&#8220;20px&#8220; border_color_bottom=&#8220;#F3ECE3&#8243; border_color_left=&#8220;#F3ECE3&#8243; border_width_all_tablet=&#8220;&#8220; border_width_all_phone=&#8220;&#8220; border_width_all_last_edited=&#8220;on|tablet&#8220; border_width_right_tablet=&#8220;0px&#8220; border_width_right_phone=&#8220;10px&#8220; border_width_right_last_edited=&#8220;on|tablet&#8220; border_width_bottom_tablet=&#8220;0px&#8220; border_width_bottom_phone=&#8220;10px&#8220; border_width_bottom_last_edited=&#8220;on|phone&#8220; border_width_left_tablet=&#8220;0px&#8220; border_width_left_phone=&#8220;10px&#8220; border_width_left_last_edited=&#8220;on|tablet&#8220; global_colors_info=&#8220;{}&#8220; link_text_color__hover_enabled=&#8220;on|desktop&#8220; link_text_color__hover=&#8220;#F27F50&#8243;]<\/p>\n<div class=\"tinv-wishlist woocommerce tinv-wishlist-clear\">\r\n\t<div class=\"tinv-header\">\r\n\t<h2>My Favourites<\/h2>\r\n\t<\/div>\r\n\t\t<p class=\"cart-empty woocommerce-info\">\r\n\t\t\t\t\tIhr Wunschzettel ist derzeit leer.\t\t\t<\/p>\r\n\r\n\t\r\n\t<p class=\"return-to-shop\">\r\n\t\t<a class=\"button wc-backward\"\r\n\t\t   href=\"https:\/\/focusdesign.store\/de\/shop\/\">Zum Shop zur\u00fcckkehren<\/a>\r\n\t<\/p>\r\n<\/div>\r\n\n<p>[\/et_pb_text][et_pb_text _builder_version=&#8220;4.26.1&#8243; _module_preset=&#8220;default&#8220; background_color=&#8220;RGBA(255,255,255,0)&#8220; text_orientation=&#8220;center&#8220; custom_padding=&#8220;|10%||10%|false|false&#8220; global_colors_info=&#8220;{}&#8220;]<\/p>\n<h6>* <strong> W\u00e4hlen Sie Optionen<\/strong> wie Gr\u00f6\u00dfe, nur Druck oder gerahmt, bevor Sie es in den Warenkorb legen.<\/h6>\n<h6>Ihre Favoriten werden 60 Tage lang in Ihrer Liste gespeichert, bis sie gekauft oder entfernt werden.<\/h6>\n<p>&nbsp;<\/p>\n<p>[\/et_pb_text][\/et_pb_column][\/et_pb_row][et_pb_row column_structure=&#8220;1_2,1_2&#8243; use_custom_gutter=&#8220;on&#8220; gutter_width=&#8220;1&#8243; make_equal=&#8220;on&#8220; custom_padding_last_edited=&#8220;on|tablet&#8220; _builder_version=&#8220;4.26.1&#8243; _module_preset=&#8220;default&#8220; background_color=&#8220;#e8cdb0&#8243; width_tablet=&#8220;100%&#8220; width_phone=&#8220;100%&#8220; width_last_edited=&#8220;on|tablet&#8220; max_width=&#8220;80%&#8220; max_width_tablet=&#8220;100%&#8220; max_width_phone=&#8220;100%&#8220; max_width_last_edited=&#8220;on|tablet&#8220; custom_padding=&#8220;||38px|||&#8220; custom_padding_tablet=&#8220;||38px|||&#8220; custom_padding_phone=&#8220;||0px||false|false&#8220; global_colors_info=&#8220;{}&#8220;][et_pb_column type=&#8220;1_2&#8243; _builder_version=&#8220;4.26.1&#8243; _module_preset=&#8220;default&#8220; global_colors_info=&#8220;{}&#8220;][et_pb_button button_url=&#8220;https:\/\/focusdesign.store\/shop&#8220; button_text=&#8220;Zur\u00fcck zum Shop&#8220; button_alignment=&#8220;right&#8220; button_text_tablet=&#8220;Zur\u00fcck zum Shop&#8220; button_text_phone=&#8220;Zur\u00fcck zum Shop&#8220; button_text_last_edited=&#8220;on|tablet&#8220; button_alignment_tablet=&#8220;center&#8220; button_alignment_phone=&#8220;center&#8220; button_alignment_last_edited=&#8220;on|phone&#8220; disabled_on=&#8220;off|off|off&#8220; _builder_version=&#8220;4.26.1&#8243; _module_preset=&#8220;default&#8220; custom_button=&#8220;on&#8220; button_text_size=&#8220;14px&#8220; button_text_color=&#8220;#F3ECE3&#8243; button_bg_color=&#8220;#21252E&#8220; button_border_width=&#8220;0px&#8220; button_border_color=&#8220;RGBA(255,255,255,0)&#8220; button_border_radius=&#8220;20px&#8220; button_letter_spacing=&#8220;1px&#8220; button_font=&#8220;|600|||||||&#8220; button_icon=&#8220;&#x38;||divi||400&#8243; button_icon_color=&#8220;#E7DDCE&#8220; button_icon_placement=&#8220;left&#8220; button_on_hover=&#8220;off&#8220; custom_margin=&#8220;-3px|10px|||false|false&#8220; custom_margin_tablet=&#8220;0px|50px||50px|false|false&#8220; custom_margin_phone=&#8220;0px|0px|0px|0px|false|false&#8220; custom_margin_last_edited=&#8220;on|tablet&#8220; custom_padding=&#8220;|30px||40px|false|false&#8220; custom_padding_tablet=&#8220;|20px||30px|false|false&#8220; custom_padding_phone=&#8220;|25px||40px|false|false&#8220; custom_padding_last_edited=&#8220;on|tablet&#8220; button_text_size_tablet=&#8220;16px&#8220; button_text_size_phone=&#8220;14px&#8220; button_text_size_last_edited=&#8220;on|tablet&#8220; button_icon_color_tablet=&#8220;#F3ECE3&#8243; button_icon_color_phone=&#8220;#F3ECE3&#8243; button_icon_color_last_edited=&#8220;on|desktop&#8220; button_icon_placement_tablet=&#8220;&#8220; button_icon_placement_phone=&#8220;&#8220; button_icon_placement_last_edited=&#8220;on|desktop&#8220; locked=&#8220;off&#8220; global_colors_info=&#8220;{}&#8220; button_border_width__hover_enabled=&#8220;on|desktop&#8220; button_border_width__hover=&#8220;0px&#8220; button_border_color__hover_enabled=&#8220;on|hover&#8220; button_border_color__hover=&#8220;#21252E&#8220; button_bg_color__hover_enabled=&#8220;on|desktop&#8220; button_bg_color__hover=&#8220;#F27F50&#8243; button_bg_enable_color__hover=&#8220;on&#8220; button_icon_color__hover_enabled=&#8220;on|desktop&#8220; button_icon_color__hover=&#8220;#E7DDCE&#8220; button_text_color__hover_enabled=&#8220;on|hover&#8220; button_text_color__hover=&#8220;#F3ECE3&#8243; button_border_radius__hover_enabled=&#8220;on|hover&#8220; button_border_radius__hover=&#8220;20px&#8220;][\/et_pb_button][\/et_pb_column][et_pb_column type=&#8220;1_2&#8243; _builder_version=&#8220;4.26.1&#8243; _module_preset=&#8220;default&#8220; global_colors_info=&#8220;{}&#8220;][et_pb_button button_url=&#8220;https:\/\/focusdesign.store\/de\/zur-kasse\/&#8220; button_text=&#8220;Zur Kasse&#8220; button_alignment=&#8220;left&#8220; button_text_tablet=&#8220;Zur Kasse&#8220; button_text_phone=&#8220;Zur Kasse&#8220; button_text_last_edited=&#8220;on|phone&#8220; button_alignment_tablet=&#8220;center&#8220; button_alignment_phone=&#8220;&#8220; button_alignment_last_edited=&#8220;on|tablet&#8220; disabled_on=&#8220;off|off|off&#8220; _builder_version=&#8220;4.26.1&#8243; _module_preset=&#8220;default&#8220; custom_button=&#8220;on&#8220; button_text_size=&#8220;14px&#8220; button_text_color=&#8220;#F3ECE3&#8243; button_bg_color=&#8220;#21252E&#8220; button_border_width=&#8220;0px&#8220; button_border_color=&#8220;RGBA(255,255,255,0)&#8220; button_border_radius=&#8220;20px&#8220; button_letter_spacing=&#8220;1px&#8220; button_font=&#8220;|600|||||||&#8220; button_icon=&#8220;&#xf09d;||fa||900&#8243; button_icon_color=&#8220;#E7DDCE&#8220; button_icon_placement=&#8220;left&#8220; button_on_hover=&#8220;off&#8220; custom_margin=&#8220;-3px|||10px|false|false&#8220; custom_margin_tablet=&#8220;15px|50px||50px|false|false&#8220; custom_margin_phone=&#8220;15px|0px|30px|0px|false|false&#8220; custom_margin_last_edited=&#8220;on|phone&#8220; custom_padding=&#8220;|30px||50px|false|false&#8220; custom_padding_tablet=&#8220;|20px||40px|false|false&#8220; custom_padding_phone=&#8220;|25px||40px|false|false&#8220; custom_padding_last_edited=&#8220;on|tablet&#8220; button_text_size_tablet=&#8220;16px&#8220; button_text_size_phone=&#8220;14px&#8220; button_text_size_last_edited=&#8220;on|tablet&#8220; button_icon_color_tablet=&#8220;#F3ECE3&#8243; button_icon_color_phone=&#8220;#F3ECE3&#8243; button_icon_color_last_edited=&#8220;on|desktop&#8220; button_icon_placement_tablet=&#8220;&#8220; button_icon_placement_phone=&#8220;&#8220; button_icon_placement_last_edited=&#8220;on|desktop&#8220; locked=&#8220;off&#8220; global_colors_info=&#8220;{}&#8220; button_border_width__hover_enabled=&#8220;on|desktop&#8220; button_border_width__hover=&#8220;0px&#8220; button_border_color__hover_enabled=&#8220;on|hover&#8220; button_border_color__hover=&#8220;#21252E&#8220; button_bg_color__hover_enabled=&#8220;on|desktop&#8220; button_bg_color__hover=&#8220;#F27F50&#8243; button_bg_enable_color__hover=&#8220;on&#8220; button_icon_color__hover_enabled=&#8220;on|desktop&#8220; button_icon_color__hover=&#8220;#E7DDCE&#8220; button_text_color__hover_enabled=&#8220;on|hover&#8220; button_text_color__hover=&#8220;#F3ECE3&#8243; button_border_radius__hover_enabled=&#8220;on|hover&#8220; button_border_radius__hover=&#8220;20px&#8220;][\/et_pb_button][\/et_pb_column][\/et_pb_row][\/et_pb_section]<\/p>\n","protected":false},"excerpt":{"rendered":"<p><div class=\"tinv-wishlist woocommerce tinv-wishlist-clear\">\r\n\t<div class=\"tinv-header\">\r\n\t<h2>My Favourites<\/h2>\r\n\t<\/div>\r\n\t\t<p class=\"cart-empty woocommerce-info\">\r\n\t\t\t\t\tIhr Wunschzettel ist derzeit leer.\t\t\t<\/p>\r\n\r\n\t\r\n\t<p class=\"return-to-shop\">\r\n\t\t<a class=\"button wc-backward\"\r\n\t\t   href=\"https:\/\/focusdesign.store\/de\/shop\/\">Zum Shop zur\u00fcckkehren<\/a>\r\n\t<\/p>\r\n<\/div>\r\n* W\u00e4hlen Sie Optionen wie Gr\u00f6\u00dfe, nur Druck oder gerahmt, bevor Sie es in den Warenkorb legen. Ihre Favoriten werden 60 Tage lang in Ihrer Liste gespeichert, bis sie gekauft oder entfernt werden. &nbsp;<\/p>\n","protected":false},"author":1,"featured_media":0,"parent":0,"menu_order":0,"comment_status":"closed","ping_status":"closed","template":"","meta":{"_et_pb_use_builder":"on","_et_pb_old_content":"","_et_gb_content_width":"","inline_featured_image":false,"footnotes":""},"class_list":["post-269338","page","type-page","status-publish","hentry"],"yoast_head":"<!-- This site is optimized with the Yoast SEO plugin v25.3 - https:\/\/yoast.com\/wordpress\/plugins\/seo\/ -->\n<title>Meine Favoriten - Focus Design Store<\/title>\n<meta name=\"robots\" content=\"index, follow, max-snippet:-1, max-image-preview:large, max-video-preview:-1\" \/>\n<link rel=\"canonical\" href=\"https:\/\/focusdesign.store\/de\/meine-favoriten\/\" \/>\n<meta property=\"og:locale\" content=\"de_DE\" \/>\n<meta property=\"og:type\" content=\"article\" \/>\n<meta property=\"og:title\" content=\"Meine Favoriten - Focus Design Store\" \/>\n<meta property=\"og:description\" content=\"* W\u00e4hlen Sie Optionen wie Gr\u00f6\u00dfe, nur Druck oder gerahmt, bevor Sie es in den Warenkorb legen. Ihre Favoriten werden 60 Tage lang in Ihrer Liste gespeichert, bis sie gekauft oder entfernt werden. &nbsp;\" \/>\n<meta property=\"og:url\" content=\"https:\/\/focusdesign.store\/de\/meine-favoriten\/\" \/>\n<meta property=\"og:site_name\" content=\"Focus Design Store\" \/>\n<meta property=\"article:modified_time\" content=\"2025-11-19T16:12:15+00:00\" \/>\n<meta name=\"twitter:card\" content=\"summary_large_image\" \/>\n<meta name=\"twitter:label1\" content=\"Gesch\u00e4tzte Lesezeit\" \/>\n\t<meta name=\"twitter:data1\" content=\"7\u00a0Minuten\" \/>\n<script type=\"application\/ld+json\" class=\"yoast-schema-graph\">{\"@context\":\"https:\/\/schema.org\",\"@graph\":[{\"@type\":\"WebPage\",\"@id\":\"https:\/\/focusdesign.store\/de\/meine-favoriten\/\",\"url\":\"https:\/\/focusdesign.store\/de\/meine-favoriten\/\",\"name\":\"Meine Favoriten - Focus Design Store\",\"isPartOf\":{\"@id\":\"https:\/\/focusdesign.store\/de\/#website\"},\"datePublished\":\"2025-01-20T11:06:23+00:00\",\"dateModified\":\"2025-11-19T16:12:15+00:00\",\"breadcrumb\":{\"@id\":\"https:\/\/focusdesign.store\/de\/meine-favoriten\/#breadcrumb\"},\"inLanguage\":\"de\",\"potentialAction\":[{\"@type\":\"ReadAction\",\"target\":[\"https:\/\/focusdesign.store\/de\/meine-favoriten\/\"]}]},{\"@type\":\"BreadcrumbList\",\"@id\":\"https:\/\/focusdesign.store\/de\/meine-favoriten\/#breadcrumb\",\"itemListElement\":[{\"@type\":\"ListItem\",\"position\":1,\"name\":\"Hem\",\"item\":\"https:\/\/focusdesign.store\/de\/\"},{\"@type\":\"ListItem\",\"position\":2,\"name\":\"Meine Favoriten\"}]},{\"@type\":\"WebSite\",\"@id\":\"https:\/\/focusdesign.store\/de\/#website\",\"url\":\"https:\/\/focusdesign.store\/de\/\",\"name\":\"Focus Design Store\",\"description\":\"Fine Art Prints &amp; Design \u2013 for home and living\",\"potentialAction\":[{\"@type\":\"SearchAction\",\"target\":{\"@type\":\"EntryPoint\",\"urlTemplate\":\"https:\/\/focusdesign.store\/de\/?s={search_term_string}\"},\"query-input\":{\"@type\":\"PropertyValueSpecification\",\"valueRequired\":true,\"valueName\":\"search_term_string\"}}],\"inLanguage\":\"de\"}]}<\/script>\n<!-- \/ Yoast SEO plugin. -->","yoast_head_json":{"title":"Meine Favoriten - Focus Design Store","robots":{"index":"index","follow":"follow","max-snippet":"max-snippet:-1","max-image-preview":"max-image-preview:large","max-video-preview":"max-video-preview:-1"},"canonical":"https:\/\/focusdesign.store\/de\/meine-favoriten\/","og_locale":"de_DE","og_type":"article","og_title":"Meine Favoriten - Focus Design Store","og_description":"* W\u00e4hlen Sie Optionen wie Gr\u00f6\u00dfe, nur Druck oder gerahmt, bevor Sie es in den Warenkorb legen. Ihre Favoriten werden 60 Tage lang in Ihrer Liste gespeichert, bis sie gekauft oder entfernt werden. &nbsp;","og_url":"https:\/\/focusdesign.store\/de\/meine-favoriten\/","og_site_name":"Focus Design Store","article_modified_time":"2025-11-19T16:12:15+00:00","twitter_card":"summary_large_image","twitter_misc":{"Gesch\u00e4tzte Lesezeit":"7\u00a0Minuten"},"schema":{"@context":"https:\/\/schema.org","@graph":[{"@type":"WebPage","@id":"https:\/\/focusdesign.store\/de\/meine-favoriten\/","url":"https:\/\/focusdesign.store\/de\/meine-favoriten\/","name":"Meine Favoriten - Focus Design Store","isPartOf":{"@id":"https:\/\/focusdesign.store\/de\/#website"},"datePublished":"2025-01-20T11:06:23+00:00","dateModified":"2025-11-19T16:12:15+00:00","breadcrumb":{"@id":"https:\/\/focusdesign.store\/de\/meine-favoriten\/#breadcrumb"},"inLanguage":"de","potentialAction":[{"@type":"ReadAction","target":["https:\/\/focusdesign.store\/de\/meine-favoriten\/"]}]},{"@type":"BreadcrumbList","@id":"https:\/\/focusdesign.store\/de\/meine-favoriten\/#breadcrumb","itemListElement":[{"@type":"ListItem","position":1,"name":"Hem","item":"https:\/\/focusdesign.store\/de\/"},{"@type":"ListItem","position":2,"name":"Meine Favoriten"}]},{"@type":"WebSite","@id":"https:\/\/focusdesign.store\/de\/#website","url":"https:\/\/focusdesign.store\/de\/","name":"Focus Design Store","description":"Fine Art Prints &amp; Design \u2013 for home and living","potentialAction":[{"@type":"SearchAction","target":{"@type":"EntryPoint","urlTemplate":"https:\/\/focusdesign.store\/de\/?s={search_term_string}"},"query-input":{"@type":"PropertyValueSpecification","valueRequired":true,"valueName":"search_term_string"}}],"inLanguage":"de"}]}},"jetpack_sharing_enabled":true,"_links":{"self":[{"href":"https:\/\/focusdesign.store\/de\/wp-json\/wp\/v2\/pages\/269338","targetHints":{"allow":["GET"]}}],"collection":[{"href":"https:\/\/focusdesign.store\/de\/wp-json\/wp\/v2\/pages"}],"about":[{"href":"https:\/\/focusdesign.store\/de\/wp-json\/wp\/v2\/types\/page"}],"author":[{"embeddable":true,"href":"https:\/\/focusdesign.store\/de\/wp-json\/wp\/v2\/users\/1"}],"replies":[{"embeddable":true,"href":"https:\/\/focusdesign.store\/de\/wp-json\/wp\/v2\/comments?post=269338"}],"version-history":[{"count":0,"href":"https:\/\/focusdesign.store\/de\/wp-json\/wp\/v2\/pages\/269338\/revisions"}],"wp:attachment":[{"href":"https:\/\/focusdesign.store\/de\/wp-json\/wp\/v2\/media?parent=269338"}],"curies":[{"name":"wp","href":"https:\/\/api.w.org\/{rel}","templated":true}]}}