{"id":271157,"date":"2025-02-15T15:25:12","date_gmt":"2025-02-15T15:25:12","guid":{"rendered":"https:\/\/focusdesign.store\/product\/gelassenheit-blueht-rot\/"},"modified":"2025-05-10T09:10:57","modified_gmt":"2025-05-10T09:10:57","slug":"gelassenheit-blueht-rot","status":"publish","type":"product","link":"https:\/\/focusdesign.store\/de\/produkt\/gelassenheit-blueht-rot\/","title":{"rendered":"&#8222;Serenity Blooms&#8220; | Rot"},"content":{"rendered":"<p><strong>&#8222;Serenity Blooms&#8220;<br \/>\n<\/strong><em><span style=\"color: #333333;\">Rot<\/span><\/em><\/p>\n<p>&nbsp;<\/p>\n<h6><strong>Limitierte Auflage<br \/>\n<\/strong>21&#215;30 (A4) &#8211; 25 Abz\u00fcge.<br \/>\n30&#215;40 cm &#8211; 25 Abz\u00fcge.<br \/>\n60&#215;80 cm &#8211; 25 Abz\u00fcge.<br \/>\n<strong>K\u00fcnstler: <\/strong>Emelie Palmcrantz<\/h6>\n<ul>\n<li><strong>Glic\u00e9e Fine Art Print.<\/strong><\/li>\n<li><strong>Papier:<\/strong> Hahnem\u00fcle Deutsche Radierung 310 GSM.<\/li>\n<li>Wird mit einem <strong>Echtheitszertifikat<\/strong> geliefert <strong>.<\/strong><\/li>\n<li><strong>Optionen f\u00fcr den Rahmen:<\/strong> Schwarz, Eiche, Wei\u00df.<\/li>\n<\/ul>\n","protected":false},"excerpt":{"rendered":"<p>&#8222;Serenity Blooms&#8220; Rot &nbsp; Limitierte Auflage 21&#215;30 (A4) &#8211; 25 Abz\u00fcge. 30&#215;40 cm &#8211; 25 Abz\u00fcge. 60&#215;80 cm &#8211; 25 Abz\u00fcge. K\u00fcnstler: Emelie Palmcrantz Glic\u00e9e Fine Art Print. Papier: Hahnem\u00fcle Deutsche Radierung 310 GSM. Wird mit einem Echtheitszertifikat geliefert . Optionen f\u00fcr den Rahmen: Schwarz, Eiche, Wei\u00df.<\/p>\n","protected":false},"featured_media":263641,"comment_status":"open","ping_status":"closed","template":"","meta":{"_et_pb_use_builder":"","_et_pb_old_content":"","_et_gb_content_width":"","inline_featured_image":false},"product_brand":[],"product_cat":[241,239],"product_tag":[242,243],"class_list":{"0":"post-271157","1":"product","2":"type-product","3":"status-publish","4":"has-post-thumbnail","6":"product_cat-bunt","7":"product_cat-kunstdrucke","8":"product_tag-pferde","9":"product_tag-gelassenheit-bluht","11":"first","12":"instock","13":"taxable","14":"shipping-taxable","15":"purchasable","16":"product-type-variable"},"yoast_head":"<!-- This site is optimized with the Yoast SEO plugin v25.3 - https:\/\/yoast.com\/wordpress\/plugins\/seo\/ -->\n<title>&quot;Serenity Blooms&quot; | Rot - Focus Design Store<\/title>\n<meta name=\"description\" content=\"Bunter Kunstdruck - limitierte Auflage, signiert und nummeriert. Papier in Museumsqualit\u00e4t und wahlweise ein hochwertiger Holz- oder Glasrahmen. Kaufen Sie nur den Druck oder h\u00e4ngen Sie ihn auf!\" \/>\n<meta name=\"robots\" content=\"index, follow, max-snippet:-1, max-image-preview:large, max-video-preview:-1\" \/>\n<link rel=\"canonical\" href=\"https:\/\/focusdesign.store\/de\/produkt\/gelassenheit-blueht-rot\/\" \/>\n<meta property=\"og:locale\" content=\"de_DE\" \/>\n<meta property=\"og:type\" content=\"article\" \/>\n<meta property=\"og:title\" content=\"&quot;Serenity Blooms&quot; | Rot - Focus Design Store\" \/>\n<meta property=\"og:description\" content=\"Bunter Kunstdruck - limitierte Auflage, signiert und nummeriert. Papier in Museumsqualit\u00e4t und wahlweise ein hochwertiger Holz- oder Glasrahmen. Kaufen Sie nur den Druck oder h\u00e4ngen Sie ihn auf!\" \/>\n<meta property=\"og:url\" content=\"https:\/\/focusdesign.store\/de\/produkt\/gelassenheit-blueht-rot\/\" \/>\n<meta property=\"og:site_name\" content=\"Focus Design Store\" \/>\n<meta property=\"article:modified_time\" content=\"2025-05-10T09:10:57+00:00\" \/>\n<meta property=\"og:image\" content=\"https:\/\/focusdesign.store\/wp-content\/uploads\/2025\/02\/SerenityBlooms_Red_Black_6080.jpg\" \/>\n\t<meta property=\"og:image:width\" content=\"1900\" \/>\n\t<meta property=\"og:image:height\" content=\"1200\" \/>\n\t<meta property=\"og:image:type\" content=\"image\/jpeg\" \/>\n<meta name=\"twitter:card\" content=\"summary_large_image\" \/>\n<meta name=\"twitter:label1\" content=\"Gesch\u00e4tzte Lesezeit\" \/>\n\t<meta name=\"twitter:data1\" content=\"1\u00a0Minute\" \/>\n<script type=\"application\/ld+json\" class=\"yoast-schema-graph\">{\"@context\":\"https:\/\/schema.org\",\"@graph\":[{\"@type\":\"WebPage\",\"@id\":\"https:\/\/focusdesign.store\/de\/produkt\/gelassenheit-blueht-rot\/\",\"url\":\"https:\/\/focusdesign.store\/de\/produkt\/gelassenheit-blueht-rot\/\",\"name\":\"\\\"Serenity Blooms\\\" | Rot - Focus Design Store\",\"isPartOf\":{\"@id\":\"https:\/\/focusdesign.store\/de\/#website\"},\"primaryImageOfPage\":{\"@id\":\"https:\/\/focusdesign.store\/de\/produkt\/gelassenheit-blueht-rot\/#primaryimage\"},\"image\":{\"@id\":\"https:\/\/focusdesign.store\/de\/produkt\/gelassenheit-blueht-rot\/#primaryimage\"},\"thumbnailUrl\":\"https:\/\/focusdesign.store\/wp-content\/uploads\/2025\/02\/SerenityBlooms_Red_Black_6080.jpg\",\"datePublished\":\"2025-02-15T15:25:12+00:00\",\"dateModified\":\"2025-05-10T09:10:57+00:00\",\"description\":\"Bunter Kunstdruck - limitierte Auflage, signiert und nummeriert. Papier in Museumsqualit\u00e4t und wahlweise ein hochwertiger Holz- oder Glasrahmen. Kaufen Sie nur den Druck oder h\u00e4ngen Sie ihn auf!\",\"breadcrumb\":{\"@id\":\"https:\/\/focusdesign.store\/de\/produkt\/gelassenheit-blueht-rot\/#breadcrumb\"},\"inLanguage\":\"de\",\"potentialAction\":[{\"@type\":\"ReadAction\",\"target\":[\"https:\/\/focusdesign.store\/de\/produkt\/gelassenheit-blueht-rot\/\"]}]},{\"@type\":\"ImageObject\",\"inLanguage\":\"de\",\"@id\":\"https:\/\/focusdesign.store\/de\/produkt\/gelassenheit-blueht-rot\/#primaryimage\",\"url\":\"https:\/\/focusdesign.store\/wp-content\/uploads\/2025\/02\/SerenityBlooms_Red_Black_6080.jpg\",\"contentUrl\":\"https:\/\/focusdesign.store\/wp-content\/uploads\/2025\/02\/SerenityBlooms_Red_Black_6080.jpg\",\"width\":1900,\"height\":1200},{\"@type\":\"BreadcrumbList\",\"@id\":\"https:\/\/focusdesign.store\/de\/produkt\/gelassenheit-blueht-rot\/#breadcrumb\",\"itemListElement\":[{\"@type\":\"ListItem\",\"position\":1,\"name\":\"Hem\",\"item\":\"https:\/\/focusdesign.store\/de\/\"},{\"@type\":\"ListItem\",\"position\":2,\"name\":\"Shop\",\"item\":\"https:\/\/focusdesign.store\/shop\/\"},{\"@type\":\"ListItem\",\"position\":3,\"name\":\"&#8220;Serenity Blooms&#8221; | Rot\"}]},{\"@type\":\"WebSite\",\"@id\":\"https:\/\/focusdesign.store\/de\/#website\",\"url\":\"https:\/\/focusdesign.store\/de\/\",\"name\":\"Focus Design Store\",\"description\":\"Fine Art Prints &amp; Design \u2013 for home and living\",\"potentialAction\":[{\"@type\":\"SearchAction\",\"target\":{\"@type\":\"EntryPoint\",\"urlTemplate\":\"https:\/\/focusdesign.store\/de\/?s={search_term_string}\"},\"query-input\":{\"@type\":\"PropertyValueSpecification\",\"valueRequired\":true,\"valueName\":\"search_term_string\"}}],\"inLanguage\":\"de\"}]}<\/script>\n<!-- \/ Yoast SEO plugin. -->","yoast_head_json":{"title":"\"Serenity Blooms\" | Rot - Focus Design Store","description":"Bunter Kunstdruck - limitierte Auflage, signiert und nummeriert. Papier in Museumsqualit\u00e4t und wahlweise ein hochwertiger Holz- oder Glasrahmen. Kaufen Sie nur den Druck oder h\u00e4ngen Sie ihn auf!","robots":{"index":"index","follow":"follow","max-snippet":"max-snippet:-1","max-image-preview":"max-image-preview:large","max-video-preview":"max-video-preview:-1"},"canonical":"https:\/\/focusdesign.store\/de\/produkt\/gelassenheit-blueht-rot\/","og_locale":"de_DE","og_type":"article","og_title":"\"Serenity Blooms\" | Rot - Focus Design Store","og_description":"Bunter Kunstdruck - limitierte Auflage, signiert und nummeriert. Papier in Museumsqualit\u00e4t und wahlweise ein hochwertiger Holz- oder Glasrahmen. Kaufen Sie nur den Druck oder h\u00e4ngen Sie ihn auf!","og_url":"https:\/\/focusdesign.store\/de\/produkt\/gelassenheit-blueht-rot\/","og_site_name":"Focus Design Store","article_modified_time":"2025-05-10T09:10:57+00:00","og_image":[{"width":1900,"height":1200,"url":"https:\/\/focusdesign.store\/wp-content\/uploads\/2025\/02\/SerenityBlooms_Red_Black_6080.jpg","type":"image\/jpeg"}],"twitter_card":"summary_large_image","twitter_misc":{"Gesch\u00e4tzte Lesezeit":"1\u00a0Minute"},"schema":{"@context":"https:\/\/schema.org","@graph":[{"@type":"WebPage","@id":"https:\/\/focusdesign.store\/de\/produkt\/gelassenheit-blueht-rot\/","url":"https:\/\/focusdesign.store\/de\/produkt\/gelassenheit-blueht-rot\/","name":"\"Serenity Blooms\" | Rot - Focus Design Store","isPartOf":{"@id":"https:\/\/focusdesign.store\/de\/#website"},"primaryImageOfPage":{"@id":"https:\/\/focusdesign.store\/de\/produkt\/gelassenheit-blueht-rot\/#primaryimage"},"image":{"@id":"https:\/\/focusdesign.store\/de\/produkt\/gelassenheit-blueht-rot\/#primaryimage"},"thumbnailUrl":"https:\/\/focusdesign.store\/wp-content\/uploads\/2025\/02\/SerenityBlooms_Red_Black_6080.jpg","datePublished":"2025-02-15T15:25:12+00:00","dateModified":"2025-05-10T09:10:57+00:00","description":"Bunter Kunstdruck - limitierte Auflage, signiert und nummeriert. Papier in Museumsqualit\u00e4t und wahlweise ein hochwertiger Holz- oder Glasrahmen. Kaufen Sie nur den Druck oder h\u00e4ngen Sie ihn auf!","breadcrumb":{"@id":"https:\/\/focusdesign.store\/de\/produkt\/gelassenheit-blueht-rot\/#breadcrumb"},"inLanguage":"de","potentialAction":[{"@type":"ReadAction","target":["https:\/\/focusdesign.store\/de\/produkt\/gelassenheit-blueht-rot\/"]}]},{"@type":"ImageObject","inLanguage":"de","@id":"https:\/\/focusdesign.store\/de\/produkt\/gelassenheit-blueht-rot\/#primaryimage","url":"https:\/\/focusdesign.store\/wp-content\/uploads\/2025\/02\/SerenityBlooms_Red_Black_6080.jpg","contentUrl":"https:\/\/focusdesign.store\/wp-content\/uploads\/2025\/02\/SerenityBlooms_Red_Black_6080.jpg","width":1900,"height":1200},{"@type":"BreadcrumbList","@id":"https:\/\/focusdesign.store\/de\/produkt\/gelassenheit-blueht-rot\/#breadcrumb","itemListElement":[{"@type":"ListItem","position":1,"name":"Hem","item":"https:\/\/focusdesign.store\/de\/"},{"@type":"ListItem","position":2,"name":"Shop","item":"https:\/\/focusdesign.store\/shop\/"},{"@type":"ListItem","position":3,"name":"&#8220;Serenity Blooms&#8221; | Rot"}]},{"@type":"WebSite","@id":"https:\/\/focusdesign.store\/de\/#website","url":"https:\/\/focusdesign.store\/de\/","name":"Focus Design Store","description":"Fine Art Prints &amp; Design \u2013 for home and living","potentialAction":[{"@type":"SearchAction","target":{"@type":"EntryPoint","urlTemplate":"https:\/\/focusdesign.store\/de\/?s={search_term_string}"},"query-input":{"@type":"PropertyValueSpecification","valueRequired":true,"valueName":"search_term_string"}}],"inLanguage":"de"}]}},"jetpack_sharing_enabled":true,"_links":{"self":[{"href":"https:\/\/focusdesign.store\/de\/wp-json\/wp\/v2\/product\/271157","targetHints":{"allow":["GET"]}}],"collection":[{"href":"https:\/\/focusdesign.store\/de\/wp-json\/wp\/v2\/product"}],"about":[{"href":"https:\/\/focusdesign.store\/de\/wp-json\/wp\/v2\/types\/product"}],"replies":[{"embeddable":true,"href":"https:\/\/focusdesign.store\/de\/wp-json\/wp\/v2\/comments?post=271157"}],"wp:featuredmedia":[{"embeddable":true,"href":"https:\/\/focusdesign.store\/de\/wp-json\/wp\/v2\/media\/263641"}],"wp:attachment":[{"href":"https:\/\/focusdesign.store\/de\/wp-json\/wp\/v2\/media?parent=271157"}],"wp:term":[{"taxonomy":"product_brand","embeddable":true,"href":"https:\/\/focusdesign.store\/de\/wp-json\/wp\/v2\/product_brand?post=271157"},{"taxonomy":"product_cat","embeddable":true,"href":"https:\/\/focusdesign.store\/de\/wp-json\/wp\/v2\/product_cat?post=271157"},{"taxonomy":"product_tag","embeddable":true,"href":"https:\/\/focusdesign.store\/de\/wp-json\/wp\/v2\/product_tag?post=271157"}],"curies":[{"name":"wp","href":"https:\/\/api.w.org\/{rel}","templated":true}]}}