{"id":271280,"date":"2024-12-28T22:38:38","date_gmt":"2024-12-28T22:38:38","guid":{"rendered":"https:\/\/focusdesign.store\/product\/farbe-bananza-02\/"},"modified":"2025-05-10T09:05:54","modified_gmt":"2025-05-10T09:05:54","slug":"farbe-bananza-02","status":"publish","type":"product","link":"https:\/\/focusdesign.store\/de\/produkt\/farbe-bananza-02\/","title":{"rendered":"&#8222;Color Bananza 02&#8220;"},"content":{"rendered":"<p><strong>&#8222;Color Bananza 02&#8220;<\/strong><\/p>\n<p>&nbsp;<\/p>\n<h6><strong>Limitierte Auflage<br \/>\n<\/strong>70&#215;100 cm &#8211; 25 Abz\u00fcge.<br \/>\n<strong>K\u00fcnstler: <\/strong>Emelie Palmcrantz<\/h6>\n<ul>\n<li><strong>Glic\u00e9e Fine Art Print.<\/strong><\/li>\n<li><strong>Papier:<\/strong> Hahnem\u00fcle Deutsche Radierung 310 GSM.<\/li>\n<li>Wird mit einem <strong>Echtheitszertifikat<\/strong> geliefert <strong>.<\/strong><\/li>\n<li><strong>Optionen f\u00fcr den Rahmen:<\/strong> Schwarz, Eiche, Wei\u00df.<\/li>\n<\/ul>\n","protected":false},"excerpt":{"rendered":"<p>&#8222;Color Bananza 02&#8220; &nbsp; Limitierte Auflage 70&#215;100 cm &#8211; 25 Abz\u00fcge. K\u00fcnstler: Emelie Palmcrantz Glic\u00e9e Fine Art Print. Papier: Hahnem\u00fcle Deutsche Radierung 310 GSM. Wird mit einem Echtheitszertifikat geliefert . Optionen f\u00fcr den Rahmen: Schwarz, Eiche, Wei\u00df.<\/p>\n","protected":false},"featured_media":256364,"comment_status":"open","ping_status":"closed","template":"","meta":{"_et_pb_use_builder":"","_et_pb_old_content":"","_et_gb_content_width":"","inline_featured_image":false},"product_brand":[],"product_cat":[241,239,255],"product_tag":[],"class_list":{"0":"post-271280","1":"product","2":"type-product","3":"status-publish","4":"has-post-thumbnail","6":"product_cat-bunt","7":"product_cat-kunstdrucke","8":"product_cat-stilleben","10":"first","11":"instock","12":"taxable","13":"shipping-taxable","14":"purchasable","15":"product-type-variable","16":"has-default-attributes"},"yoast_head":"<!-- This site is optimized with the Yoast SEO plugin v25.3 - https:\/\/yoast.com\/wordpress\/plugins\/seo\/ -->\n<title>&quot;Color Bananza 02&quot; - Focus Design Store<\/title>\n<meta name=\"description\" content=\"Gro\u00dfer Kunstdruck in limitierter Auflage. 70x100 cm. 25 Gicl\u00e9e-Drucke. Pop-Art. Papier in Museumsqualit\u00e4t. Premium-Rahmenoptionen. K\u00fcnstlerin Emelie Palmcrantz.\" \/>\n<meta name=\"robots\" content=\"index, follow, max-snippet:-1, max-image-preview:large, max-video-preview:-1\" \/>\n<link rel=\"canonical\" href=\"https:\/\/focusdesign.store\/de\/produkt\/farbe-bananza-02\/\" \/>\n<meta property=\"og:locale\" content=\"de_DE\" \/>\n<meta property=\"og:type\" content=\"article\" \/>\n<meta property=\"og:title\" content=\"&quot;Color Bananza 02&quot; - Focus Design Store\" \/>\n<meta property=\"og:description\" content=\"Gro\u00dfer Kunstdruck in limitierter Auflage. 70x100 cm. 25 Gicl\u00e9e-Drucke. Pop-Art. Papier in Museumsqualit\u00e4t. Premium-Rahmenoptionen. K\u00fcnstlerin Emelie Palmcrantz.\" \/>\n<meta property=\"og:url\" content=\"https:\/\/focusdesign.store\/de\/produkt\/farbe-bananza-02\/\" \/>\n<meta property=\"og:site_name\" content=\"Focus Design Store\" \/>\n<meta property=\"article:modified_time\" content=\"2025-05-10T09:05:54+00:00\" \/>\n<meta property=\"og:image\" content=\"https:\/\/focusdesign.store\/wp-content\/uploads\/2024\/12\/ColorBananza_Contrasting_70100_White.jpg\" \/>\n\t<meta property=\"og:image:width\" content=\"1900\" \/>\n\t<meta property=\"og:image:height\" content=\"1200\" \/>\n\t<meta property=\"og:image:type\" content=\"image\/jpeg\" \/>\n<meta name=\"twitter:card\" content=\"summary_large_image\" \/>\n<meta name=\"twitter:label1\" content=\"Gesch\u00e4tzte Lesezeit\" \/>\n\t<meta name=\"twitter:data1\" content=\"1\u00a0Minute\" \/>\n<script type=\"application\/ld+json\" class=\"yoast-schema-graph\">{\"@context\":\"https:\/\/schema.org\",\"@graph\":[{\"@type\":\"WebPage\",\"@id\":\"https:\/\/focusdesign.store\/de\/produkt\/farbe-bananza-02\/\",\"url\":\"https:\/\/focusdesign.store\/de\/produkt\/farbe-bananza-02\/\",\"name\":\"\\\"Color Bananza 02\\\" - Focus Design Store\",\"isPartOf\":{\"@id\":\"https:\/\/focusdesign.store\/de\/#website\"},\"primaryImageOfPage\":{\"@id\":\"https:\/\/focusdesign.store\/de\/produkt\/farbe-bananza-02\/#primaryimage\"},\"image\":{\"@id\":\"https:\/\/focusdesign.store\/de\/produkt\/farbe-bananza-02\/#primaryimage\"},\"thumbnailUrl\":\"https:\/\/focusdesign.store\/wp-content\/uploads\/2024\/12\/ColorBananza_Contrasting_70100_White.jpg\",\"datePublished\":\"2024-12-28T22:38:38+00:00\",\"dateModified\":\"2025-05-10T09:05:54+00:00\",\"description\":\"Gro\u00dfer Kunstdruck in limitierter Auflage. 70x100 cm. 25 Gicl\u00e9e-Drucke. Pop-Art. Papier in Museumsqualit\u00e4t. Premium-Rahmenoptionen. K\u00fcnstlerin Emelie Palmcrantz.\",\"breadcrumb\":{\"@id\":\"https:\/\/focusdesign.store\/de\/produkt\/farbe-bananza-02\/#breadcrumb\"},\"inLanguage\":\"de\",\"potentialAction\":[{\"@type\":\"ReadAction\",\"target\":[\"https:\/\/focusdesign.store\/de\/produkt\/farbe-bananza-02\/\"]}]},{\"@type\":\"ImageObject\",\"inLanguage\":\"de\",\"@id\":\"https:\/\/focusdesign.store\/de\/produkt\/farbe-bananza-02\/#primaryimage\",\"url\":\"https:\/\/focusdesign.store\/wp-content\/uploads\/2024\/12\/ColorBananza_Contrasting_70100_White.jpg\",\"contentUrl\":\"https:\/\/focusdesign.store\/wp-content\/uploads\/2024\/12\/ColorBananza_Contrasting_70100_White.jpg\",\"width\":1900,\"height\":1200},{\"@type\":\"BreadcrumbList\",\"@id\":\"https:\/\/focusdesign.store\/de\/produkt\/farbe-bananza-02\/#breadcrumb\",\"itemListElement\":[{\"@type\":\"ListItem\",\"position\":1,\"name\":\"Hem\",\"item\":\"https:\/\/focusdesign.store\/de\/\"},{\"@type\":\"ListItem\",\"position\":2,\"name\":\"Shop\",\"item\":\"https:\/\/focusdesign.store\/shop\/\"},{\"@type\":\"ListItem\",\"position\":3,\"name\":\"&#8220;Color Bananza 02&#8221;\"}]},{\"@type\":\"WebSite\",\"@id\":\"https:\/\/focusdesign.store\/de\/#website\",\"url\":\"https:\/\/focusdesign.store\/de\/\",\"name\":\"Focus Design Store\",\"description\":\"Fine Art Prints &amp; Design \u2013 for home and living\",\"potentialAction\":[{\"@type\":\"SearchAction\",\"target\":{\"@type\":\"EntryPoint\",\"urlTemplate\":\"https:\/\/focusdesign.store\/de\/?s={search_term_string}\"},\"query-input\":{\"@type\":\"PropertyValueSpecification\",\"valueRequired\":true,\"valueName\":\"search_term_string\"}}],\"inLanguage\":\"de\"}]}<\/script>\n<!-- \/ Yoast SEO plugin. -->","yoast_head_json":{"title":"\"Color Bananza 02\" - Focus Design Store","description":"Gro\u00dfer Kunstdruck in limitierter Auflage. 70x100 cm. 25 Gicl\u00e9e-Drucke. Pop-Art. Papier in Museumsqualit\u00e4t. Premium-Rahmenoptionen. K\u00fcnstlerin Emelie Palmcrantz.","robots":{"index":"index","follow":"follow","max-snippet":"max-snippet:-1","max-image-preview":"max-image-preview:large","max-video-preview":"max-video-preview:-1"},"canonical":"https:\/\/focusdesign.store\/de\/produkt\/farbe-bananza-02\/","og_locale":"de_DE","og_type":"article","og_title":"\"Color Bananza 02\" - Focus Design Store","og_description":"Gro\u00dfer Kunstdruck in limitierter Auflage. 70x100 cm. 25 Gicl\u00e9e-Drucke. Pop-Art. Papier in Museumsqualit\u00e4t. Premium-Rahmenoptionen. K\u00fcnstlerin Emelie Palmcrantz.","og_url":"https:\/\/focusdesign.store\/de\/produkt\/farbe-bananza-02\/","og_site_name":"Focus Design Store","article_modified_time":"2025-05-10T09:05:54+00:00","og_image":[{"width":1900,"height":1200,"url":"https:\/\/focusdesign.store\/wp-content\/uploads\/2024\/12\/ColorBananza_Contrasting_70100_White.jpg","type":"image\/jpeg"}],"twitter_card":"summary_large_image","twitter_misc":{"Gesch\u00e4tzte Lesezeit":"1\u00a0Minute"},"schema":{"@context":"https:\/\/schema.org","@graph":[{"@type":"WebPage","@id":"https:\/\/focusdesign.store\/de\/produkt\/farbe-bananza-02\/","url":"https:\/\/focusdesign.store\/de\/produkt\/farbe-bananza-02\/","name":"\"Color Bananza 02\" - Focus Design Store","isPartOf":{"@id":"https:\/\/focusdesign.store\/de\/#website"},"primaryImageOfPage":{"@id":"https:\/\/focusdesign.store\/de\/produkt\/farbe-bananza-02\/#primaryimage"},"image":{"@id":"https:\/\/focusdesign.store\/de\/produkt\/farbe-bananza-02\/#primaryimage"},"thumbnailUrl":"https:\/\/focusdesign.store\/wp-content\/uploads\/2024\/12\/ColorBananza_Contrasting_70100_White.jpg","datePublished":"2024-12-28T22:38:38+00:00","dateModified":"2025-05-10T09:05:54+00:00","description":"Gro\u00dfer Kunstdruck in limitierter Auflage. 70x100 cm. 25 Gicl\u00e9e-Drucke. Pop-Art. Papier in Museumsqualit\u00e4t. Premium-Rahmenoptionen. K\u00fcnstlerin Emelie Palmcrantz.","breadcrumb":{"@id":"https:\/\/focusdesign.store\/de\/produkt\/farbe-bananza-02\/#breadcrumb"},"inLanguage":"de","potentialAction":[{"@type":"ReadAction","target":["https:\/\/focusdesign.store\/de\/produkt\/farbe-bananza-02\/"]}]},{"@type":"ImageObject","inLanguage":"de","@id":"https:\/\/focusdesign.store\/de\/produkt\/farbe-bananza-02\/#primaryimage","url":"https:\/\/focusdesign.store\/wp-content\/uploads\/2024\/12\/ColorBananza_Contrasting_70100_White.jpg","contentUrl":"https:\/\/focusdesign.store\/wp-content\/uploads\/2024\/12\/ColorBananza_Contrasting_70100_White.jpg","width":1900,"height":1200},{"@type":"BreadcrumbList","@id":"https:\/\/focusdesign.store\/de\/produkt\/farbe-bananza-02\/#breadcrumb","itemListElement":[{"@type":"ListItem","position":1,"name":"Hem","item":"https:\/\/focusdesign.store\/de\/"},{"@type":"ListItem","position":2,"name":"Shop","item":"https:\/\/focusdesign.store\/shop\/"},{"@type":"ListItem","position":3,"name":"&#8220;Color Bananza 02&#8221;"}]},{"@type":"WebSite","@id":"https:\/\/focusdesign.store\/de\/#website","url":"https:\/\/focusdesign.store\/de\/","name":"Focus Design Store","description":"Fine Art Prints &amp; Design \u2013 for home and living","potentialAction":[{"@type":"SearchAction","target":{"@type":"EntryPoint","urlTemplate":"https:\/\/focusdesign.store\/de\/?s={search_term_string}"},"query-input":{"@type":"PropertyValueSpecification","valueRequired":true,"valueName":"search_term_string"}}],"inLanguage":"de"}]}},"jetpack_sharing_enabled":true,"_links":{"self":[{"href":"https:\/\/focusdesign.store\/de\/wp-json\/wp\/v2\/product\/271280","targetHints":{"allow":["GET"]}}],"collection":[{"href":"https:\/\/focusdesign.store\/de\/wp-json\/wp\/v2\/product"}],"about":[{"href":"https:\/\/focusdesign.store\/de\/wp-json\/wp\/v2\/types\/product"}],"replies":[{"embeddable":true,"href":"https:\/\/focusdesign.store\/de\/wp-json\/wp\/v2\/comments?post=271280"}],"wp:featuredmedia":[{"embeddable":true,"href":"https:\/\/focusdesign.store\/de\/wp-json\/wp\/v2\/media\/256364"}],"wp:attachment":[{"href":"https:\/\/focusdesign.store\/de\/wp-json\/wp\/v2\/media?parent=271280"}],"wp:term":[{"taxonomy":"product_brand","embeddable":true,"href":"https:\/\/focusdesign.store\/de\/wp-json\/wp\/v2\/product_brand?post=271280"},{"taxonomy":"product_cat","embeddable":true,"href":"https:\/\/focusdesign.store\/de\/wp-json\/wp\/v2\/product_cat?post=271280"},{"taxonomy":"product_tag","embeddable":true,"href":"https:\/\/focusdesign.store\/de\/wp-json\/wp\/v2\/product_tag?post=271280"}],"curies":[{"name":"wp","href":"https:\/\/api.w.org\/{rel}","templated":true}]}}