{"id":271321,"date":"2024-12-28T19:17:56","date_gmt":"2024-12-28T19:17:56","guid":{"rendered":"https:\/\/focusdesign.store\/product\/morgendaemmerung\/"},"modified":"2025-05-10T09:01:28","modified_gmt":"2025-05-10T09:01:28","slug":"morgendaemmerung","status":"publish","type":"product","link":"https:\/\/focusdesign.store\/de\/produkt\/morgendaemmerung\/","title":{"rendered":"&#8222;Dusk of Dawn&#8220;"},"content":{"rendered":"<p><strong>&#8222;Dusk of Dawn&#8220;<\/strong><\/p>\n<p>&nbsp;<\/p>\n<h6><strong>Limitierte Auflage<br \/>\n<\/strong>21&#215;30 cm (A4) &#8211; 50 Abz\u00fcge.<br \/>\n30&#215;40 cm &#8211; 50 Abz\u00fcge.<br \/>\n60&#215;80 cm &#8211; 50 Abz\u00fcge.<br \/>\n70&#215;100 cm &#8211; 50 Abz\u00fcge.<br \/>\n<strong>K\u00fcnstler: <\/strong>Emelie Palmcrantz<\/h6>\n<ul>\n<li><strong>Glic\u00e9e-Kunstdruck<\/strong><\/li>\n<li><strong>Papier:<\/strong> Hahnem\u00fcle Deutsche Radierung 310 GSM.<\/li>\n<li>Geliefert mit einem <strong>Echtheitszertifikat<\/strong><\/li>\n<li><strong>Optionen f\u00fcr den Rahmen:<\/strong> Schwarz, Eiche, Wei\u00df<\/li>\n<\/ul>\n","protected":false},"excerpt":{"rendered":"<p>&#8222;Dusk of Dawn&#8220; &nbsp; Limitierte Auflage 21&#215;30 cm (A4) &#8211; 50 Abz\u00fcge. 30&#215;40 cm &#8211; 50 Abz\u00fcge. 60&#215;80 cm &#8211; 50 Abz\u00fcge. 70&#215;100 cm &#8211; 50 Abz\u00fcge. K\u00fcnstler: Emelie Palmcrantz Glic\u00e9e-Kunstdruck Papier: Hahnem\u00fcle Deutsche Radierung 310 GSM. Geliefert mit einem Echtheitszertifikat Optionen f\u00fcr den Rahmen: Schwarz, Eiche, Wei\u00df<\/p>\n","protected":false},"featured_media":262639,"comment_status":"open","ping_status":"closed","template":"","meta":{"_et_pb_use_builder":"off","_et_pb_old_content":"<strong>Lorem Ipsum<\/strong> ist einfach der Blindtext der Druck- und Setzindustrie. Lorem Ipsum ist der Standard-Blindtext der Branche seit den 1500er Jahren, als ein unbekannter Drucker eine Druckfahne nahm und sie zu einem Buch mit Schriftproben zusammensetzte. Es hat nicht nur f\u00fcnf Jahrhunderte \u00fcberlebt, sondern auch den Sprung zum elektronischen Schriftsatz und ist im Wesentlichen unver\u00e4ndert geblieben. Sie wurde in den 1960er Jahren mit der Ver\u00f6ffentlichung von Letraset-B\u00f6gen, die Lorem Ipsum-Passagen enthielten, popul\u00e4r, und in j\u00fcngerer Zeit mit Desktop-Publishing-Software wie Aldus PageMaker, die Versionen von Lorem Ipsum enth\u00e4lt.   ","_et_gb_content_width":"","inline_featured_image":false},"product_brand":[],"product_cat":[239,254],"product_tag":[261,242],"class_list":{"0":"post-271321","1":"product","2":"type-product","3":"status-publish","4":"has-post-thumbnail","6":"product_cat-kunstdrucke","7":"product_cat-schwarz-weis","8":"product_tag-dusk-of-dawn","9":"product_tag-pferde","11":"first","12":"instock","13":"taxable","14":"shipping-taxable","15":"purchasable","16":"product-type-variable","17":"has-default-attributes"},"yoast_head":"<!-- This site is optimized with the Yoast SEO plugin v25.3 - https:\/\/yoast.com\/wordpress\/plugins\/seo\/ -->\n<title>&quot;Dusk of Dawn&quot; - Focus Design Store<\/title>\n<meta name=\"description\" content=\"Limitierte Auflage eines Kunstdrucks - signiert und nummeriert. Er wird mit einem Echtheitszertifikat geliefert. Premium-Rahmenoptionen verf\u00fcgbar.\" \/>\n<meta name=\"robots\" content=\"index, follow, max-snippet:-1, max-image-preview:large, max-video-preview:-1\" \/>\n<link rel=\"canonical\" href=\"https:\/\/focusdesign.store\/de\/produkt\/morgendaemmerung\/\" \/>\n<meta property=\"og:locale\" content=\"de_DE\" \/>\n<meta property=\"og:type\" content=\"article\" \/>\n<meta property=\"og:title\" content=\"&quot;Dusk of Dawn&quot; - Focus Design Store\" \/>\n<meta property=\"og:description\" content=\"Limitierte Auflage eines Kunstdrucks - signiert und nummeriert. Er wird mit einem Echtheitszertifikat geliefert. Premium-Rahmenoptionen verf\u00fcgbar.\" \/>\n<meta property=\"og:url\" content=\"https:\/\/focusdesign.store\/de\/produkt\/morgendaemmerung\/\" \/>\n<meta property=\"og:site_name\" content=\"Focus Design Store\" \/>\n<meta property=\"article:modified_time\" content=\"2025-05-10T09:01:28+00:00\" \/>\n<meta property=\"og:image\" content=\"https:\/\/focusdesign.store\/wp-content\/uploads\/2025\/02\/DuskOfDawn-Black_Black_70100.jpg\" \/>\n\t<meta property=\"og:image:width\" content=\"1900\" \/>\n\t<meta property=\"og:image:height\" content=\"1200\" \/>\n\t<meta property=\"og:image:type\" content=\"image\/jpeg\" \/>\n<meta name=\"twitter:card\" content=\"summary_large_image\" \/>\n<meta name=\"twitter:label1\" content=\"Gesch\u00e4tzte Lesezeit\" \/>\n\t<meta name=\"twitter:data1\" content=\"1\u00a0Minute\" \/>\n<script type=\"application\/ld+json\" class=\"yoast-schema-graph\">{\"@context\":\"https:\/\/schema.org\",\"@graph\":[{\"@type\":\"WebPage\",\"@id\":\"https:\/\/focusdesign.store\/de\/produkt\/morgendaemmerung\/\",\"url\":\"https:\/\/focusdesign.store\/de\/produkt\/morgendaemmerung\/\",\"name\":\"\\\"Dusk of Dawn\\\" - Focus Design Store\",\"isPartOf\":{\"@id\":\"https:\/\/focusdesign.store\/de\/#website\"},\"primaryImageOfPage\":{\"@id\":\"https:\/\/focusdesign.store\/de\/produkt\/morgendaemmerung\/#primaryimage\"},\"image\":{\"@id\":\"https:\/\/focusdesign.store\/de\/produkt\/morgendaemmerung\/#primaryimage\"},\"thumbnailUrl\":\"https:\/\/focusdesign.store\/wp-content\/uploads\/2025\/02\/DuskOfDawn-Black_Black_70100.jpg\",\"datePublished\":\"2024-12-28T19:17:56+00:00\",\"dateModified\":\"2025-05-10T09:01:28+00:00\",\"description\":\"Limitierte Auflage eines Kunstdrucks - signiert und nummeriert. Er wird mit einem Echtheitszertifikat geliefert. Premium-Rahmenoptionen verf\u00fcgbar.\",\"breadcrumb\":{\"@id\":\"https:\/\/focusdesign.store\/de\/produkt\/morgendaemmerung\/#breadcrumb\"},\"inLanguage\":\"de\",\"potentialAction\":[{\"@type\":\"ReadAction\",\"target\":[\"https:\/\/focusdesign.store\/de\/produkt\/morgendaemmerung\/\"]}]},{\"@type\":\"ImageObject\",\"inLanguage\":\"de\",\"@id\":\"https:\/\/focusdesign.store\/de\/produkt\/morgendaemmerung\/#primaryimage\",\"url\":\"https:\/\/focusdesign.store\/wp-content\/uploads\/2025\/02\/DuskOfDawn-Black_Black_70100.jpg\",\"contentUrl\":\"https:\/\/focusdesign.store\/wp-content\/uploads\/2025\/02\/DuskOfDawn-Black_Black_70100.jpg\",\"width\":1900,\"height\":1200},{\"@type\":\"BreadcrumbList\",\"@id\":\"https:\/\/focusdesign.store\/de\/produkt\/morgendaemmerung\/#breadcrumb\",\"itemListElement\":[{\"@type\":\"ListItem\",\"position\":1,\"name\":\"Hem\",\"item\":\"https:\/\/focusdesign.store\/de\/\"},{\"@type\":\"ListItem\",\"position\":2,\"name\":\"Shop\",\"item\":\"https:\/\/focusdesign.store\/shop\/\"},{\"@type\":\"ListItem\",\"position\":3,\"name\":\"&#8220;Dusk of Dawn&#8221;\"}]},{\"@type\":\"WebSite\",\"@id\":\"https:\/\/focusdesign.store\/de\/#website\",\"url\":\"https:\/\/focusdesign.store\/de\/\",\"name\":\"Focus Design Store\",\"description\":\"Fine Art Prints &amp; Design \u2013 for home and living\",\"potentialAction\":[{\"@type\":\"SearchAction\",\"target\":{\"@type\":\"EntryPoint\",\"urlTemplate\":\"https:\/\/focusdesign.store\/de\/?s={search_term_string}\"},\"query-input\":{\"@type\":\"PropertyValueSpecification\",\"valueRequired\":true,\"valueName\":\"search_term_string\"}}],\"inLanguage\":\"de\"}]}<\/script>\n<!-- \/ Yoast SEO plugin. -->","yoast_head_json":{"title":"\"Dusk of Dawn\" - Focus Design Store","description":"Limitierte Auflage eines Kunstdrucks - signiert und nummeriert. Er wird mit einem Echtheitszertifikat geliefert. Premium-Rahmenoptionen verf\u00fcgbar.","robots":{"index":"index","follow":"follow","max-snippet":"max-snippet:-1","max-image-preview":"max-image-preview:large","max-video-preview":"max-video-preview:-1"},"canonical":"https:\/\/focusdesign.store\/de\/produkt\/morgendaemmerung\/","og_locale":"de_DE","og_type":"article","og_title":"\"Dusk of Dawn\" - Focus Design Store","og_description":"Limitierte Auflage eines Kunstdrucks - signiert und nummeriert. Er wird mit einem Echtheitszertifikat geliefert. Premium-Rahmenoptionen verf\u00fcgbar.","og_url":"https:\/\/focusdesign.store\/de\/produkt\/morgendaemmerung\/","og_site_name":"Focus Design Store","article_modified_time":"2025-05-10T09:01:28+00:00","og_image":[{"width":1900,"height":1200,"url":"https:\/\/focusdesign.store\/wp-content\/uploads\/2025\/02\/DuskOfDawn-Black_Black_70100.jpg","type":"image\/jpeg"}],"twitter_card":"summary_large_image","twitter_misc":{"Gesch\u00e4tzte Lesezeit":"1\u00a0Minute"},"schema":{"@context":"https:\/\/schema.org","@graph":[{"@type":"WebPage","@id":"https:\/\/focusdesign.store\/de\/produkt\/morgendaemmerung\/","url":"https:\/\/focusdesign.store\/de\/produkt\/morgendaemmerung\/","name":"\"Dusk of Dawn\" - Focus Design Store","isPartOf":{"@id":"https:\/\/focusdesign.store\/de\/#website"},"primaryImageOfPage":{"@id":"https:\/\/focusdesign.store\/de\/produkt\/morgendaemmerung\/#primaryimage"},"image":{"@id":"https:\/\/focusdesign.store\/de\/produkt\/morgendaemmerung\/#primaryimage"},"thumbnailUrl":"https:\/\/focusdesign.store\/wp-content\/uploads\/2025\/02\/DuskOfDawn-Black_Black_70100.jpg","datePublished":"2024-12-28T19:17:56+00:00","dateModified":"2025-05-10T09:01:28+00:00","description":"Limitierte Auflage eines Kunstdrucks - signiert und nummeriert. Er wird mit einem Echtheitszertifikat geliefert. Premium-Rahmenoptionen verf\u00fcgbar.","breadcrumb":{"@id":"https:\/\/focusdesign.store\/de\/produkt\/morgendaemmerung\/#breadcrumb"},"inLanguage":"de","potentialAction":[{"@type":"ReadAction","target":["https:\/\/focusdesign.store\/de\/produkt\/morgendaemmerung\/"]}]},{"@type":"ImageObject","inLanguage":"de","@id":"https:\/\/focusdesign.store\/de\/produkt\/morgendaemmerung\/#primaryimage","url":"https:\/\/focusdesign.store\/wp-content\/uploads\/2025\/02\/DuskOfDawn-Black_Black_70100.jpg","contentUrl":"https:\/\/focusdesign.store\/wp-content\/uploads\/2025\/02\/DuskOfDawn-Black_Black_70100.jpg","width":1900,"height":1200},{"@type":"BreadcrumbList","@id":"https:\/\/focusdesign.store\/de\/produkt\/morgendaemmerung\/#breadcrumb","itemListElement":[{"@type":"ListItem","position":1,"name":"Hem","item":"https:\/\/focusdesign.store\/de\/"},{"@type":"ListItem","position":2,"name":"Shop","item":"https:\/\/focusdesign.store\/shop\/"},{"@type":"ListItem","position":3,"name":"&#8220;Dusk of Dawn&#8221;"}]},{"@type":"WebSite","@id":"https:\/\/focusdesign.store\/de\/#website","url":"https:\/\/focusdesign.store\/de\/","name":"Focus Design Store","description":"Fine Art Prints &amp; Design \u2013 for home and living","potentialAction":[{"@type":"SearchAction","target":{"@type":"EntryPoint","urlTemplate":"https:\/\/focusdesign.store\/de\/?s={search_term_string}"},"query-input":{"@type":"PropertyValueSpecification","valueRequired":true,"valueName":"search_term_string"}}],"inLanguage":"de"}]}},"jetpack_sharing_enabled":true,"_links":{"self":[{"href":"https:\/\/focusdesign.store\/de\/wp-json\/wp\/v2\/product\/271321","targetHints":{"allow":["GET"]}}],"collection":[{"href":"https:\/\/focusdesign.store\/de\/wp-json\/wp\/v2\/product"}],"about":[{"href":"https:\/\/focusdesign.store\/de\/wp-json\/wp\/v2\/types\/product"}],"replies":[{"embeddable":true,"href":"https:\/\/focusdesign.store\/de\/wp-json\/wp\/v2\/comments?post=271321"}],"wp:featuredmedia":[{"embeddable":true,"href":"https:\/\/focusdesign.store\/de\/wp-json\/wp\/v2\/media\/262639"}],"wp:attachment":[{"href":"https:\/\/focusdesign.store\/de\/wp-json\/wp\/v2\/media?parent=271321"}],"wp:term":[{"taxonomy":"product_brand","embeddable":true,"href":"https:\/\/focusdesign.store\/de\/wp-json\/wp\/v2\/product_brand?post=271321"},{"taxonomy":"product_cat","embeddable":true,"href":"https:\/\/focusdesign.store\/de\/wp-json\/wp\/v2\/product_cat?post=271321"},{"taxonomy":"product_tag","embeddable":true,"href":"https:\/\/focusdesign.store\/de\/wp-json\/wp\/v2\/product_tag?post=271321"}],"curies":[{"name":"wp","href":"https:\/\/api.w.org\/{rel}","templated":true}]}}