{"id":271542,"date":"2025-03-03T12:28:06","date_gmt":"2025-03-03T12:28:06","guid":{"rendered":"https:\/\/focusdesign.store\/product\/floral-sky-pullover\/"},"modified":"2025-05-10T09:35:07","modified_gmt":"2025-05-10T09:35:07","slug":"floral-sky-pullover","status":"publish","type":"product","link":"https:\/\/focusdesign.store\/de\/produkt\/floral-sky-pullover\/","title":{"rendered":"Pullover &#8222;Floral Sky&#8220;"},"content":{"rendered":"<p>Dieser extraweiche Strickpullover mit Rundhalsausschnitt ist sowohl bequem als auch funktionell.<\/p>\n<p>\u2013<\/p>\n<h6>&#8211; Leichtes, weiches Material<br \/>\n&#8211; Unisex-Gr\u00f6\u00dfen<br \/>\n&#8211; Maschinenwaschbar<br \/>\n&#8211; 55% Baumwolle, 45% Polyester<\/h6>\n<h6><strong>Haftungsausschl\u00fcsse:<\/strong><br \/>\n&#8211; Der Pullover kann nach der ersten W\u00e4sche leicht einlaufen.<br \/>\n&#8211; Bei 30-40\u00b0C waschen.<br \/>\n<b><b><\/b><\/b><\/h6>\n","protected":false},"excerpt":{"rendered":"<h6>FRIFORM UNISEX<\/h6>\n","protected":false},"featured_media":266246,"comment_status":"open","ping_status":"closed","template":"","meta":{"_et_pb_use_builder":"","_et_pb_old_content":"","_et_gb_content_width":"","inline_featured_image":false},"product_brand":[],"product_cat":[270,269],"product_tag":[273,271,272],"class_list":{"0":"post-271542","1":"product","2":"type-product","3":"status-publish","4":"has-post-thumbnail","6":"product_cat-gestrickte-pullover","7":"product_cat-kleidung","8":"product_tag-frimind-design-de","9":"product_tag-kleidung-accessoires","10":"product_tag-pullover-floral-gestrickt","12":"first","13":"instock","14":"sale","15":"taxable","16":"shipping-taxable","17":"purchasable","18":"product-type-variable"},"yoast_head":"<!-- This site is optimized with the Yoast SEO plugin v25.3 - https:\/\/yoast.com\/wordpress\/plugins\/seo\/ -->\n<title>Pullover &quot;Floral Sky&quot; - Focus Design Store<\/title>\n<meta name=\"description\" content=\"Designer-Pullover mit grafischem Muster in Blau und Erdt\u00f6nen. Unisex. Leicht mit toller Passform. Extra weich. Gr\u00f6\u00dfen: XS, S, M, L, XL, L. Friform Design.\" \/>\n<meta name=\"robots\" content=\"index, follow, max-snippet:-1, max-image-preview:large, max-video-preview:-1\" \/>\n<link rel=\"canonical\" href=\"https:\/\/focusdesign.store\/de\/produkt\/floral-sky-pullover\/\" \/>\n<meta property=\"og:locale\" content=\"de_DE\" \/>\n<meta property=\"og:type\" content=\"article\" \/>\n<meta property=\"og:title\" content=\"Pullover &quot;Floral Sky&quot; - Focus Design Store\" \/>\n<meta property=\"og:description\" content=\"Designer-Pullover mit grafischem Muster in Blau und Erdt\u00f6nen. Unisex. Leicht mit toller Passform. Extra weich. Gr\u00f6\u00dfen: XS, S, M, L, XL, L. Friform Design.\" \/>\n<meta property=\"og:url\" content=\"https:\/\/focusdesign.store\/de\/produkt\/floral-sky-pullover\/\" \/>\n<meta property=\"og:site_name\" content=\"Focus Design Store\" \/>\n<meta property=\"article:modified_time\" content=\"2025-05-10T09:35:07+00:00\" \/>\n<meta property=\"og:image\" content=\"https:\/\/focusdesign.store\/wp-content\/uploads\/2025\/03\/KnittedSweater_Floral_BlueBrown.jpg\" \/>\n\t<meta property=\"og:image:width\" content=\"1900\" \/>\n\t<meta property=\"og:image:height\" content=\"1200\" \/>\n\t<meta property=\"og:image:type\" content=\"image\/jpeg\" \/>\n<meta name=\"twitter:card\" content=\"summary_large_image\" \/>\n<meta name=\"twitter:label1\" content=\"Gesch\u00e4tzte Lesezeit\" \/>\n\t<meta name=\"twitter:data1\" content=\"1\u00a0Minute\" \/>\n<script type=\"application\/ld+json\" class=\"yoast-schema-graph\">{\"@context\":\"https:\/\/schema.org\",\"@graph\":[{\"@type\":\"WebPage\",\"@id\":\"https:\/\/focusdesign.store\/de\/produkt\/floral-sky-pullover\/\",\"url\":\"https:\/\/focusdesign.store\/de\/produkt\/floral-sky-pullover\/\",\"name\":\"Pullover \\\"Floral Sky\\\" - Focus Design Store\",\"isPartOf\":{\"@id\":\"https:\/\/focusdesign.store\/de\/#website\"},\"primaryImageOfPage\":{\"@id\":\"https:\/\/focusdesign.store\/de\/produkt\/floral-sky-pullover\/#primaryimage\"},\"image\":{\"@id\":\"https:\/\/focusdesign.store\/de\/produkt\/floral-sky-pullover\/#primaryimage\"},\"thumbnailUrl\":\"https:\/\/focusdesign.store\/wp-content\/uploads\/2025\/03\/KnittedSweater_Floral_BlueBrown.jpg\",\"datePublished\":\"2025-03-03T12:28:06+00:00\",\"dateModified\":\"2025-05-10T09:35:07+00:00\",\"description\":\"Designer-Pullover mit grafischem Muster in Blau und Erdt\u00f6nen. Unisex. Leicht mit toller Passform. Extra weich. Gr\u00f6\u00dfen: XS, S, M, L, XL, L. Friform Design.\",\"breadcrumb\":{\"@id\":\"https:\/\/focusdesign.store\/de\/produkt\/floral-sky-pullover\/#breadcrumb\"},\"inLanguage\":\"de\",\"potentialAction\":[{\"@type\":\"ReadAction\",\"target\":[\"https:\/\/focusdesign.store\/de\/produkt\/floral-sky-pullover\/\"]}]},{\"@type\":\"ImageObject\",\"inLanguage\":\"de\",\"@id\":\"https:\/\/focusdesign.store\/de\/produkt\/floral-sky-pullover\/#primaryimage\",\"url\":\"https:\/\/focusdesign.store\/wp-content\/uploads\/2025\/03\/KnittedSweater_Floral_BlueBrown.jpg\",\"contentUrl\":\"https:\/\/focusdesign.store\/wp-content\/uploads\/2025\/03\/KnittedSweater_Floral_BlueBrown.jpg\",\"width\":1900,\"height\":1200},{\"@type\":\"BreadcrumbList\",\"@id\":\"https:\/\/focusdesign.store\/de\/produkt\/floral-sky-pullover\/#breadcrumb\",\"itemListElement\":[{\"@type\":\"ListItem\",\"position\":1,\"name\":\"Hem\",\"item\":\"https:\/\/focusdesign.store\/de\/\"},{\"@type\":\"ListItem\",\"position\":2,\"name\":\"Shop\",\"item\":\"https:\/\/focusdesign.store\/shop\/\"},{\"@type\":\"ListItem\",\"position\":3,\"name\":\"Pullover &#8220;Floral Sky&#8221;\"}]},{\"@type\":\"WebSite\",\"@id\":\"https:\/\/focusdesign.store\/de\/#website\",\"url\":\"https:\/\/focusdesign.store\/de\/\",\"name\":\"Focus Design Store\",\"description\":\"Fine Art Prints &amp; Design \u2013 for home and living\",\"potentialAction\":[{\"@type\":\"SearchAction\",\"target\":{\"@type\":\"EntryPoint\",\"urlTemplate\":\"https:\/\/focusdesign.store\/de\/?s={search_term_string}\"},\"query-input\":{\"@type\":\"PropertyValueSpecification\",\"valueRequired\":true,\"valueName\":\"search_term_string\"}}],\"inLanguage\":\"de\"}]}<\/script>\n<!-- \/ Yoast SEO plugin. -->","yoast_head_json":{"title":"Pullover \"Floral Sky\" - Focus Design Store","description":"Designer-Pullover mit grafischem Muster in Blau und Erdt\u00f6nen. Unisex. Leicht mit toller Passform. Extra weich. Gr\u00f6\u00dfen: XS, S, M, L, XL, L. Friform Design.","robots":{"index":"index","follow":"follow","max-snippet":"max-snippet:-1","max-image-preview":"max-image-preview:large","max-video-preview":"max-video-preview:-1"},"canonical":"https:\/\/focusdesign.store\/de\/produkt\/floral-sky-pullover\/","og_locale":"de_DE","og_type":"article","og_title":"Pullover \"Floral Sky\" - Focus Design Store","og_description":"Designer-Pullover mit grafischem Muster in Blau und Erdt\u00f6nen. Unisex. Leicht mit toller Passform. Extra weich. Gr\u00f6\u00dfen: XS, S, M, L, XL, L. Friform Design.","og_url":"https:\/\/focusdesign.store\/de\/produkt\/floral-sky-pullover\/","og_site_name":"Focus Design Store","article_modified_time":"2025-05-10T09:35:07+00:00","og_image":[{"width":1900,"height":1200,"url":"https:\/\/focusdesign.store\/wp-content\/uploads\/2025\/03\/KnittedSweater_Floral_BlueBrown.jpg","type":"image\/jpeg"}],"twitter_card":"summary_large_image","twitter_misc":{"Gesch\u00e4tzte Lesezeit":"1\u00a0Minute"},"schema":{"@context":"https:\/\/schema.org","@graph":[{"@type":"WebPage","@id":"https:\/\/focusdesign.store\/de\/produkt\/floral-sky-pullover\/","url":"https:\/\/focusdesign.store\/de\/produkt\/floral-sky-pullover\/","name":"Pullover \"Floral Sky\" - Focus Design Store","isPartOf":{"@id":"https:\/\/focusdesign.store\/de\/#website"},"primaryImageOfPage":{"@id":"https:\/\/focusdesign.store\/de\/produkt\/floral-sky-pullover\/#primaryimage"},"image":{"@id":"https:\/\/focusdesign.store\/de\/produkt\/floral-sky-pullover\/#primaryimage"},"thumbnailUrl":"https:\/\/focusdesign.store\/wp-content\/uploads\/2025\/03\/KnittedSweater_Floral_BlueBrown.jpg","datePublished":"2025-03-03T12:28:06+00:00","dateModified":"2025-05-10T09:35:07+00:00","description":"Designer-Pullover mit grafischem Muster in Blau und Erdt\u00f6nen. Unisex. Leicht mit toller Passform. Extra weich. Gr\u00f6\u00dfen: XS, S, M, L, XL, L. Friform Design.","breadcrumb":{"@id":"https:\/\/focusdesign.store\/de\/produkt\/floral-sky-pullover\/#breadcrumb"},"inLanguage":"de","potentialAction":[{"@type":"ReadAction","target":["https:\/\/focusdesign.store\/de\/produkt\/floral-sky-pullover\/"]}]},{"@type":"ImageObject","inLanguage":"de","@id":"https:\/\/focusdesign.store\/de\/produkt\/floral-sky-pullover\/#primaryimage","url":"https:\/\/focusdesign.store\/wp-content\/uploads\/2025\/03\/KnittedSweater_Floral_BlueBrown.jpg","contentUrl":"https:\/\/focusdesign.store\/wp-content\/uploads\/2025\/03\/KnittedSweater_Floral_BlueBrown.jpg","width":1900,"height":1200},{"@type":"BreadcrumbList","@id":"https:\/\/focusdesign.store\/de\/produkt\/floral-sky-pullover\/#breadcrumb","itemListElement":[{"@type":"ListItem","position":1,"name":"Hem","item":"https:\/\/focusdesign.store\/de\/"},{"@type":"ListItem","position":2,"name":"Shop","item":"https:\/\/focusdesign.store\/shop\/"},{"@type":"ListItem","position":3,"name":"Pullover &#8220;Floral Sky&#8221;"}]},{"@type":"WebSite","@id":"https:\/\/focusdesign.store\/de\/#website","url":"https:\/\/focusdesign.store\/de\/","name":"Focus Design Store","description":"Fine Art Prints &amp; Design \u2013 for home and living","potentialAction":[{"@type":"SearchAction","target":{"@type":"EntryPoint","urlTemplate":"https:\/\/focusdesign.store\/de\/?s={search_term_string}"},"query-input":{"@type":"PropertyValueSpecification","valueRequired":true,"valueName":"search_term_string"}}],"inLanguage":"de"}]}},"jetpack_sharing_enabled":true,"_links":{"self":[{"href":"https:\/\/focusdesign.store\/de\/wp-json\/wp\/v2\/product\/271542","targetHints":{"allow":["GET"]}}],"collection":[{"href":"https:\/\/focusdesign.store\/de\/wp-json\/wp\/v2\/product"}],"about":[{"href":"https:\/\/focusdesign.store\/de\/wp-json\/wp\/v2\/types\/product"}],"replies":[{"embeddable":true,"href":"https:\/\/focusdesign.store\/de\/wp-json\/wp\/v2\/comments?post=271542"}],"wp:featuredmedia":[{"embeddable":true,"href":"https:\/\/focusdesign.store\/de\/wp-json\/wp\/v2\/media\/266246"}],"wp:attachment":[{"href":"https:\/\/focusdesign.store\/de\/wp-json\/wp\/v2\/media?parent=271542"}],"wp:term":[{"taxonomy":"product_brand","embeddable":true,"href":"https:\/\/focusdesign.store\/de\/wp-json\/wp\/v2\/product_brand?post=271542"},{"taxonomy":"product_cat","embeddable":true,"href":"https:\/\/focusdesign.store\/de\/wp-json\/wp\/v2\/product_cat?post=271542"},{"taxonomy":"product_tag","embeddable":true,"href":"https:\/\/focusdesign.store\/de\/wp-json\/wp\/v2\/product_tag?post=271542"}],"curies":[{"name":"wp","href":"https:\/\/api.w.org\/{rel}","templated":true}]}}