{"id":271556,"date":"2025-03-03T11:56:26","date_gmt":"2025-03-03T11:56:26","guid":{"rendered":"https:\/\/focusdesign.store\/product\/big-brush-blues-pullover\/"},"modified":"2025-05-10T09:39:33","modified_gmt":"2025-05-10T09:39:33","slug":"big-brush-blues-pullover","status":"publish","type":"product","link":"https:\/\/focusdesign.store\/de\/produkt\/big-brush-blues-pullover\/","title":{"rendered":"&#8222;Gro\u00dfer Pinsel Blau&#8220; Pullover"},"content":{"rendered":"<p>Friform Design extra-weicher Strickpullover mit Rundhalsausschnitt in Blaut\u00f6nen.<\/p>\n<p>\u2013<\/p>\n<h6>&#8211; Leichtes, weiches Material<br \/>\n&#8211; Unisex-Gr\u00f6\u00dfen<br \/>\n&#8211; Maschinenwaschbar<br \/>\n&#8211; 55% Baumwolle, 45% Polyester<\/h6>\n<h6><strong>Haftungsausschl\u00fcsse:<br \/>\n<\/strong>&#8211; Der Pullover kann nach der ersten W\u00e4sche leicht einlaufen.<br \/>\n&#8211; Bei 30-40\u00b0C waschen.<br \/>\n<b><b><\/b><\/b><\/h6>\n","protected":false},"excerpt":{"rendered":"<h6>FRIFORM UNISEX<\/h6>\n","protected":false},"featured_media":266191,"comment_status":"open","ping_status":"closed","template":"","meta":{"_et_pb_use_builder":"","_et_pb_old_content":"","_et_gb_content_width":"","inline_featured_image":false},"product_brand":[],"product_cat":[270,269],"product_tag":[273,271],"class_list":{"0":"post-271556","1":"product","2":"type-product","3":"status-publish","4":"has-post-thumbnail","6":"product_cat-gestrickte-pullover","7":"product_cat-kleidung","8":"product_tag-frimind-design-de","9":"product_tag-kleidung-accessoires","11":"first","12":"instock","13":"taxable","14":"shipping-taxable","15":"purchasable","16":"product-type-variable"},"yoast_head":"<!-- This site is optimized with the Yoast SEO plugin v25.3 - https:\/\/yoast.com\/wordpress\/plugins\/seo\/ -->\n<title>&quot;Gro\u00dfer Pinsel Blau&quot; Pullover - Focus Design Store<\/title>\n<meta name=\"description\" content=\"Leichter und weicher Unisex-Strickpullover in sch\u00f6nen Blaut\u00f6nen mit einem abstrakten Pinselmuster. Friform Design. Erh\u00e4ltlich in anderen Farbstellungen.\" \/>\n<meta name=\"robots\" content=\"index, follow, max-snippet:-1, max-image-preview:large, max-video-preview:-1\" \/>\n<link rel=\"canonical\" href=\"https:\/\/focusdesign.store\/de\/produkt\/big-brush-blues-pullover\/\" \/>\n<meta property=\"og:locale\" content=\"de_DE\" \/>\n<meta property=\"og:type\" content=\"article\" \/>\n<meta property=\"og:title\" content=\"&quot;Gro\u00dfer Pinsel Blau&quot; Pullover - Focus Design Store\" \/>\n<meta property=\"og:description\" content=\"Leichter und weicher Unisex-Strickpullover in sch\u00f6nen Blaut\u00f6nen mit einem abstrakten Pinselmuster. Friform Design. Erh\u00e4ltlich in anderen Farbstellungen.\" \/>\n<meta property=\"og:url\" content=\"https:\/\/focusdesign.store\/de\/produkt\/big-brush-blues-pullover\/\" \/>\n<meta property=\"og:site_name\" content=\"Focus Design Store\" \/>\n<meta property=\"article:modified_time\" content=\"2025-05-10T09:39:33+00:00\" \/>\n<meta property=\"og:image\" content=\"https:\/\/focusdesign.store\/wp-content\/uploads\/2025\/03\/KnittedSweater_Brush_Blue_Labeled.jpg\" \/>\n\t<meta property=\"og:image:width\" content=\"1900\" \/>\n\t<meta property=\"og:image:height\" content=\"1200\" \/>\n\t<meta property=\"og:image:type\" content=\"image\/jpeg\" \/>\n<meta name=\"twitter:card\" content=\"summary_large_image\" \/>\n<meta name=\"twitter:label1\" content=\"Gesch\u00e4tzte Lesezeit\" \/>\n\t<meta name=\"twitter:data1\" content=\"1\u00a0Minute\" \/>\n<script type=\"application\/ld+json\" class=\"yoast-schema-graph\">{\"@context\":\"https:\/\/schema.org\",\"@graph\":[{\"@type\":\"WebPage\",\"@id\":\"https:\/\/focusdesign.store\/de\/produkt\/big-brush-blues-pullover\/\",\"url\":\"https:\/\/focusdesign.store\/de\/produkt\/big-brush-blues-pullover\/\",\"name\":\"\\\"Gro\u00dfer Pinsel Blau\\\" Pullover - Focus Design Store\",\"isPartOf\":{\"@id\":\"https:\/\/focusdesign.store\/de\/#website\"},\"primaryImageOfPage\":{\"@id\":\"https:\/\/focusdesign.store\/de\/produkt\/big-brush-blues-pullover\/#primaryimage\"},\"image\":{\"@id\":\"https:\/\/focusdesign.store\/de\/produkt\/big-brush-blues-pullover\/#primaryimage\"},\"thumbnailUrl\":\"https:\/\/focusdesign.store\/wp-content\/uploads\/2025\/03\/KnittedSweater_Brush_Blue_Labeled.jpg\",\"datePublished\":\"2025-03-03T11:56:26+00:00\",\"dateModified\":\"2025-05-10T09:39:33+00:00\",\"description\":\"Leichter und weicher Unisex-Strickpullover in sch\u00f6nen Blaut\u00f6nen mit einem abstrakten Pinselmuster. Friform Design. Erh\u00e4ltlich in anderen Farbstellungen.\",\"breadcrumb\":{\"@id\":\"https:\/\/focusdesign.store\/de\/produkt\/big-brush-blues-pullover\/#breadcrumb\"},\"inLanguage\":\"de\",\"potentialAction\":[{\"@type\":\"ReadAction\",\"target\":[\"https:\/\/focusdesign.store\/de\/produkt\/big-brush-blues-pullover\/\"]}]},{\"@type\":\"ImageObject\",\"inLanguage\":\"de\",\"@id\":\"https:\/\/focusdesign.store\/de\/produkt\/big-brush-blues-pullover\/#primaryimage\",\"url\":\"https:\/\/focusdesign.store\/wp-content\/uploads\/2025\/03\/KnittedSweater_Brush_Blue_Labeled.jpg\",\"contentUrl\":\"https:\/\/focusdesign.store\/wp-content\/uploads\/2025\/03\/KnittedSweater_Brush_Blue_Labeled.jpg\",\"width\":1900,\"height\":1200},{\"@type\":\"BreadcrumbList\",\"@id\":\"https:\/\/focusdesign.store\/de\/produkt\/big-brush-blues-pullover\/#breadcrumb\",\"itemListElement\":[{\"@type\":\"ListItem\",\"position\":1,\"name\":\"Hem\",\"item\":\"https:\/\/focusdesign.store\/de\/\"},{\"@type\":\"ListItem\",\"position\":2,\"name\":\"Shop\",\"item\":\"https:\/\/focusdesign.store\/shop\/\"},{\"@type\":\"ListItem\",\"position\":3,\"name\":\"&#8220;Gro\u00dfer Pinsel Blau&#8221; Pullover\"}]},{\"@type\":\"WebSite\",\"@id\":\"https:\/\/focusdesign.store\/de\/#website\",\"url\":\"https:\/\/focusdesign.store\/de\/\",\"name\":\"Focus Design Store\",\"description\":\"Fine Art Prints &amp; Design \u2013 for home and living\",\"potentialAction\":[{\"@type\":\"SearchAction\",\"target\":{\"@type\":\"EntryPoint\",\"urlTemplate\":\"https:\/\/focusdesign.store\/de\/?s={search_term_string}\"},\"query-input\":{\"@type\":\"PropertyValueSpecification\",\"valueRequired\":true,\"valueName\":\"search_term_string\"}}],\"inLanguage\":\"de\"}]}<\/script>\n<!-- \/ Yoast SEO plugin. -->","yoast_head_json":{"title":"\"Gro\u00dfer Pinsel Blau\" Pullover - Focus Design Store","description":"Leichter und weicher Unisex-Strickpullover in sch\u00f6nen Blaut\u00f6nen mit einem abstrakten Pinselmuster. Friform Design. Erh\u00e4ltlich in anderen Farbstellungen.","robots":{"index":"index","follow":"follow","max-snippet":"max-snippet:-1","max-image-preview":"max-image-preview:large","max-video-preview":"max-video-preview:-1"},"canonical":"https:\/\/focusdesign.store\/de\/produkt\/big-brush-blues-pullover\/","og_locale":"de_DE","og_type":"article","og_title":"\"Gro\u00dfer Pinsel Blau\" Pullover - Focus Design Store","og_description":"Leichter und weicher Unisex-Strickpullover in sch\u00f6nen Blaut\u00f6nen mit einem abstrakten Pinselmuster. Friform Design. Erh\u00e4ltlich in anderen Farbstellungen.","og_url":"https:\/\/focusdesign.store\/de\/produkt\/big-brush-blues-pullover\/","og_site_name":"Focus Design Store","article_modified_time":"2025-05-10T09:39:33+00:00","og_image":[{"width":1900,"height":1200,"url":"https:\/\/focusdesign.store\/wp-content\/uploads\/2025\/03\/KnittedSweater_Brush_Blue_Labeled.jpg","type":"image\/jpeg"}],"twitter_card":"summary_large_image","twitter_misc":{"Gesch\u00e4tzte Lesezeit":"1\u00a0Minute"},"schema":{"@context":"https:\/\/schema.org","@graph":[{"@type":"WebPage","@id":"https:\/\/focusdesign.store\/de\/produkt\/big-brush-blues-pullover\/","url":"https:\/\/focusdesign.store\/de\/produkt\/big-brush-blues-pullover\/","name":"\"Gro\u00dfer Pinsel Blau\" Pullover - Focus Design Store","isPartOf":{"@id":"https:\/\/focusdesign.store\/de\/#website"},"primaryImageOfPage":{"@id":"https:\/\/focusdesign.store\/de\/produkt\/big-brush-blues-pullover\/#primaryimage"},"image":{"@id":"https:\/\/focusdesign.store\/de\/produkt\/big-brush-blues-pullover\/#primaryimage"},"thumbnailUrl":"https:\/\/focusdesign.store\/wp-content\/uploads\/2025\/03\/KnittedSweater_Brush_Blue_Labeled.jpg","datePublished":"2025-03-03T11:56:26+00:00","dateModified":"2025-05-10T09:39:33+00:00","description":"Leichter und weicher Unisex-Strickpullover in sch\u00f6nen Blaut\u00f6nen mit einem abstrakten Pinselmuster. Friform Design. Erh\u00e4ltlich in anderen Farbstellungen.","breadcrumb":{"@id":"https:\/\/focusdesign.store\/de\/produkt\/big-brush-blues-pullover\/#breadcrumb"},"inLanguage":"de","potentialAction":[{"@type":"ReadAction","target":["https:\/\/focusdesign.store\/de\/produkt\/big-brush-blues-pullover\/"]}]},{"@type":"ImageObject","inLanguage":"de","@id":"https:\/\/focusdesign.store\/de\/produkt\/big-brush-blues-pullover\/#primaryimage","url":"https:\/\/focusdesign.store\/wp-content\/uploads\/2025\/03\/KnittedSweater_Brush_Blue_Labeled.jpg","contentUrl":"https:\/\/focusdesign.store\/wp-content\/uploads\/2025\/03\/KnittedSweater_Brush_Blue_Labeled.jpg","width":1900,"height":1200},{"@type":"BreadcrumbList","@id":"https:\/\/focusdesign.store\/de\/produkt\/big-brush-blues-pullover\/#breadcrumb","itemListElement":[{"@type":"ListItem","position":1,"name":"Hem","item":"https:\/\/focusdesign.store\/de\/"},{"@type":"ListItem","position":2,"name":"Shop","item":"https:\/\/focusdesign.store\/shop\/"},{"@type":"ListItem","position":3,"name":"&#8220;Gro\u00dfer Pinsel Blau&#8221; Pullover"}]},{"@type":"WebSite","@id":"https:\/\/focusdesign.store\/de\/#website","url":"https:\/\/focusdesign.store\/de\/","name":"Focus Design Store","description":"Fine Art Prints &amp; Design \u2013 for home and living","potentialAction":[{"@type":"SearchAction","target":{"@type":"EntryPoint","urlTemplate":"https:\/\/focusdesign.store\/de\/?s={search_term_string}"},"query-input":{"@type":"PropertyValueSpecification","valueRequired":true,"valueName":"search_term_string"}}],"inLanguage":"de"}]}},"jetpack_sharing_enabled":true,"_links":{"self":[{"href":"https:\/\/focusdesign.store\/de\/wp-json\/wp\/v2\/product\/271556","targetHints":{"allow":["GET"]}}],"collection":[{"href":"https:\/\/focusdesign.store\/de\/wp-json\/wp\/v2\/product"}],"about":[{"href":"https:\/\/focusdesign.store\/de\/wp-json\/wp\/v2\/types\/product"}],"replies":[{"embeddable":true,"href":"https:\/\/focusdesign.store\/de\/wp-json\/wp\/v2\/comments?post=271556"}],"wp:featuredmedia":[{"embeddable":true,"href":"https:\/\/focusdesign.store\/de\/wp-json\/wp\/v2\/media\/266191"}],"wp:attachment":[{"href":"https:\/\/focusdesign.store\/de\/wp-json\/wp\/v2\/media?parent=271556"}],"wp:term":[{"taxonomy":"product_brand","embeddable":true,"href":"https:\/\/focusdesign.store\/de\/wp-json\/wp\/v2\/product_brand?post=271556"},{"taxonomy":"product_cat","embeddable":true,"href":"https:\/\/focusdesign.store\/de\/wp-json\/wp\/v2\/product_cat?post=271556"},{"taxonomy":"product_tag","embeddable":true,"href":"https:\/\/focusdesign.store\/de\/wp-json\/wp\/v2\/product_tag?post=271556"}],"curies":[{"name":"wp","href":"https:\/\/api.w.org\/{rel}","templated":true}]}}