{"id":271568,"date":"2025-03-03T11:44:00","date_gmt":"2025-03-03T11:44:00","guid":{"rendered":"https:\/\/focusdesign.store\/product\/studio-blau-mauspad\/"},"modified":"2025-05-10T09:45:00","modified_gmt":"2025-05-10T09:45:00","slug":"studio-blau-mauspad","status":"publish","type":"product","link":"https:\/\/focusdesign.store\/de\/produkt\/studio-blau-mauspad\/","title":{"rendered":"&#8222;Studio Blau&#8220; Mauspad"},"content":{"rendered":"<p>Ein gutes Mauspad bietet einen hervorragenden Halt und m\u00fchelose Mausbewegungen &#8211; und das mit Stil.<\/p>\n<p>\u2013<\/p>\n<h6>Weiche Polyesteroberfl\u00e4che \/ Basis aus Naturkautschuk \/ Abgerundete Kanten \/ <strong>Gr\u00f6\u00dfe:<\/strong> 8,7\u2033 \u00d7 7,1\u2033 \u00d7 0,12\u2033 (220 \u00d7 180 \u00d7 3 mm) \/ <strong>Achtung: <\/strong>Vermeiden Sie es, das Kissen unter direktem Sonnenlicht zu platzieren, um ein Ausbleichen zu verhindern.<\/h6>\n","protected":false},"excerpt":{"rendered":"<h6>FRIFORM DESIGN<\/h6>\n","protected":false},"featured_media":266145,"comment_status":"open","ping_status":"closed","template":"","meta":{"_et_pb_use_builder":"","_et_pb_old_content":"","_et_gb_content_width":"","inline_featured_image":false},"product_brand":[],"product_cat":[290,289,288],"product_tag":[250,273],"class_list":{"0":"post-271568","1":"product","2":"type-product","3":"status-publish","4":"has-post-thumbnail","6":"product_cat-mauspads","7":"product_cat-tech","8":"product_cat-zubehor","9":"product_tag-designburo","10":"product_tag-frimind-design-de","12":"first","13":"instock","14":"taxable","15":"shipping-taxable","16":"purchasable","17":"product-type-simple"},"yoast_head":"<!-- This site is optimized with the Yoast SEO plugin v25.3 - https:\/\/yoast.com\/wordpress\/plugins\/seo\/ -->\n<title>&quot;Studio Blau&quot; Mauspad - Focus Design Store<\/title>\n<meta name=\"description\" content=\"Von Pantone-Farbmustern inspiriertes Designer-Mauspad. Eine perfekte Erg\u00e4nzung f\u00fcr das kreative B\u00fcro zu Hause oder als Geschenk f\u00fcr einen designinteressierten Freund.\" \/>\n<meta name=\"robots\" content=\"index, follow, max-snippet:-1, max-image-preview:large, max-video-preview:-1\" \/>\n<link rel=\"canonical\" href=\"https:\/\/focusdesign.store\/de\/produkt\/studio-blau-mauspad\/\" \/>\n<meta property=\"og:locale\" content=\"de_DE\" \/>\n<meta property=\"og:type\" content=\"article\" \/>\n<meta property=\"og:title\" content=\"&quot;Studio Blau&quot; Mauspad - Focus Design Store\" \/>\n<meta property=\"og:description\" content=\"Von Pantone-Farbmustern inspiriertes Designer-Mauspad. Eine perfekte Erg\u00e4nzung f\u00fcr das kreative B\u00fcro zu Hause oder als Geschenk f\u00fcr einen designinteressierten Freund.\" \/>\n<meta property=\"og:url\" content=\"https:\/\/focusdesign.store\/de\/produkt\/studio-blau-mauspad\/\" \/>\n<meta property=\"og:site_name\" content=\"Focus Design Store\" \/>\n<meta property=\"article:modified_time\" content=\"2025-05-10T09:45:00+00:00\" \/>\n<meta property=\"og:image\" content=\"https:\/\/focusdesign.store\/wp-content\/uploads\/2025\/03\/MousePad_Blue.jpg\" \/>\n\t<meta property=\"og:image:width\" content=\"1900\" \/>\n\t<meta property=\"og:image:height\" content=\"1200\" \/>\n\t<meta property=\"og:image:type\" content=\"image\/jpeg\" \/>\n<meta name=\"twitter:card\" content=\"summary_large_image\" \/>\n<meta name=\"twitter:label1\" content=\"Gesch\u00e4tzte Lesezeit\" \/>\n\t<meta name=\"twitter:data1\" content=\"1\u00a0Minute\" \/>\n<script type=\"application\/ld+json\" class=\"yoast-schema-graph\">{\"@context\":\"https:\/\/schema.org\",\"@graph\":[{\"@type\":\"WebPage\",\"@id\":\"https:\/\/focusdesign.store\/de\/produkt\/studio-blau-mauspad\/\",\"url\":\"https:\/\/focusdesign.store\/de\/produkt\/studio-blau-mauspad\/\",\"name\":\"\\\"Studio Blau\\\" Mauspad - Focus Design Store\",\"isPartOf\":{\"@id\":\"https:\/\/focusdesign.store\/de\/#website\"},\"primaryImageOfPage\":{\"@id\":\"https:\/\/focusdesign.store\/de\/produkt\/studio-blau-mauspad\/#primaryimage\"},\"image\":{\"@id\":\"https:\/\/focusdesign.store\/de\/produkt\/studio-blau-mauspad\/#primaryimage\"},\"thumbnailUrl\":\"https:\/\/focusdesign.store\/wp-content\/uploads\/2025\/03\/MousePad_Blue.jpg\",\"datePublished\":\"2025-03-03T11:44:00+00:00\",\"dateModified\":\"2025-05-10T09:45:00+00:00\",\"description\":\"Von Pantone-Farbmustern inspiriertes Designer-Mauspad. Eine perfekte Erg\u00e4nzung f\u00fcr das kreative B\u00fcro zu Hause oder als Geschenk f\u00fcr einen designinteressierten Freund.\",\"breadcrumb\":{\"@id\":\"https:\/\/focusdesign.store\/de\/produkt\/studio-blau-mauspad\/#breadcrumb\"},\"inLanguage\":\"de\",\"potentialAction\":[{\"@type\":\"ReadAction\",\"target\":[\"https:\/\/focusdesign.store\/de\/produkt\/studio-blau-mauspad\/\"]}]},{\"@type\":\"ImageObject\",\"inLanguage\":\"de\",\"@id\":\"https:\/\/focusdesign.store\/de\/produkt\/studio-blau-mauspad\/#primaryimage\",\"url\":\"https:\/\/focusdesign.store\/wp-content\/uploads\/2025\/03\/MousePad_Blue.jpg\",\"contentUrl\":\"https:\/\/focusdesign.store\/wp-content\/uploads\/2025\/03\/MousePad_Blue.jpg\",\"width\":1900,\"height\":1200},{\"@type\":\"BreadcrumbList\",\"@id\":\"https:\/\/focusdesign.store\/de\/produkt\/studio-blau-mauspad\/#breadcrumb\",\"itemListElement\":[{\"@type\":\"ListItem\",\"position\":1,\"name\":\"Hem\",\"item\":\"https:\/\/focusdesign.store\/de\/\"},{\"@type\":\"ListItem\",\"position\":2,\"name\":\"Shop\",\"item\":\"https:\/\/focusdesign.store\/shop\/\"},{\"@type\":\"ListItem\",\"position\":3,\"name\":\"&#8220;Studio Blau&#8221; Mauspad\"}]},{\"@type\":\"WebSite\",\"@id\":\"https:\/\/focusdesign.store\/de\/#website\",\"url\":\"https:\/\/focusdesign.store\/de\/\",\"name\":\"Focus Design Store\",\"description\":\"Fine Art Prints &amp; Design \u2013 for home and living\",\"potentialAction\":[{\"@type\":\"SearchAction\",\"target\":{\"@type\":\"EntryPoint\",\"urlTemplate\":\"https:\/\/focusdesign.store\/de\/?s={search_term_string}\"},\"query-input\":{\"@type\":\"PropertyValueSpecification\",\"valueRequired\":true,\"valueName\":\"search_term_string\"}}],\"inLanguage\":\"de\"}]}<\/script>\n<!-- \/ Yoast SEO plugin. -->","yoast_head_json":{"title":"\"Studio Blau\" Mauspad - Focus Design Store","description":"Von Pantone-Farbmustern inspiriertes Designer-Mauspad. Eine perfekte Erg\u00e4nzung f\u00fcr das kreative B\u00fcro zu Hause oder als Geschenk f\u00fcr einen designinteressierten Freund.","robots":{"index":"index","follow":"follow","max-snippet":"max-snippet:-1","max-image-preview":"max-image-preview:large","max-video-preview":"max-video-preview:-1"},"canonical":"https:\/\/focusdesign.store\/de\/produkt\/studio-blau-mauspad\/","og_locale":"de_DE","og_type":"article","og_title":"\"Studio Blau\" Mauspad - Focus Design Store","og_description":"Von Pantone-Farbmustern inspiriertes Designer-Mauspad. Eine perfekte Erg\u00e4nzung f\u00fcr das kreative B\u00fcro zu Hause oder als Geschenk f\u00fcr einen designinteressierten Freund.","og_url":"https:\/\/focusdesign.store\/de\/produkt\/studio-blau-mauspad\/","og_site_name":"Focus Design Store","article_modified_time":"2025-05-10T09:45:00+00:00","og_image":[{"width":1900,"height":1200,"url":"https:\/\/focusdesign.store\/wp-content\/uploads\/2025\/03\/MousePad_Blue.jpg","type":"image\/jpeg"}],"twitter_card":"summary_large_image","twitter_misc":{"Gesch\u00e4tzte Lesezeit":"1\u00a0Minute"},"schema":{"@context":"https:\/\/schema.org","@graph":[{"@type":"WebPage","@id":"https:\/\/focusdesign.store\/de\/produkt\/studio-blau-mauspad\/","url":"https:\/\/focusdesign.store\/de\/produkt\/studio-blau-mauspad\/","name":"\"Studio Blau\" Mauspad - Focus Design Store","isPartOf":{"@id":"https:\/\/focusdesign.store\/de\/#website"},"primaryImageOfPage":{"@id":"https:\/\/focusdesign.store\/de\/produkt\/studio-blau-mauspad\/#primaryimage"},"image":{"@id":"https:\/\/focusdesign.store\/de\/produkt\/studio-blau-mauspad\/#primaryimage"},"thumbnailUrl":"https:\/\/focusdesign.store\/wp-content\/uploads\/2025\/03\/MousePad_Blue.jpg","datePublished":"2025-03-03T11:44:00+00:00","dateModified":"2025-05-10T09:45:00+00:00","description":"Von Pantone-Farbmustern inspiriertes Designer-Mauspad. Eine perfekte Erg\u00e4nzung f\u00fcr das kreative B\u00fcro zu Hause oder als Geschenk f\u00fcr einen designinteressierten Freund.","breadcrumb":{"@id":"https:\/\/focusdesign.store\/de\/produkt\/studio-blau-mauspad\/#breadcrumb"},"inLanguage":"de","potentialAction":[{"@type":"ReadAction","target":["https:\/\/focusdesign.store\/de\/produkt\/studio-blau-mauspad\/"]}]},{"@type":"ImageObject","inLanguage":"de","@id":"https:\/\/focusdesign.store\/de\/produkt\/studio-blau-mauspad\/#primaryimage","url":"https:\/\/focusdesign.store\/wp-content\/uploads\/2025\/03\/MousePad_Blue.jpg","contentUrl":"https:\/\/focusdesign.store\/wp-content\/uploads\/2025\/03\/MousePad_Blue.jpg","width":1900,"height":1200},{"@type":"BreadcrumbList","@id":"https:\/\/focusdesign.store\/de\/produkt\/studio-blau-mauspad\/#breadcrumb","itemListElement":[{"@type":"ListItem","position":1,"name":"Hem","item":"https:\/\/focusdesign.store\/de\/"},{"@type":"ListItem","position":2,"name":"Shop","item":"https:\/\/focusdesign.store\/shop\/"},{"@type":"ListItem","position":3,"name":"&#8220;Studio Blau&#8221; Mauspad"}]},{"@type":"WebSite","@id":"https:\/\/focusdesign.store\/de\/#website","url":"https:\/\/focusdesign.store\/de\/","name":"Focus Design Store","description":"Fine Art Prints &amp; Design \u2013 for home and living","potentialAction":[{"@type":"SearchAction","target":{"@type":"EntryPoint","urlTemplate":"https:\/\/focusdesign.store\/de\/?s={search_term_string}"},"query-input":{"@type":"PropertyValueSpecification","valueRequired":true,"valueName":"search_term_string"}}],"inLanguage":"de"}]}},"jetpack_sharing_enabled":true,"_links":{"self":[{"href":"https:\/\/focusdesign.store\/de\/wp-json\/wp\/v2\/product\/271568","targetHints":{"allow":["GET"]}}],"collection":[{"href":"https:\/\/focusdesign.store\/de\/wp-json\/wp\/v2\/product"}],"about":[{"href":"https:\/\/focusdesign.store\/de\/wp-json\/wp\/v2\/types\/product"}],"replies":[{"embeddable":true,"href":"https:\/\/focusdesign.store\/de\/wp-json\/wp\/v2\/comments?post=271568"}],"wp:featuredmedia":[{"embeddable":true,"href":"https:\/\/focusdesign.store\/de\/wp-json\/wp\/v2\/media\/266145"}],"wp:attachment":[{"href":"https:\/\/focusdesign.store\/de\/wp-json\/wp\/v2\/media?parent=271568"}],"wp:term":[{"taxonomy":"product_brand","embeddable":true,"href":"https:\/\/focusdesign.store\/de\/wp-json\/wp\/v2\/product_brand?post=271568"},{"taxonomy":"product_cat","embeddable":true,"href":"https:\/\/focusdesign.store\/de\/wp-json\/wp\/v2\/product_cat?post=271568"},{"taxonomy":"product_tag","embeddable":true,"href":"https:\/\/focusdesign.store\/de\/wp-json\/wp\/v2\/product_tag?post=271568"}],"curies":[{"name":"wp","href":"https:\/\/api.w.org\/{rel}","templated":true}]}}