{"id":271595,"date":"2025-03-01T17:45:47","date_gmt":"2025-03-01T17:45:47","guid":{"rendered":"https:\/\/focusdesign.store\/product\/canvas-schuhe-leaf-black-m\/"},"modified":"2025-05-10T09:54:26","modified_gmt":"2025-05-10T09:54:26","slug":"canvas-schuhe-leaf-black-m","status":"publish","type":"product","link":"https:\/\/focusdesign.store\/de\/produkt\/canvas-schuhe-leaf-black-m\/","title":{"rendered":"Canvas-Schuhe &#8222;Blatt\/Schwarz&#8220; (M)"},"content":{"rendered":"<p>Diese Herren Slipper aus Canvas sind stilvoll und ideal, um ein Outfit zu vervollst\u00e4ndigen. Sie sind bequem und einfach zu tragen. Ausgestattet mit einer herausnehmbaren, weichen Innensohle und einer Laufsohle aus Gummi, k\u00f6nnen Sie die Schuhe f\u00fcr eine bessere Passform ganz einfach anpassen.<\/p>\n<p>\u2013<\/p>\n<h6>Atmungsaktives Futter, weiche Einlegesohle \/ Elastische seitliche Akzente \/ Gepolsterter Kragen und Zunge \/ Oberseite aus 100% Polyester-Canvas \/ Laufsohle aus Ethylen-Vinylacetat (EVA) Gummi<\/h6>\n","protected":false},"excerpt":{"rendered":"<h6>FRIFORM HERREN SLIP-ON<\/h6>\n","protected":false},"featured_media":265687,"comment_status":"open","ping_status":"closed","template":"","meta":{"_et_pb_use_builder":"","_et_pb_old_content":"","_et_gb_content_width":"","inline_featured_image":false},"product_brand":[],"product_cat":[334,335,336,288],"product_tag":[273,271],"class_list":{"0":"post-271595","1":"product","2":"type-product","3":"status-publish","4":"has-post-thumbnail","6":"product_cat-schuhe","7":"product_cat-schuhe-fur-manner","8":"product_cat-slipper-aus-segeltuch-m","9":"product_cat-zubehor","10":"product_tag-frimind-design-de","11":"product_tag-kleidung-accessoires","13":"first","14":"instock","15":"sale","16":"taxable","17":"shipping-taxable","18":"purchasable","19":"product-type-variable"},"yoast_head":"<!-- This site is optimized with the Yoast SEO plugin v25.3 - https:\/\/yoast.com\/wordpress\/plugins\/seo\/ -->\n<title>Canvas-Schuhe &quot;Blatt\/Schwarz&quot; (M) - Focus Design Store<\/title>\n<meta name=\"description\" content=\"Friform Design Herren Slip-On Segeltuchschuhe. Warme Erdt\u00f6ne und doch farbenfroh. F\u00fcr Komfort und Leichtigkeit gemacht und das ideale St\u00fcck, um ein Outfit zu vervollst\u00e4ndigen.\" \/>\n<meta name=\"robots\" content=\"index, follow, max-snippet:-1, max-image-preview:large, max-video-preview:-1\" \/>\n<link rel=\"canonical\" href=\"https:\/\/focusdesign.store\/de\/produkt\/canvas-schuhe-leaf-black-m\/\" \/>\n<meta property=\"og:locale\" content=\"de_DE\" \/>\n<meta property=\"og:type\" content=\"article\" \/>\n<meta property=\"og:title\" content=\"Canvas-Schuhe &quot;Blatt\/Schwarz&quot; (M) - Focus Design Store\" \/>\n<meta property=\"og:description\" content=\"Friform Design Herren Slip-On Segeltuchschuhe. Warme Erdt\u00f6ne und doch farbenfroh. F\u00fcr Komfort und Leichtigkeit gemacht und das ideale St\u00fcck, um ein Outfit zu vervollst\u00e4ndigen.\" \/>\n<meta property=\"og:url\" content=\"https:\/\/focusdesign.store\/de\/produkt\/canvas-schuhe-leaf-black-m\/\" \/>\n<meta property=\"og:site_name\" content=\"Focus Design Store\" \/>\n<meta property=\"article:modified_time\" content=\"2025-05-10T09:54:26+00:00\" \/>\n<meta property=\"og:image\" content=\"https:\/\/focusdesign.store\/wp-content\/uploads\/2025\/03\/MensSlipOn_Leaf_Black_01.jpg\" \/>\n\t<meta property=\"og:image:width\" content=\"1900\" \/>\n\t<meta property=\"og:image:height\" content=\"1200\" \/>\n\t<meta property=\"og:image:type\" content=\"image\/jpeg\" \/>\n<meta name=\"twitter:card\" content=\"summary_large_image\" \/>\n<meta name=\"twitter:label1\" content=\"Gesch\u00e4tzte Lesezeit\" \/>\n\t<meta name=\"twitter:data1\" content=\"1\u00a0Minute\" \/>\n<script type=\"application\/ld+json\" class=\"yoast-schema-graph\">{\"@context\":\"https:\/\/schema.org\",\"@graph\":[{\"@type\":\"WebPage\",\"@id\":\"https:\/\/focusdesign.store\/de\/produkt\/canvas-schuhe-leaf-black-m\/\",\"url\":\"https:\/\/focusdesign.store\/de\/produkt\/canvas-schuhe-leaf-black-m\/\",\"name\":\"Canvas-Schuhe \\\"Blatt\/Schwarz\\\" (M) - Focus Design Store\",\"isPartOf\":{\"@id\":\"https:\/\/focusdesign.store\/de\/#website\"},\"primaryImageOfPage\":{\"@id\":\"https:\/\/focusdesign.store\/de\/produkt\/canvas-schuhe-leaf-black-m\/#primaryimage\"},\"image\":{\"@id\":\"https:\/\/focusdesign.store\/de\/produkt\/canvas-schuhe-leaf-black-m\/#primaryimage\"},\"thumbnailUrl\":\"https:\/\/focusdesign.store\/wp-content\/uploads\/2025\/03\/MensSlipOn_Leaf_Black_01.jpg\",\"datePublished\":\"2025-03-01T17:45:47+00:00\",\"dateModified\":\"2025-05-10T09:54:26+00:00\",\"description\":\"Friform Design Herren Slip-On Segeltuchschuhe. Warme Erdt\u00f6ne und doch farbenfroh. F\u00fcr Komfort und Leichtigkeit gemacht und das ideale St\u00fcck, um ein Outfit zu vervollst\u00e4ndigen.\",\"breadcrumb\":{\"@id\":\"https:\/\/focusdesign.store\/de\/produkt\/canvas-schuhe-leaf-black-m\/#breadcrumb\"},\"inLanguage\":\"de\",\"potentialAction\":[{\"@type\":\"ReadAction\",\"target\":[\"https:\/\/focusdesign.store\/de\/produkt\/canvas-schuhe-leaf-black-m\/\"]}]},{\"@type\":\"ImageObject\",\"inLanguage\":\"de\",\"@id\":\"https:\/\/focusdesign.store\/de\/produkt\/canvas-schuhe-leaf-black-m\/#primaryimage\",\"url\":\"https:\/\/focusdesign.store\/wp-content\/uploads\/2025\/03\/MensSlipOn_Leaf_Black_01.jpg\",\"contentUrl\":\"https:\/\/focusdesign.store\/wp-content\/uploads\/2025\/03\/MensSlipOn_Leaf_Black_01.jpg\",\"width\":1900,\"height\":1200},{\"@type\":\"BreadcrumbList\",\"@id\":\"https:\/\/focusdesign.store\/de\/produkt\/canvas-schuhe-leaf-black-m\/#breadcrumb\",\"itemListElement\":[{\"@type\":\"ListItem\",\"position\":1,\"name\":\"Hem\",\"item\":\"https:\/\/focusdesign.store\/de\/\"},{\"@type\":\"ListItem\",\"position\":2,\"name\":\"Shop\",\"item\":\"https:\/\/focusdesign.store\/shop\/\"},{\"@type\":\"ListItem\",\"position\":3,\"name\":\"Canvas-Schuhe &#8220;Blatt\/Schwarz&#8221; (M)\"}]},{\"@type\":\"WebSite\",\"@id\":\"https:\/\/focusdesign.store\/de\/#website\",\"url\":\"https:\/\/focusdesign.store\/de\/\",\"name\":\"Focus Design Store\",\"description\":\"Fine Art Prints &amp; Design \u2013 for home and living\",\"potentialAction\":[{\"@type\":\"SearchAction\",\"target\":{\"@type\":\"EntryPoint\",\"urlTemplate\":\"https:\/\/focusdesign.store\/de\/?s={search_term_string}\"},\"query-input\":{\"@type\":\"PropertyValueSpecification\",\"valueRequired\":true,\"valueName\":\"search_term_string\"}}],\"inLanguage\":\"de\"}]}<\/script>\n<!-- \/ Yoast SEO plugin. -->","yoast_head_json":{"title":"Canvas-Schuhe \"Blatt\/Schwarz\" (M) - Focus Design Store","description":"Friform Design Herren Slip-On Segeltuchschuhe. Warme Erdt\u00f6ne und doch farbenfroh. F\u00fcr Komfort und Leichtigkeit gemacht und das ideale St\u00fcck, um ein Outfit zu vervollst\u00e4ndigen.","robots":{"index":"index","follow":"follow","max-snippet":"max-snippet:-1","max-image-preview":"max-image-preview:large","max-video-preview":"max-video-preview:-1"},"canonical":"https:\/\/focusdesign.store\/de\/produkt\/canvas-schuhe-leaf-black-m\/","og_locale":"de_DE","og_type":"article","og_title":"Canvas-Schuhe \"Blatt\/Schwarz\" (M) - Focus Design Store","og_description":"Friform Design Herren Slip-On Segeltuchschuhe. Warme Erdt\u00f6ne und doch farbenfroh. F\u00fcr Komfort und Leichtigkeit gemacht und das ideale St\u00fcck, um ein Outfit zu vervollst\u00e4ndigen.","og_url":"https:\/\/focusdesign.store\/de\/produkt\/canvas-schuhe-leaf-black-m\/","og_site_name":"Focus Design Store","article_modified_time":"2025-05-10T09:54:26+00:00","og_image":[{"width":1900,"height":1200,"url":"https:\/\/focusdesign.store\/wp-content\/uploads\/2025\/03\/MensSlipOn_Leaf_Black_01.jpg","type":"image\/jpeg"}],"twitter_card":"summary_large_image","twitter_misc":{"Gesch\u00e4tzte Lesezeit":"1\u00a0Minute"},"schema":{"@context":"https:\/\/schema.org","@graph":[{"@type":"WebPage","@id":"https:\/\/focusdesign.store\/de\/produkt\/canvas-schuhe-leaf-black-m\/","url":"https:\/\/focusdesign.store\/de\/produkt\/canvas-schuhe-leaf-black-m\/","name":"Canvas-Schuhe \"Blatt\/Schwarz\" (M) - Focus Design Store","isPartOf":{"@id":"https:\/\/focusdesign.store\/de\/#website"},"primaryImageOfPage":{"@id":"https:\/\/focusdesign.store\/de\/produkt\/canvas-schuhe-leaf-black-m\/#primaryimage"},"image":{"@id":"https:\/\/focusdesign.store\/de\/produkt\/canvas-schuhe-leaf-black-m\/#primaryimage"},"thumbnailUrl":"https:\/\/focusdesign.store\/wp-content\/uploads\/2025\/03\/MensSlipOn_Leaf_Black_01.jpg","datePublished":"2025-03-01T17:45:47+00:00","dateModified":"2025-05-10T09:54:26+00:00","description":"Friform Design Herren Slip-On Segeltuchschuhe. Warme Erdt\u00f6ne und doch farbenfroh. F\u00fcr Komfort und Leichtigkeit gemacht und das ideale St\u00fcck, um ein Outfit zu vervollst\u00e4ndigen.","breadcrumb":{"@id":"https:\/\/focusdesign.store\/de\/produkt\/canvas-schuhe-leaf-black-m\/#breadcrumb"},"inLanguage":"de","potentialAction":[{"@type":"ReadAction","target":["https:\/\/focusdesign.store\/de\/produkt\/canvas-schuhe-leaf-black-m\/"]}]},{"@type":"ImageObject","inLanguage":"de","@id":"https:\/\/focusdesign.store\/de\/produkt\/canvas-schuhe-leaf-black-m\/#primaryimage","url":"https:\/\/focusdesign.store\/wp-content\/uploads\/2025\/03\/MensSlipOn_Leaf_Black_01.jpg","contentUrl":"https:\/\/focusdesign.store\/wp-content\/uploads\/2025\/03\/MensSlipOn_Leaf_Black_01.jpg","width":1900,"height":1200},{"@type":"BreadcrumbList","@id":"https:\/\/focusdesign.store\/de\/produkt\/canvas-schuhe-leaf-black-m\/#breadcrumb","itemListElement":[{"@type":"ListItem","position":1,"name":"Hem","item":"https:\/\/focusdesign.store\/de\/"},{"@type":"ListItem","position":2,"name":"Shop","item":"https:\/\/focusdesign.store\/shop\/"},{"@type":"ListItem","position":3,"name":"Canvas-Schuhe &#8220;Blatt\/Schwarz&#8221; (M)"}]},{"@type":"WebSite","@id":"https:\/\/focusdesign.store\/de\/#website","url":"https:\/\/focusdesign.store\/de\/","name":"Focus Design Store","description":"Fine Art Prints &amp; Design \u2013 for home and living","potentialAction":[{"@type":"SearchAction","target":{"@type":"EntryPoint","urlTemplate":"https:\/\/focusdesign.store\/de\/?s={search_term_string}"},"query-input":{"@type":"PropertyValueSpecification","valueRequired":true,"valueName":"search_term_string"}}],"inLanguage":"de"}]}},"jetpack_sharing_enabled":true,"_links":{"self":[{"href":"https:\/\/focusdesign.store\/de\/wp-json\/wp\/v2\/product\/271595","targetHints":{"allow":["GET"]}}],"collection":[{"href":"https:\/\/focusdesign.store\/de\/wp-json\/wp\/v2\/product"}],"about":[{"href":"https:\/\/focusdesign.store\/de\/wp-json\/wp\/v2\/types\/product"}],"replies":[{"embeddable":true,"href":"https:\/\/focusdesign.store\/de\/wp-json\/wp\/v2\/comments?post=271595"}],"wp:featuredmedia":[{"embeddable":true,"href":"https:\/\/focusdesign.store\/de\/wp-json\/wp\/v2\/media\/265687"}],"wp:attachment":[{"href":"https:\/\/focusdesign.store\/de\/wp-json\/wp\/v2\/media?parent=271595"}],"wp:term":[{"taxonomy":"product_brand","embeddable":true,"href":"https:\/\/focusdesign.store\/de\/wp-json\/wp\/v2\/product_brand?post=271595"},{"taxonomy":"product_cat","embeddable":true,"href":"https:\/\/focusdesign.store\/de\/wp-json\/wp\/v2\/product_cat?post=271595"},{"taxonomy":"product_tag","embeddable":true,"href":"https:\/\/focusdesign.store\/de\/wp-json\/wp\/v2\/product_tag?post=271595"}],"curies":[{"name":"wp","href":"https:\/\/api.w.org\/{rel}","templated":true}]}}