{"id":271757,"date":"2025-03-01T17:17:51","date_gmt":"2025-03-01T17:17:51","guid":{"rendered":"https:\/\/focusdesign.store\/product\/scribble-laptop-huelle\/"},"modified":"2025-05-10T09:52:40","modified_gmt":"2025-05-10T09:52:40","slug":"scribble-laptop-huelle","status":"publish","type":"product","link":"https:\/\/focusdesign.store\/de\/produkt\/scribble-laptop-huelle\/","title":{"rendered":"&#8222;Scribble&#8220; Laptop-H\u00fclle"},"content":{"rendered":"<p>Sch\u00fctzen Sie Ihren Laptop mit Stil &#8211; holen Sie sich diese kuschelige, leichte Laptoptasche! Um Kratzer zu vermeiden, verf\u00fcgt sie \u00fcber einen gepolsterten Rei\u00dfverschluss und ist innen vollst\u00e4ndig mit Kunstfell ausgekleidet. Au\u00dferdem ist sie aus einem wasser-, \u00f6l- und hitzebest\u00e4ndigen Material gefertigt, so dass Ihre Laptoph\u00fclle an jedem Tag der Woche genauso gut aussieht wie Sie!<\/p>\n<p>\u2013<\/p>\n<h6>100% Neopren \/ Leicht und wasser-, \u00f6l- und hitzebest\u00e4ndig \/ Angenehme Passform \/ Innen mit Kunstfell gef\u00fcttert \/ Obenliegender Rei\u00dfverschluss mit zwei Schiebern \/ Gepolsterte Rei\u00dfverschlussleiste<\/h6>\n","protected":false},"excerpt":{"rendered":"<h6>FRIFORM DESIGN<\/h6>\n","protected":false},"featured_media":267074,"comment_status":"open","ping_status":"closed","template":"","meta":{"_et_pb_use_builder":"","_et_pb_old_content":"","_et_gb_content_width":"","inline_featured_image":false},"product_brand":[],"product_cat":[348,289,288],"product_tag":[250,273,271],"class_list":{"0":"post-271757","1":"product","2":"type-product","3":"status-publish","4":"has-post-thumbnail","6":"product_cat-laptop-hullen","7":"product_cat-tech","8":"product_cat-zubehor","9":"product_tag-designburo","10":"product_tag-frimind-design-de","11":"product_tag-kleidung-accessoires","13":"first","14":"instock","15":"taxable","16":"shipping-taxable","17":"purchasable","18":"product-type-variable"},"yoast_head":"<!-- This site is optimized with the Yoast SEO plugin v25.3 - https:\/\/yoast.com\/wordpress\/plugins\/seo\/ -->\n<title>&quot;Scribble&quot; Laptop-H\u00fclle - Focus Design Store<\/title>\n<meta name=\"description\" content=\"Friform Design Laptop-H\u00fclle. Kr\u00e4ftige Farben und grafisches Muster &#039;Scribble&#039;. Gr\u00f6\u00dfe: 13 &amp; 15. Sch\u00fctzt Ihren Laptop vor Kratzern, Wasser und Hitze.\" \/>\n<meta name=\"robots\" content=\"index, follow, max-snippet:-1, max-image-preview:large, max-video-preview:-1\" \/>\n<link rel=\"canonical\" href=\"https:\/\/focusdesign.store\/de\/produkt\/scribble-laptop-huelle\/\" \/>\n<meta property=\"og:locale\" content=\"de_DE\" \/>\n<meta property=\"og:type\" content=\"article\" \/>\n<meta property=\"og:title\" content=\"&quot;Scribble&quot; Laptop-H\u00fclle - Focus Design Store\" \/>\n<meta property=\"og:description\" content=\"Friform Design Laptop-H\u00fclle. Kr\u00e4ftige Farben und grafisches Muster &#039;Scribble&#039;. Gr\u00f6\u00dfe: 13 &amp; 15. Sch\u00fctzt Ihren Laptop vor Kratzern, Wasser und Hitze.\" \/>\n<meta property=\"og:url\" content=\"https:\/\/focusdesign.store\/de\/produkt\/scribble-laptop-huelle\/\" \/>\n<meta property=\"og:site_name\" content=\"Focus Design Store\" \/>\n<meta property=\"article:modified_time\" content=\"2025-05-10T09:52:40+00:00\" \/>\n<meta property=\"og:image\" content=\"https:\/\/focusdesign.store\/wp-content\/uploads\/2025\/03\/Scribble_LaptopSleeve_13.jpg\" \/>\n\t<meta property=\"og:image:width\" content=\"1900\" \/>\n\t<meta property=\"og:image:height\" content=\"1200\" \/>\n\t<meta property=\"og:image:type\" content=\"image\/jpeg\" \/>\n<meta name=\"twitter:card\" content=\"summary_large_image\" \/>\n<meta name=\"twitter:label1\" content=\"Gesch\u00e4tzte Lesezeit\" \/>\n\t<meta name=\"twitter:data1\" content=\"1\u00a0Minute\" \/>\n<script type=\"application\/ld+json\" class=\"yoast-schema-graph\">{\"@context\":\"https:\/\/schema.org\",\"@graph\":[{\"@type\":\"WebPage\",\"@id\":\"https:\/\/focusdesign.store\/de\/produkt\/scribble-laptop-huelle\/\",\"url\":\"https:\/\/focusdesign.store\/de\/produkt\/scribble-laptop-huelle\/\",\"name\":\"\\\"Scribble\\\" Laptop-H\u00fclle - Focus Design Store\",\"isPartOf\":{\"@id\":\"https:\/\/focusdesign.store\/de\/#website\"},\"primaryImageOfPage\":{\"@id\":\"https:\/\/focusdesign.store\/de\/produkt\/scribble-laptop-huelle\/#primaryimage\"},\"image\":{\"@id\":\"https:\/\/focusdesign.store\/de\/produkt\/scribble-laptop-huelle\/#primaryimage\"},\"thumbnailUrl\":\"https:\/\/focusdesign.store\/wp-content\/uploads\/2025\/03\/Scribble_LaptopSleeve_13.jpg\",\"datePublished\":\"2025-03-01T17:17:51+00:00\",\"dateModified\":\"2025-05-10T09:52:40+00:00\",\"description\":\"Friform Design Laptop-H\u00fclle. Kr\u00e4ftige Farben und grafisches Muster 'Scribble'. Gr\u00f6\u00dfe: 13 & 15. Sch\u00fctzt Ihren Laptop vor Kratzern, Wasser und Hitze.\",\"breadcrumb\":{\"@id\":\"https:\/\/focusdesign.store\/de\/produkt\/scribble-laptop-huelle\/#breadcrumb\"},\"inLanguage\":\"de\",\"potentialAction\":[{\"@type\":\"ReadAction\",\"target\":[\"https:\/\/focusdesign.store\/de\/produkt\/scribble-laptop-huelle\/\"]}]},{\"@type\":\"ImageObject\",\"inLanguage\":\"de\",\"@id\":\"https:\/\/focusdesign.store\/de\/produkt\/scribble-laptop-huelle\/#primaryimage\",\"url\":\"https:\/\/focusdesign.store\/wp-content\/uploads\/2025\/03\/Scribble_LaptopSleeve_13.jpg\",\"contentUrl\":\"https:\/\/focusdesign.store\/wp-content\/uploads\/2025\/03\/Scribble_LaptopSleeve_13.jpg\",\"width\":1900,\"height\":1200},{\"@type\":\"BreadcrumbList\",\"@id\":\"https:\/\/focusdesign.store\/de\/produkt\/scribble-laptop-huelle\/#breadcrumb\",\"itemListElement\":[{\"@type\":\"ListItem\",\"position\":1,\"name\":\"Hem\",\"item\":\"https:\/\/focusdesign.store\/de\/\"},{\"@type\":\"ListItem\",\"position\":2,\"name\":\"Shop\",\"item\":\"https:\/\/focusdesign.store\/shop\/\"},{\"@type\":\"ListItem\",\"position\":3,\"name\":\"&#8220;Scribble&#8221; Laptop-H\u00fclle\"}]},{\"@type\":\"WebSite\",\"@id\":\"https:\/\/focusdesign.store\/de\/#website\",\"url\":\"https:\/\/focusdesign.store\/de\/\",\"name\":\"Focus Design Store\",\"description\":\"Fine Art Prints &amp; Design \u2013 for home and living\",\"potentialAction\":[{\"@type\":\"SearchAction\",\"target\":{\"@type\":\"EntryPoint\",\"urlTemplate\":\"https:\/\/focusdesign.store\/de\/?s={search_term_string}\"},\"query-input\":{\"@type\":\"PropertyValueSpecification\",\"valueRequired\":true,\"valueName\":\"search_term_string\"}}],\"inLanguage\":\"de\"}]}<\/script>\n<!-- \/ Yoast SEO plugin. -->","yoast_head_json":{"title":"\"Scribble\" Laptop-H\u00fclle - Focus Design Store","description":"Friform Design Laptop-H\u00fclle. Kr\u00e4ftige Farben und grafisches Muster 'Scribble'. Gr\u00f6\u00dfe: 13 & 15. Sch\u00fctzt Ihren Laptop vor Kratzern, Wasser und Hitze.","robots":{"index":"index","follow":"follow","max-snippet":"max-snippet:-1","max-image-preview":"max-image-preview:large","max-video-preview":"max-video-preview:-1"},"canonical":"https:\/\/focusdesign.store\/de\/produkt\/scribble-laptop-huelle\/","og_locale":"de_DE","og_type":"article","og_title":"\"Scribble\" Laptop-H\u00fclle - Focus Design Store","og_description":"Friform Design Laptop-H\u00fclle. Kr\u00e4ftige Farben und grafisches Muster 'Scribble'. Gr\u00f6\u00dfe: 13 & 15. Sch\u00fctzt Ihren Laptop vor Kratzern, Wasser und Hitze.","og_url":"https:\/\/focusdesign.store\/de\/produkt\/scribble-laptop-huelle\/","og_site_name":"Focus Design Store","article_modified_time":"2025-05-10T09:52:40+00:00","og_image":[{"width":1900,"height":1200,"url":"https:\/\/focusdesign.store\/wp-content\/uploads\/2025\/03\/Scribble_LaptopSleeve_13.jpg","type":"image\/jpeg"}],"twitter_card":"summary_large_image","twitter_misc":{"Gesch\u00e4tzte Lesezeit":"1\u00a0Minute"},"schema":{"@context":"https:\/\/schema.org","@graph":[{"@type":"WebPage","@id":"https:\/\/focusdesign.store\/de\/produkt\/scribble-laptop-huelle\/","url":"https:\/\/focusdesign.store\/de\/produkt\/scribble-laptop-huelle\/","name":"\"Scribble\" Laptop-H\u00fclle - Focus Design Store","isPartOf":{"@id":"https:\/\/focusdesign.store\/de\/#website"},"primaryImageOfPage":{"@id":"https:\/\/focusdesign.store\/de\/produkt\/scribble-laptop-huelle\/#primaryimage"},"image":{"@id":"https:\/\/focusdesign.store\/de\/produkt\/scribble-laptop-huelle\/#primaryimage"},"thumbnailUrl":"https:\/\/focusdesign.store\/wp-content\/uploads\/2025\/03\/Scribble_LaptopSleeve_13.jpg","datePublished":"2025-03-01T17:17:51+00:00","dateModified":"2025-05-10T09:52:40+00:00","description":"Friform Design Laptop-H\u00fclle. Kr\u00e4ftige Farben und grafisches Muster 'Scribble'. Gr\u00f6\u00dfe: 13 & 15. Sch\u00fctzt Ihren Laptop vor Kratzern, Wasser und Hitze.","breadcrumb":{"@id":"https:\/\/focusdesign.store\/de\/produkt\/scribble-laptop-huelle\/#breadcrumb"},"inLanguage":"de","potentialAction":[{"@type":"ReadAction","target":["https:\/\/focusdesign.store\/de\/produkt\/scribble-laptop-huelle\/"]}]},{"@type":"ImageObject","inLanguage":"de","@id":"https:\/\/focusdesign.store\/de\/produkt\/scribble-laptop-huelle\/#primaryimage","url":"https:\/\/focusdesign.store\/wp-content\/uploads\/2025\/03\/Scribble_LaptopSleeve_13.jpg","contentUrl":"https:\/\/focusdesign.store\/wp-content\/uploads\/2025\/03\/Scribble_LaptopSleeve_13.jpg","width":1900,"height":1200},{"@type":"BreadcrumbList","@id":"https:\/\/focusdesign.store\/de\/produkt\/scribble-laptop-huelle\/#breadcrumb","itemListElement":[{"@type":"ListItem","position":1,"name":"Hem","item":"https:\/\/focusdesign.store\/de\/"},{"@type":"ListItem","position":2,"name":"Shop","item":"https:\/\/focusdesign.store\/shop\/"},{"@type":"ListItem","position":3,"name":"&#8220;Scribble&#8221; Laptop-H\u00fclle"}]},{"@type":"WebSite","@id":"https:\/\/focusdesign.store\/de\/#website","url":"https:\/\/focusdesign.store\/de\/","name":"Focus Design Store","description":"Fine Art Prints &amp; Design \u2013 for home and living","potentialAction":[{"@type":"SearchAction","target":{"@type":"EntryPoint","urlTemplate":"https:\/\/focusdesign.store\/de\/?s={search_term_string}"},"query-input":{"@type":"PropertyValueSpecification","valueRequired":true,"valueName":"search_term_string"}}],"inLanguage":"de"}]}},"jetpack_sharing_enabled":true,"_links":{"self":[{"href":"https:\/\/focusdesign.store\/de\/wp-json\/wp\/v2\/product\/271757","targetHints":{"allow":["GET"]}}],"collection":[{"href":"https:\/\/focusdesign.store\/de\/wp-json\/wp\/v2\/product"}],"about":[{"href":"https:\/\/focusdesign.store\/de\/wp-json\/wp\/v2\/types\/product"}],"replies":[{"embeddable":true,"href":"https:\/\/focusdesign.store\/de\/wp-json\/wp\/v2\/comments?post=271757"}],"wp:featuredmedia":[{"embeddable":true,"href":"https:\/\/focusdesign.store\/de\/wp-json\/wp\/v2\/media\/267074"}],"wp:attachment":[{"href":"https:\/\/focusdesign.store\/de\/wp-json\/wp\/v2\/media?parent=271757"}],"wp:term":[{"taxonomy":"product_brand","embeddable":true,"href":"https:\/\/focusdesign.store\/de\/wp-json\/wp\/v2\/product_brand?post=271757"},{"taxonomy":"product_cat","embeddable":true,"href":"https:\/\/focusdesign.store\/de\/wp-json\/wp\/v2\/product_cat?post=271757"},{"taxonomy":"product_tag","embeddable":true,"href":"https:\/\/focusdesign.store\/de\/wp-json\/wp\/v2\/product_tag?post=271757"}],"curies":[{"name":"wp","href":"https:\/\/api.w.org\/{rel}","templated":true}]}}