{"id":271803,"date":"2025-03-01T16:55:38","date_gmt":"2025-03-01T16:55:38","guid":{"rendered":"https:\/\/focusdesign.store\/product\/blatt-orange-rucksack\/"},"modified":"2025-05-10T10:17:24","modified_gmt":"2025-05-10T10:17:24","slug":"blatt-orange-rucksack","status":"publish","type":"product","link":"https:\/\/focusdesign.store\/de\/produkt\/blatt-orange-rucksack\/","title":{"rendered":"&#8222;Blatt\/Orange&#8220; Rucksack"},"content":{"rendered":"<p>Dieser mittelgro\u00dfe Rucksack ist genau das, was Sie f\u00fcr den t\u00e4glichen Gebrauch oder sportliche Aktivit\u00e4ten brauchen! Die Taschen (einschlie\u00dflich einer f\u00fcr Ihren Laptop) bieten reichlich Platz f\u00fcr all Ihre Utensilien, w\u00e4hrend das wasserabweisende Material sie vor dem Wetter sch\u00fctzen wird.<\/p>\n<p>\u2013<\/p>\n<h6>Wasserabweisendes Material \/ Gro\u00dfe Innentasche mit separatem Fach f\u00fcr einen 15&#8243;-Laptop, Vordertasche mit Rei\u00dfverschluss und eine versteckte Tasche mit Rei\u00dfverschluss auf der R\u00fcckseite der Tasche \/ Oberer Rei\u00dfverschluss hat 2 Schieber mit Rei\u00dfverschluss-Ziehern \/ Seidiges Futter, paspelierte Innens\u00e4ume und eine weiche Netzr\u00fcckseite \/ Gepolsterte ergonomische Taschengurte aus Polyester mit Kunststoffgurtregulatoren \/ Hergestellt aus 100% Polyester \/ Abmessungen: H 16\u215e&#8220; (42cm), B 12\u00bc&#8220; (31cm), T 3\u215e&#8220; (10cm) \/ Maximales Gewicht: 44lbs (20kg)<\/h6>\n","protected":false},"excerpt":{"rendered":"<h6>FRIFORM DESIGN<\/h6>\n","protected":false},"featured_media":265394,"comment_status":"open","ping_status":"closed","template":"","meta":{"_et_pb_use_builder":"","_et_pb_old_content":"","_et_gb_content_width":"","inline_featured_image":false},"product_brand":[],"product_cat":[364,355,288],"product_tag":[273,271],"class_list":{"0":"post-271803","1":"product","2":"type-product","3":"status-publish","4":"has-post-thumbnail","6":"product_cat-rucksacke","7":"product_cat-taschen","8":"product_cat-zubehor","9":"product_tag-frimind-design-de","10":"product_tag-kleidung-accessoires","12":"first","13":"instock","14":"taxable","15":"shipping-taxable","16":"purchasable","17":"product-type-simple"},"yoast_head":"<!-- This site is optimized with the Yoast SEO plugin v25.3 - https:\/\/yoast.com\/wordpress\/plugins\/seo\/ -->\n<title>&quot;Blatt\/Orange&quot; Rucksack - Focus Design Store<\/title>\n<meta name=\"description\" content=\"Dieser mittelgro\u00dfe Rucksack ist genau das, was Sie f\u00fcr den t\u00e4glichen Gebrauch oder sportliche Aktivit\u00e4ten brauchen! Intelligente Taschen - darunter eine f\u00fcr Ihren Laptop.\" \/>\n<meta name=\"robots\" content=\"index, follow, max-snippet:-1, max-image-preview:large, max-video-preview:-1\" \/>\n<link rel=\"canonical\" href=\"https:\/\/focusdesign.store\/de\/produkt\/blatt-orange-rucksack\/\" \/>\n<meta property=\"og:locale\" content=\"de_DE\" \/>\n<meta property=\"og:type\" content=\"article\" \/>\n<meta property=\"og:title\" content=\"&quot;Blatt\/Orange&quot; Rucksack - Focus Design Store\" \/>\n<meta property=\"og:description\" content=\"Dieser mittelgro\u00dfe Rucksack ist genau das, was Sie f\u00fcr den t\u00e4glichen Gebrauch oder sportliche Aktivit\u00e4ten brauchen! Intelligente Taschen - darunter eine f\u00fcr Ihren Laptop.\" \/>\n<meta property=\"og:url\" content=\"https:\/\/focusdesign.store\/de\/produkt\/blatt-orange-rucksack\/\" \/>\n<meta property=\"og:site_name\" content=\"Focus Design Store\" \/>\n<meta property=\"article:modified_time\" content=\"2025-05-10T10:17:24+00:00\" \/>\n<meta property=\"og:image\" content=\"https:\/\/focusdesign.store\/wp-content\/uploads\/2025\/03\/Backpack_Leaf_Orange_01.jpg\" \/>\n\t<meta property=\"og:image:width\" content=\"1900\" \/>\n\t<meta property=\"og:image:height\" content=\"1200\" \/>\n\t<meta property=\"og:image:type\" content=\"image\/jpeg\" \/>\n<meta name=\"twitter:card\" content=\"summary_large_image\" \/>\n<meta name=\"twitter:label1\" content=\"Gesch\u00e4tzte Lesezeit\" \/>\n\t<meta name=\"twitter:data1\" content=\"1\u00a0Minute\" \/>\n<script type=\"application\/ld+json\" class=\"yoast-schema-graph\">{\"@context\":\"https:\/\/schema.org\",\"@graph\":[{\"@type\":\"WebPage\",\"@id\":\"https:\/\/focusdesign.store\/de\/produkt\/blatt-orange-rucksack\/\",\"url\":\"https:\/\/focusdesign.store\/de\/produkt\/blatt-orange-rucksack\/\",\"name\":\"\\\"Blatt\/Orange\\\" Rucksack - Focus Design Store\",\"isPartOf\":{\"@id\":\"https:\/\/focusdesign.store\/de\/#website\"},\"primaryImageOfPage\":{\"@id\":\"https:\/\/focusdesign.store\/de\/produkt\/blatt-orange-rucksack\/#primaryimage\"},\"image\":{\"@id\":\"https:\/\/focusdesign.store\/de\/produkt\/blatt-orange-rucksack\/#primaryimage\"},\"thumbnailUrl\":\"https:\/\/focusdesign.store\/wp-content\/uploads\/2025\/03\/Backpack_Leaf_Orange_01.jpg\",\"datePublished\":\"2025-03-01T16:55:38+00:00\",\"dateModified\":\"2025-05-10T10:17:24+00:00\",\"description\":\"Dieser mittelgro\u00dfe Rucksack ist genau das, was Sie f\u00fcr den t\u00e4glichen Gebrauch oder sportliche Aktivit\u00e4ten brauchen! Intelligente Taschen - darunter eine f\u00fcr Ihren Laptop.\",\"breadcrumb\":{\"@id\":\"https:\/\/focusdesign.store\/de\/produkt\/blatt-orange-rucksack\/#breadcrumb\"},\"inLanguage\":\"de\",\"potentialAction\":[{\"@type\":\"ReadAction\",\"target\":[\"https:\/\/focusdesign.store\/de\/produkt\/blatt-orange-rucksack\/\"]}]},{\"@type\":\"ImageObject\",\"inLanguage\":\"de\",\"@id\":\"https:\/\/focusdesign.store\/de\/produkt\/blatt-orange-rucksack\/#primaryimage\",\"url\":\"https:\/\/focusdesign.store\/wp-content\/uploads\/2025\/03\/Backpack_Leaf_Orange_01.jpg\",\"contentUrl\":\"https:\/\/focusdesign.store\/wp-content\/uploads\/2025\/03\/Backpack_Leaf_Orange_01.jpg\",\"width\":1900,\"height\":1200},{\"@type\":\"BreadcrumbList\",\"@id\":\"https:\/\/focusdesign.store\/de\/produkt\/blatt-orange-rucksack\/#breadcrumb\",\"itemListElement\":[{\"@type\":\"ListItem\",\"position\":1,\"name\":\"Hem\",\"item\":\"https:\/\/focusdesign.store\/de\/\"},{\"@type\":\"ListItem\",\"position\":2,\"name\":\"Shop\",\"item\":\"https:\/\/focusdesign.store\/shop\/\"},{\"@type\":\"ListItem\",\"position\":3,\"name\":\"&#8220;Blatt\/Orange&#8221; Rucksack\"}]},{\"@type\":\"WebSite\",\"@id\":\"https:\/\/focusdesign.store\/de\/#website\",\"url\":\"https:\/\/focusdesign.store\/de\/\",\"name\":\"Focus Design Store\",\"description\":\"Fine Art Prints &amp; Design \u2013 for home and living\",\"potentialAction\":[{\"@type\":\"SearchAction\",\"target\":{\"@type\":\"EntryPoint\",\"urlTemplate\":\"https:\/\/focusdesign.store\/de\/?s={search_term_string}\"},\"query-input\":{\"@type\":\"PropertyValueSpecification\",\"valueRequired\":true,\"valueName\":\"search_term_string\"}}],\"inLanguage\":\"de\"}]}<\/script>\n<!-- \/ Yoast SEO plugin. -->","yoast_head_json":{"title":"\"Blatt\/Orange\" Rucksack - Focus Design Store","description":"Dieser mittelgro\u00dfe Rucksack ist genau das, was Sie f\u00fcr den t\u00e4glichen Gebrauch oder sportliche Aktivit\u00e4ten brauchen! Intelligente Taschen - darunter eine f\u00fcr Ihren Laptop.","robots":{"index":"index","follow":"follow","max-snippet":"max-snippet:-1","max-image-preview":"max-image-preview:large","max-video-preview":"max-video-preview:-1"},"canonical":"https:\/\/focusdesign.store\/de\/produkt\/blatt-orange-rucksack\/","og_locale":"de_DE","og_type":"article","og_title":"\"Blatt\/Orange\" Rucksack - Focus Design Store","og_description":"Dieser mittelgro\u00dfe Rucksack ist genau das, was Sie f\u00fcr den t\u00e4glichen Gebrauch oder sportliche Aktivit\u00e4ten brauchen! Intelligente Taschen - darunter eine f\u00fcr Ihren Laptop.","og_url":"https:\/\/focusdesign.store\/de\/produkt\/blatt-orange-rucksack\/","og_site_name":"Focus Design Store","article_modified_time":"2025-05-10T10:17:24+00:00","og_image":[{"width":1900,"height":1200,"url":"https:\/\/focusdesign.store\/wp-content\/uploads\/2025\/03\/Backpack_Leaf_Orange_01.jpg","type":"image\/jpeg"}],"twitter_card":"summary_large_image","twitter_misc":{"Gesch\u00e4tzte Lesezeit":"1\u00a0Minute"},"schema":{"@context":"https:\/\/schema.org","@graph":[{"@type":"WebPage","@id":"https:\/\/focusdesign.store\/de\/produkt\/blatt-orange-rucksack\/","url":"https:\/\/focusdesign.store\/de\/produkt\/blatt-orange-rucksack\/","name":"\"Blatt\/Orange\" Rucksack - Focus Design Store","isPartOf":{"@id":"https:\/\/focusdesign.store\/de\/#website"},"primaryImageOfPage":{"@id":"https:\/\/focusdesign.store\/de\/produkt\/blatt-orange-rucksack\/#primaryimage"},"image":{"@id":"https:\/\/focusdesign.store\/de\/produkt\/blatt-orange-rucksack\/#primaryimage"},"thumbnailUrl":"https:\/\/focusdesign.store\/wp-content\/uploads\/2025\/03\/Backpack_Leaf_Orange_01.jpg","datePublished":"2025-03-01T16:55:38+00:00","dateModified":"2025-05-10T10:17:24+00:00","description":"Dieser mittelgro\u00dfe Rucksack ist genau das, was Sie f\u00fcr den t\u00e4glichen Gebrauch oder sportliche Aktivit\u00e4ten brauchen! Intelligente Taschen - darunter eine f\u00fcr Ihren Laptop.","breadcrumb":{"@id":"https:\/\/focusdesign.store\/de\/produkt\/blatt-orange-rucksack\/#breadcrumb"},"inLanguage":"de","potentialAction":[{"@type":"ReadAction","target":["https:\/\/focusdesign.store\/de\/produkt\/blatt-orange-rucksack\/"]}]},{"@type":"ImageObject","inLanguage":"de","@id":"https:\/\/focusdesign.store\/de\/produkt\/blatt-orange-rucksack\/#primaryimage","url":"https:\/\/focusdesign.store\/wp-content\/uploads\/2025\/03\/Backpack_Leaf_Orange_01.jpg","contentUrl":"https:\/\/focusdesign.store\/wp-content\/uploads\/2025\/03\/Backpack_Leaf_Orange_01.jpg","width":1900,"height":1200},{"@type":"BreadcrumbList","@id":"https:\/\/focusdesign.store\/de\/produkt\/blatt-orange-rucksack\/#breadcrumb","itemListElement":[{"@type":"ListItem","position":1,"name":"Hem","item":"https:\/\/focusdesign.store\/de\/"},{"@type":"ListItem","position":2,"name":"Shop","item":"https:\/\/focusdesign.store\/shop\/"},{"@type":"ListItem","position":3,"name":"&#8220;Blatt\/Orange&#8221; Rucksack"}]},{"@type":"WebSite","@id":"https:\/\/focusdesign.store\/de\/#website","url":"https:\/\/focusdesign.store\/de\/","name":"Focus Design Store","description":"Fine Art Prints &amp; Design \u2013 for home and living","potentialAction":[{"@type":"SearchAction","target":{"@type":"EntryPoint","urlTemplate":"https:\/\/focusdesign.store\/de\/?s={search_term_string}"},"query-input":{"@type":"PropertyValueSpecification","valueRequired":true,"valueName":"search_term_string"}}],"inLanguage":"de"}]}},"jetpack_sharing_enabled":true,"_links":{"self":[{"href":"https:\/\/focusdesign.store\/de\/wp-json\/wp\/v2\/product\/271803","targetHints":{"allow":["GET"]}}],"collection":[{"href":"https:\/\/focusdesign.store\/de\/wp-json\/wp\/v2\/product"}],"about":[{"href":"https:\/\/focusdesign.store\/de\/wp-json\/wp\/v2\/types\/product"}],"replies":[{"embeddable":true,"href":"https:\/\/focusdesign.store\/de\/wp-json\/wp\/v2\/comments?post=271803"}],"wp:featuredmedia":[{"embeddable":true,"href":"https:\/\/focusdesign.store\/de\/wp-json\/wp\/v2\/media\/265394"}],"wp:attachment":[{"href":"https:\/\/focusdesign.store\/de\/wp-json\/wp\/v2\/media?parent=271803"}],"wp:term":[{"taxonomy":"product_brand","embeddable":true,"href":"https:\/\/focusdesign.store\/de\/wp-json\/wp\/v2\/product_brand?post=271803"},{"taxonomy":"product_cat","embeddable":true,"href":"https:\/\/focusdesign.store\/de\/wp-json\/wp\/v2\/product_cat?post=271803"},{"taxonomy":"product_tag","embeddable":true,"href":"https:\/\/focusdesign.store\/de\/wp-json\/wp\/v2\/product_tag?post=271803"}],"curies":[{"name":"wp","href":"https:\/\/api.w.org\/{rel}","templated":true}]}}