{"id":272920,"date":"2025-03-02T20:21:18","date_gmt":"2025-03-02T20:21:18","guid":{"rendered":"https:\/\/focusdesign.store\/product\/studio-01-haustiernapf\/"},"modified":"2025-05-10T09:50:19","modified_gmt":"2025-05-10T09:50:19","slug":"studio-01-haustiernapf","status":"publish","type":"product","link":"https:\/\/focusdesign.store\/de\/produkt\/studio-01-haustiernapf\/","title":{"rendered":"&#8222;Studio 01&#8220; Haustiernapf"},"content":{"rendered":"<p>Begr\u00fc\u00dfen Sie den ultimativen Haustiernapf f\u00fcr Ihren pelzigen Freund! Dank der Konstruktion aus rostfreiem Stahl und dem rutschfesten Gummiboden wird Ihr Haustier w\u00e4hrend der Mahlzeiten sicher und zufrieden sein. Dieser Futternapf wurde aus hochwertigen Materialien und mit Blick auf Funktionalit\u00e4t entwickelt und wird Ihnen und Ihrem Haustier viele Jahre lang dienen.<\/p>\n<p>\u2013<\/p>\n<h6>Doppelwandiger Edelstahl \/ Anti-Rutsch-Gummiboden \/ Lebensmittelecht \/ Sp\u00fclmaschinenfest, wenn der Gummiboden entfernt wird<b><b><\/b><\/b><\/h6>\n","protected":false},"excerpt":{"rendered":"<h6>FRIFORM DESIGN<\/h6>\n","protected":false},"featured_media":266042,"comment_status":"open","ping_status":"closed","template":"","meta":{"_et_pb_use_builder":"","_et_pb_old_content":"","_et_gb_content_width":"","inline_featured_image":false},"product_brand":[],"product_cat":[291,381,382],"product_tag":[250,273],"class_list":{"0":"post-272920","1":"product","2":"type-product","3":"status-publish","4":"has-post-thumbnail","6":"product_cat-haus-wohnen","7":"product_cat-napfe-fur-haustiere","8":"product_cat-pelzige-freunde","9":"product_tag-designburo","10":"product_tag-frimind-design-de","12":"first","13":"instock","14":"sale","15":"taxable","16":"shipping-taxable","17":"purchasable","18":"product-type-simple"},"yoast_head":"<!-- This site is optimized with the Yoast SEO plugin v25.3 - https:\/\/yoast.com\/wordpress\/plugins\/seo\/ -->\n<title>&quot;Studio 01&quot; Haustiernapf - Focus Design Store<\/title>\n<meta name=\"description\" content=\"Graphic Design Futter- oder Wassernapf f\u00fcr Ihren pelzigen Freund. Bringen Sie etwas Farbe in Ihr Zuhause und lassen Sie Ihre Katze oder Ihren Hund stilvoll fressen. Wird von allen B\u00fcrohunden geliebt.\" \/>\n<meta name=\"robots\" content=\"index, follow, max-snippet:-1, max-image-preview:large, max-video-preview:-1\" \/>\n<link rel=\"canonical\" href=\"https:\/\/focusdesign.store\/de\/produkt\/studio-01-haustiernapf\/\" \/>\n<meta property=\"og:locale\" content=\"de_DE\" \/>\n<meta property=\"og:type\" content=\"article\" \/>\n<meta property=\"og:title\" content=\"&quot;Studio 01&quot; Haustiernapf - Focus Design Store\" \/>\n<meta property=\"og:description\" content=\"Graphic Design Futter- oder Wassernapf f\u00fcr Ihren pelzigen Freund. Bringen Sie etwas Farbe in Ihr Zuhause und lassen Sie Ihre Katze oder Ihren Hund stilvoll fressen. Wird von allen B\u00fcrohunden geliebt.\" \/>\n<meta property=\"og:url\" content=\"https:\/\/focusdesign.store\/de\/produkt\/studio-01-haustiernapf\/\" \/>\n<meta property=\"og:site_name\" content=\"Focus Design Store\" \/>\n<meta property=\"article:modified_time\" content=\"2025-05-10T09:50:19+00:00\" \/>\n<meta property=\"og:image\" content=\"https:\/\/focusdesign.store\/wp-content\/uploads\/2025\/03\/PetBowl_Graphic_01.jpg\" \/>\n\t<meta property=\"og:image:width\" content=\"1900\" \/>\n\t<meta property=\"og:image:height\" content=\"1200\" \/>\n\t<meta property=\"og:image:type\" content=\"image\/jpeg\" \/>\n<meta name=\"twitter:card\" content=\"summary_large_image\" \/>\n<meta name=\"twitter:label1\" content=\"Gesch\u00e4tzte Lesezeit\" \/>\n\t<meta name=\"twitter:data1\" content=\"1\u00a0Minute\" \/>\n<script type=\"application\/ld+json\" class=\"yoast-schema-graph\">{\"@context\":\"https:\/\/schema.org\",\"@graph\":[{\"@type\":\"WebPage\",\"@id\":\"https:\/\/focusdesign.store\/de\/produkt\/studio-01-haustiernapf\/\",\"url\":\"https:\/\/focusdesign.store\/de\/produkt\/studio-01-haustiernapf\/\",\"name\":\"\\\"Studio 01\\\" Haustiernapf - Focus Design Store\",\"isPartOf\":{\"@id\":\"https:\/\/focusdesign.store\/de\/#website\"},\"primaryImageOfPage\":{\"@id\":\"https:\/\/focusdesign.store\/de\/produkt\/studio-01-haustiernapf\/#primaryimage\"},\"image\":{\"@id\":\"https:\/\/focusdesign.store\/de\/produkt\/studio-01-haustiernapf\/#primaryimage\"},\"thumbnailUrl\":\"https:\/\/focusdesign.store\/wp-content\/uploads\/2025\/03\/PetBowl_Graphic_01.jpg\",\"datePublished\":\"2025-03-02T20:21:18+00:00\",\"dateModified\":\"2025-05-10T09:50:19+00:00\",\"description\":\"Graphic Design Futter- oder Wassernapf f\u00fcr Ihren pelzigen Freund. Bringen Sie etwas Farbe in Ihr Zuhause und lassen Sie Ihre Katze oder Ihren Hund stilvoll fressen. Wird von allen B\u00fcrohunden geliebt.\",\"breadcrumb\":{\"@id\":\"https:\/\/focusdesign.store\/de\/produkt\/studio-01-haustiernapf\/#breadcrumb\"},\"inLanguage\":\"de\",\"potentialAction\":[{\"@type\":\"ReadAction\",\"target\":[\"https:\/\/focusdesign.store\/de\/produkt\/studio-01-haustiernapf\/\"]}]},{\"@type\":\"ImageObject\",\"inLanguage\":\"de\",\"@id\":\"https:\/\/focusdesign.store\/de\/produkt\/studio-01-haustiernapf\/#primaryimage\",\"url\":\"https:\/\/focusdesign.store\/wp-content\/uploads\/2025\/03\/PetBowl_Graphic_01.jpg\",\"contentUrl\":\"https:\/\/focusdesign.store\/wp-content\/uploads\/2025\/03\/PetBowl_Graphic_01.jpg\",\"width\":1900,\"height\":1200},{\"@type\":\"BreadcrumbList\",\"@id\":\"https:\/\/focusdesign.store\/de\/produkt\/studio-01-haustiernapf\/#breadcrumb\",\"itemListElement\":[{\"@type\":\"ListItem\",\"position\":1,\"name\":\"Hem\",\"item\":\"https:\/\/focusdesign.store\/de\/\"},{\"@type\":\"ListItem\",\"position\":2,\"name\":\"Shop\",\"item\":\"https:\/\/focusdesign.store\/shop\/\"},{\"@type\":\"ListItem\",\"position\":3,\"name\":\"&#8220;Studio 01&#8221; Haustiernapf\"}]},{\"@type\":\"WebSite\",\"@id\":\"https:\/\/focusdesign.store\/de\/#website\",\"url\":\"https:\/\/focusdesign.store\/de\/\",\"name\":\"Focus Design Store\",\"description\":\"Fine Art Prints &amp; Design \u2013 for home and living\",\"potentialAction\":[{\"@type\":\"SearchAction\",\"target\":{\"@type\":\"EntryPoint\",\"urlTemplate\":\"https:\/\/focusdesign.store\/de\/?s={search_term_string}\"},\"query-input\":{\"@type\":\"PropertyValueSpecification\",\"valueRequired\":true,\"valueName\":\"search_term_string\"}}],\"inLanguage\":\"de\"}]}<\/script>\n<!-- \/ Yoast SEO plugin. -->","yoast_head_json":{"title":"\"Studio 01\" Haustiernapf - Focus Design Store","description":"Graphic Design Futter- oder Wassernapf f\u00fcr Ihren pelzigen Freund. Bringen Sie etwas Farbe in Ihr Zuhause und lassen Sie Ihre Katze oder Ihren Hund stilvoll fressen. Wird von allen B\u00fcrohunden geliebt.","robots":{"index":"index","follow":"follow","max-snippet":"max-snippet:-1","max-image-preview":"max-image-preview:large","max-video-preview":"max-video-preview:-1"},"canonical":"https:\/\/focusdesign.store\/de\/produkt\/studio-01-haustiernapf\/","og_locale":"de_DE","og_type":"article","og_title":"\"Studio 01\" Haustiernapf - Focus Design Store","og_description":"Graphic Design Futter- oder Wassernapf f\u00fcr Ihren pelzigen Freund. Bringen Sie etwas Farbe in Ihr Zuhause und lassen Sie Ihre Katze oder Ihren Hund stilvoll fressen. Wird von allen B\u00fcrohunden geliebt.","og_url":"https:\/\/focusdesign.store\/de\/produkt\/studio-01-haustiernapf\/","og_site_name":"Focus Design Store","article_modified_time":"2025-05-10T09:50:19+00:00","og_image":[{"width":1900,"height":1200,"url":"https:\/\/focusdesign.store\/wp-content\/uploads\/2025\/03\/PetBowl_Graphic_01.jpg","type":"image\/jpeg"}],"twitter_card":"summary_large_image","twitter_misc":{"Gesch\u00e4tzte Lesezeit":"1\u00a0Minute"},"schema":{"@context":"https:\/\/schema.org","@graph":[{"@type":"WebPage","@id":"https:\/\/focusdesign.store\/de\/produkt\/studio-01-haustiernapf\/","url":"https:\/\/focusdesign.store\/de\/produkt\/studio-01-haustiernapf\/","name":"\"Studio 01\" Haustiernapf - Focus Design Store","isPartOf":{"@id":"https:\/\/focusdesign.store\/de\/#website"},"primaryImageOfPage":{"@id":"https:\/\/focusdesign.store\/de\/produkt\/studio-01-haustiernapf\/#primaryimage"},"image":{"@id":"https:\/\/focusdesign.store\/de\/produkt\/studio-01-haustiernapf\/#primaryimage"},"thumbnailUrl":"https:\/\/focusdesign.store\/wp-content\/uploads\/2025\/03\/PetBowl_Graphic_01.jpg","datePublished":"2025-03-02T20:21:18+00:00","dateModified":"2025-05-10T09:50:19+00:00","description":"Graphic Design Futter- oder Wassernapf f\u00fcr Ihren pelzigen Freund. Bringen Sie etwas Farbe in Ihr Zuhause und lassen Sie Ihre Katze oder Ihren Hund stilvoll fressen. Wird von allen B\u00fcrohunden geliebt.","breadcrumb":{"@id":"https:\/\/focusdesign.store\/de\/produkt\/studio-01-haustiernapf\/#breadcrumb"},"inLanguage":"de","potentialAction":[{"@type":"ReadAction","target":["https:\/\/focusdesign.store\/de\/produkt\/studio-01-haustiernapf\/"]}]},{"@type":"ImageObject","inLanguage":"de","@id":"https:\/\/focusdesign.store\/de\/produkt\/studio-01-haustiernapf\/#primaryimage","url":"https:\/\/focusdesign.store\/wp-content\/uploads\/2025\/03\/PetBowl_Graphic_01.jpg","contentUrl":"https:\/\/focusdesign.store\/wp-content\/uploads\/2025\/03\/PetBowl_Graphic_01.jpg","width":1900,"height":1200},{"@type":"BreadcrumbList","@id":"https:\/\/focusdesign.store\/de\/produkt\/studio-01-haustiernapf\/#breadcrumb","itemListElement":[{"@type":"ListItem","position":1,"name":"Hem","item":"https:\/\/focusdesign.store\/de\/"},{"@type":"ListItem","position":2,"name":"Shop","item":"https:\/\/focusdesign.store\/shop\/"},{"@type":"ListItem","position":3,"name":"&#8220;Studio 01&#8221; Haustiernapf"}]},{"@type":"WebSite","@id":"https:\/\/focusdesign.store\/de\/#website","url":"https:\/\/focusdesign.store\/de\/","name":"Focus Design Store","description":"Fine Art Prints &amp; Design \u2013 for home and living","potentialAction":[{"@type":"SearchAction","target":{"@type":"EntryPoint","urlTemplate":"https:\/\/focusdesign.store\/de\/?s={search_term_string}"},"query-input":{"@type":"PropertyValueSpecification","valueRequired":true,"valueName":"search_term_string"}}],"inLanguage":"de"}]}},"jetpack_sharing_enabled":true,"_links":{"self":[{"href":"https:\/\/focusdesign.store\/de\/wp-json\/wp\/v2\/product\/272920","targetHints":{"allow":["GET"]}}],"collection":[{"href":"https:\/\/focusdesign.store\/de\/wp-json\/wp\/v2\/product"}],"about":[{"href":"https:\/\/focusdesign.store\/de\/wp-json\/wp\/v2\/types\/product"}],"replies":[{"embeddable":true,"href":"https:\/\/focusdesign.store\/de\/wp-json\/wp\/v2\/comments?post=272920"}],"wp:featuredmedia":[{"embeddable":true,"href":"https:\/\/focusdesign.store\/de\/wp-json\/wp\/v2\/media\/266042"}],"wp:attachment":[{"href":"https:\/\/focusdesign.store\/de\/wp-json\/wp\/v2\/media?parent=272920"}],"wp:term":[{"taxonomy":"product_brand","embeddable":true,"href":"https:\/\/focusdesign.store\/de\/wp-json\/wp\/v2\/product_brand?post=272920"},{"taxonomy":"product_cat","embeddable":true,"href":"https:\/\/focusdesign.store\/de\/wp-json\/wp\/v2\/product_cat?post=272920"},{"taxonomy":"product_tag","embeddable":true,"href":"https:\/\/focusdesign.store\/de\/wp-json\/wp\/v2\/product_tag?post=272920"}],"curies":[{"name":"wp","href":"https:\/\/api.w.org\/{rel}","templated":true}]}}