{"id":274759,"date":"2025-03-23T10:04:36","date_gmt":"2025-03-23T10:04:36","guid":{"rendered":"https:\/\/focusdesign.store\/product\/hardcover-gebundenes-notizbuch-4\/"},"modified":"2025-05-10T09:21:49","modified_gmt":"2025-05-10T09:21:49","slug":"hardcover-gebundenes-notizbuch-4","status":"publish","type":"product","link":"https:\/\/focusdesign.store\/de\/produkt\/hardcover-gebundenes-notizbuch-4\/","title":{"rendered":"&#8222;73&#8220; Hardcover Notizbuch"},"content":{"rendered":"<p>Hardcover-Notizbuch mit 80 linierten, cremefarbenen Seiten, einem eingebauten elastischen Verschluss, einem passenden Seitenmarker aus Band und einer erweiterbaren Innentasche.<\/p>\n<p>&#8211;<\/p>\n<h6>Einbandmaterial: UltraHyde Hardcover-Papier \/ Gr\u00f6\u00dfe: 13,97 cm \u00d7 21,59 cm (5,5&#8243; \u00d7 8,5&#8243;) \/ Gewicht: 309 g (10,9 oz) \/ 80 Seiten liniertes, cremefarbenes Papier \/ Passender elastischer Verschluss und Leseb\u00e4ndchen \/ Erweiterbare Innentasche<\/h6>\n","protected":false},"excerpt":{"rendered":"<h6>FRIFORM DESIGN<\/h6>\n","protected":false},"featured_media":274765,"comment_status":"open","ping_status":"closed","template":"","meta":{"_et_pb_use_builder":"","_et_pb_old_content":"","_et_gb_content_width":"","inline_featured_image":false},"product_brand":[],"product_cat":[427,426,291],"product_tag":[250],"class_list":{"0":"post-274759","1":"product","2":"type-product","3":"status-publish","4":"has-post-thumbnail","6":"product_cat-stationar-de","7":"product_cat-hardcover-notizbucher","8":"product_cat-haus-wohnen","9":"product_tag-designburo","11":"first","12":"instock","13":"taxable","14":"shipping-taxable","15":"purchasable","16":"product-type-simple"},"yoast_head":"<!-- This site is optimized with the Yoast SEO plugin v25.3 - https:\/\/yoast.com\/wordpress\/plugins\/seo\/ -->\n<title>&quot;73&quot; Hardcover Notizbuch - Focus Design Store<\/title>\n<meta name=\"description\" content=\"Hardcover-Notizbuch mit 80 linierten, cremefarbenen Seiten, einem eingebauten elastischen Verschluss, einem passenden Seitenmarker aus Band und einer erweiterbaren Innentasche.\" \/>\n<meta name=\"robots\" content=\"index, follow, max-snippet:-1, max-image-preview:large, max-video-preview:-1\" \/>\n<link rel=\"canonical\" href=\"https:\/\/focusdesign.store\/de\/produkt\/hardcover-gebundenes-notizbuch-4\/\" \/>\n<meta property=\"og:locale\" content=\"de_DE\" \/>\n<meta property=\"og:type\" content=\"article\" \/>\n<meta property=\"og:title\" content=\"&quot;73&quot; Hardcover Notizbuch - Focus Design Store\" \/>\n<meta property=\"og:description\" content=\"Hardcover-Notizbuch mit 80 linierten, cremefarbenen Seiten, einem eingebauten elastischen Verschluss, einem passenden Seitenmarker aus Band und einer erweiterbaren Innentasche.\" \/>\n<meta property=\"og:url\" content=\"https:\/\/focusdesign.store\/de\/produkt\/hardcover-gebundenes-notizbuch-4\/\" \/>\n<meta property=\"og:site_name\" content=\"Focus Design Store\" \/>\n<meta property=\"article:modified_time\" content=\"2025-05-10T09:21:49+00:00\" \/>\n<meta property=\"og:image\" content=\"https:\/\/focusdesign.store\/wp-content\/uploads\/2025\/03\/73_Yellow_Notepad_ProductImage.jpg\" \/>\n\t<meta property=\"og:image:width\" content=\"1900\" \/>\n\t<meta property=\"og:image:height\" content=\"1200\" \/>\n\t<meta property=\"og:image:type\" content=\"image\/jpeg\" \/>\n<meta name=\"twitter:card\" content=\"summary_large_image\" \/>\n<meta name=\"twitter:label1\" content=\"Gesch\u00e4tzte Lesezeit\" \/>\n\t<meta name=\"twitter:data1\" content=\"1\u00a0Minute\" \/>\n<script type=\"application\/ld+json\" class=\"yoast-schema-graph\">{\"@context\":\"https:\/\/schema.org\",\"@graph\":[{\"@type\":\"WebPage\",\"@id\":\"https:\/\/focusdesign.store\/de\/produkt\/hardcover-gebundenes-notizbuch-4\/\",\"url\":\"https:\/\/focusdesign.store\/de\/produkt\/hardcover-gebundenes-notizbuch-4\/\",\"name\":\"\\\"73\\\" Hardcover Notizbuch - Focus Design Store\",\"isPartOf\":{\"@id\":\"https:\/\/focusdesign.store\/de\/#website\"},\"primaryImageOfPage\":{\"@id\":\"https:\/\/focusdesign.store\/de\/produkt\/hardcover-gebundenes-notizbuch-4\/#primaryimage\"},\"image\":{\"@id\":\"https:\/\/focusdesign.store\/de\/produkt\/hardcover-gebundenes-notizbuch-4\/#primaryimage\"},\"thumbnailUrl\":\"https:\/\/focusdesign.store\/wp-content\/uploads\/2025\/03\/73_Yellow_Notepad_ProductImage.jpg\",\"datePublished\":\"2025-03-23T10:04:36+00:00\",\"dateModified\":\"2025-05-10T09:21:49+00:00\",\"description\":\"Hardcover-Notizbuch mit 80 linierten, cremefarbenen Seiten, einem eingebauten elastischen Verschluss, einem passenden Seitenmarker aus Band und einer erweiterbaren Innentasche.\",\"breadcrumb\":{\"@id\":\"https:\/\/focusdesign.store\/de\/produkt\/hardcover-gebundenes-notizbuch-4\/#breadcrumb\"},\"inLanguage\":\"de\",\"potentialAction\":[{\"@type\":\"ReadAction\",\"target\":[\"https:\/\/focusdesign.store\/de\/produkt\/hardcover-gebundenes-notizbuch-4\/\"]}]},{\"@type\":\"ImageObject\",\"inLanguage\":\"de\",\"@id\":\"https:\/\/focusdesign.store\/de\/produkt\/hardcover-gebundenes-notizbuch-4\/#primaryimage\",\"url\":\"https:\/\/focusdesign.store\/wp-content\/uploads\/2025\/03\/73_Yellow_Notepad_ProductImage.jpg\",\"contentUrl\":\"https:\/\/focusdesign.store\/wp-content\/uploads\/2025\/03\/73_Yellow_Notepad_ProductImage.jpg\",\"width\":1900,\"height\":1200},{\"@type\":\"BreadcrumbList\",\"@id\":\"https:\/\/focusdesign.store\/de\/produkt\/hardcover-gebundenes-notizbuch-4\/#breadcrumb\",\"itemListElement\":[{\"@type\":\"ListItem\",\"position\":1,\"name\":\"Hem\",\"item\":\"https:\/\/focusdesign.store\/de\/\"},{\"@type\":\"ListItem\",\"position\":2,\"name\":\"Shop\",\"item\":\"https:\/\/focusdesign.store\/shop\/\"},{\"@type\":\"ListItem\",\"position\":3,\"name\":\"&#8220;73&#8221; Hardcover Notizbuch\"}]},{\"@type\":\"WebSite\",\"@id\":\"https:\/\/focusdesign.store\/de\/#website\",\"url\":\"https:\/\/focusdesign.store\/de\/\",\"name\":\"Focus Design Store\",\"description\":\"Fine Art Prints &amp; Design \u2013 for home and living\",\"potentialAction\":[{\"@type\":\"SearchAction\",\"target\":{\"@type\":\"EntryPoint\",\"urlTemplate\":\"https:\/\/focusdesign.store\/de\/?s={search_term_string}\"},\"query-input\":{\"@type\":\"PropertyValueSpecification\",\"valueRequired\":true,\"valueName\":\"search_term_string\"}}],\"inLanguage\":\"de\"}]}<\/script>\n<!-- \/ Yoast SEO plugin. -->","yoast_head_json":{"title":"\"73\" Hardcover Notizbuch - Focus Design Store","description":"Hardcover-Notizbuch mit 80 linierten, cremefarbenen Seiten, einem eingebauten elastischen Verschluss, einem passenden Seitenmarker aus Band und einer erweiterbaren Innentasche.","robots":{"index":"index","follow":"follow","max-snippet":"max-snippet:-1","max-image-preview":"max-image-preview:large","max-video-preview":"max-video-preview:-1"},"canonical":"https:\/\/focusdesign.store\/de\/produkt\/hardcover-gebundenes-notizbuch-4\/","og_locale":"de_DE","og_type":"article","og_title":"\"73\" Hardcover Notizbuch - Focus Design Store","og_description":"Hardcover-Notizbuch mit 80 linierten, cremefarbenen Seiten, einem eingebauten elastischen Verschluss, einem passenden Seitenmarker aus Band und einer erweiterbaren Innentasche.","og_url":"https:\/\/focusdesign.store\/de\/produkt\/hardcover-gebundenes-notizbuch-4\/","og_site_name":"Focus Design Store","article_modified_time":"2025-05-10T09:21:49+00:00","og_image":[{"width":1900,"height":1200,"url":"https:\/\/focusdesign.store\/wp-content\/uploads\/2025\/03\/73_Yellow_Notepad_ProductImage.jpg","type":"image\/jpeg"}],"twitter_card":"summary_large_image","twitter_misc":{"Gesch\u00e4tzte Lesezeit":"1\u00a0Minute"},"schema":{"@context":"https:\/\/schema.org","@graph":[{"@type":"WebPage","@id":"https:\/\/focusdesign.store\/de\/produkt\/hardcover-gebundenes-notizbuch-4\/","url":"https:\/\/focusdesign.store\/de\/produkt\/hardcover-gebundenes-notizbuch-4\/","name":"\"73\" Hardcover Notizbuch - Focus Design Store","isPartOf":{"@id":"https:\/\/focusdesign.store\/de\/#website"},"primaryImageOfPage":{"@id":"https:\/\/focusdesign.store\/de\/produkt\/hardcover-gebundenes-notizbuch-4\/#primaryimage"},"image":{"@id":"https:\/\/focusdesign.store\/de\/produkt\/hardcover-gebundenes-notizbuch-4\/#primaryimage"},"thumbnailUrl":"https:\/\/focusdesign.store\/wp-content\/uploads\/2025\/03\/73_Yellow_Notepad_ProductImage.jpg","datePublished":"2025-03-23T10:04:36+00:00","dateModified":"2025-05-10T09:21:49+00:00","description":"Hardcover-Notizbuch mit 80 linierten, cremefarbenen Seiten, einem eingebauten elastischen Verschluss, einem passenden Seitenmarker aus Band und einer erweiterbaren Innentasche.","breadcrumb":{"@id":"https:\/\/focusdesign.store\/de\/produkt\/hardcover-gebundenes-notizbuch-4\/#breadcrumb"},"inLanguage":"de","potentialAction":[{"@type":"ReadAction","target":["https:\/\/focusdesign.store\/de\/produkt\/hardcover-gebundenes-notizbuch-4\/"]}]},{"@type":"ImageObject","inLanguage":"de","@id":"https:\/\/focusdesign.store\/de\/produkt\/hardcover-gebundenes-notizbuch-4\/#primaryimage","url":"https:\/\/focusdesign.store\/wp-content\/uploads\/2025\/03\/73_Yellow_Notepad_ProductImage.jpg","contentUrl":"https:\/\/focusdesign.store\/wp-content\/uploads\/2025\/03\/73_Yellow_Notepad_ProductImage.jpg","width":1900,"height":1200},{"@type":"BreadcrumbList","@id":"https:\/\/focusdesign.store\/de\/produkt\/hardcover-gebundenes-notizbuch-4\/#breadcrumb","itemListElement":[{"@type":"ListItem","position":1,"name":"Hem","item":"https:\/\/focusdesign.store\/de\/"},{"@type":"ListItem","position":2,"name":"Shop","item":"https:\/\/focusdesign.store\/shop\/"},{"@type":"ListItem","position":3,"name":"&#8220;73&#8221; Hardcover Notizbuch"}]},{"@type":"WebSite","@id":"https:\/\/focusdesign.store\/de\/#website","url":"https:\/\/focusdesign.store\/de\/","name":"Focus Design Store","description":"Fine Art Prints &amp; Design \u2013 for home and living","potentialAction":[{"@type":"SearchAction","target":{"@type":"EntryPoint","urlTemplate":"https:\/\/focusdesign.store\/de\/?s={search_term_string}"},"query-input":{"@type":"PropertyValueSpecification","valueRequired":true,"valueName":"search_term_string"}}],"inLanguage":"de"}]}},"jetpack_sharing_enabled":true,"_links":{"self":[{"href":"https:\/\/focusdesign.store\/de\/wp-json\/wp\/v2\/product\/274759","targetHints":{"allow":["GET"]}}],"collection":[{"href":"https:\/\/focusdesign.store\/de\/wp-json\/wp\/v2\/product"}],"about":[{"href":"https:\/\/focusdesign.store\/de\/wp-json\/wp\/v2\/types\/product"}],"replies":[{"embeddable":true,"href":"https:\/\/focusdesign.store\/de\/wp-json\/wp\/v2\/comments?post=274759"}],"wp:featuredmedia":[{"embeddable":true,"href":"https:\/\/focusdesign.store\/de\/wp-json\/wp\/v2\/media\/274765"}],"wp:attachment":[{"href":"https:\/\/focusdesign.store\/de\/wp-json\/wp\/v2\/media?parent=274759"}],"wp:term":[{"taxonomy":"product_brand","embeddable":true,"href":"https:\/\/focusdesign.store\/de\/wp-json\/wp\/v2\/product_brand?post=274759"},{"taxonomy":"product_cat","embeddable":true,"href":"https:\/\/focusdesign.store\/de\/wp-json\/wp\/v2\/product_cat?post=274759"},{"taxonomy":"product_tag","embeddable":true,"href":"https:\/\/focusdesign.store\/de\/wp-json\/wp\/v2\/product_tag?post=274759"}],"curies":[{"name":"wp","href":"https:\/\/api.w.org\/{rel}","templated":true}]}}