{"id":275316,"date":"2025-03-24T10:28:48","date_gmt":"2025-03-24T10:28:48","guid":{"rendered":"https:\/\/focusdesign.store\/product\/robuste-tasche-fuer-iphone-2\/"},"modified":"2025-05-10T09:15:28","modified_gmt":"2025-05-10T09:15:28","slug":"robuste-tasche-fuer-iphone-2","status":"publish","type":"product","link":"https:\/\/focusdesign.store\/de\/produkt\/robuste-tasche-fuer-iphone-2\/","title":{"rendered":"Robuste Tasche &#8222;Leaf&#8220; f\u00fcr iPhone\u00ae"},"content":{"rendered":"<p>Sch\u00fctzen Sie Ihr Telefon mit Stil mit einer robusten, zweischichtigen H\u00fclle. Die \u00e4u\u00dfere Schale besteht aus sto\u00dffestem Polykarbonat, w\u00e4hrend das Innenfutter aus TPU f\u00fcr maximale Sto\u00dfd\u00e4mpfung sorgt. Halten Sie Ihr Telefon das ganze Jahr \u00fcber modisch und sicher!<\/p>\n<p>&#8211;<\/p>\n<h6>Au\u00dfenschale aus Polycarbonat \/ Innenschale aus thermoplastischem Polyurethan (TPU) \/ Zweischichtiger Schutz \/ Pr\u00e4zise ausgerichtete Anschluss\u00f6ffnungen \/ Kompatibel mit Induktionsladung \/ Blanko-Produkt aus Korea<\/h6>\n","protected":false},"excerpt":{"rendered":"<h6>FRIFORM DESIGN<\/h6>\n","protected":false},"featured_media":275778,"comment_status":"open","ping_status":"closed","template":"","meta":{"_et_pb_use_builder":"","_et_pb_old_content":"","_et_gb_content_width":"","inline_featured_image":false},"product_brand":[],"product_cat":[416,289,417,288],"product_tag":[273],"class_list":{"0":"post-275316","1":"product","2":"type-product","3":"status-publish","4":"has-post-thumbnail","6":"product_cat-handytaschen","7":"product_cat-tech","8":"product_cat-tough-case-iphone","9":"product_cat-zubehor","10":"product_tag-frimind-design-de","12":"first","13":"instock","14":"taxable","15":"shipping-taxable","16":"purchasable","17":"product-type-variable","18":"has-default-attributes"},"yoast_head":"<!-- This site is optimized with the Yoast SEO plugin v25.3 - https:\/\/yoast.com\/wordpress\/plugins\/seo\/ -->\n<title>Robuste Tasche &quot;Leaf&quot; f\u00fcr iPhone\u00ae - Focus Design Store<\/title>\n<meta name=\"description\" content=\"Sch\u00fctzen Sie Ihr Telefon mit dieser robusten, doppellagigen H\u00fclle. Die sto\u00dffeste Schale und die sto\u00dfabsorbierende. Farbenfrohes Design von Friform Studio.\" \/>\n<meta name=\"robots\" content=\"index, follow, max-snippet:-1, max-image-preview:large, max-video-preview:-1\" \/>\n<link rel=\"canonical\" href=\"https:\/\/focusdesign.store\/de\/produkt\/robuste-tasche-fuer-iphone-2\/\" \/>\n<meta property=\"og:locale\" content=\"de_DE\" \/>\n<meta property=\"og:type\" content=\"article\" \/>\n<meta property=\"og:title\" content=\"Robuste Tasche &quot;Leaf&quot; f\u00fcr iPhone\u00ae - Focus Design Store\" \/>\n<meta property=\"og:description\" content=\"Sch\u00fctzen Sie Ihr Telefon mit dieser robusten, doppellagigen H\u00fclle. Die sto\u00dffeste Schale und die sto\u00dfabsorbierende. Farbenfrohes Design von Friform Studio.\" \/>\n<meta property=\"og:url\" content=\"https:\/\/focusdesign.store\/de\/produkt\/robuste-tasche-fuer-iphone-2\/\" \/>\n<meta property=\"og:site_name\" content=\"Focus Design Store\" \/>\n<meta property=\"article:modified_time\" content=\"2025-05-10T09:15:28+00:00\" \/>\n<meta property=\"og:image\" content=\"https:\/\/focusdesign.store\/wp-content\/uploads\/2025\/03\/Leaf_Iphone-ToughCase_16ProMax.jpg\" \/>\n\t<meta property=\"og:image:width\" content=\"1900\" \/>\n\t<meta property=\"og:image:height\" content=\"1200\" \/>\n\t<meta property=\"og:image:type\" content=\"image\/jpeg\" \/>\n<meta name=\"twitter:card\" content=\"summary_large_image\" \/>\n<meta name=\"twitter:label1\" content=\"Gesch\u00e4tzte Lesezeit\" \/>\n\t<meta name=\"twitter:data1\" content=\"1\u00a0Minute\" \/>\n<script type=\"application\/ld+json\" class=\"yoast-schema-graph\">{\"@context\":\"https:\/\/schema.org\",\"@graph\":[{\"@type\":\"WebPage\",\"@id\":\"https:\/\/focusdesign.store\/de\/produkt\/robuste-tasche-fuer-iphone-2\/\",\"url\":\"https:\/\/focusdesign.store\/de\/produkt\/robuste-tasche-fuer-iphone-2\/\",\"name\":\"Robuste Tasche \\\"Leaf\\\" f\u00fcr iPhone\u00ae - Focus Design Store\",\"isPartOf\":{\"@id\":\"https:\/\/focusdesign.store\/de\/#website\"},\"primaryImageOfPage\":{\"@id\":\"https:\/\/focusdesign.store\/de\/produkt\/robuste-tasche-fuer-iphone-2\/#primaryimage\"},\"image\":{\"@id\":\"https:\/\/focusdesign.store\/de\/produkt\/robuste-tasche-fuer-iphone-2\/#primaryimage\"},\"thumbnailUrl\":\"https:\/\/focusdesign.store\/wp-content\/uploads\/2025\/03\/Leaf_Iphone-ToughCase_16ProMax.jpg\",\"datePublished\":\"2025-03-24T10:28:48+00:00\",\"dateModified\":\"2025-05-10T09:15:28+00:00\",\"description\":\"Sch\u00fctzen Sie Ihr Telefon mit dieser robusten, doppellagigen H\u00fclle. Die sto\u00dffeste Schale und die sto\u00dfabsorbierende. Farbenfrohes Design von Friform Studio.\",\"breadcrumb\":{\"@id\":\"https:\/\/focusdesign.store\/de\/produkt\/robuste-tasche-fuer-iphone-2\/#breadcrumb\"},\"inLanguage\":\"de\",\"potentialAction\":[{\"@type\":\"ReadAction\",\"target\":[\"https:\/\/focusdesign.store\/de\/produkt\/robuste-tasche-fuer-iphone-2\/\"]}]},{\"@type\":\"ImageObject\",\"inLanguage\":\"de\",\"@id\":\"https:\/\/focusdesign.store\/de\/produkt\/robuste-tasche-fuer-iphone-2\/#primaryimage\",\"url\":\"https:\/\/focusdesign.store\/wp-content\/uploads\/2025\/03\/Leaf_Iphone-ToughCase_16ProMax.jpg\",\"contentUrl\":\"https:\/\/focusdesign.store\/wp-content\/uploads\/2025\/03\/Leaf_Iphone-ToughCase_16ProMax.jpg\",\"width\":1900,\"height\":1200},{\"@type\":\"BreadcrumbList\",\"@id\":\"https:\/\/focusdesign.store\/de\/produkt\/robuste-tasche-fuer-iphone-2\/#breadcrumb\",\"itemListElement\":[{\"@type\":\"ListItem\",\"position\":1,\"name\":\"Hem\",\"item\":\"https:\/\/focusdesign.store\/de\/\"},{\"@type\":\"ListItem\",\"position\":2,\"name\":\"Shop\",\"item\":\"https:\/\/focusdesign.store\/shop\/\"},{\"@type\":\"ListItem\",\"position\":3,\"name\":\"Robuste Tasche &#8220;Leaf&#8221; f\u00fcr iPhone\u00ae\"}]},{\"@type\":\"WebSite\",\"@id\":\"https:\/\/focusdesign.store\/de\/#website\",\"url\":\"https:\/\/focusdesign.store\/de\/\",\"name\":\"Focus Design Store\",\"description\":\"Fine Art Prints &amp; Design \u2013 for home and living\",\"potentialAction\":[{\"@type\":\"SearchAction\",\"target\":{\"@type\":\"EntryPoint\",\"urlTemplate\":\"https:\/\/focusdesign.store\/de\/?s={search_term_string}\"},\"query-input\":{\"@type\":\"PropertyValueSpecification\",\"valueRequired\":true,\"valueName\":\"search_term_string\"}}],\"inLanguage\":\"de\"}]}<\/script>\n<!-- \/ Yoast SEO plugin. -->","yoast_head_json":{"title":"Robuste Tasche \"Leaf\" f\u00fcr iPhone\u00ae - Focus Design Store","description":"Sch\u00fctzen Sie Ihr Telefon mit dieser robusten, doppellagigen H\u00fclle. Die sto\u00dffeste Schale und die sto\u00dfabsorbierende. Farbenfrohes Design von Friform Studio.","robots":{"index":"index","follow":"follow","max-snippet":"max-snippet:-1","max-image-preview":"max-image-preview:large","max-video-preview":"max-video-preview:-1"},"canonical":"https:\/\/focusdesign.store\/de\/produkt\/robuste-tasche-fuer-iphone-2\/","og_locale":"de_DE","og_type":"article","og_title":"Robuste Tasche \"Leaf\" f\u00fcr iPhone\u00ae - Focus Design Store","og_description":"Sch\u00fctzen Sie Ihr Telefon mit dieser robusten, doppellagigen H\u00fclle. Die sto\u00dffeste Schale und die sto\u00dfabsorbierende. Farbenfrohes Design von Friform Studio.","og_url":"https:\/\/focusdesign.store\/de\/produkt\/robuste-tasche-fuer-iphone-2\/","og_site_name":"Focus Design Store","article_modified_time":"2025-05-10T09:15:28+00:00","og_image":[{"width":1900,"height":1200,"url":"https:\/\/focusdesign.store\/wp-content\/uploads\/2025\/03\/Leaf_Iphone-ToughCase_16ProMax.jpg","type":"image\/jpeg"}],"twitter_card":"summary_large_image","twitter_misc":{"Gesch\u00e4tzte Lesezeit":"1\u00a0Minute"},"schema":{"@context":"https:\/\/schema.org","@graph":[{"@type":"WebPage","@id":"https:\/\/focusdesign.store\/de\/produkt\/robuste-tasche-fuer-iphone-2\/","url":"https:\/\/focusdesign.store\/de\/produkt\/robuste-tasche-fuer-iphone-2\/","name":"Robuste Tasche \"Leaf\" f\u00fcr iPhone\u00ae - Focus Design Store","isPartOf":{"@id":"https:\/\/focusdesign.store\/de\/#website"},"primaryImageOfPage":{"@id":"https:\/\/focusdesign.store\/de\/produkt\/robuste-tasche-fuer-iphone-2\/#primaryimage"},"image":{"@id":"https:\/\/focusdesign.store\/de\/produkt\/robuste-tasche-fuer-iphone-2\/#primaryimage"},"thumbnailUrl":"https:\/\/focusdesign.store\/wp-content\/uploads\/2025\/03\/Leaf_Iphone-ToughCase_16ProMax.jpg","datePublished":"2025-03-24T10:28:48+00:00","dateModified":"2025-05-10T09:15:28+00:00","description":"Sch\u00fctzen Sie Ihr Telefon mit dieser robusten, doppellagigen H\u00fclle. Die sto\u00dffeste Schale und die sto\u00dfabsorbierende. Farbenfrohes Design von Friform Studio.","breadcrumb":{"@id":"https:\/\/focusdesign.store\/de\/produkt\/robuste-tasche-fuer-iphone-2\/#breadcrumb"},"inLanguage":"de","potentialAction":[{"@type":"ReadAction","target":["https:\/\/focusdesign.store\/de\/produkt\/robuste-tasche-fuer-iphone-2\/"]}]},{"@type":"ImageObject","inLanguage":"de","@id":"https:\/\/focusdesign.store\/de\/produkt\/robuste-tasche-fuer-iphone-2\/#primaryimage","url":"https:\/\/focusdesign.store\/wp-content\/uploads\/2025\/03\/Leaf_Iphone-ToughCase_16ProMax.jpg","contentUrl":"https:\/\/focusdesign.store\/wp-content\/uploads\/2025\/03\/Leaf_Iphone-ToughCase_16ProMax.jpg","width":1900,"height":1200},{"@type":"BreadcrumbList","@id":"https:\/\/focusdesign.store\/de\/produkt\/robuste-tasche-fuer-iphone-2\/#breadcrumb","itemListElement":[{"@type":"ListItem","position":1,"name":"Hem","item":"https:\/\/focusdesign.store\/de\/"},{"@type":"ListItem","position":2,"name":"Shop","item":"https:\/\/focusdesign.store\/shop\/"},{"@type":"ListItem","position":3,"name":"Robuste Tasche &#8220;Leaf&#8221; f\u00fcr iPhone\u00ae"}]},{"@type":"WebSite","@id":"https:\/\/focusdesign.store\/de\/#website","url":"https:\/\/focusdesign.store\/de\/","name":"Focus Design Store","description":"Fine Art Prints &amp; Design \u2013 for home and living","potentialAction":[{"@type":"SearchAction","target":{"@type":"EntryPoint","urlTemplate":"https:\/\/focusdesign.store\/de\/?s={search_term_string}"},"query-input":{"@type":"PropertyValueSpecification","valueRequired":true,"valueName":"search_term_string"}}],"inLanguage":"de"}]}},"jetpack_sharing_enabled":true,"_links":{"self":[{"href":"https:\/\/focusdesign.store\/de\/wp-json\/wp\/v2\/product\/275316","targetHints":{"allow":["GET"]}}],"collection":[{"href":"https:\/\/focusdesign.store\/de\/wp-json\/wp\/v2\/product"}],"about":[{"href":"https:\/\/focusdesign.store\/de\/wp-json\/wp\/v2\/types\/product"}],"replies":[{"embeddable":true,"href":"https:\/\/focusdesign.store\/de\/wp-json\/wp\/v2\/comments?post=275316"}],"wp:featuredmedia":[{"embeddable":true,"href":"https:\/\/focusdesign.store\/de\/wp-json\/wp\/v2\/media\/275778"}],"wp:attachment":[{"href":"https:\/\/focusdesign.store\/de\/wp-json\/wp\/v2\/media?parent=275316"}],"wp:term":[{"taxonomy":"product_brand","embeddable":true,"href":"https:\/\/focusdesign.store\/de\/wp-json\/wp\/v2\/product_brand?post=275316"},{"taxonomy":"product_cat","embeddable":true,"href":"https:\/\/focusdesign.store\/de\/wp-json\/wp\/v2\/product_cat?post=275316"},{"taxonomy":"product_tag","embeddable":true,"href":"https:\/\/focusdesign.store\/de\/wp-json\/wp\/v2\/product_tag?post=275316"}],"curies":[{"name":"wp","href":"https:\/\/api.w.org\/{rel}","templated":true}]}}