{"id":275949,"date":"2025-03-25T10:35:38","date_gmt":"2025-03-25T10:35:38","guid":{"rendered":"https:\/\/focusdesign.store\/product\/unisex-bio-raglan-sweatshirt-3\/"},"modified":"2025-05-10T09:13:52","modified_gmt":"2025-05-10T09:13:52","slug":"unisex-bio-raglan-sweatshirt-3","status":"publish","type":"product","link":"https:\/\/focusdesign.store\/de\/produkt\/unisex-bio-raglan-sweatshirt-3\/","title":{"rendered":"&#8222;Retro Studio&#8220; Sweatshirt"},"content":{"rendered":"<p>Unisex Bio-Raglan-Sweatshirt. Das Innenfutter aus geb\u00fcrstetem Fleece gibt Ihnen das Gef\u00fchl, von einer Wolke der Weichheit umh\u00fcllt zu sein &#8230; und die Au\u00dfenseite aus 100 % Baumwolle sorgt f\u00fcr ein weiches Gef\u00fchl auf der Haut.<\/p>\n<p>&#8211;<\/p>\n<h6>Au\u00dfen 100% Bio-Baumwolle \/ Charcoal Melange: 60% Bio-Baumwolle, 40% recyceltes Polyester \/ Innen 80% Bio-Baumwolle, 20% recyceltes Polyester \/ Rippen aus 97% Bio-Baumwolle, 3% Elastan \/ Stoffgewicht: 8,3 oz\/yd\u00b2 (280 g\/m\u00b2) \/ Stoffgewicht f\u00fcr Charcoal Melange: 348 g\/m\u00b2 (10,3 oz\/yd\u00b2) \/ Seitlich gen\u00e4ht \/ Raglan\u00e4rmel \/ Nackenband \/ Geb\u00fcrstetes Fleecefutter \/ 2 \u00d7 2 gerippte B\u00fcndchen, Kragen und Saum<\/h6>\n<h6><strong>Haftungsausschluss:<\/strong> US-Kunden sollten eine Nummer gr\u00f6\u00dfer bestellen, da die EU-Gr\u00f6\u00dfen f\u00fcr diesen Anbieter einer kleineren Gr\u00f6\u00dfe auf dem US-Markt entsprechen.<\/h6>\n","protected":false},"excerpt":{"rendered":"<h6>FRIFORM BIO UNISEX<\/h6>\n","protected":false},"featured_media":276026,"comment_status":"open","ping_status":"closed","template":"","meta":{"_et_pb_use_builder":"","_et_pb_old_content":"","_et_gb_content_width":"","inline_featured_image":false},"product_brand":[],"product_cat":[410,269],"product_tag":[273,271],"class_list":{"0":"post-275949","1":"product","2":"type-product","3":"status-publish","4":"has-post-thumbnail","6":"product_cat-grafik-sweatshirts","7":"product_cat-kleidung","8":"product_tag-frimind-design-de","9":"product_tag-kleidung-accessoires","11":"first","12":"instock","13":"taxable","14":"shipping-taxable","15":"purchasable","16":"product-type-variable","17":"has-default-attributes"},"yoast_head":"<!-- This site is optimized with the Yoast SEO plugin v25.3 - https:\/\/yoast.com\/wordpress\/plugins\/seo\/ -->\n<title>&quot;Retro Studio&quot; Sweatshirt - Focus Design Store<\/title>\n<meta name=\"description\" content=\"Unisex Bio-Raglan-Sweatshirt mit Vintage-Logoaufdruck. Das Fleece-Futter macht dieses Sweatshirt superweich und bequem.\" \/>\n<meta name=\"robots\" content=\"index, follow, max-snippet:-1, max-image-preview:large, max-video-preview:-1\" \/>\n<link rel=\"canonical\" href=\"https:\/\/focusdesign.store\/de\/produkt\/unisex-bio-raglan-sweatshirt-3\/\" \/>\n<meta property=\"og:locale\" content=\"de_DE\" \/>\n<meta property=\"og:type\" content=\"article\" \/>\n<meta property=\"og:title\" content=\"&quot;Retro Studio&quot; Sweatshirt - Focus Design Store\" \/>\n<meta property=\"og:description\" content=\"Unisex Bio-Raglan-Sweatshirt mit Vintage-Logoaufdruck. Das Fleece-Futter macht dieses Sweatshirt superweich und bequem.\" \/>\n<meta property=\"og:url\" content=\"https:\/\/focusdesign.store\/de\/produkt\/unisex-bio-raglan-sweatshirt-3\/\" \/>\n<meta property=\"og:site_name\" content=\"Focus Design Store\" \/>\n<meta property=\"article:modified_time\" content=\"2025-05-10T09:13:52+00:00\" \/>\n<meta property=\"og:image\" content=\"https:\/\/focusdesign.store\/wp-content\/uploads\/2025\/03\/RetroStudio_Orange_ProductImage.jpg\" \/>\n\t<meta property=\"og:image:width\" content=\"1900\" \/>\n\t<meta property=\"og:image:height\" content=\"1200\" \/>\n\t<meta property=\"og:image:type\" content=\"image\/jpeg\" \/>\n<meta name=\"twitter:card\" content=\"summary_large_image\" \/>\n<meta name=\"twitter:label1\" content=\"Gesch\u00e4tzte Lesezeit\" \/>\n\t<meta name=\"twitter:data1\" content=\"1\u00a0Minute\" \/>\n<script type=\"application\/ld+json\" class=\"yoast-schema-graph\">{\"@context\":\"https:\/\/schema.org\",\"@graph\":[{\"@type\":\"WebPage\",\"@id\":\"https:\/\/focusdesign.store\/de\/produkt\/unisex-bio-raglan-sweatshirt-3\/\",\"url\":\"https:\/\/focusdesign.store\/de\/produkt\/unisex-bio-raglan-sweatshirt-3\/\",\"name\":\"\\\"Retro Studio\\\" Sweatshirt - Focus Design Store\",\"isPartOf\":{\"@id\":\"https:\/\/focusdesign.store\/de\/#website\"},\"primaryImageOfPage\":{\"@id\":\"https:\/\/focusdesign.store\/de\/produkt\/unisex-bio-raglan-sweatshirt-3\/#primaryimage\"},\"image\":{\"@id\":\"https:\/\/focusdesign.store\/de\/produkt\/unisex-bio-raglan-sweatshirt-3\/#primaryimage\"},\"thumbnailUrl\":\"https:\/\/focusdesign.store\/wp-content\/uploads\/2025\/03\/RetroStudio_Orange_ProductImage.jpg\",\"datePublished\":\"2025-03-25T10:35:38+00:00\",\"dateModified\":\"2025-05-10T09:13:52+00:00\",\"description\":\"Unisex Bio-Raglan-Sweatshirt mit Vintage-Logoaufdruck. Das Fleece-Futter macht dieses Sweatshirt superweich und bequem.\",\"breadcrumb\":{\"@id\":\"https:\/\/focusdesign.store\/de\/produkt\/unisex-bio-raglan-sweatshirt-3\/#breadcrumb\"},\"inLanguage\":\"de\",\"potentialAction\":[{\"@type\":\"ReadAction\",\"target\":[\"https:\/\/focusdesign.store\/de\/produkt\/unisex-bio-raglan-sweatshirt-3\/\"]}]},{\"@type\":\"ImageObject\",\"inLanguage\":\"de\",\"@id\":\"https:\/\/focusdesign.store\/de\/produkt\/unisex-bio-raglan-sweatshirt-3\/#primaryimage\",\"url\":\"https:\/\/focusdesign.store\/wp-content\/uploads\/2025\/03\/RetroStudio_Orange_ProductImage.jpg\",\"contentUrl\":\"https:\/\/focusdesign.store\/wp-content\/uploads\/2025\/03\/RetroStudio_Orange_ProductImage.jpg\",\"width\":1900,\"height\":1200},{\"@type\":\"BreadcrumbList\",\"@id\":\"https:\/\/focusdesign.store\/de\/produkt\/unisex-bio-raglan-sweatshirt-3\/#breadcrumb\",\"itemListElement\":[{\"@type\":\"ListItem\",\"position\":1,\"name\":\"Hem\",\"item\":\"https:\/\/focusdesign.store\/de\/\"},{\"@type\":\"ListItem\",\"position\":2,\"name\":\"Shop\",\"item\":\"https:\/\/focusdesign.store\/shop\/\"},{\"@type\":\"ListItem\",\"position\":3,\"name\":\"&#8220;Retro Studio&#8221; Sweatshirt\"}]},{\"@type\":\"WebSite\",\"@id\":\"https:\/\/focusdesign.store\/de\/#website\",\"url\":\"https:\/\/focusdesign.store\/de\/\",\"name\":\"Focus Design Store\",\"description\":\"Fine Art Prints &amp; Design \u2013 for home and living\",\"potentialAction\":[{\"@type\":\"SearchAction\",\"target\":{\"@type\":\"EntryPoint\",\"urlTemplate\":\"https:\/\/focusdesign.store\/de\/?s={search_term_string}\"},\"query-input\":{\"@type\":\"PropertyValueSpecification\",\"valueRequired\":true,\"valueName\":\"search_term_string\"}}],\"inLanguage\":\"de\"}]}<\/script>\n<!-- \/ Yoast SEO plugin. -->","yoast_head_json":{"title":"\"Retro Studio\" Sweatshirt - Focus Design Store","description":"Unisex Bio-Raglan-Sweatshirt mit Vintage-Logoaufdruck. Das Fleece-Futter macht dieses Sweatshirt superweich und bequem.","robots":{"index":"index","follow":"follow","max-snippet":"max-snippet:-1","max-image-preview":"max-image-preview:large","max-video-preview":"max-video-preview:-1"},"canonical":"https:\/\/focusdesign.store\/de\/produkt\/unisex-bio-raglan-sweatshirt-3\/","og_locale":"de_DE","og_type":"article","og_title":"\"Retro Studio\" Sweatshirt - Focus Design Store","og_description":"Unisex Bio-Raglan-Sweatshirt mit Vintage-Logoaufdruck. Das Fleece-Futter macht dieses Sweatshirt superweich und bequem.","og_url":"https:\/\/focusdesign.store\/de\/produkt\/unisex-bio-raglan-sweatshirt-3\/","og_site_name":"Focus Design Store","article_modified_time":"2025-05-10T09:13:52+00:00","og_image":[{"width":1900,"height":1200,"url":"https:\/\/focusdesign.store\/wp-content\/uploads\/2025\/03\/RetroStudio_Orange_ProductImage.jpg","type":"image\/jpeg"}],"twitter_card":"summary_large_image","twitter_misc":{"Gesch\u00e4tzte Lesezeit":"1\u00a0Minute"},"schema":{"@context":"https:\/\/schema.org","@graph":[{"@type":"WebPage","@id":"https:\/\/focusdesign.store\/de\/produkt\/unisex-bio-raglan-sweatshirt-3\/","url":"https:\/\/focusdesign.store\/de\/produkt\/unisex-bio-raglan-sweatshirt-3\/","name":"\"Retro Studio\" Sweatshirt - Focus Design Store","isPartOf":{"@id":"https:\/\/focusdesign.store\/de\/#website"},"primaryImageOfPage":{"@id":"https:\/\/focusdesign.store\/de\/produkt\/unisex-bio-raglan-sweatshirt-3\/#primaryimage"},"image":{"@id":"https:\/\/focusdesign.store\/de\/produkt\/unisex-bio-raglan-sweatshirt-3\/#primaryimage"},"thumbnailUrl":"https:\/\/focusdesign.store\/wp-content\/uploads\/2025\/03\/RetroStudio_Orange_ProductImage.jpg","datePublished":"2025-03-25T10:35:38+00:00","dateModified":"2025-05-10T09:13:52+00:00","description":"Unisex Bio-Raglan-Sweatshirt mit Vintage-Logoaufdruck. Das Fleece-Futter macht dieses Sweatshirt superweich und bequem.","breadcrumb":{"@id":"https:\/\/focusdesign.store\/de\/produkt\/unisex-bio-raglan-sweatshirt-3\/#breadcrumb"},"inLanguage":"de","potentialAction":[{"@type":"ReadAction","target":["https:\/\/focusdesign.store\/de\/produkt\/unisex-bio-raglan-sweatshirt-3\/"]}]},{"@type":"ImageObject","inLanguage":"de","@id":"https:\/\/focusdesign.store\/de\/produkt\/unisex-bio-raglan-sweatshirt-3\/#primaryimage","url":"https:\/\/focusdesign.store\/wp-content\/uploads\/2025\/03\/RetroStudio_Orange_ProductImage.jpg","contentUrl":"https:\/\/focusdesign.store\/wp-content\/uploads\/2025\/03\/RetroStudio_Orange_ProductImage.jpg","width":1900,"height":1200},{"@type":"BreadcrumbList","@id":"https:\/\/focusdesign.store\/de\/produkt\/unisex-bio-raglan-sweatshirt-3\/#breadcrumb","itemListElement":[{"@type":"ListItem","position":1,"name":"Hem","item":"https:\/\/focusdesign.store\/de\/"},{"@type":"ListItem","position":2,"name":"Shop","item":"https:\/\/focusdesign.store\/shop\/"},{"@type":"ListItem","position":3,"name":"&#8220;Retro Studio&#8221; Sweatshirt"}]},{"@type":"WebSite","@id":"https:\/\/focusdesign.store\/de\/#website","url":"https:\/\/focusdesign.store\/de\/","name":"Focus Design Store","description":"Fine Art Prints &amp; Design \u2013 for home and living","potentialAction":[{"@type":"SearchAction","target":{"@type":"EntryPoint","urlTemplate":"https:\/\/focusdesign.store\/de\/?s={search_term_string}"},"query-input":{"@type":"PropertyValueSpecification","valueRequired":true,"valueName":"search_term_string"}}],"inLanguage":"de"}]}},"jetpack_sharing_enabled":true,"_links":{"self":[{"href":"https:\/\/focusdesign.store\/de\/wp-json\/wp\/v2\/product\/275949","targetHints":{"allow":["GET"]}}],"collection":[{"href":"https:\/\/focusdesign.store\/de\/wp-json\/wp\/v2\/product"}],"about":[{"href":"https:\/\/focusdesign.store\/de\/wp-json\/wp\/v2\/types\/product"}],"replies":[{"embeddable":true,"href":"https:\/\/focusdesign.store\/de\/wp-json\/wp\/v2\/comments?post=275949"}],"wp:featuredmedia":[{"embeddable":true,"href":"https:\/\/focusdesign.store\/de\/wp-json\/wp\/v2\/media\/276026"}],"wp:attachment":[{"href":"https:\/\/focusdesign.store\/de\/wp-json\/wp\/v2\/media?parent=275949"}],"wp:term":[{"taxonomy":"product_brand","embeddable":true,"href":"https:\/\/focusdesign.store\/de\/wp-json\/wp\/v2\/product_brand?post=275949"},{"taxonomy":"product_cat","embeddable":true,"href":"https:\/\/focusdesign.store\/de\/wp-json\/wp\/v2\/product_cat?post=275949"},{"taxonomy":"product_tag","embeddable":true,"href":"https:\/\/focusdesign.store\/de\/wp-json\/wp\/v2\/product_tag?post=275949"}],"curies":[{"name":"wp","href":"https:\/\/api.w.org\/{rel}","templated":true}]}}