{"id":275985,"date":"2025-03-25T11:03:19","date_gmt":"2025-03-25T11:03:19","guid":{"rendered":"https:\/\/focusdesign.store\/product\/unisex-t-shirt-aus-bio-baumwolle-3\/"},"modified":"2026-02-04T13:09:24","modified_gmt":"2026-02-04T13:09:24","slug":"unisex-t-shirt-aus-bio-baumwolle-3","status":"publish","type":"product","link":"https:\/\/focusdesign.store\/de\/produkt\/unisex-t-shirt-aus-bio-baumwolle-3\/","title":{"rendered":"&#8222;Retro Studio&#8220; T-Shirt"},"content":{"rendered":"<p>Unisex-T-Shirt aus 100% organischer, ringgesponnener Baumwolle. Es ist hochwertig, superbequem und vor allem umweltfreundlich.<\/p>\n<p>&#8211;<\/p>\n<h6>100% \u00f6kologische ringgesponnene Baumwolle \/ Gewicht: 180 g\/m\u00b2 \/ Single Jersey \/ Mittlere Passform \/ Eingesetzte \u00c4rmel \/ 1 \u00d7 1 Rippe am Kragen \/ Breite Doppelnaht an den \u00c4rmeln und am unteren Saum \/ Selbstgestricktes Nackenband (innen, hinten im Nacken)<\/h6>\n<h6>Die Gr\u00f6\u00dfen entsprechen einer kleineren Gr\u00f6\u00dfe auf dem US-Markt, daher sollten US-Kunden eine Nummer gr\u00f6\u00dfer bestellen.<\/h6>\n","protected":false},"excerpt":{"rendered":"<h6>FRIFORM BIO UNISEX<\/h6>\n","protected":false},"featured_media":276010,"comment_status":"open","ping_status":"closed","template":"","meta":{"_et_pb_use_builder":"","_et_pb_old_content":"","_et_gb_content_width":"","inline_featured_image":false},"product_brand":[],"product_cat":[438,269],"product_tag":[273,271],"class_list":{"0":"post-275985","1":"product","2":"type-product","3":"status-publish","4":"has-post-thumbnail","6":"product_cat-grafik-t-shirts","7":"product_cat-kleidung","8":"product_tag-frimind-design-de","9":"product_tag-kleidung-accessoires","10":"product_shipping_class-clothes-de","12":"first","13":"instock","14":"taxable","15":"shipping-taxable","16":"purchasable","17":"product-type-variable","18":"has-default-attributes"},"yoast_head":"<!-- This site is optimized with the Yoast SEO plugin v25.3 - https:\/\/yoast.com\/wordpress\/plugins\/seo\/ -->\n<title>&quot;Retro Studio&quot; T-Shirt - Focus Design Store<\/title>\n<meta name=\"description\" content=\"Unisex-T-Shirt aus 100% organischer, ringgesponnener Baumwolle. Es ist hochwertig, superbequem und vor allem umweltfreundlich. Vintage-Schriftzug.\" \/>\n<meta name=\"robots\" content=\"index, follow, max-snippet:-1, max-image-preview:large, max-video-preview:-1\" \/>\n<link rel=\"canonical\" href=\"https:\/\/focusdesign.store\/de\/produkt\/unisex-t-shirt-aus-bio-baumwolle-3\/\" \/>\n<meta property=\"og:locale\" content=\"de_DE\" \/>\n<meta property=\"og:type\" content=\"article\" \/>\n<meta property=\"og:title\" content=\"&quot;Retro Studio&quot; T-Shirt - Focus Design Store\" \/>\n<meta property=\"og:description\" content=\"Unisex-T-Shirt aus 100% organischer, ringgesponnener Baumwolle. Es ist hochwertig, superbequem und vor allem umweltfreundlich. Vintage-Schriftzug.\" \/>\n<meta property=\"og:url\" content=\"https:\/\/focusdesign.store\/de\/produkt\/unisex-t-shirt-aus-bio-baumwolle-3\/\" \/>\n<meta property=\"og:site_name\" content=\"Focus Design Store\" \/>\n<meta property=\"article:modified_time\" content=\"2026-02-04T13:09:24+00:00\" \/>\n<meta property=\"og:image\" content=\"https:\/\/focusdesign.store\/wp-content\/uploads\/2025\/03\/RetroStudio_Grey_T-Shirts.jpg\" \/>\n\t<meta property=\"og:image:width\" content=\"1900\" \/>\n\t<meta property=\"og:image:height\" content=\"1200\" \/>\n\t<meta property=\"og:image:type\" content=\"image\/jpeg\" \/>\n<meta name=\"twitter:card\" content=\"summary_large_image\" \/>\n<meta name=\"twitter:label1\" content=\"Gesch\u00e4tzte Lesezeit\" \/>\n\t<meta name=\"twitter:data1\" content=\"1\u00a0Minute\" \/>\n<script type=\"application\/ld+json\" class=\"yoast-schema-graph\">{\"@context\":\"https:\/\/schema.org\",\"@graph\":[{\"@type\":\"WebPage\",\"@id\":\"https:\/\/focusdesign.store\/de\/produkt\/unisex-t-shirt-aus-bio-baumwolle-3\/\",\"url\":\"https:\/\/focusdesign.store\/de\/produkt\/unisex-t-shirt-aus-bio-baumwolle-3\/\",\"name\":\"\\\"Retro Studio\\\" T-Shirt - Focus Design Store\",\"isPartOf\":{\"@id\":\"https:\/\/focusdesign.store\/de\/#website\"},\"primaryImageOfPage\":{\"@id\":\"https:\/\/focusdesign.store\/de\/produkt\/unisex-t-shirt-aus-bio-baumwolle-3\/#primaryimage\"},\"image\":{\"@id\":\"https:\/\/focusdesign.store\/de\/produkt\/unisex-t-shirt-aus-bio-baumwolle-3\/#primaryimage\"},\"thumbnailUrl\":\"https:\/\/focusdesign.store\/wp-content\/uploads\/2025\/03\/RetroStudio_Grey_T-Shirts.jpg\",\"datePublished\":\"2025-03-25T11:03:19+00:00\",\"dateModified\":\"2026-02-04T13:09:24+00:00\",\"description\":\"Unisex-T-Shirt aus 100% organischer, ringgesponnener Baumwolle. Es ist hochwertig, superbequem und vor allem umweltfreundlich. Vintage-Schriftzug.\",\"breadcrumb\":{\"@id\":\"https:\/\/focusdesign.store\/de\/produkt\/unisex-t-shirt-aus-bio-baumwolle-3\/#breadcrumb\"},\"inLanguage\":\"de\",\"potentialAction\":[{\"@type\":\"ReadAction\",\"target\":[\"https:\/\/focusdesign.store\/de\/produkt\/unisex-t-shirt-aus-bio-baumwolle-3\/\"]}]},{\"@type\":\"ImageObject\",\"inLanguage\":\"de\",\"@id\":\"https:\/\/focusdesign.store\/de\/produkt\/unisex-t-shirt-aus-bio-baumwolle-3\/#primaryimage\",\"url\":\"https:\/\/focusdesign.store\/wp-content\/uploads\/2025\/03\/RetroStudio_Grey_T-Shirts.jpg\",\"contentUrl\":\"https:\/\/focusdesign.store\/wp-content\/uploads\/2025\/03\/RetroStudio_Grey_T-Shirts.jpg\",\"width\":1900,\"height\":1200},{\"@type\":\"BreadcrumbList\",\"@id\":\"https:\/\/focusdesign.store\/de\/produkt\/unisex-t-shirt-aus-bio-baumwolle-3\/#breadcrumb\",\"itemListElement\":[{\"@type\":\"ListItem\",\"position\":1,\"name\":\"Hem\",\"item\":\"https:\/\/focusdesign.store\/de\/\"},{\"@type\":\"ListItem\",\"position\":2,\"name\":\"Shop\",\"item\":\"https:\/\/focusdesign.store\/shop\/\"},{\"@type\":\"ListItem\",\"position\":3,\"name\":\"&#8222;Retro Studio&#8220; T-Shirt\"}]},{\"@type\":\"WebSite\",\"@id\":\"https:\/\/focusdesign.store\/de\/#website\",\"url\":\"https:\/\/focusdesign.store\/de\/\",\"name\":\"Focus Design Store\",\"description\":\"Fine Art Prints &amp; Design \u2013 for home and living\",\"potentialAction\":[{\"@type\":\"SearchAction\",\"target\":{\"@type\":\"EntryPoint\",\"urlTemplate\":\"https:\/\/focusdesign.store\/de\/?s={search_term_string}\"},\"query-input\":{\"@type\":\"PropertyValueSpecification\",\"valueRequired\":true,\"valueName\":\"search_term_string\"}}],\"inLanguage\":\"de\"}]}<\/script>\n<!-- \/ Yoast SEO plugin. -->","yoast_head_json":{"title":"\"Retro Studio\" T-Shirt - Focus Design Store","description":"Unisex-T-Shirt aus 100% organischer, ringgesponnener Baumwolle. Es ist hochwertig, superbequem und vor allem umweltfreundlich. Vintage-Schriftzug.","robots":{"index":"index","follow":"follow","max-snippet":"max-snippet:-1","max-image-preview":"max-image-preview:large","max-video-preview":"max-video-preview:-1"},"canonical":"https:\/\/focusdesign.store\/de\/produkt\/unisex-t-shirt-aus-bio-baumwolle-3\/","og_locale":"de_DE","og_type":"article","og_title":"\"Retro Studio\" T-Shirt - Focus Design Store","og_description":"Unisex-T-Shirt aus 100% organischer, ringgesponnener Baumwolle. Es ist hochwertig, superbequem und vor allem umweltfreundlich. Vintage-Schriftzug.","og_url":"https:\/\/focusdesign.store\/de\/produkt\/unisex-t-shirt-aus-bio-baumwolle-3\/","og_site_name":"Focus Design Store","article_modified_time":"2026-02-04T13:09:24+00:00","og_image":[{"width":1900,"height":1200,"url":"https:\/\/focusdesign.store\/wp-content\/uploads\/2025\/03\/RetroStudio_Grey_T-Shirts.jpg","type":"image\/jpeg"}],"twitter_card":"summary_large_image","twitter_misc":{"Gesch\u00e4tzte Lesezeit":"1\u00a0Minute"},"schema":{"@context":"https:\/\/schema.org","@graph":[{"@type":"WebPage","@id":"https:\/\/focusdesign.store\/de\/produkt\/unisex-t-shirt-aus-bio-baumwolle-3\/","url":"https:\/\/focusdesign.store\/de\/produkt\/unisex-t-shirt-aus-bio-baumwolle-3\/","name":"\"Retro Studio\" T-Shirt - Focus Design Store","isPartOf":{"@id":"https:\/\/focusdesign.store\/de\/#website"},"primaryImageOfPage":{"@id":"https:\/\/focusdesign.store\/de\/produkt\/unisex-t-shirt-aus-bio-baumwolle-3\/#primaryimage"},"image":{"@id":"https:\/\/focusdesign.store\/de\/produkt\/unisex-t-shirt-aus-bio-baumwolle-3\/#primaryimage"},"thumbnailUrl":"https:\/\/focusdesign.store\/wp-content\/uploads\/2025\/03\/RetroStudio_Grey_T-Shirts.jpg","datePublished":"2025-03-25T11:03:19+00:00","dateModified":"2026-02-04T13:09:24+00:00","description":"Unisex-T-Shirt aus 100% organischer, ringgesponnener Baumwolle. Es ist hochwertig, superbequem und vor allem umweltfreundlich. Vintage-Schriftzug.","breadcrumb":{"@id":"https:\/\/focusdesign.store\/de\/produkt\/unisex-t-shirt-aus-bio-baumwolle-3\/#breadcrumb"},"inLanguage":"de","potentialAction":[{"@type":"ReadAction","target":["https:\/\/focusdesign.store\/de\/produkt\/unisex-t-shirt-aus-bio-baumwolle-3\/"]}]},{"@type":"ImageObject","inLanguage":"de","@id":"https:\/\/focusdesign.store\/de\/produkt\/unisex-t-shirt-aus-bio-baumwolle-3\/#primaryimage","url":"https:\/\/focusdesign.store\/wp-content\/uploads\/2025\/03\/RetroStudio_Grey_T-Shirts.jpg","contentUrl":"https:\/\/focusdesign.store\/wp-content\/uploads\/2025\/03\/RetroStudio_Grey_T-Shirts.jpg","width":1900,"height":1200},{"@type":"BreadcrumbList","@id":"https:\/\/focusdesign.store\/de\/produkt\/unisex-t-shirt-aus-bio-baumwolle-3\/#breadcrumb","itemListElement":[{"@type":"ListItem","position":1,"name":"Hem","item":"https:\/\/focusdesign.store\/de\/"},{"@type":"ListItem","position":2,"name":"Shop","item":"https:\/\/focusdesign.store\/shop\/"},{"@type":"ListItem","position":3,"name":"&#8222;Retro Studio&#8220; T-Shirt"}]},{"@type":"WebSite","@id":"https:\/\/focusdesign.store\/de\/#website","url":"https:\/\/focusdesign.store\/de\/","name":"Focus Design Store","description":"Fine Art Prints &amp; Design \u2013 for home and living","potentialAction":[{"@type":"SearchAction","target":{"@type":"EntryPoint","urlTemplate":"https:\/\/focusdesign.store\/de\/?s={search_term_string}"},"query-input":{"@type":"PropertyValueSpecification","valueRequired":true,"valueName":"search_term_string"}}],"inLanguage":"de"}]}},"jetpack_sharing_enabled":true,"_links":{"self":[{"href":"https:\/\/focusdesign.store\/de\/wp-json\/wp\/v2\/product\/275985","targetHints":{"allow":["GET"]}}],"collection":[{"href":"https:\/\/focusdesign.store\/de\/wp-json\/wp\/v2\/product"}],"about":[{"href":"https:\/\/focusdesign.store\/de\/wp-json\/wp\/v2\/types\/product"}],"replies":[{"embeddable":true,"href":"https:\/\/focusdesign.store\/de\/wp-json\/wp\/v2\/comments?post=275985"}],"wp:featuredmedia":[{"embeddable":true,"href":"https:\/\/focusdesign.store\/de\/wp-json\/wp\/v2\/media\/276010"}],"wp:attachment":[{"href":"https:\/\/focusdesign.store\/de\/wp-json\/wp\/v2\/media?parent=275985"}],"wp:term":[{"taxonomy":"product_brand","embeddable":true,"href":"https:\/\/focusdesign.store\/de\/wp-json\/wp\/v2\/product_brand?post=275985"},{"taxonomy":"product_cat","embeddable":true,"href":"https:\/\/focusdesign.store\/de\/wp-json\/wp\/v2\/product_cat?post=275985"},{"taxonomy":"product_tag","embeddable":true,"href":"https:\/\/focusdesign.store\/de\/wp-json\/wp\/v2\/product_tag?post=275985"}],"curies":[{"name":"wp","href":"https:\/\/api.w.org\/{rel}","templated":true}]}}