{"id":270631,"date":"2025-02-21T15:11:25","date_gmt":"2025-02-21T15:11:25","guid":{"rendered":"https:\/\/focusdesign.store\/product\/varmt-kvallsljus-04\/"},"modified":"2025-03-15T21:56:50","modified_gmt":"2025-03-15T21:56:50","slug":"varmt-kvallsljus-04","status":"publish","type":"product","link":"https:\/\/focusdesign.store\/sv\/produkt\/varmt-kvallsljus-04\/","title":{"rendered":"&#8221;Warm Evening Light 04&#8221;"},"content":{"rendered":"<p><strong>&#8221;Warm Evening Light 04&#8221;<\/p>\n<p><\/strong><\/p>\n<h6><strong>Begr\u00e4nsad upplaga<br \/>\n<\/strong>40&#215;50 cm &#8211; 35 tryck<br \/>\n60&#215;80 cm &#8211; 25 tryck<br \/>\n70&#215;100 cm &#8211; 15 tryck<br \/>\n<strong>Konstn\u00e4r <\/strong>:<a href=\"#Artist\">Emelie Palmcrantz<\/a><\/h6>\n<ul>\n<li><strong>Glic\u00e9e Fine Art Print.<\/strong><\/li>\n<li><strong>Papper:<\/strong> Hahnem\u00fcle German Etching 310 GSM.<\/li>\n<li>Levereras med ett <strong>\u00e4kthetscertifikat<\/strong>.<\/li>\n<li><strong>Alternativ f\u00f6r inramning:<\/strong> Svart, ek, vit.<\/li>\n<\/ul>\n","protected":false},"excerpt":{"rendered":"<p>&#8221;Warm Evening Light 04&#8221; Begr\u00e4nsad upplaga 40&#215;50 cm &#8211; 35 tryck 60&#215;80 cm &#8211; 25 tryck 70&#215;100 cm &#8211; 15 tryck Konstn\u00e4r :Emelie Palmcrantz Glic\u00e9e Fine Art Print. Papper: Hahnem\u00fcle German Etching 310 GSM. Levereras med ett \u00e4kthetscertifikat. Alternativ f\u00f6r inramning: Svart, ek, vit.<\/p>\n","protected":false},"featured_media":261432,"comment_status":"open","ping_status":"closed","template":"","meta":{"_et_pb_use_builder":"","_et_pb_old_content":"","_et_gb_content_width":"","inline_featured_image":false},"product_brand":[],"product_cat":[238,237],"product_tag":[],"class_list":{"0":"post-270631","1":"product","2":"type-product","3":"status-publish","4":"has-post-thumbnail","6":"product_cat-abstrakt","7":"product_cat-konsttryck","9":"first","10":"instock","11":"taxable","12":"shipping-taxable","13":"purchasable","14":"product-type-variable"},"yoast_head":"<!-- This site is optimized with the Yoast SEO plugin v25.3 - https:\/\/yoast.com\/wordpress\/plugins\/seo\/ -->\n<title>&quot;Warm Evening Light 04&quot; - Focus Design Store<\/title>\n<meta name=\"description\" content=\"Abstrakt konsttryck i stort format. Begr\u00e4nsad upplaga, signerad och numrerad. K\u00f6p endast print eller inramad f\u00e4rdig att h\u00e4nga, papper och ramar av gallerikvalitet.\" \/>\n<meta name=\"robots\" content=\"index, follow, max-snippet:-1, max-image-preview:large, max-video-preview:-1\" \/>\n<link rel=\"canonical\" href=\"https:\/\/focusdesign.store\/sv\/produkt\/varmt-kvallsljus-04\/\" \/>\n<meta property=\"og:locale\" content=\"sv_SE\" \/>\n<meta property=\"og:type\" content=\"article\" \/>\n<meta property=\"og:title\" content=\"&quot;Warm Evening Light 04&quot; - Focus Design Store\" \/>\n<meta property=\"og:description\" content=\"Abstrakt konsttryck i stort format. Begr\u00e4nsad upplaga, signerad och numrerad. K\u00f6p endast print eller inramad f\u00e4rdig att h\u00e4nga, papper och ramar av gallerikvalitet.\" \/>\n<meta property=\"og:url\" content=\"https:\/\/focusdesign.store\/sv\/produkt\/varmt-kvallsljus-04\/\" \/>\n<meta property=\"og:site_name\" content=\"Focus Design Store\" \/>\n<meta property=\"article:modified_time\" content=\"2025-03-15T21:56:50+00:00\" \/>\n<meta property=\"og:image\" content=\"https:\/\/focusdesign.store\/wp-content\/uploads\/2025\/02\/WarmEveningLight_04_70100_Black.jpg\" \/>\n\t<meta property=\"og:image:width\" content=\"1900\" \/>\n\t<meta property=\"og:image:height\" content=\"1200\" \/>\n\t<meta property=\"og:image:type\" content=\"image\/jpeg\" \/>\n<meta name=\"twitter:card\" content=\"summary_large_image\" \/>\n<script type=\"application\/ld+json\" class=\"yoast-schema-graph\">{\"@context\":\"https:\/\/schema.org\",\"@graph\":[{\"@type\":\"WebPage\",\"@id\":\"https:\/\/focusdesign.store\/sv\/produkt\/varmt-kvallsljus-04\/\",\"url\":\"https:\/\/focusdesign.store\/sv\/produkt\/varmt-kvallsljus-04\/\",\"name\":\"\\\"Warm Evening Light 04\\\" - Focus Design Store\",\"isPartOf\":{\"@id\":\"https:\/\/focusdesign.store\/sv\/#website\"},\"primaryImageOfPage\":{\"@id\":\"https:\/\/focusdesign.store\/sv\/produkt\/varmt-kvallsljus-04\/#primaryimage\"},\"image\":{\"@id\":\"https:\/\/focusdesign.store\/sv\/produkt\/varmt-kvallsljus-04\/#primaryimage\"},\"thumbnailUrl\":\"https:\/\/focusdesign.store\/wp-content\/uploads\/2025\/02\/WarmEveningLight_04_70100_Black.jpg\",\"datePublished\":\"2025-02-21T15:11:25+00:00\",\"dateModified\":\"2025-03-15T21:56:50+00:00\",\"description\":\"Abstrakt konsttryck i stort format. Begr\u00e4nsad upplaga, signerad och numrerad. K\u00f6p endast print eller inramad f\u00e4rdig att h\u00e4nga, papper och ramar av gallerikvalitet.\",\"breadcrumb\":{\"@id\":\"https:\/\/focusdesign.store\/sv\/produkt\/varmt-kvallsljus-04\/#breadcrumb\"},\"inLanguage\":\"sv-SE\",\"potentialAction\":[{\"@type\":\"ReadAction\",\"target\":[\"https:\/\/focusdesign.store\/sv\/produkt\/varmt-kvallsljus-04\/\"]}]},{\"@type\":\"ImageObject\",\"inLanguage\":\"sv-SE\",\"@id\":\"https:\/\/focusdesign.store\/sv\/produkt\/varmt-kvallsljus-04\/#primaryimage\",\"url\":\"https:\/\/focusdesign.store\/wp-content\/uploads\/2025\/02\/WarmEveningLight_04_70100_Black.jpg\",\"contentUrl\":\"https:\/\/focusdesign.store\/wp-content\/uploads\/2025\/02\/WarmEveningLight_04_70100_Black.jpg\",\"width\":1900,\"height\":1200},{\"@type\":\"BreadcrumbList\",\"@id\":\"https:\/\/focusdesign.store\/sv\/produkt\/varmt-kvallsljus-04\/#breadcrumb\",\"itemListElement\":[{\"@type\":\"ListItem\",\"position\":1,\"name\":\"Hem\",\"item\":\"https:\/\/focusdesign.store\/sv\/\"},{\"@type\":\"ListItem\",\"position\":2,\"name\":\"Butik\",\"item\":\"https:\/\/focusdesign.store\/shop\/\"},{\"@type\":\"ListItem\",\"position\":3,\"name\":\"&#8220;Warm Evening Light 04&#8221;\"}]},{\"@type\":\"WebSite\",\"@id\":\"https:\/\/focusdesign.store\/sv\/#website\",\"url\":\"https:\/\/focusdesign.store\/sv\/\",\"name\":\"Focus Design Store\",\"description\":\"Fine Art Prints &amp; Design \u2013 for home and living\",\"potentialAction\":[{\"@type\":\"SearchAction\",\"target\":{\"@type\":\"EntryPoint\",\"urlTemplate\":\"https:\/\/focusdesign.store\/sv\/?s={search_term_string}\"},\"query-input\":{\"@type\":\"PropertyValueSpecification\",\"valueRequired\":true,\"valueName\":\"search_term_string\"}}],\"inLanguage\":\"sv-SE\"}]}<\/script>\n<!-- \/ Yoast SEO plugin. -->","yoast_head_json":{"title":"\"Warm Evening Light 04\" - Focus Design Store","description":"Abstrakt konsttryck i stort format. Begr\u00e4nsad upplaga, signerad och numrerad. K\u00f6p endast print eller inramad f\u00e4rdig att h\u00e4nga, papper och ramar av gallerikvalitet.","robots":{"index":"index","follow":"follow","max-snippet":"max-snippet:-1","max-image-preview":"max-image-preview:large","max-video-preview":"max-video-preview:-1"},"canonical":"https:\/\/focusdesign.store\/sv\/produkt\/varmt-kvallsljus-04\/","og_locale":"sv_SE","og_type":"article","og_title":"\"Warm Evening Light 04\" - Focus Design Store","og_description":"Abstrakt konsttryck i stort format. Begr\u00e4nsad upplaga, signerad och numrerad. K\u00f6p endast print eller inramad f\u00e4rdig att h\u00e4nga, papper och ramar av gallerikvalitet.","og_url":"https:\/\/focusdesign.store\/sv\/produkt\/varmt-kvallsljus-04\/","og_site_name":"Focus Design Store","article_modified_time":"2025-03-15T21:56:50+00:00","og_image":[{"width":1900,"height":1200,"url":"https:\/\/focusdesign.store\/wp-content\/uploads\/2025\/02\/WarmEveningLight_04_70100_Black.jpg","type":"image\/jpeg"}],"twitter_card":"summary_large_image","schema":{"@context":"https:\/\/schema.org","@graph":[{"@type":"WebPage","@id":"https:\/\/focusdesign.store\/sv\/produkt\/varmt-kvallsljus-04\/","url":"https:\/\/focusdesign.store\/sv\/produkt\/varmt-kvallsljus-04\/","name":"\"Warm Evening Light 04\" - Focus Design Store","isPartOf":{"@id":"https:\/\/focusdesign.store\/sv\/#website"},"primaryImageOfPage":{"@id":"https:\/\/focusdesign.store\/sv\/produkt\/varmt-kvallsljus-04\/#primaryimage"},"image":{"@id":"https:\/\/focusdesign.store\/sv\/produkt\/varmt-kvallsljus-04\/#primaryimage"},"thumbnailUrl":"https:\/\/focusdesign.store\/wp-content\/uploads\/2025\/02\/WarmEveningLight_04_70100_Black.jpg","datePublished":"2025-02-21T15:11:25+00:00","dateModified":"2025-03-15T21:56:50+00:00","description":"Abstrakt konsttryck i stort format. Begr\u00e4nsad upplaga, signerad och numrerad. K\u00f6p endast print eller inramad f\u00e4rdig att h\u00e4nga, papper och ramar av gallerikvalitet.","breadcrumb":{"@id":"https:\/\/focusdesign.store\/sv\/produkt\/varmt-kvallsljus-04\/#breadcrumb"},"inLanguage":"sv-SE","potentialAction":[{"@type":"ReadAction","target":["https:\/\/focusdesign.store\/sv\/produkt\/varmt-kvallsljus-04\/"]}]},{"@type":"ImageObject","inLanguage":"sv-SE","@id":"https:\/\/focusdesign.store\/sv\/produkt\/varmt-kvallsljus-04\/#primaryimage","url":"https:\/\/focusdesign.store\/wp-content\/uploads\/2025\/02\/WarmEveningLight_04_70100_Black.jpg","contentUrl":"https:\/\/focusdesign.store\/wp-content\/uploads\/2025\/02\/WarmEveningLight_04_70100_Black.jpg","width":1900,"height":1200},{"@type":"BreadcrumbList","@id":"https:\/\/focusdesign.store\/sv\/produkt\/varmt-kvallsljus-04\/#breadcrumb","itemListElement":[{"@type":"ListItem","position":1,"name":"Hem","item":"https:\/\/focusdesign.store\/sv\/"},{"@type":"ListItem","position":2,"name":"Butik","item":"https:\/\/focusdesign.store\/shop\/"},{"@type":"ListItem","position":3,"name":"&#8220;Warm Evening Light 04&#8221;"}]},{"@type":"WebSite","@id":"https:\/\/focusdesign.store\/sv\/#website","url":"https:\/\/focusdesign.store\/sv\/","name":"Focus Design Store","description":"Fine Art Prints &amp; Design \u2013 for home and living","potentialAction":[{"@type":"SearchAction","target":{"@type":"EntryPoint","urlTemplate":"https:\/\/focusdesign.store\/sv\/?s={search_term_string}"},"query-input":{"@type":"PropertyValueSpecification","valueRequired":true,"valueName":"search_term_string"}}],"inLanguage":"sv-SE"}]}},"jetpack_sharing_enabled":true,"_links":{"self":[{"href":"https:\/\/focusdesign.store\/sv\/wp-json\/wp\/v2\/product\/270631","targetHints":{"allow":["GET"]}}],"collection":[{"href":"https:\/\/focusdesign.store\/sv\/wp-json\/wp\/v2\/product"}],"about":[{"href":"https:\/\/focusdesign.store\/sv\/wp-json\/wp\/v2\/types\/product"}],"replies":[{"embeddable":true,"href":"https:\/\/focusdesign.store\/sv\/wp-json\/wp\/v2\/comments?post=270631"}],"wp:featuredmedia":[{"embeddable":true,"href":"https:\/\/focusdesign.store\/sv\/wp-json\/wp\/v2\/media\/261432"}],"wp:attachment":[{"href":"https:\/\/focusdesign.store\/sv\/wp-json\/wp\/v2\/media?parent=270631"}],"wp:term":[{"taxonomy":"product_brand","embeddable":true,"href":"https:\/\/focusdesign.store\/sv\/wp-json\/wp\/v2\/product_brand?post=270631"},{"taxonomy":"product_cat","embeddable":true,"href":"https:\/\/focusdesign.store\/sv\/wp-json\/wp\/v2\/product_cat?post=270631"},{"taxonomy":"product_tag","embeddable":true,"href":"https:\/\/focusdesign.store\/sv\/wp-json\/wp\/v2\/product_tag?post=270631"}],"curies":[{"name":"wp","href":"https:\/\/api.w.org\/{rel}","templated":true}]}}