{"id":271116,"date":"2025-02-16T00:44:11","date_gmt":"2025-02-16T00:44:11","guid":{"rendered":"https:\/\/focusdesign.store\/product\/inkognito\/"},"modified":"2025-03-15T21:56:23","modified_gmt":"2025-03-15T21:56:23","slug":"inkognito","status":"publish","type":"product","link":"https:\/\/focusdesign.store\/sv\/produkt\/inkognito\/","title":{"rendered":"&#8221;Incognito&#8221;"},"content":{"rendered":"<p><strong>&#8221;Incognito&#8221;<\/p>\n<p><\/strong><\/p>\n<h6><strong>Begr\u00e4nsad upplaga<br \/>\n<\/strong>21&#215;30 cm (A4) &#8211; 75 tryck.<br \/>\n30&#215;40 cm &#8211; 75 tryck.<br \/>\n40&#215;50 cm &#8211; 75 tryck.<br \/>\n<strong>Konstn\u00e4r <\/strong>: Emelie Palmcrantz<\/h6>\n<ul>\n<li><strong>Glic\u00e9e Fine Art Print<\/strong><\/li>\n<li><strong>Papper:<\/strong> Hahnem\u00fcle German Etching 310 GSM.<\/li>\n<li>Levereras med ett <strong>\u00e4kthetscertifikat<\/strong><\/li>\n<li><strong>Alternativ f\u00f6r inramning:<\/strong> Svart, Ek, Vit<\/li>\n<\/ul>\n","protected":false},"excerpt":{"rendered":"<p>&#8221;Incognito&#8221; Begr\u00e4nsad upplaga 21&#215;30 cm (A4) &#8211; 75 tryck. 30&#215;40 cm &#8211; 75 tryck. 40&#215;50 cm &#8211; 75 tryck. Konstn\u00e4r : Emelie Palmcrantz Glic\u00e9e Fine Art Print Papper: Hahnem\u00fcle German Etching 310 GSM. Levereras med ett \u00e4kthetscertifikat Alternativ f\u00f6r inramning: Svart, Ek, Vit<\/p>\n","protected":false},"featured_media":263216,"comment_status":"open","ping_status":"closed","template":"","meta":{"_et_pb_use_builder":"","_et_pb_old_content":"","_et_gb_content_width":"","inline_featured_image":false},"product_brand":[],"product_cat":[246,237,252],"product_tag":[],"class_list":{"0":"post-271116","1":"product","2":"type-product","3":"status-publish","4":"has-post-thumbnail","6":"product_cat-grafisk","7":"product_cat-konsttryck","8":"product_cat-svartvit","10":"first","11":"instock","12":"taxable","13":"shipping-taxable","14":"purchasable","15":"product-type-variable"},"yoast_head":"<!-- This site is optimized with the Yoast SEO plugin v25.3 - https:\/\/yoast.com\/wordpress\/plugins\/seo\/ -->\n<title>&quot;Incognito&quot; - Focus Design Store<\/title>\n<meta name=\"description\" content=\"Ett grafiskt konsttryck i begr\u00e4nsad upplaga. Signerad och numrerad och levereras med ett \u00e4kthetsintyg. K\u00f6p endast printet eller inramat och klart f\u00f6r upph\u00e4ngning.\" \/>\n<meta name=\"robots\" content=\"index, follow, max-snippet:-1, max-image-preview:large, max-video-preview:-1\" \/>\n<link rel=\"canonical\" href=\"https:\/\/focusdesign.store\/sv\/produkt\/inkognito\/\" \/>\n<meta property=\"og:locale\" content=\"sv_SE\" \/>\n<meta property=\"og:type\" content=\"article\" \/>\n<meta property=\"og:title\" content=\"&quot;Incognito&quot; - Focus Design Store\" \/>\n<meta property=\"og:description\" content=\"Ett grafiskt konsttryck i begr\u00e4nsad upplaga. Signerad och numrerad och levereras med ett \u00e4kthetsintyg. K\u00f6p endast printet eller inramat och klart f\u00f6r upph\u00e4ngning.\" \/>\n<meta property=\"og:url\" content=\"https:\/\/focusdesign.store\/sv\/produkt\/inkognito\/\" \/>\n<meta property=\"og:site_name\" content=\"Focus Design Store\" \/>\n<meta property=\"article:modified_time\" content=\"2025-03-15T21:56:23+00:00\" \/>\n<meta property=\"og:image\" content=\"https:\/\/focusdesign.store\/wp-content\/uploads\/2025\/02\/Incognito_4050_Black.jpg\" \/>\n\t<meta property=\"og:image:width\" content=\"1900\" \/>\n\t<meta property=\"og:image:height\" content=\"1200\" \/>\n\t<meta property=\"og:image:type\" content=\"image\/jpeg\" \/>\n<meta name=\"twitter:card\" content=\"summary_large_image\" \/>\n<script type=\"application\/ld+json\" class=\"yoast-schema-graph\">{\"@context\":\"https:\/\/schema.org\",\"@graph\":[{\"@type\":\"WebPage\",\"@id\":\"https:\/\/focusdesign.store\/sv\/produkt\/inkognito\/\",\"url\":\"https:\/\/focusdesign.store\/sv\/produkt\/inkognito\/\",\"name\":\"\\\"Incognito\\\" - Focus Design Store\",\"isPartOf\":{\"@id\":\"https:\/\/focusdesign.store\/sv\/#website\"},\"primaryImageOfPage\":{\"@id\":\"https:\/\/focusdesign.store\/sv\/produkt\/inkognito\/#primaryimage\"},\"image\":{\"@id\":\"https:\/\/focusdesign.store\/sv\/produkt\/inkognito\/#primaryimage\"},\"thumbnailUrl\":\"https:\/\/focusdesign.store\/wp-content\/uploads\/2025\/02\/Incognito_4050_Black.jpg\",\"datePublished\":\"2025-02-16T00:44:11+00:00\",\"dateModified\":\"2025-03-15T21:56:23+00:00\",\"description\":\"Ett grafiskt konsttryck i begr\u00e4nsad upplaga. Signerad och numrerad och levereras med ett \u00e4kthetsintyg. K\u00f6p endast printet eller inramat och klart f\u00f6r upph\u00e4ngning.\",\"breadcrumb\":{\"@id\":\"https:\/\/focusdesign.store\/sv\/produkt\/inkognito\/#breadcrumb\"},\"inLanguage\":\"sv-SE\",\"potentialAction\":[{\"@type\":\"ReadAction\",\"target\":[\"https:\/\/focusdesign.store\/sv\/produkt\/inkognito\/\"]}]},{\"@type\":\"ImageObject\",\"inLanguage\":\"sv-SE\",\"@id\":\"https:\/\/focusdesign.store\/sv\/produkt\/inkognito\/#primaryimage\",\"url\":\"https:\/\/focusdesign.store\/wp-content\/uploads\/2025\/02\/Incognito_4050_Black.jpg\",\"contentUrl\":\"https:\/\/focusdesign.store\/wp-content\/uploads\/2025\/02\/Incognito_4050_Black.jpg\",\"width\":1900,\"height\":1200},{\"@type\":\"BreadcrumbList\",\"@id\":\"https:\/\/focusdesign.store\/sv\/produkt\/inkognito\/#breadcrumb\",\"itemListElement\":[{\"@type\":\"ListItem\",\"position\":1,\"name\":\"Hem\",\"item\":\"https:\/\/focusdesign.store\/sv\/\"},{\"@type\":\"ListItem\",\"position\":2,\"name\":\"Butik\",\"item\":\"https:\/\/focusdesign.store\/shop\/\"},{\"@type\":\"ListItem\",\"position\":3,\"name\":\"&#8220;Incognito&#8221;\"}]},{\"@type\":\"WebSite\",\"@id\":\"https:\/\/focusdesign.store\/sv\/#website\",\"url\":\"https:\/\/focusdesign.store\/sv\/\",\"name\":\"Focus Design Store\",\"description\":\"Fine Art Prints &amp; Design \u2013 for home and living\",\"potentialAction\":[{\"@type\":\"SearchAction\",\"target\":{\"@type\":\"EntryPoint\",\"urlTemplate\":\"https:\/\/focusdesign.store\/sv\/?s={search_term_string}\"},\"query-input\":{\"@type\":\"PropertyValueSpecification\",\"valueRequired\":true,\"valueName\":\"search_term_string\"}}],\"inLanguage\":\"sv-SE\"}]}<\/script>\n<!-- \/ Yoast SEO plugin. -->","yoast_head_json":{"title":"\"Incognito\" - Focus Design Store","description":"Ett grafiskt konsttryck i begr\u00e4nsad upplaga. Signerad och numrerad och levereras med ett \u00e4kthetsintyg. K\u00f6p endast printet eller inramat och klart f\u00f6r upph\u00e4ngning.","robots":{"index":"index","follow":"follow","max-snippet":"max-snippet:-1","max-image-preview":"max-image-preview:large","max-video-preview":"max-video-preview:-1"},"canonical":"https:\/\/focusdesign.store\/sv\/produkt\/inkognito\/","og_locale":"sv_SE","og_type":"article","og_title":"\"Incognito\" - Focus Design Store","og_description":"Ett grafiskt konsttryck i begr\u00e4nsad upplaga. Signerad och numrerad och levereras med ett \u00e4kthetsintyg. K\u00f6p endast printet eller inramat och klart f\u00f6r upph\u00e4ngning.","og_url":"https:\/\/focusdesign.store\/sv\/produkt\/inkognito\/","og_site_name":"Focus Design Store","article_modified_time":"2025-03-15T21:56:23+00:00","og_image":[{"width":1900,"height":1200,"url":"https:\/\/focusdesign.store\/wp-content\/uploads\/2025\/02\/Incognito_4050_Black.jpg","type":"image\/jpeg"}],"twitter_card":"summary_large_image","schema":{"@context":"https:\/\/schema.org","@graph":[{"@type":"WebPage","@id":"https:\/\/focusdesign.store\/sv\/produkt\/inkognito\/","url":"https:\/\/focusdesign.store\/sv\/produkt\/inkognito\/","name":"\"Incognito\" - Focus Design Store","isPartOf":{"@id":"https:\/\/focusdesign.store\/sv\/#website"},"primaryImageOfPage":{"@id":"https:\/\/focusdesign.store\/sv\/produkt\/inkognito\/#primaryimage"},"image":{"@id":"https:\/\/focusdesign.store\/sv\/produkt\/inkognito\/#primaryimage"},"thumbnailUrl":"https:\/\/focusdesign.store\/wp-content\/uploads\/2025\/02\/Incognito_4050_Black.jpg","datePublished":"2025-02-16T00:44:11+00:00","dateModified":"2025-03-15T21:56:23+00:00","description":"Ett grafiskt konsttryck i begr\u00e4nsad upplaga. Signerad och numrerad och levereras med ett \u00e4kthetsintyg. K\u00f6p endast printet eller inramat och klart f\u00f6r upph\u00e4ngning.","breadcrumb":{"@id":"https:\/\/focusdesign.store\/sv\/produkt\/inkognito\/#breadcrumb"},"inLanguage":"sv-SE","potentialAction":[{"@type":"ReadAction","target":["https:\/\/focusdesign.store\/sv\/produkt\/inkognito\/"]}]},{"@type":"ImageObject","inLanguage":"sv-SE","@id":"https:\/\/focusdesign.store\/sv\/produkt\/inkognito\/#primaryimage","url":"https:\/\/focusdesign.store\/wp-content\/uploads\/2025\/02\/Incognito_4050_Black.jpg","contentUrl":"https:\/\/focusdesign.store\/wp-content\/uploads\/2025\/02\/Incognito_4050_Black.jpg","width":1900,"height":1200},{"@type":"BreadcrumbList","@id":"https:\/\/focusdesign.store\/sv\/produkt\/inkognito\/#breadcrumb","itemListElement":[{"@type":"ListItem","position":1,"name":"Hem","item":"https:\/\/focusdesign.store\/sv\/"},{"@type":"ListItem","position":2,"name":"Butik","item":"https:\/\/focusdesign.store\/shop\/"},{"@type":"ListItem","position":3,"name":"&#8220;Incognito&#8221;"}]},{"@type":"WebSite","@id":"https:\/\/focusdesign.store\/sv\/#website","url":"https:\/\/focusdesign.store\/sv\/","name":"Focus Design Store","description":"Fine Art Prints &amp; Design \u2013 for home and living","potentialAction":[{"@type":"SearchAction","target":{"@type":"EntryPoint","urlTemplate":"https:\/\/focusdesign.store\/sv\/?s={search_term_string}"},"query-input":{"@type":"PropertyValueSpecification","valueRequired":true,"valueName":"search_term_string"}}],"inLanguage":"sv-SE"}]}},"jetpack_sharing_enabled":true,"_links":{"self":[{"href":"https:\/\/focusdesign.store\/sv\/wp-json\/wp\/v2\/product\/271116","targetHints":{"allow":["GET"]}}],"collection":[{"href":"https:\/\/focusdesign.store\/sv\/wp-json\/wp\/v2\/product"}],"about":[{"href":"https:\/\/focusdesign.store\/sv\/wp-json\/wp\/v2\/types\/product"}],"replies":[{"embeddable":true,"href":"https:\/\/focusdesign.store\/sv\/wp-json\/wp\/v2\/comments?post=271116"}],"wp:featuredmedia":[{"embeddable":true,"href":"https:\/\/focusdesign.store\/sv\/wp-json\/wp\/v2\/media\/263216"}],"wp:attachment":[{"href":"https:\/\/focusdesign.store\/sv\/wp-json\/wp\/v2\/media?parent=271116"}],"wp:term":[{"taxonomy":"product_brand","embeddable":true,"href":"https:\/\/focusdesign.store\/sv\/wp-json\/wp\/v2\/product_brand?post=271116"},{"taxonomy":"product_cat","embeddable":true,"href":"https:\/\/focusdesign.store\/sv\/wp-json\/wp\/v2\/product_cat?post=271116"},{"taxonomy":"product_tag","embeddable":true,"href":"https:\/\/focusdesign.store\/sv\/wp-json\/wp\/v2\/product_tag?post=271116"}],"curies":[{"name":"wp","href":"https:\/\/api.w.org\/{rel}","templated":true}]}}