{"id":271271,"date":"2024-12-28T22:38:38","date_gmt":"2024-12-28T22:38:38","guid":{"rendered":"https:\/\/focusdesign.store\/product\/farg-bananza-02\/"},"modified":"2025-05-09T21:20:51","modified_gmt":"2025-05-09T21:20:51","slug":"farg-bananza-02","status":"publish","type":"product","link":"https:\/\/focusdesign.store\/sv\/produkt\/farg-bananza-02\/","title":{"rendered":"&#8221;Color Bananza 02&#8221;"},"content":{"rendered":"<p><strong>&#8221;Color Bananza 02&#8221;<\/strong><\/p>\n<p>&nbsp;<\/p>\n<h6><strong>Begr\u00e4nsad upplaga<br \/>\n<\/strong>70&#215;100 cm &#8211; 25 tryck.<br \/>\n<strong>Konstn\u00e4r <\/strong>: Emelie Palmcrantz<\/h6>\n<ul>\n<li><strong>Glic\u00e9e Fine Art Print.<\/strong><\/li>\n<li><strong>Papper:<\/strong> Hahnem\u00fcle German Etching 310 GSM.<\/li>\n<li>Levereras med ett <strong>\u00e4kthetscertifikat<\/strong>.<\/li>\n<li><strong>Alternativ f\u00f6r inramning:<\/strong> Svart, ek, vit.<\/li>\n<\/ul>\n","protected":false},"excerpt":{"rendered":"<p>&#8221;Color Bananza 02&#8221; &nbsp; Begr\u00e4nsad upplaga 70&#215;100 cm &#8211; 25 tryck. Konstn\u00e4r : Emelie Palmcrantz Glic\u00e9e Fine Art Print. Papper: Hahnem\u00fcle German Etching 310 GSM. Levereras med ett \u00e4kthetscertifikat. Alternativ f\u00f6r inramning: Svart, ek, vit.<\/p>\n","protected":false},"featured_media":256368,"comment_status":"open","ping_status":"closed","template":"","meta":{"_et_pb_use_builder":"","_et_pb_old_content":"","_et_gb_content_width":"","inline_featured_image":false},"product_brand":[],"product_cat":[244,237,257],"product_tag":[],"class_list":{"0":"post-271271","1":"product","2":"type-product","3":"status-publish","4":"has-post-thumbnail","6":"product_cat-fargstark","7":"product_cat-konsttryck","8":"product_cat-stilleben","10":"first","11":"instock","12":"taxable","13":"shipping-taxable","14":"purchasable","15":"product-type-variable","16":"has-default-attributes"},"yoast_head":"<!-- This site is optimized with the Yoast SEO plugin v25.3 - https:\/\/yoast.com\/wordpress\/plugins\/seo\/ -->\n<title>&quot;Color Bananza 02&quot; - Focus Design Store<\/title>\n<meta name=\"description\" content=\"Stor Fine Art Print i begr\u00e4nsad upplaga. 70x100 cm. 25 Gicl\u00e9e-tryck. Popkonst. Papper av museikvalitet. Premium alternativ f\u00f6r inramning. Konstn\u00e4r Emelie Palmcrantz.\" \/>\n<meta name=\"robots\" content=\"index, follow, max-snippet:-1, max-image-preview:large, max-video-preview:-1\" \/>\n<link rel=\"canonical\" href=\"https:\/\/focusdesign.store\/sv\/produkt\/farg-bananza-02\/\" \/>\n<meta property=\"og:locale\" content=\"sv_SE\" \/>\n<meta property=\"og:type\" content=\"article\" \/>\n<meta property=\"og:title\" content=\"&quot;Color Bananza 02&quot; - Focus Design Store\" \/>\n<meta property=\"og:description\" content=\"Stor Fine Art Print i begr\u00e4nsad upplaga. 70x100 cm. 25 Gicl\u00e9e-tryck. Popkonst. Papper av museikvalitet. Premium alternativ f\u00f6r inramning. Konstn\u00e4r Emelie Palmcrantz.\" \/>\n<meta property=\"og:url\" content=\"https:\/\/focusdesign.store\/sv\/produkt\/farg-bananza-02\/\" \/>\n<meta property=\"og:site_name\" content=\"Focus Design Store\" \/>\n<meta property=\"article:modified_time\" content=\"2025-05-09T21:20:51+00:00\" \/>\n<meta property=\"og:image\" content=\"https:\/\/focusdesign.store\/wp-content\/uploads\/2024\/12\/ColorBananza_Contrasting_70100_White.jpg\" \/>\n\t<meta property=\"og:image:width\" content=\"1900\" \/>\n\t<meta property=\"og:image:height\" content=\"1200\" \/>\n\t<meta property=\"og:image:type\" content=\"image\/jpeg\" \/>\n<meta name=\"twitter:card\" content=\"summary_large_image\" \/>\n<meta name=\"twitter:label1\" content=\"Ber\u00e4knad l\u00e4stid\" \/>\n\t<meta name=\"twitter:data1\" content=\"1 minut\" \/>\n<script type=\"application\/ld+json\" class=\"yoast-schema-graph\">{\"@context\":\"https:\/\/schema.org\",\"@graph\":[{\"@type\":\"WebPage\",\"@id\":\"https:\/\/focusdesign.store\/sv\/produkt\/farg-bananza-02\/\",\"url\":\"https:\/\/focusdesign.store\/sv\/produkt\/farg-bananza-02\/\",\"name\":\"\\\"Color Bananza 02\\\" - Focus Design Store\",\"isPartOf\":{\"@id\":\"https:\/\/focusdesign.store\/sv\/#website\"},\"primaryImageOfPage\":{\"@id\":\"https:\/\/focusdesign.store\/sv\/produkt\/farg-bananza-02\/#primaryimage\"},\"image\":{\"@id\":\"https:\/\/focusdesign.store\/sv\/produkt\/farg-bananza-02\/#primaryimage\"},\"thumbnailUrl\":\"https:\/\/focusdesign.store\/wp-content\/uploads\/2024\/12\/ColorBananza_Contrasting_70100_White.jpg\",\"datePublished\":\"2024-12-28T22:38:38+00:00\",\"dateModified\":\"2025-05-09T21:20:51+00:00\",\"description\":\"Stor Fine Art Print i begr\u00e4nsad upplaga. 70x100 cm. 25 Gicl\u00e9e-tryck. Popkonst. Papper av museikvalitet. Premium alternativ f\u00f6r inramning. Konstn\u00e4r Emelie Palmcrantz.\",\"breadcrumb\":{\"@id\":\"https:\/\/focusdesign.store\/sv\/produkt\/farg-bananza-02\/#breadcrumb\"},\"inLanguage\":\"sv-SE\",\"potentialAction\":[{\"@type\":\"ReadAction\",\"target\":[\"https:\/\/focusdesign.store\/sv\/produkt\/farg-bananza-02\/\"]}]},{\"@type\":\"ImageObject\",\"inLanguage\":\"sv-SE\",\"@id\":\"https:\/\/focusdesign.store\/sv\/produkt\/farg-bananza-02\/#primaryimage\",\"url\":\"https:\/\/focusdesign.store\/wp-content\/uploads\/2024\/12\/ColorBananza_Contrasting_70100_White.jpg\",\"contentUrl\":\"https:\/\/focusdesign.store\/wp-content\/uploads\/2024\/12\/ColorBananza_Contrasting_70100_White.jpg\",\"width\":1900,\"height\":1200},{\"@type\":\"BreadcrumbList\",\"@id\":\"https:\/\/focusdesign.store\/sv\/produkt\/farg-bananza-02\/#breadcrumb\",\"itemListElement\":[{\"@type\":\"ListItem\",\"position\":1,\"name\":\"Hem\",\"item\":\"https:\/\/focusdesign.store\/sv\/\"},{\"@type\":\"ListItem\",\"position\":2,\"name\":\"Butik\",\"item\":\"https:\/\/focusdesign.store\/shop\/\"},{\"@type\":\"ListItem\",\"position\":3,\"name\":\"&#8220;Color Bananza 02&#8221;\"}]},{\"@type\":\"WebSite\",\"@id\":\"https:\/\/focusdesign.store\/sv\/#website\",\"url\":\"https:\/\/focusdesign.store\/sv\/\",\"name\":\"Focus Design Store\",\"description\":\"Fine Art Prints &amp; Design \u2013 for home and living\",\"potentialAction\":[{\"@type\":\"SearchAction\",\"target\":{\"@type\":\"EntryPoint\",\"urlTemplate\":\"https:\/\/focusdesign.store\/sv\/?s={search_term_string}\"},\"query-input\":{\"@type\":\"PropertyValueSpecification\",\"valueRequired\":true,\"valueName\":\"search_term_string\"}}],\"inLanguage\":\"sv-SE\"}]}<\/script>\n<!-- \/ Yoast SEO plugin. -->","yoast_head_json":{"title":"\"Color Bananza 02\" - Focus Design Store","description":"Stor Fine Art Print i begr\u00e4nsad upplaga. 70x100 cm. 25 Gicl\u00e9e-tryck. Popkonst. Papper av museikvalitet. Premium alternativ f\u00f6r inramning. Konstn\u00e4r Emelie Palmcrantz.","robots":{"index":"index","follow":"follow","max-snippet":"max-snippet:-1","max-image-preview":"max-image-preview:large","max-video-preview":"max-video-preview:-1"},"canonical":"https:\/\/focusdesign.store\/sv\/produkt\/farg-bananza-02\/","og_locale":"sv_SE","og_type":"article","og_title":"\"Color Bananza 02\" - Focus Design Store","og_description":"Stor Fine Art Print i begr\u00e4nsad upplaga. 70x100 cm. 25 Gicl\u00e9e-tryck. Popkonst. Papper av museikvalitet. Premium alternativ f\u00f6r inramning. Konstn\u00e4r Emelie Palmcrantz.","og_url":"https:\/\/focusdesign.store\/sv\/produkt\/farg-bananza-02\/","og_site_name":"Focus Design Store","article_modified_time":"2025-05-09T21:20:51+00:00","og_image":[{"width":1900,"height":1200,"url":"https:\/\/focusdesign.store\/wp-content\/uploads\/2024\/12\/ColorBananza_Contrasting_70100_White.jpg","type":"image\/jpeg"}],"twitter_card":"summary_large_image","twitter_misc":{"Ber\u00e4knad l\u00e4stid":"1 minut"},"schema":{"@context":"https:\/\/schema.org","@graph":[{"@type":"WebPage","@id":"https:\/\/focusdesign.store\/sv\/produkt\/farg-bananza-02\/","url":"https:\/\/focusdesign.store\/sv\/produkt\/farg-bananza-02\/","name":"\"Color Bananza 02\" - Focus Design Store","isPartOf":{"@id":"https:\/\/focusdesign.store\/sv\/#website"},"primaryImageOfPage":{"@id":"https:\/\/focusdesign.store\/sv\/produkt\/farg-bananza-02\/#primaryimage"},"image":{"@id":"https:\/\/focusdesign.store\/sv\/produkt\/farg-bananza-02\/#primaryimage"},"thumbnailUrl":"https:\/\/focusdesign.store\/wp-content\/uploads\/2024\/12\/ColorBananza_Contrasting_70100_White.jpg","datePublished":"2024-12-28T22:38:38+00:00","dateModified":"2025-05-09T21:20:51+00:00","description":"Stor Fine Art Print i begr\u00e4nsad upplaga. 70x100 cm. 25 Gicl\u00e9e-tryck. Popkonst. Papper av museikvalitet. Premium alternativ f\u00f6r inramning. Konstn\u00e4r Emelie Palmcrantz.","breadcrumb":{"@id":"https:\/\/focusdesign.store\/sv\/produkt\/farg-bananza-02\/#breadcrumb"},"inLanguage":"sv-SE","potentialAction":[{"@type":"ReadAction","target":["https:\/\/focusdesign.store\/sv\/produkt\/farg-bananza-02\/"]}]},{"@type":"ImageObject","inLanguage":"sv-SE","@id":"https:\/\/focusdesign.store\/sv\/produkt\/farg-bananza-02\/#primaryimage","url":"https:\/\/focusdesign.store\/wp-content\/uploads\/2024\/12\/ColorBananza_Contrasting_70100_White.jpg","contentUrl":"https:\/\/focusdesign.store\/wp-content\/uploads\/2024\/12\/ColorBananza_Contrasting_70100_White.jpg","width":1900,"height":1200},{"@type":"BreadcrumbList","@id":"https:\/\/focusdesign.store\/sv\/produkt\/farg-bananza-02\/#breadcrumb","itemListElement":[{"@type":"ListItem","position":1,"name":"Hem","item":"https:\/\/focusdesign.store\/sv\/"},{"@type":"ListItem","position":2,"name":"Butik","item":"https:\/\/focusdesign.store\/shop\/"},{"@type":"ListItem","position":3,"name":"&#8220;Color Bananza 02&#8221;"}]},{"@type":"WebSite","@id":"https:\/\/focusdesign.store\/sv\/#website","url":"https:\/\/focusdesign.store\/sv\/","name":"Focus Design Store","description":"Fine Art Prints &amp; Design \u2013 for home and living","potentialAction":[{"@type":"SearchAction","target":{"@type":"EntryPoint","urlTemplate":"https:\/\/focusdesign.store\/sv\/?s={search_term_string}"},"query-input":{"@type":"PropertyValueSpecification","valueRequired":true,"valueName":"search_term_string"}}],"inLanguage":"sv-SE"}]}},"jetpack_sharing_enabled":true,"_links":{"self":[{"href":"https:\/\/focusdesign.store\/sv\/wp-json\/wp\/v2\/product\/271271","targetHints":{"allow":["GET"]}}],"collection":[{"href":"https:\/\/focusdesign.store\/sv\/wp-json\/wp\/v2\/product"}],"about":[{"href":"https:\/\/focusdesign.store\/sv\/wp-json\/wp\/v2\/types\/product"}],"replies":[{"embeddable":true,"href":"https:\/\/focusdesign.store\/sv\/wp-json\/wp\/v2\/comments?post=271271"}],"wp:featuredmedia":[{"embeddable":true,"href":"https:\/\/focusdesign.store\/sv\/wp-json\/wp\/v2\/media\/256368"}],"wp:attachment":[{"href":"https:\/\/focusdesign.store\/sv\/wp-json\/wp\/v2\/media?parent=271271"}],"wp:term":[{"taxonomy":"product_brand","embeddable":true,"href":"https:\/\/focusdesign.store\/sv\/wp-json\/wp\/v2\/product_brand?post=271271"},{"taxonomy":"product_cat","embeddable":true,"href":"https:\/\/focusdesign.store\/sv\/wp-json\/wp\/v2\/product_cat?post=271271"},{"taxonomy":"product_tag","embeddable":true,"href":"https:\/\/focusdesign.store\/sv\/wp-json\/wp\/v2\/product_tag?post=271271"}],"curies":[{"name":"wp","href":"https:\/\/api.w.org\/{rel}","templated":true}]}}