{"id":271281,"date":"2024-12-28T17:44:49","date_gmt":"2024-12-28T17:44:49","guid":{"rendered":"https:\/\/focusdesign.store\/product\/skymning-av-gryning-rod\/"},"modified":"2025-05-09T21:18:08","modified_gmt":"2025-05-09T21:18:08","slug":"skymning-av-gryning-rod","status":"publish","type":"product","link":"https:\/\/focusdesign.store\/sv\/produkt\/skymning-av-gryning-rod\/","title":{"rendered":"&#8221;Dusk of Dawn&#8221; | R\u00f6d"},"content":{"rendered":"<p><strong>&#8221;Dusk of Dawn&#8221;<br \/>\n<\/strong><em>R\u00f6d<\/em><\/p>\n<p>&nbsp;<\/p>\n<h6><strong>Begr\u00e4nsad upplaga<br \/>\n<\/strong>30&#215;40 cm &#8211; 25 tryck.<br \/>\n<strong>Konstn\u00e4r <\/strong>: Emelie Palmcrantz<\/h6>\n<ul>\n<li><strong>Glic\u00e9e Fine Art Print.<\/strong><\/li>\n<li><strong>Papper:<\/strong> Hahnem\u00fcle German Etching 310 GSM.<\/li>\n<li>Levereras med ett <strong>\u00e4kthetscertifikat<\/strong>.<\/li>\n<li><strong>Alternativ f\u00f6r inramning:<\/strong> Svart, ek, vit.<\/li>\n<\/ul>\n","protected":false},"excerpt":{"rendered":"<p>&#8221;Dusk of Dawn&#8221; R\u00f6d &nbsp; Begr\u00e4nsad upplaga 30&#215;40 cm &#8211; 25 tryck. Konstn\u00e4r : Emelie Palmcrantz Glic\u00e9e Fine Art Print. Papper: Hahnem\u00fcle German Etching 310 GSM. Levereras med ett \u00e4kthetscertifikat. Alternativ f\u00f6r inramning: Svart, ek, vit.<\/p>\n","protected":false},"featured_media":262896,"comment_status":"open","ping_status":"closed","template":"","meta":{"_et_pb_use_builder":"","_et_pb_old_content":"","_et_gb_content_width":"","inline_featured_image":false},"product_brand":[],"product_cat":[244,237],"product_tag":[262,259],"class_list":{"0":"post-271281","1":"product","2":"type-product","3":"status-publish","4":"has-post-thumbnail","6":"product_cat-fargstark","7":"product_cat-konsttryck","8":"product_tag-skymning-av-gryning","9":"product_tag-hastar","11":"first","12":"instock","13":"taxable","14":"shipping-taxable","15":"purchasable","16":"product-type-variable","17":"has-default-attributes"},"yoast_head":"<!-- This site is optimized with the Yoast SEO plugin v25.3 - https:\/\/yoast.com\/wordpress\/plugins\/seo\/ -->\n<title>&quot;Dusk of Dawn&quot; | R\u00f6d - Focus Design Store<\/title>\n<meta name=\"description\" content=\"25 exemplar konsttryck i begr\u00e4nsad upplaga. Signerad och numrerad och levereras med ett \u00e4kthetscertifikat. En del av en kollektion med 4 f\u00e4rgvariationer.\" \/>\n<meta name=\"robots\" content=\"index, follow, max-snippet:-1, max-image-preview:large, max-video-preview:-1\" \/>\n<link rel=\"canonical\" href=\"https:\/\/focusdesign.store\/sv\/produkt\/skymning-av-gryning-rod\/\" \/>\n<meta property=\"og:locale\" content=\"sv_SE\" \/>\n<meta property=\"og:type\" content=\"article\" \/>\n<meta property=\"og:title\" content=\"&quot;Dusk of Dawn&quot; | R\u00f6d - Focus Design Store\" \/>\n<meta property=\"og:description\" content=\"25 exemplar konsttryck i begr\u00e4nsad upplaga. Signerad och numrerad och levereras med ett \u00e4kthetscertifikat. En del av en kollektion med 4 f\u00e4rgvariationer.\" \/>\n<meta property=\"og:url\" content=\"https:\/\/focusdesign.store\/sv\/produkt\/skymning-av-gryning-rod\/\" \/>\n<meta property=\"og:site_name\" content=\"Focus Design Store\" \/>\n<meta property=\"article:modified_time\" content=\"2025-05-09T21:18:08+00:00\" \/>\n<meta property=\"og:image\" content=\"https:\/\/focusdesign.store\/wp-content\/uploads\/2025\/02\/DuskOfDawn-Red_Black_3040.jpg\" \/>\n\t<meta property=\"og:image:width\" content=\"1900\" \/>\n\t<meta property=\"og:image:height\" content=\"1200\" \/>\n\t<meta property=\"og:image:type\" content=\"image\/jpeg\" \/>\n<meta name=\"twitter:card\" content=\"summary_large_image\" \/>\n<meta name=\"twitter:label1\" content=\"Ber\u00e4knad l\u00e4stid\" \/>\n\t<meta name=\"twitter:data1\" content=\"1 minut\" \/>\n<script type=\"application\/ld+json\" class=\"yoast-schema-graph\">{\"@context\":\"https:\/\/schema.org\",\"@graph\":[{\"@type\":\"WebPage\",\"@id\":\"https:\/\/focusdesign.store\/sv\/produkt\/skymning-av-gryning-rod\/\",\"url\":\"https:\/\/focusdesign.store\/sv\/produkt\/skymning-av-gryning-rod\/\",\"name\":\"\\\"Dusk of Dawn\\\" | R\u00f6d - Focus Design Store\",\"isPartOf\":{\"@id\":\"https:\/\/focusdesign.store\/sv\/#website\"},\"primaryImageOfPage\":{\"@id\":\"https:\/\/focusdesign.store\/sv\/produkt\/skymning-av-gryning-rod\/#primaryimage\"},\"image\":{\"@id\":\"https:\/\/focusdesign.store\/sv\/produkt\/skymning-av-gryning-rod\/#primaryimage\"},\"thumbnailUrl\":\"https:\/\/focusdesign.store\/wp-content\/uploads\/2025\/02\/DuskOfDawn-Red_Black_3040.jpg\",\"datePublished\":\"2024-12-28T17:44:49+00:00\",\"dateModified\":\"2025-05-09T21:18:08+00:00\",\"description\":\"25 exemplar konsttryck i begr\u00e4nsad upplaga. Signerad och numrerad och levereras med ett \u00e4kthetscertifikat. En del av en kollektion med 4 f\u00e4rgvariationer.\",\"breadcrumb\":{\"@id\":\"https:\/\/focusdesign.store\/sv\/produkt\/skymning-av-gryning-rod\/#breadcrumb\"},\"inLanguage\":\"sv-SE\",\"potentialAction\":[{\"@type\":\"ReadAction\",\"target\":[\"https:\/\/focusdesign.store\/sv\/produkt\/skymning-av-gryning-rod\/\"]}]},{\"@type\":\"ImageObject\",\"inLanguage\":\"sv-SE\",\"@id\":\"https:\/\/focusdesign.store\/sv\/produkt\/skymning-av-gryning-rod\/#primaryimage\",\"url\":\"https:\/\/focusdesign.store\/wp-content\/uploads\/2025\/02\/DuskOfDawn-Red_Black_3040.jpg\",\"contentUrl\":\"https:\/\/focusdesign.store\/wp-content\/uploads\/2025\/02\/DuskOfDawn-Red_Black_3040.jpg\",\"width\":1900,\"height\":1200},{\"@type\":\"BreadcrumbList\",\"@id\":\"https:\/\/focusdesign.store\/sv\/produkt\/skymning-av-gryning-rod\/#breadcrumb\",\"itemListElement\":[{\"@type\":\"ListItem\",\"position\":1,\"name\":\"Hem\",\"item\":\"https:\/\/focusdesign.store\/sv\/\"},{\"@type\":\"ListItem\",\"position\":2,\"name\":\"Butik\",\"item\":\"https:\/\/focusdesign.store\/shop\/\"},{\"@type\":\"ListItem\",\"position\":3,\"name\":\"&#8220;Dusk of Dawn&#8221; | R\u00f6d\"}]},{\"@type\":\"WebSite\",\"@id\":\"https:\/\/focusdesign.store\/sv\/#website\",\"url\":\"https:\/\/focusdesign.store\/sv\/\",\"name\":\"Focus Design Store\",\"description\":\"Fine Art Prints &amp; Design \u2013 for home and living\",\"potentialAction\":[{\"@type\":\"SearchAction\",\"target\":{\"@type\":\"EntryPoint\",\"urlTemplate\":\"https:\/\/focusdesign.store\/sv\/?s={search_term_string}\"},\"query-input\":{\"@type\":\"PropertyValueSpecification\",\"valueRequired\":true,\"valueName\":\"search_term_string\"}}],\"inLanguage\":\"sv-SE\"}]}<\/script>\n<!-- \/ Yoast SEO plugin. -->","yoast_head_json":{"title":"\"Dusk of Dawn\" | R\u00f6d - Focus Design Store","description":"25 exemplar konsttryck i begr\u00e4nsad upplaga. Signerad och numrerad och levereras med ett \u00e4kthetscertifikat. En del av en kollektion med 4 f\u00e4rgvariationer.","robots":{"index":"index","follow":"follow","max-snippet":"max-snippet:-1","max-image-preview":"max-image-preview:large","max-video-preview":"max-video-preview:-1"},"canonical":"https:\/\/focusdesign.store\/sv\/produkt\/skymning-av-gryning-rod\/","og_locale":"sv_SE","og_type":"article","og_title":"\"Dusk of Dawn\" | R\u00f6d - Focus Design Store","og_description":"25 exemplar konsttryck i begr\u00e4nsad upplaga. Signerad och numrerad och levereras med ett \u00e4kthetscertifikat. En del av en kollektion med 4 f\u00e4rgvariationer.","og_url":"https:\/\/focusdesign.store\/sv\/produkt\/skymning-av-gryning-rod\/","og_site_name":"Focus Design Store","article_modified_time":"2025-05-09T21:18:08+00:00","og_image":[{"width":1900,"height":1200,"url":"https:\/\/focusdesign.store\/wp-content\/uploads\/2025\/02\/DuskOfDawn-Red_Black_3040.jpg","type":"image\/jpeg"}],"twitter_card":"summary_large_image","twitter_misc":{"Ber\u00e4knad l\u00e4stid":"1 minut"},"schema":{"@context":"https:\/\/schema.org","@graph":[{"@type":"WebPage","@id":"https:\/\/focusdesign.store\/sv\/produkt\/skymning-av-gryning-rod\/","url":"https:\/\/focusdesign.store\/sv\/produkt\/skymning-av-gryning-rod\/","name":"\"Dusk of Dawn\" | R\u00f6d - Focus Design Store","isPartOf":{"@id":"https:\/\/focusdesign.store\/sv\/#website"},"primaryImageOfPage":{"@id":"https:\/\/focusdesign.store\/sv\/produkt\/skymning-av-gryning-rod\/#primaryimage"},"image":{"@id":"https:\/\/focusdesign.store\/sv\/produkt\/skymning-av-gryning-rod\/#primaryimage"},"thumbnailUrl":"https:\/\/focusdesign.store\/wp-content\/uploads\/2025\/02\/DuskOfDawn-Red_Black_3040.jpg","datePublished":"2024-12-28T17:44:49+00:00","dateModified":"2025-05-09T21:18:08+00:00","description":"25 exemplar konsttryck i begr\u00e4nsad upplaga. Signerad och numrerad och levereras med ett \u00e4kthetscertifikat. En del av en kollektion med 4 f\u00e4rgvariationer.","breadcrumb":{"@id":"https:\/\/focusdesign.store\/sv\/produkt\/skymning-av-gryning-rod\/#breadcrumb"},"inLanguage":"sv-SE","potentialAction":[{"@type":"ReadAction","target":["https:\/\/focusdesign.store\/sv\/produkt\/skymning-av-gryning-rod\/"]}]},{"@type":"ImageObject","inLanguage":"sv-SE","@id":"https:\/\/focusdesign.store\/sv\/produkt\/skymning-av-gryning-rod\/#primaryimage","url":"https:\/\/focusdesign.store\/wp-content\/uploads\/2025\/02\/DuskOfDawn-Red_Black_3040.jpg","contentUrl":"https:\/\/focusdesign.store\/wp-content\/uploads\/2025\/02\/DuskOfDawn-Red_Black_3040.jpg","width":1900,"height":1200},{"@type":"BreadcrumbList","@id":"https:\/\/focusdesign.store\/sv\/produkt\/skymning-av-gryning-rod\/#breadcrumb","itemListElement":[{"@type":"ListItem","position":1,"name":"Hem","item":"https:\/\/focusdesign.store\/sv\/"},{"@type":"ListItem","position":2,"name":"Butik","item":"https:\/\/focusdesign.store\/shop\/"},{"@type":"ListItem","position":3,"name":"&#8220;Dusk of Dawn&#8221; | R\u00f6d"}]},{"@type":"WebSite","@id":"https:\/\/focusdesign.store\/sv\/#website","url":"https:\/\/focusdesign.store\/sv\/","name":"Focus Design Store","description":"Fine Art Prints &amp; Design \u2013 for home and living","potentialAction":[{"@type":"SearchAction","target":{"@type":"EntryPoint","urlTemplate":"https:\/\/focusdesign.store\/sv\/?s={search_term_string}"},"query-input":{"@type":"PropertyValueSpecification","valueRequired":true,"valueName":"search_term_string"}}],"inLanguage":"sv-SE"}]}},"jetpack_sharing_enabled":true,"_links":{"self":[{"href":"https:\/\/focusdesign.store\/sv\/wp-json\/wp\/v2\/product\/271281","targetHints":{"allow":["GET"]}}],"collection":[{"href":"https:\/\/focusdesign.store\/sv\/wp-json\/wp\/v2\/product"}],"about":[{"href":"https:\/\/focusdesign.store\/sv\/wp-json\/wp\/v2\/types\/product"}],"replies":[{"embeddable":true,"href":"https:\/\/focusdesign.store\/sv\/wp-json\/wp\/v2\/comments?post=271281"}],"wp:featuredmedia":[{"embeddable":true,"href":"https:\/\/focusdesign.store\/sv\/wp-json\/wp\/v2\/media\/262896"}],"wp:attachment":[{"href":"https:\/\/focusdesign.store\/sv\/wp-json\/wp\/v2\/media?parent=271281"}],"wp:term":[{"taxonomy":"product_brand","embeddable":true,"href":"https:\/\/focusdesign.store\/sv\/wp-json\/wp\/v2\/product_brand?post=271281"},{"taxonomy":"product_cat","embeddable":true,"href":"https:\/\/focusdesign.store\/sv\/wp-json\/wp\/v2\/product_cat?post=271281"},{"taxonomy":"product_tag","embeddable":true,"href":"https:\/\/focusdesign.store\/sv\/wp-json\/wp\/v2\/product_tag?post=271281"}],"curies":[{"name":"wp","href":"https:\/\/api.w.org\/{rel}","templated":true}]}}