{"id":271574,"date":"2025-03-01T19:17:52","date_gmt":"2025-03-01T19:17:52","guid":{"rendered":"https:\/\/focusdesign.store\/product\/mugg-studio-yellow\/"},"modified":"2025-05-09T22:40:04","modified_gmt":"2025-05-09T22:40:04","slug":"mugg-studio-yellow","status":"publish","type":"product","link":"https:\/\/focusdesign.store\/sv\/produkt\/mugg-studio-yellow\/","title":{"rendered":"Mugg &#8221;Studio Yellow&#8221;"},"content":{"rendered":"<p>Den h\u00e4r Friform Design grafiska keramikmuggen tillf\u00f6r f\u00e4rg och form till ditt morgonkaffe, te-stunden eller tre-fikat p\u00e5 kontoret.<\/p>\n<p>\u2013<\/p>\n<h6>Keramik \/ 11 oz muggens m\u00e5tt: 3,79\u2033 (9,6 cm) i h\u00f6jd, 3,25\u2033 (8,3 cm) i diameter \/ 15 oz muggm\u00e5tt: 4,69\u2033 (11,9 cm) i h\u00f6jd, 3,35\u2033 (8,5 cm) i diameter \/ Bly- och BPA-fritt material \/ F\u00e4rgad kant, insida och handtag \/ T\u00e5l maskindisk och mikrov\u00e5gsugn<\/h6>\n","protected":false},"excerpt":{"rendered":"<h6>FRIFORM DESIGN<\/h6>\n","protected":false},"featured_media":265376,"comment_status":"open","ping_status":"closed","template":"","meta":{"_et_pb_use_builder":"","_et_pb_old_content":"","_et_gb_content_width":"","inline_featured_image":false},"product_brand":[],"product_cat":[294,295,296],"product_tag":[247,283],"class_list":{"0":"post-271574","1":"product","2":"type-product","3":"status-publish","4":"has-post-thumbnail","6":"product_cat-inredning","7":"product_cat-muggar","8":"product_cat-muggar-koppar","9":"product_tag-designkontor","10":"product_tag-frimind-design-sv","12":"first","13":"instock","14":"taxable","15":"shipping-taxable","16":"purchasable","17":"product-type-simple"},"yoast_head":"<!-- This site is optimized with the Yoast SEO plugin v25.3 - https:\/\/yoast.com\/wordpress\/plugins\/seo\/ -->\n<title>Mugg &quot;Studio Yellow&quot; - Focus Design Store<\/title>\n<meta name=\"description\" content=\"Mugg f\u00f6r hemmakontor med grafisk design. H\u00e4ll upp dig sj\u00e4lv med stil och l\u00e4gg till ett st\u00e4nk av f\u00e4rg p\u00e5 din arbetsplats. Eller k\u00f6p som en g\u00e5va till en kreativ te- eller kaffe\u00e4lskare.\" \/>\n<meta name=\"robots\" content=\"index, follow, max-snippet:-1, max-image-preview:large, max-video-preview:-1\" \/>\n<link rel=\"canonical\" href=\"https:\/\/focusdesign.store\/sv\/produkt\/mugg-studio-yellow\/\" \/>\n<meta property=\"og:locale\" content=\"sv_SE\" \/>\n<meta property=\"og:type\" content=\"article\" \/>\n<meta property=\"og:title\" content=\"Mugg &quot;Studio Yellow&quot; - Focus Design Store\" \/>\n<meta property=\"og:description\" content=\"Mugg f\u00f6r hemmakontor med grafisk design. H\u00e4ll upp dig sj\u00e4lv med stil och l\u00e4gg till ett st\u00e4nk av f\u00e4rg p\u00e5 din arbetsplats. Eller k\u00f6p som en g\u00e5va till en kreativ te- eller kaffe\u00e4lskare.\" \/>\n<meta property=\"og:url\" content=\"https:\/\/focusdesign.store\/sv\/produkt\/mugg-studio-yellow\/\" \/>\n<meta property=\"og:site_name\" content=\"Focus Design Store\" \/>\n<meta property=\"article:modified_time\" content=\"2025-05-09T22:40:04+00:00\" \/>\n<meta property=\"og:image\" content=\"https:\/\/focusdesign.store\/wp-content\/uploads\/2025\/03\/GraphicDesign_Mug_Yellow_Front.jpg\" \/>\n\t<meta property=\"og:image:width\" content=\"1900\" \/>\n\t<meta property=\"og:image:height\" content=\"1200\" \/>\n\t<meta property=\"og:image:type\" content=\"image\/jpeg\" \/>\n<meta name=\"twitter:card\" content=\"summary_large_image\" \/>\n<meta name=\"twitter:label1\" content=\"Ber\u00e4knad l\u00e4stid\" \/>\n\t<meta name=\"twitter:data1\" content=\"1 minut\" \/>\n<script type=\"application\/ld+json\" class=\"yoast-schema-graph\">{\"@context\":\"https:\/\/schema.org\",\"@graph\":[{\"@type\":\"WebPage\",\"@id\":\"https:\/\/focusdesign.store\/sv\/produkt\/mugg-studio-yellow\/\",\"url\":\"https:\/\/focusdesign.store\/sv\/produkt\/mugg-studio-yellow\/\",\"name\":\"Mugg \\\"Studio Yellow\\\" - Focus Design Store\",\"isPartOf\":{\"@id\":\"https:\/\/focusdesign.store\/sv\/#website\"},\"primaryImageOfPage\":{\"@id\":\"https:\/\/focusdesign.store\/sv\/produkt\/mugg-studio-yellow\/#primaryimage\"},\"image\":{\"@id\":\"https:\/\/focusdesign.store\/sv\/produkt\/mugg-studio-yellow\/#primaryimage\"},\"thumbnailUrl\":\"https:\/\/focusdesign.store\/wp-content\/uploads\/2025\/03\/GraphicDesign_Mug_Yellow_Front.jpg\",\"datePublished\":\"2025-03-01T19:17:52+00:00\",\"dateModified\":\"2025-05-09T22:40:04+00:00\",\"description\":\"Mugg f\u00f6r hemmakontor med grafisk design. H\u00e4ll upp dig sj\u00e4lv med stil och l\u00e4gg till ett st\u00e4nk av f\u00e4rg p\u00e5 din arbetsplats. Eller k\u00f6p som en g\u00e5va till en kreativ te- eller kaffe\u00e4lskare.\",\"breadcrumb\":{\"@id\":\"https:\/\/focusdesign.store\/sv\/produkt\/mugg-studio-yellow\/#breadcrumb\"},\"inLanguage\":\"sv-SE\",\"potentialAction\":[{\"@type\":\"ReadAction\",\"target\":[\"https:\/\/focusdesign.store\/sv\/produkt\/mugg-studio-yellow\/\"]}]},{\"@type\":\"ImageObject\",\"inLanguage\":\"sv-SE\",\"@id\":\"https:\/\/focusdesign.store\/sv\/produkt\/mugg-studio-yellow\/#primaryimage\",\"url\":\"https:\/\/focusdesign.store\/wp-content\/uploads\/2025\/03\/GraphicDesign_Mug_Yellow_Front.jpg\",\"contentUrl\":\"https:\/\/focusdesign.store\/wp-content\/uploads\/2025\/03\/GraphicDesign_Mug_Yellow_Front.jpg\",\"width\":1900,\"height\":1200},{\"@type\":\"BreadcrumbList\",\"@id\":\"https:\/\/focusdesign.store\/sv\/produkt\/mugg-studio-yellow\/#breadcrumb\",\"itemListElement\":[{\"@type\":\"ListItem\",\"position\":1,\"name\":\"Hem\",\"item\":\"https:\/\/focusdesign.store\/sv\/\"},{\"@type\":\"ListItem\",\"position\":2,\"name\":\"Butik\",\"item\":\"https:\/\/focusdesign.store\/shop\/\"},{\"@type\":\"ListItem\",\"position\":3,\"name\":\"Mugg &#8220;Studio Yellow&#8221;\"}]},{\"@type\":\"WebSite\",\"@id\":\"https:\/\/focusdesign.store\/sv\/#website\",\"url\":\"https:\/\/focusdesign.store\/sv\/\",\"name\":\"Focus Design Store\",\"description\":\"Fine Art Prints &amp; Design \u2013 for home and living\",\"potentialAction\":[{\"@type\":\"SearchAction\",\"target\":{\"@type\":\"EntryPoint\",\"urlTemplate\":\"https:\/\/focusdesign.store\/sv\/?s={search_term_string}\"},\"query-input\":{\"@type\":\"PropertyValueSpecification\",\"valueRequired\":true,\"valueName\":\"search_term_string\"}}],\"inLanguage\":\"sv-SE\"}]}<\/script>\n<!-- \/ Yoast SEO plugin. -->","yoast_head_json":{"title":"Mugg \"Studio Yellow\" - Focus Design Store","description":"Mugg f\u00f6r hemmakontor med grafisk design. H\u00e4ll upp dig sj\u00e4lv med stil och l\u00e4gg till ett st\u00e4nk av f\u00e4rg p\u00e5 din arbetsplats. Eller k\u00f6p som en g\u00e5va till en kreativ te- eller kaffe\u00e4lskare.","robots":{"index":"index","follow":"follow","max-snippet":"max-snippet:-1","max-image-preview":"max-image-preview:large","max-video-preview":"max-video-preview:-1"},"canonical":"https:\/\/focusdesign.store\/sv\/produkt\/mugg-studio-yellow\/","og_locale":"sv_SE","og_type":"article","og_title":"Mugg \"Studio Yellow\" - Focus Design Store","og_description":"Mugg f\u00f6r hemmakontor med grafisk design. H\u00e4ll upp dig sj\u00e4lv med stil och l\u00e4gg till ett st\u00e4nk av f\u00e4rg p\u00e5 din arbetsplats. Eller k\u00f6p som en g\u00e5va till en kreativ te- eller kaffe\u00e4lskare.","og_url":"https:\/\/focusdesign.store\/sv\/produkt\/mugg-studio-yellow\/","og_site_name":"Focus Design Store","article_modified_time":"2025-05-09T22:40:04+00:00","og_image":[{"width":1900,"height":1200,"url":"https:\/\/focusdesign.store\/wp-content\/uploads\/2025\/03\/GraphicDesign_Mug_Yellow_Front.jpg","type":"image\/jpeg"}],"twitter_card":"summary_large_image","twitter_misc":{"Ber\u00e4knad l\u00e4stid":"1 minut"},"schema":{"@context":"https:\/\/schema.org","@graph":[{"@type":"WebPage","@id":"https:\/\/focusdesign.store\/sv\/produkt\/mugg-studio-yellow\/","url":"https:\/\/focusdesign.store\/sv\/produkt\/mugg-studio-yellow\/","name":"Mugg \"Studio Yellow\" - Focus Design Store","isPartOf":{"@id":"https:\/\/focusdesign.store\/sv\/#website"},"primaryImageOfPage":{"@id":"https:\/\/focusdesign.store\/sv\/produkt\/mugg-studio-yellow\/#primaryimage"},"image":{"@id":"https:\/\/focusdesign.store\/sv\/produkt\/mugg-studio-yellow\/#primaryimage"},"thumbnailUrl":"https:\/\/focusdesign.store\/wp-content\/uploads\/2025\/03\/GraphicDesign_Mug_Yellow_Front.jpg","datePublished":"2025-03-01T19:17:52+00:00","dateModified":"2025-05-09T22:40:04+00:00","description":"Mugg f\u00f6r hemmakontor med grafisk design. H\u00e4ll upp dig sj\u00e4lv med stil och l\u00e4gg till ett st\u00e4nk av f\u00e4rg p\u00e5 din arbetsplats. Eller k\u00f6p som en g\u00e5va till en kreativ te- eller kaffe\u00e4lskare.","breadcrumb":{"@id":"https:\/\/focusdesign.store\/sv\/produkt\/mugg-studio-yellow\/#breadcrumb"},"inLanguage":"sv-SE","potentialAction":[{"@type":"ReadAction","target":["https:\/\/focusdesign.store\/sv\/produkt\/mugg-studio-yellow\/"]}]},{"@type":"ImageObject","inLanguage":"sv-SE","@id":"https:\/\/focusdesign.store\/sv\/produkt\/mugg-studio-yellow\/#primaryimage","url":"https:\/\/focusdesign.store\/wp-content\/uploads\/2025\/03\/GraphicDesign_Mug_Yellow_Front.jpg","contentUrl":"https:\/\/focusdesign.store\/wp-content\/uploads\/2025\/03\/GraphicDesign_Mug_Yellow_Front.jpg","width":1900,"height":1200},{"@type":"BreadcrumbList","@id":"https:\/\/focusdesign.store\/sv\/produkt\/mugg-studio-yellow\/#breadcrumb","itemListElement":[{"@type":"ListItem","position":1,"name":"Hem","item":"https:\/\/focusdesign.store\/sv\/"},{"@type":"ListItem","position":2,"name":"Butik","item":"https:\/\/focusdesign.store\/shop\/"},{"@type":"ListItem","position":3,"name":"Mugg &#8220;Studio Yellow&#8221;"}]},{"@type":"WebSite","@id":"https:\/\/focusdesign.store\/sv\/#website","url":"https:\/\/focusdesign.store\/sv\/","name":"Focus Design Store","description":"Fine Art Prints &amp; Design \u2013 for home and living","potentialAction":[{"@type":"SearchAction","target":{"@type":"EntryPoint","urlTemplate":"https:\/\/focusdesign.store\/sv\/?s={search_term_string}"},"query-input":{"@type":"PropertyValueSpecification","valueRequired":true,"valueName":"search_term_string"}}],"inLanguage":"sv-SE"}]}},"jetpack_sharing_enabled":true,"_links":{"self":[{"href":"https:\/\/focusdesign.store\/sv\/wp-json\/wp\/v2\/product\/271574","targetHints":{"allow":["GET"]}}],"collection":[{"href":"https:\/\/focusdesign.store\/sv\/wp-json\/wp\/v2\/product"}],"about":[{"href":"https:\/\/focusdesign.store\/sv\/wp-json\/wp\/v2\/types\/product"}],"replies":[{"embeddable":true,"href":"https:\/\/focusdesign.store\/sv\/wp-json\/wp\/v2\/comments?post=271574"}],"wp:featuredmedia":[{"embeddable":true,"href":"https:\/\/focusdesign.store\/sv\/wp-json\/wp\/v2\/media\/265376"}],"wp:attachment":[{"href":"https:\/\/focusdesign.store\/sv\/wp-json\/wp\/v2\/media?parent=271574"}],"wp:term":[{"taxonomy":"product_brand","embeddable":true,"href":"https:\/\/focusdesign.store\/sv\/wp-json\/wp\/v2\/product_brand?post=271574"},{"taxonomy":"product_cat","embeddable":true,"href":"https:\/\/focusdesign.store\/sv\/wp-json\/wp\/v2\/product_cat?post=271574"},{"taxonomy":"product_tag","embeddable":true,"href":"https:\/\/focusdesign.store\/sv\/wp-json\/wp\/v2\/product_tag?post=271574"}],"curies":[{"name":"wp","href":"https:\/\/api.w.org\/{rel}","templated":true}]}}