{"id":271577,"date":"2025-03-01T17:45:47","date_gmt":"2025-03-01T17:45:47","guid":{"rendered":"https:\/\/focusdesign.store\/product\/canvasskor-leaf-black-m\/"},"modified":"2025-05-09T22:31:19","modified_gmt":"2025-05-09T22:31:19","slug":"canvasskor-leaf-black-m","status":"publish","type":"product","link":"https:\/\/focusdesign.store\/sv\/produkt\/canvasskor-leaf-black-m\/","title":{"rendered":"Canvasskor &#8221;Leaf\/Black&#8221; (Herr)"},"content":{"rendered":"<p>Dessa Slip-On Canvas Shoes f\u00f6r m\u00e4n \u00e4r gjorda f\u00f6r komfort och enkelhet, \u00e4r snygga och det perfekta valet f\u00f6r att komplettera en outfit. De \u00e4r utrustade med uttagbara mjuka innersulor och yttersulor i gummi, och det \u00e4r ocks\u00e5 l\u00e4tt att justera dem f\u00f6r b\u00e4ttre passform.<\/p>\n<p>\u2013<\/p>\n<h6>Ventilerande foder, mjuk innersula \/ Elastiska sidof\u00f6rst\u00e4rkningar \/ Vadderad krage och tunga \/ Ovansida i 100% polyesterkanvas \/ Yttersula i etylen-vinylacetat (EVA) gummi<\/h6>\n","protected":false},"excerpt":{"rendered":"<h6>FRIFORM SLIP-ON<\/h6>\n","protected":false},"featured_media":265691,"comment_status":"open","ping_status":"closed","template":"","meta":{"_et_pb_use_builder":"","_et_pb_old_content":"","_et_gb_content_width":"","inline_featured_image":false},"product_brand":[],"product_cat":[285,315,314,316],"product_tag":[283,282],"class_list":{"0":"post-271577","1":"product","2":"type-product","3":"status-publish","4":"has-post-thumbnail","6":"product_cat-accessoarer","7":"product_cat-herrskor","8":"product_cat-skor","9":"product_cat-slip-on-canvasskor-m","10":"product_tag-frimind-design-sv","11":"product_tag-klader-accessoarer","13":"first","14":"instock","15":"sale","16":"taxable","17":"shipping-taxable","18":"purchasable","19":"product-type-variable"},"yoast_head":"<!-- This site is optimized with the Yoast SEO plugin v25.3 - https:\/\/yoast.com\/wordpress\/plugins\/seo\/ -->\n<title>Canvasskor &quot;Leaf\/Black&quot; (Herr) - Focus Design Store<\/title>\n<meta name=\"description\" content=\"Friform Design Slip-On Canvas-skor f\u00f6r m\u00e4n. Varma jordn\u00e4ra toner men \u00e4nd\u00e5 f\u00e4rgglada. Gjorda f\u00f6r komfort och enkelhet och den perfekta delen f\u00f6r att komplettera en outfit.\" \/>\n<meta name=\"robots\" content=\"index, follow, max-snippet:-1, max-image-preview:large, max-video-preview:-1\" \/>\n<link rel=\"canonical\" href=\"https:\/\/focusdesign.store\/sv\/produkt\/canvasskor-leaf-black-m\/\" \/>\n<meta property=\"og:locale\" content=\"sv_SE\" \/>\n<meta property=\"og:type\" content=\"article\" \/>\n<meta property=\"og:title\" content=\"Canvasskor &quot;Leaf\/Black&quot; (Herr) - Focus Design Store\" \/>\n<meta property=\"og:description\" content=\"Friform Design Slip-On Canvas-skor f\u00f6r m\u00e4n. Varma jordn\u00e4ra toner men \u00e4nd\u00e5 f\u00e4rgglada. Gjorda f\u00f6r komfort och enkelhet och den perfekta delen f\u00f6r att komplettera en outfit.\" \/>\n<meta property=\"og:url\" content=\"https:\/\/focusdesign.store\/sv\/produkt\/canvasskor-leaf-black-m\/\" \/>\n<meta property=\"og:site_name\" content=\"Focus Design Store\" \/>\n<meta property=\"article:modified_time\" content=\"2025-05-09T22:31:19+00:00\" \/>\n<meta property=\"og:image\" content=\"https:\/\/focusdesign.store\/wp-content\/uploads\/2025\/03\/MensSlipOn_Leaf_Black_01.jpg\" \/>\n\t<meta property=\"og:image:width\" content=\"1900\" \/>\n\t<meta property=\"og:image:height\" content=\"1200\" \/>\n\t<meta property=\"og:image:type\" content=\"image\/jpeg\" \/>\n<meta name=\"twitter:card\" content=\"summary_large_image\" \/>\n<meta name=\"twitter:label1\" content=\"Ber\u00e4knad l\u00e4stid\" \/>\n\t<meta name=\"twitter:data1\" content=\"1 minut\" \/>\n<script type=\"application\/ld+json\" class=\"yoast-schema-graph\">{\"@context\":\"https:\/\/schema.org\",\"@graph\":[{\"@type\":\"WebPage\",\"@id\":\"https:\/\/focusdesign.store\/sv\/produkt\/canvasskor-leaf-black-m\/\",\"url\":\"https:\/\/focusdesign.store\/sv\/produkt\/canvasskor-leaf-black-m\/\",\"name\":\"Canvasskor \\\"Leaf\/Black\\\" (Herr) - Focus Design Store\",\"isPartOf\":{\"@id\":\"https:\/\/focusdesign.store\/sv\/#website\"},\"primaryImageOfPage\":{\"@id\":\"https:\/\/focusdesign.store\/sv\/produkt\/canvasskor-leaf-black-m\/#primaryimage\"},\"image\":{\"@id\":\"https:\/\/focusdesign.store\/sv\/produkt\/canvasskor-leaf-black-m\/#primaryimage\"},\"thumbnailUrl\":\"https:\/\/focusdesign.store\/wp-content\/uploads\/2025\/03\/MensSlipOn_Leaf_Black_01.jpg\",\"datePublished\":\"2025-03-01T17:45:47+00:00\",\"dateModified\":\"2025-05-09T22:31:19+00:00\",\"description\":\"Friform Design Slip-On Canvas-skor f\u00f6r m\u00e4n. Varma jordn\u00e4ra toner men \u00e4nd\u00e5 f\u00e4rgglada. Gjorda f\u00f6r komfort och enkelhet och den perfekta delen f\u00f6r att komplettera en outfit.\",\"breadcrumb\":{\"@id\":\"https:\/\/focusdesign.store\/sv\/produkt\/canvasskor-leaf-black-m\/#breadcrumb\"},\"inLanguage\":\"sv-SE\",\"potentialAction\":[{\"@type\":\"ReadAction\",\"target\":[\"https:\/\/focusdesign.store\/sv\/produkt\/canvasskor-leaf-black-m\/\"]}]},{\"@type\":\"ImageObject\",\"inLanguage\":\"sv-SE\",\"@id\":\"https:\/\/focusdesign.store\/sv\/produkt\/canvasskor-leaf-black-m\/#primaryimage\",\"url\":\"https:\/\/focusdesign.store\/wp-content\/uploads\/2025\/03\/MensSlipOn_Leaf_Black_01.jpg\",\"contentUrl\":\"https:\/\/focusdesign.store\/wp-content\/uploads\/2025\/03\/MensSlipOn_Leaf_Black_01.jpg\",\"width\":1900,\"height\":1200},{\"@type\":\"BreadcrumbList\",\"@id\":\"https:\/\/focusdesign.store\/sv\/produkt\/canvasskor-leaf-black-m\/#breadcrumb\",\"itemListElement\":[{\"@type\":\"ListItem\",\"position\":1,\"name\":\"Hem\",\"item\":\"https:\/\/focusdesign.store\/sv\/\"},{\"@type\":\"ListItem\",\"position\":2,\"name\":\"Butik\",\"item\":\"https:\/\/focusdesign.store\/shop\/\"},{\"@type\":\"ListItem\",\"position\":3,\"name\":\"Canvasskor &#8220;Leaf\/Black&#8221; (Herr)\"}]},{\"@type\":\"WebSite\",\"@id\":\"https:\/\/focusdesign.store\/sv\/#website\",\"url\":\"https:\/\/focusdesign.store\/sv\/\",\"name\":\"Focus Design Store\",\"description\":\"Fine Art Prints &amp; Design \u2013 for home and living\",\"potentialAction\":[{\"@type\":\"SearchAction\",\"target\":{\"@type\":\"EntryPoint\",\"urlTemplate\":\"https:\/\/focusdesign.store\/sv\/?s={search_term_string}\"},\"query-input\":{\"@type\":\"PropertyValueSpecification\",\"valueRequired\":true,\"valueName\":\"search_term_string\"}}],\"inLanguage\":\"sv-SE\"}]}<\/script>\n<!-- \/ Yoast SEO plugin. -->","yoast_head_json":{"title":"Canvasskor \"Leaf\/Black\" (Herr) - Focus Design Store","description":"Friform Design Slip-On Canvas-skor f\u00f6r m\u00e4n. Varma jordn\u00e4ra toner men \u00e4nd\u00e5 f\u00e4rgglada. Gjorda f\u00f6r komfort och enkelhet och den perfekta delen f\u00f6r att komplettera en outfit.","robots":{"index":"index","follow":"follow","max-snippet":"max-snippet:-1","max-image-preview":"max-image-preview:large","max-video-preview":"max-video-preview:-1"},"canonical":"https:\/\/focusdesign.store\/sv\/produkt\/canvasskor-leaf-black-m\/","og_locale":"sv_SE","og_type":"article","og_title":"Canvasskor \"Leaf\/Black\" (Herr) - Focus Design Store","og_description":"Friform Design Slip-On Canvas-skor f\u00f6r m\u00e4n. Varma jordn\u00e4ra toner men \u00e4nd\u00e5 f\u00e4rgglada. Gjorda f\u00f6r komfort och enkelhet och den perfekta delen f\u00f6r att komplettera en outfit.","og_url":"https:\/\/focusdesign.store\/sv\/produkt\/canvasskor-leaf-black-m\/","og_site_name":"Focus Design Store","article_modified_time":"2025-05-09T22:31:19+00:00","og_image":[{"width":1900,"height":1200,"url":"https:\/\/focusdesign.store\/wp-content\/uploads\/2025\/03\/MensSlipOn_Leaf_Black_01.jpg","type":"image\/jpeg"}],"twitter_card":"summary_large_image","twitter_misc":{"Ber\u00e4knad l\u00e4stid":"1 minut"},"schema":{"@context":"https:\/\/schema.org","@graph":[{"@type":"WebPage","@id":"https:\/\/focusdesign.store\/sv\/produkt\/canvasskor-leaf-black-m\/","url":"https:\/\/focusdesign.store\/sv\/produkt\/canvasskor-leaf-black-m\/","name":"Canvasskor \"Leaf\/Black\" (Herr) - Focus Design Store","isPartOf":{"@id":"https:\/\/focusdesign.store\/sv\/#website"},"primaryImageOfPage":{"@id":"https:\/\/focusdesign.store\/sv\/produkt\/canvasskor-leaf-black-m\/#primaryimage"},"image":{"@id":"https:\/\/focusdesign.store\/sv\/produkt\/canvasskor-leaf-black-m\/#primaryimage"},"thumbnailUrl":"https:\/\/focusdesign.store\/wp-content\/uploads\/2025\/03\/MensSlipOn_Leaf_Black_01.jpg","datePublished":"2025-03-01T17:45:47+00:00","dateModified":"2025-05-09T22:31:19+00:00","description":"Friform Design Slip-On Canvas-skor f\u00f6r m\u00e4n. Varma jordn\u00e4ra toner men \u00e4nd\u00e5 f\u00e4rgglada. Gjorda f\u00f6r komfort och enkelhet och den perfekta delen f\u00f6r att komplettera en outfit.","breadcrumb":{"@id":"https:\/\/focusdesign.store\/sv\/produkt\/canvasskor-leaf-black-m\/#breadcrumb"},"inLanguage":"sv-SE","potentialAction":[{"@type":"ReadAction","target":["https:\/\/focusdesign.store\/sv\/produkt\/canvasskor-leaf-black-m\/"]}]},{"@type":"ImageObject","inLanguage":"sv-SE","@id":"https:\/\/focusdesign.store\/sv\/produkt\/canvasskor-leaf-black-m\/#primaryimage","url":"https:\/\/focusdesign.store\/wp-content\/uploads\/2025\/03\/MensSlipOn_Leaf_Black_01.jpg","contentUrl":"https:\/\/focusdesign.store\/wp-content\/uploads\/2025\/03\/MensSlipOn_Leaf_Black_01.jpg","width":1900,"height":1200},{"@type":"BreadcrumbList","@id":"https:\/\/focusdesign.store\/sv\/produkt\/canvasskor-leaf-black-m\/#breadcrumb","itemListElement":[{"@type":"ListItem","position":1,"name":"Hem","item":"https:\/\/focusdesign.store\/sv\/"},{"@type":"ListItem","position":2,"name":"Butik","item":"https:\/\/focusdesign.store\/shop\/"},{"@type":"ListItem","position":3,"name":"Canvasskor &#8220;Leaf\/Black&#8221; (Herr)"}]},{"@type":"WebSite","@id":"https:\/\/focusdesign.store\/sv\/#website","url":"https:\/\/focusdesign.store\/sv\/","name":"Focus Design Store","description":"Fine Art Prints &amp; Design \u2013 for home and living","potentialAction":[{"@type":"SearchAction","target":{"@type":"EntryPoint","urlTemplate":"https:\/\/focusdesign.store\/sv\/?s={search_term_string}"},"query-input":{"@type":"PropertyValueSpecification","valueRequired":true,"valueName":"search_term_string"}}],"inLanguage":"sv-SE"}]}},"jetpack_sharing_enabled":true,"_links":{"self":[{"href":"https:\/\/focusdesign.store\/sv\/wp-json\/wp\/v2\/product\/271577","targetHints":{"allow":["GET"]}}],"collection":[{"href":"https:\/\/focusdesign.store\/sv\/wp-json\/wp\/v2\/product"}],"about":[{"href":"https:\/\/focusdesign.store\/sv\/wp-json\/wp\/v2\/types\/product"}],"replies":[{"embeddable":true,"href":"https:\/\/focusdesign.store\/sv\/wp-json\/wp\/v2\/comments?post=271577"}],"wp:featuredmedia":[{"embeddable":true,"href":"https:\/\/focusdesign.store\/sv\/wp-json\/wp\/v2\/media\/265691"}],"wp:attachment":[{"href":"https:\/\/focusdesign.store\/sv\/wp-json\/wp\/v2\/media?parent=271577"}],"wp:term":[{"taxonomy":"product_brand","embeddable":true,"href":"https:\/\/focusdesign.store\/sv\/wp-json\/wp\/v2\/product_brand?post=271577"},{"taxonomy":"product_cat","embeddable":true,"href":"https:\/\/focusdesign.store\/sv\/wp-json\/wp\/v2\/product_cat?post=271577"},{"taxonomy":"product_tag","embeddable":true,"href":"https:\/\/focusdesign.store\/sv\/wp-json\/wp\/v2\/product_tag?post=271577"}],"curies":[{"name":"wp","href":"https:\/\/api.w.org\/{rel}","templated":true}]}}