{"id":272307,"date":"2025-03-03T15:48:56","date_gmt":"2025-03-03T15:48:56","guid":{"rendered":"https:\/\/focusdesign.store\/product\/troja-leaf-orange-blue\/"},"modified":"2025-05-10T08:46:24","modified_gmt":"2025-05-10T08:46:24","slug":"troja-leaf-orange-blue","status":"publish","type":"product","link":"https:\/\/focusdesign.store\/sv\/produkt\/troja-leaf-orange-blue\/","title":{"rendered":"Tr\u00f6ja &#8221;Leaf Orange\/Blue&#8221;"},"content":{"rendered":"<p>En grafisk och f\u00e4rgglad Friform Design-tr\u00f6ja med rund hals i extra mjuk stickning. Kommer garanterat att bli en vardagsfavorit!<\/p>\n<p>\u2013<\/p>\n<h6>&#8211; 55% bomull, 45% polyester<br \/>\n&#8211; L\u00e4tt, mjukt tyg<br \/>\n&#8211; Unisex-storlek<br \/>\n&#8211; Maskintv\u00e4ttbar<\/h6>\n<h6><strong>Obs!<\/strong><br \/>\n&#8211; Tr\u00f6jan kan krympa n\u00e5got efter f\u00f6rsta tv\u00e4tten.<br \/>\n&#8211; Tv\u00e4ttas i 30-40\u00b0C<\/h6>\n","protected":false},"excerpt":{"rendered":"<h6>FRIFORM UNISEX<\/h6>\n","protected":false},"featured_media":266572,"comment_status":"open","ping_status":"closed","template":"","meta":{"_et_pb_use_builder":"","_et_pb_old_content":"","_et_gb_content_width":"","inline_featured_image":false},"product_brand":[],"product_cat":[280,281],"product_tag":[283,282],"class_list":{"0":"post-272307","1":"product","2":"type-product","3":"status-publish","4":"has-post-thumbnail","6":"product_cat-klader","7":"product_cat-stickade-trojor","8":"product_tag-frimind-design-sv","9":"product_tag-klader-accessoarer","11":"first","12":"instock","13":"taxable","14":"shipping-taxable","15":"purchasable","16":"product-type-variable"},"yoast_head":"<!-- This site is optimized with the Yoast SEO plugin v25.3 - https:\/\/yoast.com\/wordpress\/plugins\/seo\/ -->\n<title>Tr\u00f6ja &quot;Leaf Orange\/Blue&quot; - Focus Design Store<\/title>\n<meta name=\"description\" content=\"Grafisk och f\u00e4rgstark design av Friform Studio. En l\u00e4tt och mjuk unisex stickad rundhalsad tr\u00f6ja. Happy fashion - bekv\u00e4m och funktionell f\u00f6r vardagslivet.\" \/>\n<meta name=\"robots\" content=\"index, follow, max-snippet:-1, max-image-preview:large, max-video-preview:-1\" \/>\n<link rel=\"canonical\" href=\"https:\/\/focusdesign.store\/sv\/produkt\/troja-leaf-orange-blue\/\" \/>\n<meta property=\"og:locale\" content=\"sv_SE\" \/>\n<meta property=\"og:type\" content=\"article\" \/>\n<meta property=\"og:title\" content=\"Tr\u00f6ja &quot;Leaf Orange\/Blue&quot; - Focus Design Store\" \/>\n<meta property=\"og:description\" content=\"Grafisk och f\u00e4rgstark design av Friform Studio. En l\u00e4tt och mjuk unisex stickad rundhalsad tr\u00f6ja. Happy fashion - bekv\u00e4m och funktionell f\u00f6r vardagslivet.\" \/>\n<meta property=\"og:url\" content=\"https:\/\/focusdesign.store\/sv\/produkt\/troja-leaf-orange-blue\/\" \/>\n<meta property=\"og:site_name\" content=\"Focus Design Store\" \/>\n<meta property=\"article:modified_time\" content=\"2025-05-10T08:46:24+00:00\" \/>\n<meta property=\"og:image\" content=\"https:\/\/focusdesign.store\/wp-content\/uploads\/2025\/03\/KnittedSweater_Leaf_BlueOrange.jpg\" \/>\n\t<meta property=\"og:image:width\" content=\"1900\" \/>\n\t<meta property=\"og:image:height\" content=\"1200\" \/>\n\t<meta property=\"og:image:type\" content=\"image\/jpeg\" \/>\n<meta name=\"twitter:card\" content=\"summary_large_image\" \/>\n<meta name=\"twitter:label1\" content=\"Ber\u00e4knad l\u00e4stid\" \/>\n\t<meta name=\"twitter:data1\" content=\"1 minut\" \/>\n<script type=\"application\/ld+json\" class=\"yoast-schema-graph\">{\"@context\":\"https:\/\/schema.org\",\"@graph\":[{\"@type\":\"WebPage\",\"@id\":\"https:\/\/focusdesign.store\/sv\/produkt\/troja-leaf-orange-blue\/\",\"url\":\"https:\/\/focusdesign.store\/sv\/produkt\/troja-leaf-orange-blue\/\",\"name\":\"Tr\u00f6ja \\\"Leaf Orange\/Blue\\\" - Focus Design Store\",\"isPartOf\":{\"@id\":\"https:\/\/focusdesign.store\/sv\/#website\"},\"primaryImageOfPage\":{\"@id\":\"https:\/\/focusdesign.store\/sv\/produkt\/troja-leaf-orange-blue\/#primaryimage\"},\"image\":{\"@id\":\"https:\/\/focusdesign.store\/sv\/produkt\/troja-leaf-orange-blue\/#primaryimage\"},\"thumbnailUrl\":\"https:\/\/focusdesign.store\/wp-content\/uploads\/2025\/03\/KnittedSweater_Leaf_BlueOrange.jpg\",\"datePublished\":\"2025-03-03T15:48:56+00:00\",\"dateModified\":\"2025-05-10T08:46:24+00:00\",\"description\":\"Grafisk och f\u00e4rgstark design av Friform Studio. En l\u00e4tt och mjuk unisex stickad rundhalsad tr\u00f6ja. Happy fashion - bekv\u00e4m och funktionell f\u00f6r vardagslivet.\",\"breadcrumb\":{\"@id\":\"https:\/\/focusdesign.store\/sv\/produkt\/troja-leaf-orange-blue\/#breadcrumb\"},\"inLanguage\":\"sv-SE\",\"potentialAction\":[{\"@type\":\"ReadAction\",\"target\":[\"https:\/\/focusdesign.store\/sv\/produkt\/troja-leaf-orange-blue\/\"]}]},{\"@type\":\"ImageObject\",\"inLanguage\":\"sv-SE\",\"@id\":\"https:\/\/focusdesign.store\/sv\/produkt\/troja-leaf-orange-blue\/#primaryimage\",\"url\":\"https:\/\/focusdesign.store\/wp-content\/uploads\/2025\/03\/KnittedSweater_Leaf_BlueOrange.jpg\",\"contentUrl\":\"https:\/\/focusdesign.store\/wp-content\/uploads\/2025\/03\/KnittedSweater_Leaf_BlueOrange.jpg\",\"width\":1900,\"height\":1200},{\"@type\":\"BreadcrumbList\",\"@id\":\"https:\/\/focusdesign.store\/sv\/produkt\/troja-leaf-orange-blue\/#breadcrumb\",\"itemListElement\":[{\"@type\":\"ListItem\",\"position\":1,\"name\":\"Hem\",\"item\":\"https:\/\/focusdesign.store\/sv\/\"},{\"@type\":\"ListItem\",\"position\":2,\"name\":\"Butik\",\"item\":\"https:\/\/focusdesign.store\/shop\/\"},{\"@type\":\"ListItem\",\"position\":3,\"name\":\"Tr\u00f6ja &#8220;Leaf Orange\/Blue&#8221;\"}]},{\"@type\":\"WebSite\",\"@id\":\"https:\/\/focusdesign.store\/sv\/#website\",\"url\":\"https:\/\/focusdesign.store\/sv\/\",\"name\":\"Focus Design Store\",\"description\":\"Fine Art Prints &amp; Design \u2013 for home and living\",\"potentialAction\":[{\"@type\":\"SearchAction\",\"target\":{\"@type\":\"EntryPoint\",\"urlTemplate\":\"https:\/\/focusdesign.store\/sv\/?s={search_term_string}\"},\"query-input\":{\"@type\":\"PropertyValueSpecification\",\"valueRequired\":true,\"valueName\":\"search_term_string\"}}],\"inLanguage\":\"sv-SE\"}]}<\/script>\n<!-- \/ Yoast SEO plugin. -->","yoast_head_json":{"title":"Tr\u00f6ja \"Leaf Orange\/Blue\" - Focus Design Store","description":"Grafisk och f\u00e4rgstark design av Friform Studio. En l\u00e4tt och mjuk unisex stickad rundhalsad tr\u00f6ja. Happy fashion - bekv\u00e4m och funktionell f\u00f6r vardagslivet.","robots":{"index":"index","follow":"follow","max-snippet":"max-snippet:-1","max-image-preview":"max-image-preview:large","max-video-preview":"max-video-preview:-1"},"canonical":"https:\/\/focusdesign.store\/sv\/produkt\/troja-leaf-orange-blue\/","og_locale":"sv_SE","og_type":"article","og_title":"Tr\u00f6ja \"Leaf Orange\/Blue\" - Focus Design Store","og_description":"Grafisk och f\u00e4rgstark design av Friform Studio. En l\u00e4tt och mjuk unisex stickad rundhalsad tr\u00f6ja. Happy fashion - bekv\u00e4m och funktionell f\u00f6r vardagslivet.","og_url":"https:\/\/focusdesign.store\/sv\/produkt\/troja-leaf-orange-blue\/","og_site_name":"Focus Design Store","article_modified_time":"2025-05-10T08:46:24+00:00","og_image":[{"width":1900,"height":1200,"url":"https:\/\/focusdesign.store\/wp-content\/uploads\/2025\/03\/KnittedSweater_Leaf_BlueOrange.jpg","type":"image\/jpeg"}],"twitter_card":"summary_large_image","twitter_misc":{"Ber\u00e4knad l\u00e4stid":"1 minut"},"schema":{"@context":"https:\/\/schema.org","@graph":[{"@type":"WebPage","@id":"https:\/\/focusdesign.store\/sv\/produkt\/troja-leaf-orange-blue\/","url":"https:\/\/focusdesign.store\/sv\/produkt\/troja-leaf-orange-blue\/","name":"Tr\u00f6ja \"Leaf Orange\/Blue\" - Focus Design Store","isPartOf":{"@id":"https:\/\/focusdesign.store\/sv\/#website"},"primaryImageOfPage":{"@id":"https:\/\/focusdesign.store\/sv\/produkt\/troja-leaf-orange-blue\/#primaryimage"},"image":{"@id":"https:\/\/focusdesign.store\/sv\/produkt\/troja-leaf-orange-blue\/#primaryimage"},"thumbnailUrl":"https:\/\/focusdesign.store\/wp-content\/uploads\/2025\/03\/KnittedSweater_Leaf_BlueOrange.jpg","datePublished":"2025-03-03T15:48:56+00:00","dateModified":"2025-05-10T08:46:24+00:00","description":"Grafisk och f\u00e4rgstark design av Friform Studio. En l\u00e4tt och mjuk unisex stickad rundhalsad tr\u00f6ja. Happy fashion - bekv\u00e4m och funktionell f\u00f6r vardagslivet.","breadcrumb":{"@id":"https:\/\/focusdesign.store\/sv\/produkt\/troja-leaf-orange-blue\/#breadcrumb"},"inLanguage":"sv-SE","potentialAction":[{"@type":"ReadAction","target":["https:\/\/focusdesign.store\/sv\/produkt\/troja-leaf-orange-blue\/"]}]},{"@type":"ImageObject","inLanguage":"sv-SE","@id":"https:\/\/focusdesign.store\/sv\/produkt\/troja-leaf-orange-blue\/#primaryimage","url":"https:\/\/focusdesign.store\/wp-content\/uploads\/2025\/03\/KnittedSweater_Leaf_BlueOrange.jpg","contentUrl":"https:\/\/focusdesign.store\/wp-content\/uploads\/2025\/03\/KnittedSweater_Leaf_BlueOrange.jpg","width":1900,"height":1200},{"@type":"BreadcrumbList","@id":"https:\/\/focusdesign.store\/sv\/produkt\/troja-leaf-orange-blue\/#breadcrumb","itemListElement":[{"@type":"ListItem","position":1,"name":"Hem","item":"https:\/\/focusdesign.store\/sv\/"},{"@type":"ListItem","position":2,"name":"Butik","item":"https:\/\/focusdesign.store\/shop\/"},{"@type":"ListItem","position":3,"name":"Tr\u00f6ja &#8220;Leaf Orange\/Blue&#8221;"}]},{"@type":"WebSite","@id":"https:\/\/focusdesign.store\/sv\/#website","url":"https:\/\/focusdesign.store\/sv\/","name":"Focus Design Store","description":"Fine Art Prints &amp; Design \u2013 for home and living","potentialAction":[{"@type":"SearchAction","target":{"@type":"EntryPoint","urlTemplate":"https:\/\/focusdesign.store\/sv\/?s={search_term_string}"},"query-input":{"@type":"PropertyValueSpecification","valueRequired":true,"valueName":"search_term_string"}}],"inLanguage":"sv-SE"}]}},"jetpack_sharing_enabled":true,"_links":{"self":[{"href":"https:\/\/focusdesign.store\/sv\/wp-json\/wp\/v2\/product\/272307","targetHints":{"allow":["GET"]}}],"collection":[{"href":"https:\/\/focusdesign.store\/sv\/wp-json\/wp\/v2\/product"}],"about":[{"href":"https:\/\/focusdesign.store\/sv\/wp-json\/wp\/v2\/types\/product"}],"replies":[{"embeddable":true,"href":"https:\/\/focusdesign.store\/sv\/wp-json\/wp\/v2\/comments?post=272307"}],"wp:featuredmedia":[{"embeddable":true,"href":"https:\/\/focusdesign.store\/sv\/wp-json\/wp\/v2\/media\/266572"}],"wp:attachment":[{"href":"https:\/\/focusdesign.store\/sv\/wp-json\/wp\/v2\/media?parent=272307"}],"wp:term":[{"taxonomy":"product_brand","embeddable":true,"href":"https:\/\/focusdesign.store\/sv\/wp-json\/wp\/v2\/product_brand?post=272307"},{"taxonomy":"product_cat","embeddable":true,"href":"https:\/\/focusdesign.store\/sv\/wp-json\/wp\/v2\/product_cat?post=272307"},{"taxonomy":"product_tag","embeddable":true,"href":"https:\/\/focusdesign.store\/sv\/wp-json\/wp\/v2\/product_tag?post=272307"}],"curies":[{"name":"wp","href":"https:\/\/api.w.org\/{rel}","templated":true}]}}