{"id":272888,"date":"2025-03-01T20:07:50","date_gmt":"2025-03-01T20:07:50","guid":{"rendered":"https:\/\/focusdesign.store\/product\/sherpa-filt-studio-black\/"},"modified":"2025-05-09T22:51:36","modified_gmt":"2025-05-09T22:51:36","slug":"sherpa-filt-studio-black","status":"publish","type":"product","link":"https:\/\/focusdesign.store\/sv\/produkt\/sherpa-filt-studio-black\/","title":{"rendered":"Sherpa-filt &#8221;Studio Black&#8221;"},"content":{"rendered":"<p>Denna sherpa-filt kombinerar en plyschk\u00e4nsla med exceptionell mjukhet, vilket g\u00f6r den till den ultimata komfortkompisen. Perfekt f\u00f6r daglig anv\u00e4ndning n\u00e4r du slappar i soffan, myser under kyliga kv\u00e4llar eller stylar ditt rum.<\/p>\n<p>\u2013<\/p>\n<h6>Helt\u00e4ckande sammans\u00e4ttning: 100% polyesterfibrer \/ Tyg: 100% polyester (51,5% ytv\u00e4v, 48,5% sherpav\u00e4v) \/ Sl\u00e4t sidov\u00e4v: 6,49 oz\/yd\u00b2 (220 g\/m\u00b2), sherpatyg: 7,08 oz\/yd\u00b2 (240g\/m\u00b2)<b><b><\/b><\/b><\/h6>\n","protected":false},"excerpt":{"rendered":"<h6>FRIFORM DESIGN<\/h6>\n","protected":false},"featured_media":266941,"comment_status":"open","ping_status":"closed","template":"","meta":{"_et_pb_use_builder":"","_et_pb_old_content":"","_et_gb_content_width":"","inline_featured_image":false},"product_brand":[],"product_cat":[371,294,372],"product_tag":[247,283],"class_list":{"0":"post-272888","1":"product","2":"type-product","3":"status-publish","4":"has-post-thumbnail","6":"product_cat-filtar","7":"product_cat-inredning","8":"product_cat-textil-sv","9":"product_tag-designkontor","10":"product_tag-frimind-design-sv","12":"first","13":"instock","14":"sale","15":"taxable","16":"shipping-taxable","17":"purchasable","18":"product-type-variable"},"yoast_head":"<!-- This site is optimized with the Yoast SEO plugin v25.3 - https:\/\/yoast.com\/wordpress\/plugins\/seo\/ -->\n<title>Sherpa-filt &quot;Studio Black&quot; - Focus Design Store<\/title>\n<meta name=\"description\" content=\"Denna uts\u00f6kta sherpafilt kombinerar en plyschk\u00e4nsla med exceptionell mjukhet, vilket g\u00f6r den till den ultimata f\u00f6ljeslagaren.\" \/>\n<meta name=\"robots\" content=\"index, follow, max-snippet:-1, max-image-preview:large, max-video-preview:-1\" \/>\n<link rel=\"canonical\" href=\"https:\/\/focusdesign.store\/sv\/produkt\/sherpa-filt-studio-black\/\" \/>\n<meta property=\"og:locale\" content=\"sv_SE\" \/>\n<meta property=\"og:type\" content=\"article\" \/>\n<meta property=\"og:title\" content=\"Sherpa-filt &quot;Studio Black&quot; - Focus Design Store\" \/>\n<meta property=\"og:description\" content=\"Denna uts\u00f6kta sherpafilt kombinerar en plyschk\u00e4nsla med exceptionell mjukhet, vilket g\u00f6r den till den ultimata f\u00f6ljeslagaren.\" \/>\n<meta property=\"og:url\" content=\"https:\/\/focusdesign.store\/sv\/produkt\/sherpa-filt-studio-black\/\" \/>\n<meta property=\"og:site_name\" content=\"Focus Design Store\" \/>\n<meta property=\"article:modified_time\" content=\"2025-05-09T22:51:36+00:00\" \/>\n<meta property=\"og:image\" content=\"https:\/\/focusdesign.store\/wp-content\/uploads\/2025\/03\/StudioBlack_SherpaBlanket_L.jpg\" \/>\n\t<meta property=\"og:image:width\" content=\"1900\" \/>\n\t<meta property=\"og:image:height\" content=\"1200\" \/>\n\t<meta property=\"og:image:type\" content=\"image\/jpeg\" \/>\n<meta name=\"twitter:card\" content=\"summary_large_image\" \/>\n<meta name=\"twitter:label1\" content=\"Ber\u00e4knad l\u00e4stid\" \/>\n\t<meta name=\"twitter:data1\" content=\"1 minut\" \/>\n<script type=\"application\/ld+json\" class=\"yoast-schema-graph\">{\"@context\":\"https:\/\/schema.org\",\"@graph\":[{\"@type\":\"WebPage\",\"@id\":\"https:\/\/focusdesign.store\/sv\/produkt\/sherpa-filt-studio-black\/\",\"url\":\"https:\/\/focusdesign.store\/sv\/produkt\/sherpa-filt-studio-black\/\",\"name\":\"Sherpa-filt \\\"Studio Black\\\" - Focus Design Store\",\"isPartOf\":{\"@id\":\"https:\/\/focusdesign.store\/sv\/#website\"},\"primaryImageOfPage\":{\"@id\":\"https:\/\/focusdesign.store\/sv\/produkt\/sherpa-filt-studio-black\/#primaryimage\"},\"image\":{\"@id\":\"https:\/\/focusdesign.store\/sv\/produkt\/sherpa-filt-studio-black\/#primaryimage\"},\"thumbnailUrl\":\"https:\/\/focusdesign.store\/wp-content\/uploads\/2025\/03\/StudioBlack_SherpaBlanket_L.jpg\",\"datePublished\":\"2025-03-01T20:07:50+00:00\",\"dateModified\":\"2025-05-09T22:51:36+00:00\",\"description\":\"Denna uts\u00f6kta sherpafilt kombinerar en plyschk\u00e4nsla med exceptionell mjukhet, vilket g\u00f6r den till den ultimata f\u00f6ljeslagaren.\",\"breadcrumb\":{\"@id\":\"https:\/\/focusdesign.store\/sv\/produkt\/sherpa-filt-studio-black\/#breadcrumb\"},\"inLanguage\":\"sv-SE\",\"potentialAction\":[{\"@type\":\"ReadAction\",\"target\":[\"https:\/\/focusdesign.store\/sv\/produkt\/sherpa-filt-studio-black\/\"]}]},{\"@type\":\"ImageObject\",\"inLanguage\":\"sv-SE\",\"@id\":\"https:\/\/focusdesign.store\/sv\/produkt\/sherpa-filt-studio-black\/#primaryimage\",\"url\":\"https:\/\/focusdesign.store\/wp-content\/uploads\/2025\/03\/StudioBlack_SherpaBlanket_L.jpg\",\"contentUrl\":\"https:\/\/focusdesign.store\/wp-content\/uploads\/2025\/03\/StudioBlack_SherpaBlanket_L.jpg\",\"width\":1900,\"height\":1200},{\"@type\":\"BreadcrumbList\",\"@id\":\"https:\/\/focusdesign.store\/sv\/produkt\/sherpa-filt-studio-black\/#breadcrumb\",\"itemListElement\":[{\"@type\":\"ListItem\",\"position\":1,\"name\":\"Hem\",\"item\":\"https:\/\/focusdesign.store\/sv\/\"},{\"@type\":\"ListItem\",\"position\":2,\"name\":\"Butik\",\"item\":\"https:\/\/focusdesign.store\/shop\/\"},{\"@type\":\"ListItem\",\"position\":3,\"name\":\"Sherpa-filt &#8220;Studio Black&#8221;\"}]},{\"@type\":\"WebSite\",\"@id\":\"https:\/\/focusdesign.store\/sv\/#website\",\"url\":\"https:\/\/focusdesign.store\/sv\/\",\"name\":\"Focus Design Store\",\"description\":\"Fine Art Prints &amp; Design \u2013 for home and living\",\"potentialAction\":[{\"@type\":\"SearchAction\",\"target\":{\"@type\":\"EntryPoint\",\"urlTemplate\":\"https:\/\/focusdesign.store\/sv\/?s={search_term_string}\"},\"query-input\":{\"@type\":\"PropertyValueSpecification\",\"valueRequired\":true,\"valueName\":\"search_term_string\"}}],\"inLanguage\":\"sv-SE\"}]}<\/script>\n<!-- \/ Yoast SEO plugin. -->","yoast_head_json":{"title":"Sherpa-filt \"Studio Black\" - Focus Design Store","description":"Denna uts\u00f6kta sherpafilt kombinerar en plyschk\u00e4nsla med exceptionell mjukhet, vilket g\u00f6r den till den ultimata f\u00f6ljeslagaren.","robots":{"index":"index","follow":"follow","max-snippet":"max-snippet:-1","max-image-preview":"max-image-preview:large","max-video-preview":"max-video-preview:-1"},"canonical":"https:\/\/focusdesign.store\/sv\/produkt\/sherpa-filt-studio-black\/","og_locale":"sv_SE","og_type":"article","og_title":"Sherpa-filt \"Studio Black\" - Focus Design Store","og_description":"Denna uts\u00f6kta sherpafilt kombinerar en plyschk\u00e4nsla med exceptionell mjukhet, vilket g\u00f6r den till den ultimata f\u00f6ljeslagaren.","og_url":"https:\/\/focusdesign.store\/sv\/produkt\/sherpa-filt-studio-black\/","og_site_name":"Focus Design Store","article_modified_time":"2025-05-09T22:51:36+00:00","og_image":[{"width":1900,"height":1200,"url":"https:\/\/focusdesign.store\/wp-content\/uploads\/2025\/03\/StudioBlack_SherpaBlanket_L.jpg","type":"image\/jpeg"}],"twitter_card":"summary_large_image","twitter_misc":{"Ber\u00e4knad l\u00e4stid":"1 minut"},"schema":{"@context":"https:\/\/schema.org","@graph":[{"@type":"WebPage","@id":"https:\/\/focusdesign.store\/sv\/produkt\/sherpa-filt-studio-black\/","url":"https:\/\/focusdesign.store\/sv\/produkt\/sherpa-filt-studio-black\/","name":"Sherpa-filt \"Studio Black\" - Focus Design Store","isPartOf":{"@id":"https:\/\/focusdesign.store\/sv\/#website"},"primaryImageOfPage":{"@id":"https:\/\/focusdesign.store\/sv\/produkt\/sherpa-filt-studio-black\/#primaryimage"},"image":{"@id":"https:\/\/focusdesign.store\/sv\/produkt\/sherpa-filt-studio-black\/#primaryimage"},"thumbnailUrl":"https:\/\/focusdesign.store\/wp-content\/uploads\/2025\/03\/StudioBlack_SherpaBlanket_L.jpg","datePublished":"2025-03-01T20:07:50+00:00","dateModified":"2025-05-09T22:51:36+00:00","description":"Denna uts\u00f6kta sherpafilt kombinerar en plyschk\u00e4nsla med exceptionell mjukhet, vilket g\u00f6r den till den ultimata f\u00f6ljeslagaren.","breadcrumb":{"@id":"https:\/\/focusdesign.store\/sv\/produkt\/sherpa-filt-studio-black\/#breadcrumb"},"inLanguage":"sv-SE","potentialAction":[{"@type":"ReadAction","target":["https:\/\/focusdesign.store\/sv\/produkt\/sherpa-filt-studio-black\/"]}]},{"@type":"ImageObject","inLanguage":"sv-SE","@id":"https:\/\/focusdesign.store\/sv\/produkt\/sherpa-filt-studio-black\/#primaryimage","url":"https:\/\/focusdesign.store\/wp-content\/uploads\/2025\/03\/StudioBlack_SherpaBlanket_L.jpg","contentUrl":"https:\/\/focusdesign.store\/wp-content\/uploads\/2025\/03\/StudioBlack_SherpaBlanket_L.jpg","width":1900,"height":1200},{"@type":"BreadcrumbList","@id":"https:\/\/focusdesign.store\/sv\/produkt\/sherpa-filt-studio-black\/#breadcrumb","itemListElement":[{"@type":"ListItem","position":1,"name":"Hem","item":"https:\/\/focusdesign.store\/sv\/"},{"@type":"ListItem","position":2,"name":"Butik","item":"https:\/\/focusdesign.store\/shop\/"},{"@type":"ListItem","position":3,"name":"Sherpa-filt &#8220;Studio Black&#8221;"}]},{"@type":"WebSite","@id":"https:\/\/focusdesign.store\/sv\/#website","url":"https:\/\/focusdesign.store\/sv\/","name":"Focus Design Store","description":"Fine Art Prints &amp; Design \u2013 for home and living","potentialAction":[{"@type":"SearchAction","target":{"@type":"EntryPoint","urlTemplate":"https:\/\/focusdesign.store\/sv\/?s={search_term_string}"},"query-input":{"@type":"PropertyValueSpecification","valueRequired":true,"valueName":"search_term_string"}}],"inLanguage":"sv-SE"}]}},"jetpack_sharing_enabled":true,"_links":{"self":[{"href":"https:\/\/focusdesign.store\/sv\/wp-json\/wp\/v2\/product\/272888","targetHints":{"allow":["GET"]}}],"collection":[{"href":"https:\/\/focusdesign.store\/sv\/wp-json\/wp\/v2\/product"}],"about":[{"href":"https:\/\/focusdesign.store\/sv\/wp-json\/wp\/v2\/types\/product"}],"replies":[{"embeddable":true,"href":"https:\/\/focusdesign.store\/sv\/wp-json\/wp\/v2\/comments?post=272888"}],"wp:featuredmedia":[{"embeddable":true,"href":"https:\/\/focusdesign.store\/sv\/wp-json\/wp\/v2\/media\/266941"}],"wp:attachment":[{"href":"https:\/\/focusdesign.store\/sv\/wp-json\/wp\/v2\/media?parent=272888"}],"wp:term":[{"taxonomy":"product_brand","embeddable":true,"href":"https:\/\/focusdesign.store\/sv\/wp-json\/wp\/v2\/product_brand?post=272888"},{"taxonomy":"product_cat","embeddable":true,"href":"https:\/\/focusdesign.store\/sv\/wp-json\/wp\/v2\/product_cat?post=272888"},{"taxonomy":"product_tag","embeddable":true,"href":"https:\/\/focusdesign.store\/sv\/wp-json\/wp\/v2\/product_tag?post=272888"}],"curies":[{"name":"wp","href":"https:\/\/api.w.org\/{rel}","templated":true}]}}