{"id":272890,"date":"2025-03-02T20:21:18","date_gmt":"2025-03-02T20:21:18","guid":{"rendered":"https:\/\/focusdesign.store\/product\/studio-01-skal-for-husdjur\/"},"modified":"2025-05-09T22:54:40","modified_gmt":"2025-05-09T22:54:40","slug":"studio-01-skal-for-husdjur","status":"publish","type":"product","link":"https:\/\/focusdesign.store\/sv\/produkt\/studio-01-skal-for-husdjur\/","title":{"rendered":"Fodersk\u00e5l &#8221;Studio 01&#8221;"},"content":{"rendered":"<p>Den h\u00e4r sk\u00e5len \u00e4r designad med kvalitetsmaterial och funktionalitet i \u00e5tanke och kommer att tj\u00e4na dig och ditt husdjur i m\u00e5nga \u00e5r fram\u00f6ver.<\/p>\n<p>\u2013<\/p>\n<h6>Dubbelv\u00e4ggigt rostfritt st\u00e5l \/ Halkskyddad gummibas \/ Livsmedelsgodk\u00e4nd \/ Kan diskas i diskmaskin n\u00e4r gummibasen tas bort<b><b><\/b><\/b><\/h6>\n","protected":false},"excerpt":{"rendered":"<h6>FRIFORM DESIGN<\/h6>\n","protected":false},"featured_media":266046,"comment_status":"open","ping_status":"closed","template":"","meta":{"_et_pb_use_builder":"","_et_pb_old_content":"","_et_gb_content_width":"","inline_featured_image":false},"product_brand":[],"product_cat":[373,294,374],"product_tag":[247,283],"class_list":{"0":"post-272890","1":"product","2":"type-product","3":"status-publish","4":"has-post-thumbnail","6":"product_cat-skalar-for-husdjur","7":"product_cat-inredning","8":"product_cat-husdjur","9":"product_tag-designkontor","10":"product_tag-frimind-design-sv","12":"first","13":"instock","14":"sale","15":"taxable","16":"shipping-taxable","17":"purchasable","18":"product-type-simple"},"yoast_head":"<!-- This site is optimized with the Yoast SEO plugin v25.3 - https:\/\/yoast.com\/wordpress\/plugins\/seo\/ -->\n<title>Fodersk\u00e5l &quot;Studio 01&quot; - Focus Design Store<\/title>\n<meta name=\"description\" content=\"Grafisk design mat- eller vattensk\u00e5l f\u00f6r din h\u00e5riga v\u00e4n. L\u00e4gg till ett st\u00e4nk av f\u00e4rg i ditt hem och l\u00e5t din katt eller hund \u00e4ta med stil. \u00c4lskad av alla kontorshundar.\" \/>\n<meta name=\"robots\" content=\"index, follow, max-snippet:-1, max-image-preview:large, max-video-preview:-1\" \/>\n<link rel=\"canonical\" href=\"https:\/\/focusdesign.store\/sv\/produkt\/studio-01-skal-for-husdjur\/\" \/>\n<meta property=\"og:locale\" content=\"sv_SE\" \/>\n<meta property=\"og:type\" content=\"article\" \/>\n<meta property=\"og:title\" content=\"Fodersk\u00e5l &quot;Studio 01&quot; - Focus Design Store\" \/>\n<meta property=\"og:description\" content=\"Grafisk design mat- eller vattensk\u00e5l f\u00f6r din h\u00e5riga v\u00e4n. L\u00e4gg till ett st\u00e4nk av f\u00e4rg i ditt hem och l\u00e5t din katt eller hund \u00e4ta med stil. \u00c4lskad av alla kontorshundar.\" \/>\n<meta property=\"og:url\" content=\"https:\/\/focusdesign.store\/sv\/produkt\/studio-01-skal-for-husdjur\/\" \/>\n<meta property=\"og:site_name\" content=\"Focus Design Store\" \/>\n<meta property=\"article:modified_time\" content=\"2025-05-09T22:54:40+00:00\" \/>\n<meta property=\"og:image\" content=\"https:\/\/focusdesign.store\/wp-content\/uploads\/2025\/03\/PetBowl_Graphic_01.jpg\" \/>\n\t<meta property=\"og:image:width\" content=\"1900\" \/>\n\t<meta property=\"og:image:height\" content=\"1200\" \/>\n\t<meta property=\"og:image:type\" content=\"image\/jpeg\" \/>\n<meta name=\"twitter:card\" content=\"summary_large_image\" \/>\n<meta name=\"twitter:label1\" content=\"Ber\u00e4knad l\u00e4stid\" \/>\n\t<meta name=\"twitter:data1\" content=\"1 minut\" \/>\n<script type=\"application\/ld+json\" class=\"yoast-schema-graph\">{\"@context\":\"https:\/\/schema.org\",\"@graph\":[{\"@type\":\"WebPage\",\"@id\":\"https:\/\/focusdesign.store\/sv\/produkt\/studio-01-skal-for-husdjur\/\",\"url\":\"https:\/\/focusdesign.store\/sv\/produkt\/studio-01-skal-for-husdjur\/\",\"name\":\"Fodersk\u00e5l \\\"Studio 01\\\" - Focus Design Store\",\"isPartOf\":{\"@id\":\"https:\/\/focusdesign.store\/sv\/#website\"},\"primaryImageOfPage\":{\"@id\":\"https:\/\/focusdesign.store\/sv\/produkt\/studio-01-skal-for-husdjur\/#primaryimage\"},\"image\":{\"@id\":\"https:\/\/focusdesign.store\/sv\/produkt\/studio-01-skal-for-husdjur\/#primaryimage\"},\"thumbnailUrl\":\"https:\/\/focusdesign.store\/wp-content\/uploads\/2025\/03\/PetBowl_Graphic_01.jpg\",\"datePublished\":\"2025-03-02T20:21:18+00:00\",\"dateModified\":\"2025-05-09T22:54:40+00:00\",\"description\":\"Grafisk design mat- eller vattensk\u00e5l f\u00f6r din h\u00e5riga v\u00e4n. L\u00e4gg till ett st\u00e4nk av f\u00e4rg i ditt hem och l\u00e5t din katt eller hund \u00e4ta med stil. \u00c4lskad av alla kontorshundar.\",\"breadcrumb\":{\"@id\":\"https:\/\/focusdesign.store\/sv\/produkt\/studio-01-skal-for-husdjur\/#breadcrumb\"},\"inLanguage\":\"sv-SE\",\"potentialAction\":[{\"@type\":\"ReadAction\",\"target\":[\"https:\/\/focusdesign.store\/sv\/produkt\/studio-01-skal-for-husdjur\/\"]}]},{\"@type\":\"ImageObject\",\"inLanguage\":\"sv-SE\",\"@id\":\"https:\/\/focusdesign.store\/sv\/produkt\/studio-01-skal-for-husdjur\/#primaryimage\",\"url\":\"https:\/\/focusdesign.store\/wp-content\/uploads\/2025\/03\/PetBowl_Graphic_01.jpg\",\"contentUrl\":\"https:\/\/focusdesign.store\/wp-content\/uploads\/2025\/03\/PetBowl_Graphic_01.jpg\",\"width\":1900,\"height\":1200},{\"@type\":\"BreadcrumbList\",\"@id\":\"https:\/\/focusdesign.store\/sv\/produkt\/studio-01-skal-for-husdjur\/#breadcrumb\",\"itemListElement\":[{\"@type\":\"ListItem\",\"position\":1,\"name\":\"Hem\",\"item\":\"https:\/\/focusdesign.store\/sv\/\"},{\"@type\":\"ListItem\",\"position\":2,\"name\":\"Butik\",\"item\":\"https:\/\/focusdesign.store\/shop\/\"},{\"@type\":\"ListItem\",\"position\":3,\"name\":\"Fodersk\u00e5l &#8220;Studio 01&#8221;\"}]},{\"@type\":\"WebSite\",\"@id\":\"https:\/\/focusdesign.store\/sv\/#website\",\"url\":\"https:\/\/focusdesign.store\/sv\/\",\"name\":\"Focus Design Store\",\"description\":\"Fine Art Prints &amp; Design \u2013 for home and living\",\"potentialAction\":[{\"@type\":\"SearchAction\",\"target\":{\"@type\":\"EntryPoint\",\"urlTemplate\":\"https:\/\/focusdesign.store\/sv\/?s={search_term_string}\"},\"query-input\":{\"@type\":\"PropertyValueSpecification\",\"valueRequired\":true,\"valueName\":\"search_term_string\"}}],\"inLanguage\":\"sv-SE\"}]}<\/script>\n<!-- \/ Yoast SEO plugin. -->","yoast_head_json":{"title":"Fodersk\u00e5l \"Studio 01\" - Focus Design Store","description":"Grafisk design mat- eller vattensk\u00e5l f\u00f6r din h\u00e5riga v\u00e4n. L\u00e4gg till ett st\u00e4nk av f\u00e4rg i ditt hem och l\u00e5t din katt eller hund \u00e4ta med stil. \u00c4lskad av alla kontorshundar.","robots":{"index":"index","follow":"follow","max-snippet":"max-snippet:-1","max-image-preview":"max-image-preview:large","max-video-preview":"max-video-preview:-1"},"canonical":"https:\/\/focusdesign.store\/sv\/produkt\/studio-01-skal-for-husdjur\/","og_locale":"sv_SE","og_type":"article","og_title":"Fodersk\u00e5l \"Studio 01\" - Focus Design Store","og_description":"Grafisk design mat- eller vattensk\u00e5l f\u00f6r din h\u00e5riga v\u00e4n. L\u00e4gg till ett st\u00e4nk av f\u00e4rg i ditt hem och l\u00e5t din katt eller hund \u00e4ta med stil. \u00c4lskad av alla kontorshundar.","og_url":"https:\/\/focusdesign.store\/sv\/produkt\/studio-01-skal-for-husdjur\/","og_site_name":"Focus Design Store","article_modified_time":"2025-05-09T22:54:40+00:00","og_image":[{"width":1900,"height":1200,"url":"https:\/\/focusdesign.store\/wp-content\/uploads\/2025\/03\/PetBowl_Graphic_01.jpg","type":"image\/jpeg"}],"twitter_card":"summary_large_image","twitter_misc":{"Ber\u00e4knad l\u00e4stid":"1 minut"},"schema":{"@context":"https:\/\/schema.org","@graph":[{"@type":"WebPage","@id":"https:\/\/focusdesign.store\/sv\/produkt\/studio-01-skal-for-husdjur\/","url":"https:\/\/focusdesign.store\/sv\/produkt\/studio-01-skal-for-husdjur\/","name":"Fodersk\u00e5l \"Studio 01\" - Focus Design Store","isPartOf":{"@id":"https:\/\/focusdesign.store\/sv\/#website"},"primaryImageOfPage":{"@id":"https:\/\/focusdesign.store\/sv\/produkt\/studio-01-skal-for-husdjur\/#primaryimage"},"image":{"@id":"https:\/\/focusdesign.store\/sv\/produkt\/studio-01-skal-for-husdjur\/#primaryimage"},"thumbnailUrl":"https:\/\/focusdesign.store\/wp-content\/uploads\/2025\/03\/PetBowl_Graphic_01.jpg","datePublished":"2025-03-02T20:21:18+00:00","dateModified":"2025-05-09T22:54:40+00:00","description":"Grafisk design mat- eller vattensk\u00e5l f\u00f6r din h\u00e5riga v\u00e4n. L\u00e4gg till ett st\u00e4nk av f\u00e4rg i ditt hem och l\u00e5t din katt eller hund \u00e4ta med stil. \u00c4lskad av alla kontorshundar.","breadcrumb":{"@id":"https:\/\/focusdesign.store\/sv\/produkt\/studio-01-skal-for-husdjur\/#breadcrumb"},"inLanguage":"sv-SE","potentialAction":[{"@type":"ReadAction","target":["https:\/\/focusdesign.store\/sv\/produkt\/studio-01-skal-for-husdjur\/"]}]},{"@type":"ImageObject","inLanguage":"sv-SE","@id":"https:\/\/focusdesign.store\/sv\/produkt\/studio-01-skal-for-husdjur\/#primaryimage","url":"https:\/\/focusdesign.store\/wp-content\/uploads\/2025\/03\/PetBowl_Graphic_01.jpg","contentUrl":"https:\/\/focusdesign.store\/wp-content\/uploads\/2025\/03\/PetBowl_Graphic_01.jpg","width":1900,"height":1200},{"@type":"BreadcrumbList","@id":"https:\/\/focusdesign.store\/sv\/produkt\/studio-01-skal-for-husdjur\/#breadcrumb","itemListElement":[{"@type":"ListItem","position":1,"name":"Hem","item":"https:\/\/focusdesign.store\/sv\/"},{"@type":"ListItem","position":2,"name":"Butik","item":"https:\/\/focusdesign.store\/shop\/"},{"@type":"ListItem","position":3,"name":"Fodersk\u00e5l &#8220;Studio 01&#8221;"}]},{"@type":"WebSite","@id":"https:\/\/focusdesign.store\/sv\/#website","url":"https:\/\/focusdesign.store\/sv\/","name":"Focus Design Store","description":"Fine Art Prints &amp; Design \u2013 for home and living","potentialAction":[{"@type":"SearchAction","target":{"@type":"EntryPoint","urlTemplate":"https:\/\/focusdesign.store\/sv\/?s={search_term_string}"},"query-input":{"@type":"PropertyValueSpecification","valueRequired":true,"valueName":"search_term_string"}}],"inLanguage":"sv-SE"}]}},"jetpack_sharing_enabled":true,"_links":{"self":[{"href":"https:\/\/focusdesign.store\/sv\/wp-json\/wp\/v2\/product\/272890","targetHints":{"allow":["GET"]}}],"collection":[{"href":"https:\/\/focusdesign.store\/sv\/wp-json\/wp\/v2\/product"}],"about":[{"href":"https:\/\/focusdesign.store\/sv\/wp-json\/wp\/v2\/types\/product"}],"replies":[{"embeddable":true,"href":"https:\/\/focusdesign.store\/sv\/wp-json\/wp\/v2\/comments?post=272890"}],"wp:featuredmedia":[{"embeddable":true,"href":"https:\/\/focusdesign.store\/sv\/wp-json\/wp\/v2\/media\/266046"}],"wp:attachment":[{"href":"https:\/\/focusdesign.store\/sv\/wp-json\/wp\/v2\/media?parent=272890"}],"wp:term":[{"taxonomy":"product_brand","embeddable":true,"href":"https:\/\/focusdesign.store\/sv\/wp-json\/wp\/v2\/product_brand?post=272890"},{"taxonomy":"product_cat","embeddable":true,"href":"https:\/\/focusdesign.store\/sv\/wp-json\/wp\/v2\/product_cat?post=272890"},{"taxonomy":"product_tag","embeddable":true,"href":"https:\/\/focusdesign.store\/sv\/wp-json\/wp\/v2\/product_tag?post=272890"}],"curies":[{"name":"wp","href":"https:\/\/api.w.org\/{rel}","templated":true}]}}