{"id":272892,"date":"2025-03-02T12:39:49","date_gmt":"2025-03-02T12:39:49","guid":{"rendered":"https:\/\/focusdesign.store\/product\/kuddfodral-leaf\/"},"modified":"2025-05-09T22:53:12","modified_gmt":"2025-05-09T22:53:12","slug":"kuddfodral-leaf","status":"publish","type":"product","link":"https:\/\/focusdesign.store\/sv\/produkt\/kuddfodral-leaf\/","title":{"rendered":"Kuddfodral &#8221;Leaf&#8221;"},"content":{"rendered":"<p>Friform Design &#8221;Leaf&#8221; m\u00f6nstrat kuddfodral med premiumk\u00e4nsla. L\u00e4gg till f\u00e4rg och form i din inredning. Denna produkt best\u00e5r endast av fodralet s\u00e5 du kan komplettera med kudde i valfri kvalitet och material.<\/p>\n<p>\u2013<\/p>\n<h6>Tyg med linnek\u00e4nsla \/ Dold dragkedja \/ Tv\u00e4ttas i maskin \/ 100% polyester<b><b><\/b><\/b><\/h6>\n","protected":false},"excerpt":{"rendered":"<h6>FRIFORM DESIGN<\/h6>\n","protected":false},"featured_media":265669,"comment_status":"open","ping_status":"closed","template":"","meta":{"_et_pb_use_builder":"","_et_pb_old_content":"","_et_gb_content_width":"","inline_featured_image":false},"product_brand":[],"product_cat":[294,377,372],"product_tag":[283],"class_list":{"0":"post-272892","1":"product","2":"type-product","3":"status-publish","4":"has-post-thumbnail","6":"product_cat-inredning","7":"product_cat-kuddfodral","8":"product_cat-textil-sv","9":"product_tag-frimind-design-sv","11":"first","12":"instock","13":"sale","14":"taxable","15":"shipping-taxable","16":"purchasable","17":"product-type-variable"},"yoast_head":"<!-- This site is optimized with the Yoast SEO plugin v25.3 - https:\/\/yoast.com\/wordpress\/plugins\/seo\/ -->\n<title>Kuddfodral &quot;Leaf&quot; - Focus Design Store<\/title>\n<meta name=\"description\" content=\"Kuddfodral i f\u00e4rgglad design i tv\u00e5 storlekar: 56x56cm (22\u2033\u00d722\u2033) och 50x30cm (20\u2033\u00d712\u2033). Friformsdesign. Finns \u00e4ven med fyllning.\" \/>\n<meta name=\"robots\" content=\"index, follow, max-snippet:-1, max-image-preview:large, max-video-preview:-1\" \/>\n<link rel=\"canonical\" href=\"https:\/\/focusdesign.store\/sv\/produkt\/kuddfodral-leaf\/\" \/>\n<meta property=\"og:locale\" content=\"sv_SE\" \/>\n<meta property=\"og:type\" content=\"article\" \/>\n<meta property=\"og:title\" content=\"Kuddfodral &quot;Leaf&quot; - Focus Design Store\" \/>\n<meta property=\"og:description\" content=\"Kuddfodral i f\u00e4rgglad design i tv\u00e5 storlekar: 56x56cm (22\u2033\u00d722\u2033) och 50x30cm (20\u2033\u00d712\u2033). Friformsdesign. Finns \u00e4ven med fyllning.\" \/>\n<meta property=\"og:url\" content=\"https:\/\/focusdesign.store\/sv\/produkt\/kuddfodral-leaf\/\" \/>\n<meta property=\"og:site_name\" content=\"Focus Design Store\" \/>\n<meta property=\"article:modified_time\" content=\"2025-05-09T22:53:12+00:00\" \/>\n<meta property=\"og:image\" content=\"https:\/\/focusdesign.store\/wp-content\/uploads\/2025\/03\/PillowCase_Leaf_01.jpg\" \/>\n\t<meta property=\"og:image:width\" content=\"1900\" \/>\n\t<meta property=\"og:image:height\" content=\"1200\" \/>\n\t<meta property=\"og:image:type\" content=\"image\/jpeg\" \/>\n<meta name=\"twitter:card\" content=\"summary_large_image\" \/>\n<meta name=\"twitter:label1\" content=\"Ber\u00e4knad l\u00e4stid\" \/>\n\t<meta name=\"twitter:data1\" content=\"1 minut\" \/>\n<script type=\"application\/ld+json\" class=\"yoast-schema-graph\">{\"@context\":\"https:\/\/schema.org\",\"@graph\":[{\"@type\":\"WebPage\",\"@id\":\"https:\/\/focusdesign.store\/sv\/produkt\/kuddfodral-leaf\/\",\"url\":\"https:\/\/focusdesign.store\/sv\/produkt\/kuddfodral-leaf\/\",\"name\":\"Kuddfodral \\\"Leaf\\\" - Focus Design Store\",\"isPartOf\":{\"@id\":\"https:\/\/focusdesign.store\/sv\/#website\"},\"primaryImageOfPage\":{\"@id\":\"https:\/\/focusdesign.store\/sv\/produkt\/kuddfodral-leaf\/#primaryimage\"},\"image\":{\"@id\":\"https:\/\/focusdesign.store\/sv\/produkt\/kuddfodral-leaf\/#primaryimage\"},\"thumbnailUrl\":\"https:\/\/focusdesign.store\/wp-content\/uploads\/2025\/03\/PillowCase_Leaf_01.jpg\",\"datePublished\":\"2025-03-02T12:39:49+00:00\",\"dateModified\":\"2025-05-09T22:53:12+00:00\",\"description\":\"Kuddfodral i f\u00e4rgglad design i tv\u00e5 storlekar: 56x56cm (22\u2033\u00d722\u2033) och 50x30cm (20\u2033\u00d712\u2033). Friformsdesign. Finns \u00e4ven med fyllning.\",\"breadcrumb\":{\"@id\":\"https:\/\/focusdesign.store\/sv\/produkt\/kuddfodral-leaf\/#breadcrumb\"},\"inLanguage\":\"sv-SE\",\"potentialAction\":[{\"@type\":\"ReadAction\",\"target\":[\"https:\/\/focusdesign.store\/sv\/produkt\/kuddfodral-leaf\/\"]}]},{\"@type\":\"ImageObject\",\"inLanguage\":\"sv-SE\",\"@id\":\"https:\/\/focusdesign.store\/sv\/produkt\/kuddfodral-leaf\/#primaryimage\",\"url\":\"https:\/\/focusdesign.store\/wp-content\/uploads\/2025\/03\/PillowCase_Leaf_01.jpg\",\"contentUrl\":\"https:\/\/focusdesign.store\/wp-content\/uploads\/2025\/03\/PillowCase_Leaf_01.jpg\",\"width\":1900,\"height\":1200},{\"@type\":\"BreadcrumbList\",\"@id\":\"https:\/\/focusdesign.store\/sv\/produkt\/kuddfodral-leaf\/#breadcrumb\",\"itemListElement\":[{\"@type\":\"ListItem\",\"position\":1,\"name\":\"Hem\",\"item\":\"https:\/\/focusdesign.store\/sv\/\"},{\"@type\":\"ListItem\",\"position\":2,\"name\":\"Butik\",\"item\":\"https:\/\/focusdesign.store\/shop\/\"},{\"@type\":\"ListItem\",\"position\":3,\"name\":\"Kuddfodral &#8220;Leaf&#8221;\"}]},{\"@type\":\"WebSite\",\"@id\":\"https:\/\/focusdesign.store\/sv\/#website\",\"url\":\"https:\/\/focusdesign.store\/sv\/\",\"name\":\"Focus Design Store\",\"description\":\"Fine Art Prints &amp; Design \u2013 for home and living\",\"potentialAction\":[{\"@type\":\"SearchAction\",\"target\":{\"@type\":\"EntryPoint\",\"urlTemplate\":\"https:\/\/focusdesign.store\/sv\/?s={search_term_string}\"},\"query-input\":{\"@type\":\"PropertyValueSpecification\",\"valueRequired\":true,\"valueName\":\"search_term_string\"}}],\"inLanguage\":\"sv-SE\"}]}<\/script>\n<!-- \/ Yoast SEO plugin. -->","yoast_head_json":{"title":"Kuddfodral \"Leaf\" - Focus Design Store","description":"Kuddfodral i f\u00e4rgglad design i tv\u00e5 storlekar: 56x56cm (22\u2033\u00d722\u2033) och 50x30cm (20\u2033\u00d712\u2033). Friformsdesign. Finns \u00e4ven med fyllning.","robots":{"index":"index","follow":"follow","max-snippet":"max-snippet:-1","max-image-preview":"max-image-preview:large","max-video-preview":"max-video-preview:-1"},"canonical":"https:\/\/focusdesign.store\/sv\/produkt\/kuddfodral-leaf\/","og_locale":"sv_SE","og_type":"article","og_title":"Kuddfodral \"Leaf\" - Focus Design Store","og_description":"Kuddfodral i f\u00e4rgglad design i tv\u00e5 storlekar: 56x56cm (22\u2033\u00d722\u2033) och 50x30cm (20\u2033\u00d712\u2033). Friformsdesign. Finns \u00e4ven med fyllning.","og_url":"https:\/\/focusdesign.store\/sv\/produkt\/kuddfodral-leaf\/","og_site_name":"Focus Design Store","article_modified_time":"2025-05-09T22:53:12+00:00","og_image":[{"width":1900,"height":1200,"url":"https:\/\/focusdesign.store\/wp-content\/uploads\/2025\/03\/PillowCase_Leaf_01.jpg","type":"image\/jpeg"}],"twitter_card":"summary_large_image","twitter_misc":{"Ber\u00e4knad l\u00e4stid":"1 minut"},"schema":{"@context":"https:\/\/schema.org","@graph":[{"@type":"WebPage","@id":"https:\/\/focusdesign.store\/sv\/produkt\/kuddfodral-leaf\/","url":"https:\/\/focusdesign.store\/sv\/produkt\/kuddfodral-leaf\/","name":"Kuddfodral \"Leaf\" - Focus Design Store","isPartOf":{"@id":"https:\/\/focusdesign.store\/sv\/#website"},"primaryImageOfPage":{"@id":"https:\/\/focusdesign.store\/sv\/produkt\/kuddfodral-leaf\/#primaryimage"},"image":{"@id":"https:\/\/focusdesign.store\/sv\/produkt\/kuddfodral-leaf\/#primaryimage"},"thumbnailUrl":"https:\/\/focusdesign.store\/wp-content\/uploads\/2025\/03\/PillowCase_Leaf_01.jpg","datePublished":"2025-03-02T12:39:49+00:00","dateModified":"2025-05-09T22:53:12+00:00","description":"Kuddfodral i f\u00e4rgglad design i tv\u00e5 storlekar: 56x56cm (22\u2033\u00d722\u2033) och 50x30cm (20\u2033\u00d712\u2033). Friformsdesign. Finns \u00e4ven med fyllning.","breadcrumb":{"@id":"https:\/\/focusdesign.store\/sv\/produkt\/kuddfodral-leaf\/#breadcrumb"},"inLanguage":"sv-SE","potentialAction":[{"@type":"ReadAction","target":["https:\/\/focusdesign.store\/sv\/produkt\/kuddfodral-leaf\/"]}]},{"@type":"ImageObject","inLanguage":"sv-SE","@id":"https:\/\/focusdesign.store\/sv\/produkt\/kuddfodral-leaf\/#primaryimage","url":"https:\/\/focusdesign.store\/wp-content\/uploads\/2025\/03\/PillowCase_Leaf_01.jpg","contentUrl":"https:\/\/focusdesign.store\/wp-content\/uploads\/2025\/03\/PillowCase_Leaf_01.jpg","width":1900,"height":1200},{"@type":"BreadcrumbList","@id":"https:\/\/focusdesign.store\/sv\/produkt\/kuddfodral-leaf\/#breadcrumb","itemListElement":[{"@type":"ListItem","position":1,"name":"Hem","item":"https:\/\/focusdesign.store\/sv\/"},{"@type":"ListItem","position":2,"name":"Butik","item":"https:\/\/focusdesign.store\/shop\/"},{"@type":"ListItem","position":3,"name":"Kuddfodral &#8220;Leaf&#8221;"}]},{"@type":"WebSite","@id":"https:\/\/focusdesign.store\/sv\/#website","url":"https:\/\/focusdesign.store\/sv\/","name":"Focus Design Store","description":"Fine Art Prints &amp; Design \u2013 for home and living","potentialAction":[{"@type":"SearchAction","target":{"@type":"EntryPoint","urlTemplate":"https:\/\/focusdesign.store\/sv\/?s={search_term_string}"},"query-input":{"@type":"PropertyValueSpecification","valueRequired":true,"valueName":"search_term_string"}}],"inLanguage":"sv-SE"}]}},"jetpack_sharing_enabled":true,"_links":{"self":[{"href":"https:\/\/focusdesign.store\/sv\/wp-json\/wp\/v2\/product\/272892","targetHints":{"allow":["GET"]}}],"collection":[{"href":"https:\/\/focusdesign.store\/sv\/wp-json\/wp\/v2\/product"}],"about":[{"href":"https:\/\/focusdesign.store\/sv\/wp-json\/wp\/v2\/types\/product"}],"replies":[{"embeddable":true,"href":"https:\/\/focusdesign.store\/sv\/wp-json\/wp\/v2\/comments?post=272892"}],"wp:featuredmedia":[{"embeddable":true,"href":"https:\/\/focusdesign.store\/sv\/wp-json\/wp\/v2\/media\/265669"}],"wp:attachment":[{"href":"https:\/\/focusdesign.store\/sv\/wp-json\/wp\/v2\/media?parent=272892"}],"wp:term":[{"taxonomy":"product_brand","embeddable":true,"href":"https:\/\/focusdesign.store\/sv\/wp-json\/wp\/v2\/product_brand?post=272892"},{"taxonomy":"product_cat","embeddable":true,"href":"https:\/\/focusdesign.store\/sv\/wp-json\/wp\/v2\/product_cat?post=272892"},{"taxonomy":"product_tag","embeddable":true,"href":"https:\/\/focusdesign.store\/sv\/wp-json\/wp\/v2\/product_tag?post=272892"}],"curies":[{"name":"wp","href":"https:\/\/api.w.org\/{rel}","templated":true}]}}