{"id":275260,"date":"2025-03-24T10:26:28","date_gmt":"2025-03-24T10:26:28","guid":{"rendered":"https:\/\/focusdesign.store\/product\/magsafe-tufft-fodral-for-iphone-2\/"},"modified":"2025-05-10T08:25:12","modified_gmt":"2025-05-10T08:25:12","slug":"magsafe-tufft-fodral-for-iphone-2","status":"publish","type":"product","link":"https:\/\/focusdesign.store\/sv\/produkt\/magsafe-tufft-fodral-for-iphone-2\/","title":{"rendered":"&#8221;Brush&#8221; MagSafe\u00ae mobilskal till iPhone\u00ae"},"content":{"rendered":"<p>Skydda din telefon med det h\u00e4r t\u00e5liga fodralet i tv\u00e5 lager. Det slagt\u00e5liga skalet och det st\u00f6td\u00e4mpande fodret h\u00e5ller din enhet s\u00e4ker, medan inbyggda MagSafe\u00ae-magneter garanterar s\u00e4ker fasts\u00e4ttning och snabbare tr\u00e5dl\u00f6s laddning.<\/p>\n<p>&#8211;<\/p>\n<h6>Ytterh\u00f6lje i polykarbonat \/ Innerh\u00f6lje i termoplastisk polyuretan \/ Skydd i tv\u00e5 lager \/ Precisa port\u00f6ppningar \/ MagSafe\u00ae-kompatibel \/ Induktionsladdningskompatibel \/ Matt eller glansig yta \/ Blank produkt fr\u00e5n Korea<\/h6>\n<h6>Ansvarsfriskrivning: H\u00e5ll dig borta fr\u00e5n v\u00e4tskor som inneh\u00e5ller h\u00f6ga alkoholhalter, eftersom motiv p\u00e5 telefonfodralet kan f\u00e4rga av sig. H\u00e5ll dig borta fr\u00e5n direkt solljus f\u00f6r att f\u00f6rhindra gulning.<\/h6>\n","protected":false},"excerpt":{"rendered":"<h6>FRIFORM DESIGN<\/h6>\n","protected":false},"featured_media":275737,"comment_status":"open","ping_status":"closed","template":"","meta":{"_et_pb_use_builder":"","_et_pb_old_content":"","_et_gb_content_width":"","inline_featured_image":false},"product_brand":[],"product_cat":[285,430,431,286],"product_tag":[247],"class_list":{"0":"post-275260","1":"product","2":"type-product","3":"status-publish","4":"has-post-thumbnail","6":"product_cat-accessoarer","7":"product_cat-telefonvaskor","8":"product_cat-iphone-magsafe-fodral","9":"product_cat-teknik","10":"product_tag-designkontor","12":"first","13":"instock","14":"sale","15":"taxable","16":"shipping-taxable","17":"purchasable","18":"product-type-variable","19":"has-default-attributes"},"yoast_head":"<!-- This site is optimized with the Yoast SEO plugin v25.3 - https:\/\/yoast.com\/wordpress\/plugins\/seo\/ -->\n<title>&quot;Brush&quot; MagSafe\u00ae mobilskal till iPhone\u00ae - Focus Design Store<\/title>\n<meta name=\"description\" content=\"Skydda din telefon med det h\u00e4r t\u00e5liga fodralet i tv\u00e5 lager. Dess slagt\u00e5liga skal och st\u00f6td\u00e4mpande. F\u00e4rgstark design av Friform Studio.\" \/>\n<meta name=\"robots\" content=\"index, follow, max-snippet:-1, max-image-preview:large, max-video-preview:-1\" \/>\n<link rel=\"canonical\" href=\"https:\/\/focusdesign.store\/sv\/produkt\/magsafe-tufft-fodral-for-iphone-2\/\" \/>\n<meta property=\"og:locale\" content=\"sv_SE\" \/>\n<meta property=\"og:type\" content=\"article\" \/>\n<meta property=\"og:title\" content=\"&quot;Brush&quot; MagSafe\u00ae mobilskal till iPhone\u00ae - Focus Design Store\" \/>\n<meta property=\"og:description\" content=\"Skydda din telefon med det h\u00e4r t\u00e5liga fodralet i tv\u00e5 lager. Dess slagt\u00e5liga skal och st\u00f6td\u00e4mpande. F\u00e4rgstark design av Friform Studio.\" \/>\n<meta property=\"og:url\" content=\"https:\/\/focusdesign.store\/sv\/produkt\/magsafe-tufft-fodral-for-iphone-2\/\" \/>\n<meta property=\"og:site_name\" content=\"Focus Design Store\" \/>\n<meta property=\"article:modified_time\" content=\"2025-05-10T08:25:12+00:00\" \/>\n<meta property=\"og:image\" content=\"https:\/\/focusdesign.store\/wp-content\/uploads\/2025\/03\/IphoneMagSafe-PhoneCase_16ProMax.jpg\" \/>\n\t<meta property=\"og:image:width\" content=\"1900\" \/>\n\t<meta property=\"og:image:height\" content=\"1200\" \/>\n\t<meta property=\"og:image:type\" content=\"image\/jpeg\" \/>\n<meta name=\"twitter:card\" content=\"summary_large_image\" \/>\n<meta name=\"twitter:label1\" content=\"Ber\u00e4knad l\u00e4stid\" \/>\n\t<meta name=\"twitter:data1\" content=\"1 minut\" \/>\n<script type=\"application\/ld+json\" class=\"yoast-schema-graph\">{\"@context\":\"https:\/\/schema.org\",\"@graph\":[{\"@type\":\"WebPage\",\"@id\":\"https:\/\/focusdesign.store\/sv\/produkt\/magsafe-tufft-fodral-for-iphone-2\/\",\"url\":\"https:\/\/focusdesign.store\/sv\/produkt\/magsafe-tufft-fodral-for-iphone-2\/\",\"name\":\"\\\"Brush\\\" MagSafe\u00ae mobilskal till iPhone\u00ae - Focus Design Store\",\"isPartOf\":{\"@id\":\"https:\/\/focusdesign.store\/sv\/#website\"},\"primaryImageOfPage\":{\"@id\":\"https:\/\/focusdesign.store\/sv\/produkt\/magsafe-tufft-fodral-for-iphone-2\/#primaryimage\"},\"image\":{\"@id\":\"https:\/\/focusdesign.store\/sv\/produkt\/magsafe-tufft-fodral-for-iphone-2\/#primaryimage\"},\"thumbnailUrl\":\"https:\/\/focusdesign.store\/wp-content\/uploads\/2025\/03\/IphoneMagSafe-PhoneCase_16ProMax.jpg\",\"datePublished\":\"2025-03-24T10:26:28+00:00\",\"dateModified\":\"2025-05-10T08:25:12+00:00\",\"description\":\"Skydda din telefon med det h\u00e4r t\u00e5liga fodralet i tv\u00e5 lager. Dess slagt\u00e5liga skal och st\u00f6td\u00e4mpande. F\u00e4rgstark design av Friform Studio.\",\"breadcrumb\":{\"@id\":\"https:\/\/focusdesign.store\/sv\/produkt\/magsafe-tufft-fodral-for-iphone-2\/#breadcrumb\"},\"inLanguage\":\"sv-SE\",\"potentialAction\":[{\"@type\":\"ReadAction\",\"target\":[\"https:\/\/focusdesign.store\/sv\/produkt\/magsafe-tufft-fodral-for-iphone-2\/\"]}]},{\"@type\":\"ImageObject\",\"inLanguage\":\"sv-SE\",\"@id\":\"https:\/\/focusdesign.store\/sv\/produkt\/magsafe-tufft-fodral-for-iphone-2\/#primaryimage\",\"url\":\"https:\/\/focusdesign.store\/wp-content\/uploads\/2025\/03\/IphoneMagSafe-PhoneCase_16ProMax.jpg\",\"contentUrl\":\"https:\/\/focusdesign.store\/wp-content\/uploads\/2025\/03\/IphoneMagSafe-PhoneCase_16ProMax.jpg\",\"width\":1900,\"height\":1200},{\"@type\":\"BreadcrumbList\",\"@id\":\"https:\/\/focusdesign.store\/sv\/produkt\/magsafe-tufft-fodral-for-iphone-2\/#breadcrumb\",\"itemListElement\":[{\"@type\":\"ListItem\",\"position\":1,\"name\":\"Hem\",\"item\":\"https:\/\/focusdesign.store\/sv\/\"},{\"@type\":\"ListItem\",\"position\":2,\"name\":\"Butik\",\"item\":\"https:\/\/focusdesign.store\/shop\/\"},{\"@type\":\"ListItem\",\"position\":3,\"name\":\"&#8220;Brush&#8221; MagSafe\u00ae mobilskal till iPhone\u00ae\"}]},{\"@type\":\"WebSite\",\"@id\":\"https:\/\/focusdesign.store\/sv\/#website\",\"url\":\"https:\/\/focusdesign.store\/sv\/\",\"name\":\"Focus Design Store\",\"description\":\"Fine Art Prints &amp; Design \u2013 for home and living\",\"potentialAction\":[{\"@type\":\"SearchAction\",\"target\":{\"@type\":\"EntryPoint\",\"urlTemplate\":\"https:\/\/focusdesign.store\/sv\/?s={search_term_string}\"},\"query-input\":{\"@type\":\"PropertyValueSpecification\",\"valueRequired\":true,\"valueName\":\"search_term_string\"}}],\"inLanguage\":\"sv-SE\"}]}<\/script>\n<!-- \/ Yoast SEO plugin. -->","yoast_head_json":{"title":"\"Brush\" MagSafe\u00ae mobilskal till iPhone\u00ae - Focus Design Store","description":"Skydda din telefon med det h\u00e4r t\u00e5liga fodralet i tv\u00e5 lager. Dess slagt\u00e5liga skal och st\u00f6td\u00e4mpande. F\u00e4rgstark design av Friform Studio.","robots":{"index":"index","follow":"follow","max-snippet":"max-snippet:-1","max-image-preview":"max-image-preview:large","max-video-preview":"max-video-preview:-1"},"canonical":"https:\/\/focusdesign.store\/sv\/produkt\/magsafe-tufft-fodral-for-iphone-2\/","og_locale":"sv_SE","og_type":"article","og_title":"\"Brush\" MagSafe\u00ae mobilskal till iPhone\u00ae - Focus Design Store","og_description":"Skydda din telefon med det h\u00e4r t\u00e5liga fodralet i tv\u00e5 lager. Dess slagt\u00e5liga skal och st\u00f6td\u00e4mpande. F\u00e4rgstark design av Friform Studio.","og_url":"https:\/\/focusdesign.store\/sv\/produkt\/magsafe-tufft-fodral-for-iphone-2\/","og_site_name":"Focus Design Store","article_modified_time":"2025-05-10T08:25:12+00:00","og_image":[{"width":1900,"height":1200,"url":"https:\/\/focusdesign.store\/wp-content\/uploads\/2025\/03\/IphoneMagSafe-PhoneCase_16ProMax.jpg","type":"image\/jpeg"}],"twitter_card":"summary_large_image","twitter_misc":{"Ber\u00e4knad l\u00e4stid":"1 minut"},"schema":{"@context":"https:\/\/schema.org","@graph":[{"@type":"WebPage","@id":"https:\/\/focusdesign.store\/sv\/produkt\/magsafe-tufft-fodral-for-iphone-2\/","url":"https:\/\/focusdesign.store\/sv\/produkt\/magsafe-tufft-fodral-for-iphone-2\/","name":"\"Brush\" MagSafe\u00ae mobilskal till iPhone\u00ae - Focus Design Store","isPartOf":{"@id":"https:\/\/focusdesign.store\/sv\/#website"},"primaryImageOfPage":{"@id":"https:\/\/focusdesign.store\/sv\/produkt\/magsafe-tufft-fodral-for-iphone-2\/#primaryimage"},"image":{"@id":"https:\/\/focusdesign.store\/sv\/produkt\/magsafe-tufft-fodral-for-iphone-2\/#primaryimage"},"thumbnailUrl":"https:\/\/focusdesign.store\/wp-content\/uploads\/2025\/03\/IphoneMagSafe-PhoneCase_16ProMax.jpg","datePublished":"2025-03-24T10:26:28+00:00","dateModified":"2025-05-10T08:25:12+00:00","description":"Skydda din telefon med det h\u00e4r t\u00e5liga fodralet i tv\u00e5 lager. Dess slagt\u00e5liga skal och st\u00f6td\u00e4mpande. F\u00e4rgstark design av Friform Studio.","breadcrumb":{"@id":"https:\/\/focusdesign.store\/sv\/produkt\/magsafe-tufft-fodral-for-iphone-2\/#breadcrumb"},"inLanguage":"sv-SE","potentialAction":[{"@type":"ReadAction","target":["https:\/\/focusdesign.store\/sv\/produkt\/magsafe-tufft-fodral-for-iphone-2\/"]}]},{"@type":"ImageObject","inLanguage":"sv-SE","@id":"https:\/\/focusdesign.store\/sv\/produkt\/magsafe-tufft-fodral-for-iphone-2\/#primaryimage","url":"https:\/\/focusdesign.store\/wp-content\/uploads\/2025\/03\/IphoneMagSafe-PhoneCase_16ProMax.jpg","contentUrl":"https:\/\/focusdesign.store\/wp-content\/uploads\/2025\/03\/IphoneMagSafe-PhoneCase_16ProMax.jpg","width":1900,"height":1200},{"@type":"BreadcrumbList","@id":"https:\/\/focusdesign.store\/sv\/produkt\/magsafe-tufft-fodral-for-iphone-2\/#breadcrumb","itemListElement":[{"@type":"ListItem","position":1,"name":"Hem","item":"https:\/\/focusdesign.store\/sv\/"},{"@type":"ListItem","position":2,"name":"Butik","item":"https:\/\/focusdesign.store\/shop\/"},{"@type":"ListItem","position":3,"name":"&#8220;Brush&#8221; MagSafe\u00ae mobilskal till iPhone\u00ae"}]},{"@type":"WebSite","@id":"https:\/\/focusdesign.store\/sv\/#website","url":"https:\/\/focusdesign.store\/sv\/","name":"Focus Design Store","description":"Fine Art Prints &amp; Design \u2013 for home and living","potentialAction":[{"@type":"SearchAction","target":{"@type":"EntryPoint","urlTemplate":"https:\/\/focusdesign.store\/sv\/?s={search_term_string}"},"query-input":{"@type":"PropertyValueSpecification","valueRequired":true,"valueName":"search_term_string"}}],"inLanguage":"sv-SE"}]}},"jetpack_sharing_enabled":true,"_links":{"self":[{"href":"https:\/\/focusdesign.store\/sv\/wp-json\/wp\/v2\/product\/275260","targetHints":{"allow":["GET"]}}],"collection":[{"href":"https:\/\/focusdesign.store\/sv\/wp-json\/wp\/v2\/product"}],"about":[{"href":"https:\/\/focusdesign.store\/sv\/wp-json\/wp\/v2\/types\/product"}],"replies":[{"embeddable":true,"href":"https:\/\/focusdesign.store\/sv\/wp-json\/wp\/v2\/comments?post=275260"}],"wp:featuredmedia":[{"embeddable":true,"href":"https:\/\/focusdesign.store\/sv\/wp-json\/wp\/v2\/media\/275737"}],"wp:attachment":[{"href":"https:\/\/focusdesign.store\/sv\/wp-json\/wp\/v2\/media?parent=275260"}],"wp:term":[{"taxonomy":"product_brand","embeddable":true,"href":"https:\/\/focusdesign.store\/sv\/wp-json\/wp\/v2\/product_brand?post=275260"},{"taxonomy":"product_cat","embeddable":true,"href":"https:\/\/focusdesign.store\/sv\/wp-json\/wp\/v2\/product_cat?post=275260"},{"taxonomy":"product_tag","embeddable":true,"href":"https:\/\/focusdesign.store\/sv\/wp-json\/wp\/v2\/product_tag?post=275260"}],"curies":[{"name":"wp","href":"https:\/\/api.w.org\/{rel}","templated":true}]}}