{"id":275379,"date":"2025-03-24T10:22:39","date_gmt":"2025-03-24T10:22:39","guid":{"rendered":"https:\/\/focusdesign.store\/product\/tufft-fodral-for-samsung-2\/"},"modified":"2025-05-10T08:26:40","modified_gmt":"2025-05-10T08:26:40","slug":"tufft-fodral-for-samsung-2","status":"publish","type":"product","link":"https:\/\/focusdesign.store\/sv\/produkt\/tufft-fodral-for-samsung-2\/","title":{"rendered":"&#8221;Brush&#8221; mobilskal till Samsung\u00ae"},"content":{"rendered":"<p>F\u00e5 din telefon att se ut som ett konstverk med detta tuffa men \u00e4nd\u00e5 eleganta mobilskal. Den \u00e4r tillverkad av slagt\u00e5liga och st\u00f6td\u00e4mpande material och skyddar din telefon fr\u00e5n st\u00f6tar och repor. Dessutom ger dubbelskiktsdesignen extra h\u00e5llbarhet och skydd. Det \u00e4r dags att l\u00e4gga till lite rolig, skyddande stil p\u00e5 din telefon!<\/p>\n<p>&#8211;<\/p>\n<h6>Yttre skal: Polykarbonat (PC) \/ Foder: Polyuretan (TPU) \/ Exakt inriktade port\u00f6ppningar \/ Kompatibel med induktionsladdare<\/h6>\n","protected":false},"excerpt":{"rendered":"<h6>FRIFORM DESIGN<\/h6>\n","protected":false},"featured_media":275560,"comment_status":"open","ping_status":"closed","template":"","meta":{"_et_pb_use_builder":"","_et_pb_old_content":"","_et_gb_content_width":"","inline_featured_image":false},"product_brand":[],"product_cat":[285,430,428,286],"product_tag":[247],"class_list":{"0":"post-275379","1":"product","2":"type-product","3":"status-publish","4":"has-post-thumbnail","6":"product_cat-accessoarer","7":"product_cat-telefonvaskor","8":"product_cat-tufft-fodral-samsung","9":"product_cat-teknik","10":"product_tag-designkontor","12":"first","13":"instock","14":"sale","15":"taxable","16":"shipping-taxable","17":"purchasable","18":"product-type-variable","19":"has-default-attributes"},"yoast_head":"<!-- This site is optimized with the Yoast SEO plugin v25.3 - https:\/\/yoast.com\/wordpress\/plugins\/seo\/ -->\n<title>&quot;Brush&quot; mobilskal till Samsung\u00ae - Focus Design Store<\/title>\n<meta name=\"description\" content=\"F\u00e4rgstarkt designat tufft fodral f\u00f6r Samsung. Den \u00e4r tillverkad av slagt\u00e5liga och st\u00f6td\u00e4mpande material och skyddar din telefon fr\u00e5n st\u00f6tar och repor.\" \/>\n<meta name=\"robots\" content=\"index, follow, max-snippet:-1, max-image-preview:large, max-video-preview:-1\" \/>\n<link rel=\"canonical\" href=\"https:\/\/focusdesign.store\/sv\/produkt\/tufft-fodral-for-samsung-2\/\" \/>\n<meta property=\"og:locale\" content=\"sv_SE\" \/>\n<meta property=\"og:type\" content=\"article\" \/>\n<meta property=\"og:title\" content=\"&quot;Brush&quot; mobilskal till Samsung\u00ae - Focus Design Store\" \/>\n<meta property=\"og:description\" content=\"F\u00e4rgstarkt designat tufft fodral f\u00f6r Samsung. Den \u00e4r tillverkad av slagt\u00e5liga och st\u00f6td\u00e4mpande material och skyddar din telefon fr\u00e5n st\u00f6tar och repor.\" \/>\n<meta property=\"og:url\" content=\"https:\/\/focusdesign.store\/sv\/produkt\/tufft-fodral-for-samsung-2\/\" \/>\n<meta property=\"og:site_name\" content=\"Focus Design Store\" \/>\n<meta property=\"article:modified_time\" content=\"2025-05-10T08:26:40+00:00\" \/>\n<meta property=\"og:image\" content=\"https:\/\/focusdesign.store\/wp-content\/uploads\/2025\/03\/Brush_Samsung-ThoughCase_s24Ultra.jpg\" \/>\n\t<meta property=\"og:image:width\" content=\"1900\" \/>\n\t<meta property=\"og:image:height\" content=\"1200\" \/>\n\t<meta property=\"og:image:type\" content=\"image\/jpeg\" \/>\n<meta name=\"twitter:card\" content=\"summary_large_image\" \/>\n<meta name=\"twitter:label1\" content=\"Ber\u00e4knad l\u00e4stid\" \/>\n\t<meta name=\"twitter:data1\" content=\"1 minut\" \/>\n<script type=\"application\/ld+json\" class=\"yoast-schema-graph\">{\"@context\":\"https:\/\/schema.org\",\"@graph\":[{\"@type\":\"WebPage\",\"@id\":\"https:\/\/focusdesign.store\/sv\/produkt\/tufft-fodral-for-samsung-2\/\",\"url\":\"https:\/\/focusdesign.store\/sv\/produkt\/tufft-fodral-for-samsung-2\/\",\"name\":\"\\\"Brush\\\" mobilskal till Samsung\u00ae - Focus Design Store\",\"isPartOf\":{\"@id\":\"https:\/\/focusdesign.store\/sv\/#website\"},\"primaryImageOfPage\":{\"@id\":\"https:\/\/focusdesign.store\/sv\/produkt\/tufft-fodral-for-samsung-2\/#primaryimage\"},\"image\":{\"@id\":\"https:\/\/focusdesign.store\/sv\/produkt\/tufft-fodral-for-samsung-2\/#primaryimage\"},\"thumbnailUrl\":\"https:\/\/focusdesign.store\/wp-content\/uploads\/2025\/03\/Brush_Samsung-ThoughCase_s24Ultra.jpg\",\"datePublished\":\"2025-03-24T10:22:39+00:00\",\"dateModified\":\"2025-05-10T08:26:40+00:00\",\"description\":\"F\u00e4rgstarkt designat tufft fodral f\u00f6r Samsung. Den \u00e4r tillverkad av slagt\u00e5liga och st\u00f6td\u00e4mpande material och skyddar din telefon fr\u00e5n st\u00f6tar och repor.\",\"breadcrumb\":{\"@id\":\"https:\/\/focusdesign.store\/sv\/produkt\/tufft-fodral-for-samsung-2\/#breadcrumb\"},\"inLanguage\":\"sv-SE\",\"potentialAction\":[{\"@type\":\"ReadAction\",\"target\":[\"https:\/\/focusdesign.store\/sv\/produkt\/tufft-fodral-for-samsung-2\/\"]}]},{\"@type\":\"ImageObject\",\"inLanguage\":\"sv-SE\",\"@id\":\"https:\/\/focusdesign.store\/sv\/produkt\/tufft-fodral-for-samsung-2\/#primaryimage\",\"url\":\"https:\/\/focusdesign.store\/wp-content\/uploads\/2025\/03\/Brush_Samsung-ThoughCase_s24Ultra.jpg\",\"contentUrl\":\"https:\/\/focusdesign.store\/wp-content\/uploads\/2025\/03\/Brush_Samsung-ThoughCase_s24Ultra.jpg\",\"width\":1900,\"height\":1200},{\"@type\":\"BreadcrumbList\",\"@id\":\"https:\/\/focusdesign.store\/sv\/produkt\/tufft-fodral-for-samsung-2\/#breadcrumb\",\"itemListElement\":[{\"@type\":\"ListItem\",\"position\":1,\"name\":\"Hem\",\"item\":\"https:\/\/focusdesign.store\/sv\/\"},{\"@type\":\"ListItem\",\"position\":2,\"name\":\"Butik\",\"item\":\"https:\/\/focusdesign.store\/shop\/\"},{\"@type\":\"ListItem\",\"position\":3,\"name\":\"&#8220;Brush&#8221; mobilskal till Samsung\u00ae\"}]},{\"@type\":\"WebSite\",\"@id\":\"https:\/\/focusdesign.store\/sv\/#website\",\"url\":\"https:\/\/focusdesign.store\/sv\/\",\"name\":\"Focus Design Store\",\"description\":\"Fine Art Prints &amp; Design \u2013 for home and living\",\"potentialAction\":[{\"@type\":\"SearchAction\",\"target\":{\"@type\":\"EntryPoint\",\"urlTemplate\":\"https:\/\/focusdesign.store\/sv\/?s={search_term_string}\"},\"query-input\":{\"@type\":\"PropertyValueSpecification\",\"valueRequired\":true,\"valueName\":\"search_term_string\"}}],\"inLanguage\":\"sv-SE\"}]}<\/script>\n<!-- \/ Yoast SEO plugin. -->","yoast_head_json":{"title":"\"Brush\" mobilskal till Samsung\u00ae - Focus Design Store","description":"F\u00e4rgstarkt designat tufft fodral f\u00f6r Samsung. Den \u00e4r tillverkad av slagt\u00e5liga och st\u00f6td\u00e4mpande material och skyddar din telefon fr\u00e5n st\u00f6tar och repor.","robots":{"index":"index","follow":"follow","max-snippet":"max-snippet:-1","max-image-preview":"max-image-preview:large","max-video-preview":"max-video-preview:-1"},"canonical":"https:\/\/focusdesign.store\/sv\/produkt\/tufft-fodral-for-samsung-2\/","og_locale":"sv_SE","og_type":"article","og_title":"\"Brush\" mobilskal till Samsung\u00ae - Focus Design Store","og_description":"F\u00e4rgstarkt designat tufft fodral f\u00f6r Samsung. Den \u00e4r tillverkad av slagt\u00e5liga och st\u00f6td\u00e4mpande material och skyddar din telefon fr\u00e5n st\u00f6tar och repor.","og_url":"https:\/\/focusdesign.store\/sv\/produkt\/tufft-fodral-for-samsung-2\/","og_site_name":"Focus Design Store","article_modified_time":"2025-05-10T08:26:40+00:00","og_image":[{"width":1900,"height":1200,"url":"https:\/\/focusdesign.store\/wp-content\/uploads\/2025\/03\/Brush_Samsung-ThoughCase_s24Ultra.jpg","type":"image\/jpeg"}],"twitter_card":"summary_large_image","twitter_misc":{"Ber\u00e4knad l\u00e4stid":"1 minut"},"schema":{"@context":"https:\/\/schema.org","@graph":[{"@type":"WebPage","@id":"https:\/\/focusdesign.store\/sv\/produkt\/tufft-fodral-for-samsung-2\/","url":"https:\/\/focusdesign.store\/sv\/produkt\/tufft-fodral-for-samsung-2\/","name":"\"Brush\" mobilskal till Samsung\u00ae - Focus Design Store","isPartOf":{"@id":"https:\/\/focusdesign.store\/sv\/#website"},"primaryImageOfPage":{"@id":"https:\/\/focusdesign.store\/sv\/produkt\/tufft-fodral-for-samsung-2\/#primaryimage"},"image":{"@id":"https:\/\/focusdesign.store\/sv\/produkt\/tufft-fodral-for-samsung-2\/#primaryimage"},"thumbnailUrl":"https:\/\/focusdesign.store\/wp-content\/uploads\/2025\/03\/Brush_Samsung-ThoughCase_s24Ultra.jpg","datePublished":"2025-03-24T10:22:39+00:00","dateModified":"2025-05-10T08:26:40+00:00","description":"F\u00e4rgstarkt designat tufft fodral f\u00f6r Samsung. Den \u00e4r tillverkad av slagt\u00e5liga och st\u00f6td\u00e4mpande material och skyddar din telefon fr\u00e5n st\u00f6tar och repor.","breadcrumb":{"@id":"https:\/\/focusdesign.store\/sv\/produkt\/tufft-fodral-for-samsung-2\/#breadcrumb"},"inLanguage":"sv-SE","potentialAction":[{"@type":"ReadAction","target":["https:\/\/focusdesign.store\/sv\/produkt\/tufft-fodral-for-samsung-2\/"]}]},{"@type":"ImageObject","inLanguage":"sv-SE","@id":"https:\/\/focusdesign.store\/sv\/produkt\/tufft-fodral-for-samsung-2\/#primaryimage","url":"https:\/\/focusdesign.store\/wp-content\/uploads\/2025\/03\/Brush_Samsung-ThoughCase_s24Ultra.jpg","contentUrl":"https:\/\/focusdesign.store\/wp-content\/uploads\/2025\/03\/Brush_Samsung-ThoughCase_s24Ultra.jpg","width":1900,"height":1200},{"@type":"BreadcrumbList","@id":"https:\/\/focusdesign.store\/sv\/produkt\/tufft-fodral-for-samsung-2\/#breadcrumb","itemListElement":[{"@type":"ListItem","position":1,"name":"Hem","item":"https:\/\/focusdesign.store\/sv\/"},{"@type":"ListItem","position":2,"name":"Butik","item":"https:\/\/focusdesign.store\/shop\/"},{"@type":"ListItem","position":3,"name":"&#8220;Brush&#8221; mobilskal till Samsung\u00ae"}]},{"@type":"WebSite","@id":"https:\/\/focusdesign.store\/sv\/#website","url":"https:\/\/focusdesign.store\/sv\/","name":"Focus Design Store","description":"Fine Art Prints &amp; Design \u2013 for home and living","potentialAction":[{"@type":"SearchAction","target":{"@type":"EntryPoint","urlTemplate":"https:\/\/focusdesign.store\/sv\/?s={search_term_string}"},"query-input":{"@type":"PropertyValueSpecification","valueRequired":true,"valueName":"search_term_string"}}],"inLanguage":"sv-SE"}]}},"jetpack_sharing_enabled":true,"_links":{"self":[{"href":"https:\/\/focusdesign.store\/sv\/wp-json\/wp\/v2\/product\/275379","targetHints":{"allow":["GET"]}}],"collection":[{"href":"https:\/\/focusdesign.store\/sv\/wp-json\/wp\/v2\/product"}],"about":[{"href":"https:\/\/focusdesign.store\/sv\/wp-json\/wp\/v2\/types\/product"}],"replies":[{"embeddable":true,"href":"https:\/\/focusdesign.store\/sv\/wp-json\/wp\/v2\/comments?post=275379"}],"wp:featuredmedia":[{"embeddable":true,"href":"https:\/\/focusdesign.store\/sv\/wp-json\/wp\/v2\/media\/275560"}],"wp:attachment":[{"href":"https:\/\/focusdesign.store\/sv\/wp-json\/wp\/v2\/media?parent=275379"}],"wp:term":[{"taxonomy":"product_brand","embeddable":true,"href":"https:\/\/focusdesign.store\/sv\/wp-json\/wp\/v2\/product_brand?post=275379"},{"taxonomy":"product_cat","embeddable":true,"href":"https:\/\/focusdesign.store\/sv\/wp-json\/wp\/v2\/product_cat?post=275379"},{"taxonomy":"product_tag","embeddable":true,"href":"https:\/\/focusdesign.store\/sv\/wp-json\/wp\/v2\/product_tag?post=275379"}],"curies":[{"name":"wp","href":"https:\/\/api.w.org\/{rel}","templated":true}]}}